{"id":35536,"date":"2021-08-12T11:19:16","date_gmt":"2021-08-12T11:19:16","guid":{"rendered":"https:\/\/www.headshop.nl\/?post_type=product&#038;p=35536"},"modified":"2026-03-08T13:26:20","modified_gmt":"2026-03-08T13:26:20","slug":"atlantis-magic-truffles","status":"publish","type":"product","link":"https:\/\/www.headshop.nl\/pt\/atlantis-magic-truffles\/","title":{"rendered":"Atlantis"},"content":{"rendered":"<h2 class=\"\" dir=\"auto\">O que s\u00e3o as trufas m\u00e1gicas Psilocybe Atlantis?<\/h2>\n<p class=\"break-words\" dir=\"auto\">As trufas m\u00e1gicas Psilocybe Atlantis s\u00e3o escler\u00f3cios, forma\u00e7\u00f5es de mic\u00e9lio subterr\u00e2neas que armazenam nutrientes para o crescimento dos cogumelos quando condi\u00e7\u00f5es como temperaturas mais frias e humidade mais elevada impedem a frutifica\u00e7\u00e3o. Ricas em psilocibina, estas trufas proporcionam uma experi\u00eancia psicoactiva potente, que vai desde alucina\u00e7\u00f5es v\u00edvidas a percep\u00e7\u00f5es filos\u00f3ficas profundas, tornando-as uma escolha popular para quem procura criatividade, autoconsci\u00eancia e crescimento pessoal.<\/p>\n<p class=\"break-words\" dir=\"auto\">A sua acessibilidade e versatilidade, combinadas com nutrientes como hidratos de carbono, prote\u00ednas e minerais, aumentam a sua atra\u00e7\u00e3o como produto natural que expande a mente e apoia o corpo. Utilizadas historicamente em pr\u00e1ticas espirituais e agora adoptadas para a explora\u00e7\u00e3o moderna, as Trufas M\u00e1gicas Psilocybe Atlantis oferecem uma forma segura e controlada de desbloquear o potencial da mente num ambiente de confian\u00e7a.<\/p>\n<h2 class=\"\" dir=\"auto\">Hist\u00f3ria das trufas m\u00e1gicas Psilocybe Atlantis<\/h2>\n<p class=\"break-words\" dir=\"auto\">O legado da Psilocybe Atlantis Magic Truffles est\u00e1 ligado \u00e0s antigas culturas Mesoamericanas, onde os fungos contendo psilocibina eram utilizados em rituais xam\u00e2nicos para comungar com o divino e obter conhecimentos profundos. A variedade Atlantis, baptizada pelo seu fasc\u00ednio m\u00edstico e descoberta no sudeste dos Estados Unidos, baseia-se nesta tradi\u00e7\u00e3o com a sua mistura equilibrada de imagens v\u00edvidas e profundidade introspectiva, adaptada ao uso contempor\u00e2neo.<\/p>\n<p class=\"break-words\" dir=\"auto\">A compreens\u00e3o cient\u00edfica dos efeitos da psilocibina nos receptores de serotonina tem aumentado, validando o seu significado hist\u00f3rico e alimentando o interesse moderno pelos psicad\u00e9licos para fins terap\u00eauticos e de explora\u00e7\u00e3o pessoal. Legais em algumas regi\u00f5es, as Trufas M\u00e1gicas de Psilocibina Atlantis reflectem uma mudan\u00e7a cultural no sentido de abra\u00e7ar as subst\u00e2ncias naturais para o crescimento mental e emocional, cativando os utilizadores com a sua capacidade de inspirar admira\u00e7\u00e3o e auto-descoberta.<\/p>\n<h2 class=\"\" dir=\"auto\">Como utilizar as trufas m\u00e1gicas Psilocybe Atlantis<\/h2>\n<p class=\"break-words\" dir=\"auto\">Para experimentares com seguran\u00e7a as Trufas M\u00e1gicas Psilocybe Atlantis, come\u00e7a num ambiente calmo e familiar, consumindo metade de uma caixa de 15 gramas com o est\u00f4mago vazio, mastigando bem ou preparando um ch\u00e1 ou uma sopa para melhor absor\u00e7\u00e3o. Esperar 30-45 minutos para avaliar os efeitos antes de consumir mais, nunca excedendo uma caixa por sess\u00e3o, e guardar a 2\u00b0C-4\u00b0C num local escuro para preservar a pot\u00eancia.<\/p>\n<p class=\"break-words\" dir=\"auto\">Os efeitos atingem o pico dentro de 1-3 horas e duram 5-6 horas; evita a combina\u00e7\u00e3o com \u00e1lcool, medicamentos ou subst\u00e2ncias, e n\u00e3o uses se tiveres menos de 18 anos, se estiveres gr\u00e1vida ou a gerir doen\u00e7as como a depress\u00e3o ou problemas card\u00edacos. Relax, mant\u00e9m-te hidratado e deixa que as trufas guiem uma viagem transformadora de introspe\u00e7\u00e3o e admira\u00e7\u00e3o, adaptada \u00e0 tua mentalidade e ao teu ambiente, respeitando cuidadosamente as diretrizes.<\/p>\n<h2 class=\"\" dir=\"auto\">Ingredientes das Trufas M\u00e1gicas Psilocybe Atlantis<\/h2>\n<p class=\"break-words\" dir=\"auto\">As trufas m\u00e1gicas Psilocybe Atlantis cont\u00eam psilocibina, que se converte em psilocina para produzir efeitos alucinog\u00e9nios atrav\u00e9s dos receptores de serotonina, juntamente com nutrientes como 13,2 g de hidratos de carbono, 5,3 g de prote\u00ednas, 0,4 g de gordura e 16,7 g de fibra alimentar por 100 g. Fornecem tamb\u00e9m 210 mg de pot\u00e1ssio, 169,3 mg de f\u00f3sforo, 12,5 mg de c\u00e1lcio, 0,7 mg de ferro, 13,6 mg de s\u00f3dio, 0,3 g de sal e 10 UI de vitamina D, que apoiam a energia e as fun\u00e7\u00f5es corporais.<\/p>\n<p class=\"break-words\" dir=\"auto\">Formadas como escler\u00f3cios, estas trufas absorvem naturalmente os nutrientes, oferecendo uma mistura pura de benef\u00edcios psicoactivos e nutricionais sem aditivos. Esta composi\u00e7\u00e3o hol\u00edstica torna-as uma escolha \u00fanica para uma experi\u00eancia m\u00edstica e um apoio diet\u00e9tico menor, apelando aos utilizadores que procuram tanto a explora\u00e7\u00e3o mental como o sustento f\u00edsico, desde que a pot\u00eancia da psilocibina seja respeitada.<\/p>\n<p dir=\"auto\"><strong>Aviso<\/strong><\/p>\n<p class=\"break-words\" dir=\"auto\">As trufas m\u00e1gicas Psilocybe Atlantis cont\u00eam psilocibina e psilocina, alucinog\u00e9nios potentes que induzem alucina\u00e7\u00f5es v\u00edvidas e alteram a consci\u00eancia, exigindo uma utiliza\u00e7\u00e3o cautelosa num ambiente controlado. Evita o consumo se tiveres menos de 18 anos, se estiveres gr\u00e1vida, a amamentar ou a gerir problemas de sa\u00fade mental, depress\u00e3o, tens\u00e3o arterial alta\/baixa, problemas card\u00edacos ou pulmonares ou diabetes, e mant\u00e9m fora do alcance das crian\u00e7as devido aos seus efeitos psicoactivos.<\/p>\n<p class=\"break-words\" dir=\"auto\">N\u00e3o misturar com \u00e1lcool, medicamentos ou drogas, e abster-se de conduzir ou operar m\u00e1quinas durante ou ap\u00f3s a utiliza\u00e7\u00e3o. Assegurar um estado mental est\u00e1vel e um consumo respons\u00e1vel, seguindo as diretrizes de seguran\u00e7a e armazenando de forma segura, para obter uma experi\u00eancia segura e positiva com estas trufas transformadoras.<\/p>","protected":false},"excerpt":{"rendered":"<p>As Trufas M\u00e1gicas Atlantis s\u00e3o uma experi\u00eancia fant\u00e1stica. N\u00e3o provocam sensa\u00e7\u00f5es estranhas ou desconfort\u00e1veis, pelo contr\u00e1rio, s\u00e3o perfeitas para aqueles que querem uma experi\u00eancia psicad\u00e9lica ligeira que ajudar\u00e1 a expandir a sua vis\u00e3o criativa do mundo. Se nunca comeu uma trufa m\u00e1gica antes, mas quer uma de qualquer forma, recomendamos estas!<\/p>","protected":false},"featured_media":35500,"template":"","meta":[],"product_brand":[],"product_cat":[402,297,831,812,706,398,399,626,384,625],"product_tag":[978],"class_list":{"0":"post-35536","1":"product","2":"type-product","3":"status-publish","4":"has-post-thumbnail","6":"product_cat-magic-truffles","7":"product_cat-all-products","8":"product_cat-beginner-magic-truffles","9":"product_cat-mcsmart-truffles","10":"product_cat-microdosing-truffles","11":"product_cat-mushrooms","12":"product_cat-shroomshop","13":"product_cat-shroomshop-top-10","14":"product_cat-smartshop","15":"product_cat-smartshop-top-10","16":"product_tag-shrdeal","17":"product_shipping_class-group-7","19":"first","20":"instock","21":"taxable","22":"shipping-taxable","23":"purchasable","24":"product-type-variable","25":"has-default-attributes"},"_links":{"self":[{"href":"https:\/\/www.headshop.nl\/pt\/wp-json\/wp\/v2\/product\/35536","targetHints":{"allow":["GET"]}}],"collection":[{"href":"https:\/\/www.headshop.nl\/pt\/wp-json\/wp\/v2\/product"}],"about":[{"href":"https:\/\/www.headshop.nl\/pt\/wp-json\/wp\/v2\/types\/product"}],"wp:featuredmedia":[{"embeddable":true,"href":"https:\/\/www.headshop.nl\/pt\/wp-json\/wp\/v2\/media\/35500"}],"wp:attachment":[{"href":"https:\/\/www.headshop.nl\/pt\/wp-json\/wp\/v2\/media?parent=35536"}],"wp:term":[{"taxonomy":"product_brand","embeddable":true,"href":"https:\/\/www.headshop.nl\/pt\/wp-json\/wp\/v2\/product_brand?post=35536"},{"taxonomy":"product_cat","embeddable":true,"href":"https:\/\/www.headshop.nl\/pt\/wp-json\/wp\/v2\/product_cat?post=35536"},{"taxonomy":"product_tag","embeddable":true,"href":"https:\/\/www.headshop.nl\/pt\/wp-json\/wp\/v2\/product_tag?post=35536"}],"curies":[{"name":"wp","href":"https:\/\/api.w.org\/{rel}","templated":true}]}}