{"id":35472,"date":"2021-08-12T11:10:04","date_gmt":"2021-08-12T11:10:04","guid":{"rendered":"https:\/\/www.headshop.nl\/?post_type=product&#038;p=35472"},"modified":"2025-12-31T13:26:42","modified_gmt":"2025-12-31T13:26:42","slug":"mexicana-magic-truffles","status":"publish","type":"product","link":"https:\/\/www.headshop.nl\/pt\/mexicana-magic-truffles\/","title":{"rendered":"Mexicana"},"content":{"rendered":"<h2 dir=\"auto\">O que s\u00e3o as trufas m\u00e1gicas Mexicana?<\/h2>\n<p dir=\"auto\">As trufas m\u00e1gicas Mexicana, conhecidas como escler\u00f3cios, s\u00e3o forma\u00e7\u00f5es subterr\u00e2neas de mic\u00e9lio de Psilocybe Mexicana que armazenam nutrientes para o crescimento do cogumelo em condi\u00e7\u00f5es espec\u00edficas, como quedas de temperatura e aumento da humidade. Contendo psilocibina, que se converte em psilocina para influenciar os n\u00edveis de serotonina, estas trufas induzem uma experi\u00eancia alucinog\u00e9nica suave mas profunda, com imagens vibrantes e percep\u00e7\u00f5es introspectivas, ideal para os principiantes em subst\u00e2ncias psicad\u00e9licas.<\/p>\n<p dir=\"auto\">Celebradas por promoverem a auto-descoberta e a altera\u00e7\u00e3o da perce\u00e7\u00e3o, as Trufas M\u00e1gicas Mexicana oferecem uma viagem segura e controlada numa caixa de 15 gramas concebida para um \u00fanico utilizador. O seu perfil nutricional, que inclui hidratos de carbono, prote\u00ednas e minerais, apoia as fun\u00e7\u00f5es corporais, tornando-as num produto hol\u00edstico que une a explora\u00e7\u00e3o pessoal com o sustento f\u00edsico para uma liga\u00e7\u00e3o mais profunda ao eu e ao mundo.<\/p>\n<h2 dir=\"auto\">Hist\u00f3ria das Trufas M\u00e1gicas Mexicana<\/h2>\n<p dir=\"auto\">A hist\u00f3ria das Trufas M\u00e1gicas Mexicana remonta a culturas Mesoamericanas antigas, onde o Psilocybe Mexicana, apelidado de \"Carne dos Deuses\" pelos Aztecas, era utilizado em cerim\u00f3nias espirituais para cura, adivinha\u00e7\u00e3o e liga\u00e7\u00e3o divina. Apesar da repress\u00e3o colonial, a sua utiliza\u00e7\u00e3o persistiu, ganhando a aten\u00e7\u00e3o do Ocidente no s\u00e9culo XX, quando os investigadores redescobriram as suas propriedades psicoactivas, despertando o interesse global pelos fungos que cont\u00eam psilocibina.<\/p>\n<p dir=\"auto\">Atualmente, as Trufas M\u00e1gicas Mexicana s\u00e3o cultivadas em todo o mundo pelos seus efeitos mais suaves, misturando antigas tradi\u00e7\u00f5es xam\u00e2nicas com a explora\u00e7\u00e3o moderna. O seu conte\u00fado nutricional, incluindo vitaminas e minerais, aumenta a sua atra\u00e7\u00e3o como produto natural, ligando os utilizadores a pr\u00e1ticas seculares de crescimento espiritual e auto-descoberta de uma forma segura e controlada.<\/p>\n<h2 dir=\"auto\">Como utilizar as trufas m\u00e1gicas Mexicana<\/h2>\n<p dir=\"auto\">Para desfrutar com seguran\u00e7a das Trufas M\u00e1gicas Mexicana, consumi-las num ambiente calmo e familiar com companheiros de confian\u00e7a, come\u00e7ando com metade de uma caixa de 15 gramas, mastigada cuidadosamente ou transformada em ch\u00e1 ou sopa, com o est\u00f4mago vazio para uma absor\u00e7\u00e3o \u00f3ptima. Esperar 30-45 minutos para avaliar os efeitos antes de consumir mais, nunca excedendo uma caixa, com efeitos que atingem o pico dentro de 1-3 horas e duram 5-6 horas; conservar a 2-4\u00b0C num local escuro.<\/p>\n<p dir=\"auto\">Evitar a combina\u00e7\u00e3o com \u00e1lcool, medicamentos ou subst\u00e2ncias e n\u00e3o consumir se tiver menos de 18 anos, estiver gr\u00e1vida ou a gerir problemas de sa\u00fade mental, problemas card\u00edacos ou diabetes; abster-se de conduzir ou de realizar actividades de risco. Abordar com uma mente aberta, manter-se hidratado e seguir as diretrizes para abra\u00e7ar a viagem visual e filos\u00f3fica transformadora que estas trufas oferecem.<\/p>\n<h2 dir=\"auto\">Ingredientes de Mexicana Trufas M\u00e1gicas<\/h2>\n<p dir=\"auto\">As trufas m\u00e1gicas Mexicana, formadas por escler\u00f3cios de Psilocybe Mexicana, cont\u00eam psilocibina, que se converte em psilocina para efeitos alucinog\u00e9nios, juntamente com nutrientes como 464,7 kJ de energia, 13,2 g de hidratos de carbono, 5,3 g de prote\u00ednas, 0,4 g de gordura e 16,7 g de fibra alimentar por 100 g. Fornecem tamb\u00e9m 210 mg de pot\u00e1ssio, 169,3 mg de f\u00f3sforo, 12,5 mg de c\u00e1lcio, 0,7 mg de ferro, 0,3 g de sal e 10 UI de vitamina D, para apoiar a energia, a repara\u00e7\u00e3o dos tecidos e a sa\u00fade em geral.<\/p>\n<p dir=\"auto\">Isentas de aditivos, estas trufas oferecem uma mistura pura e org\u00e2nica de benef\u00edcios psicoactivos e nutricionais, tornando-as mais do que uma subst\u00e2ncia psicad\u00e9lica. A utiliza\u00e7\u00e3o respons\u00e1vel \u00e9 crucial devido aos efeitos potentes da psilocibina na perce\u00e7\u00e3o e na consci\u00eancia, garantindo uma experi\u00eancia profunda e segura num ambiente controlado.<\/p>\n<p dir=\"auto\"><strong>Aviso<\/strong><\/p>\n<p dir=\"auto\">As Trufas M\u00e1gicas Mexicana cont\u00eam psilocibina e psilocina, alucinog\u00e9nios potentes que alteram significativamente a consci\u00eancia, induzindo alucina\u00e7\u00f5es v\u00edvidas e afectando o humor, a perce\u00e7\u00e3o e a cogni\u00e7\u00e3o, exigindo uma utiliza\u00e7\u00e3o cautelosa num ambiente seguro. Evita o consumo se tiveres menos de 18 anos, se estiveres gr\u00e1vida, a amamentar ou a sofrer de problemas de sa\u00fade mental, card\u00edacos ou pulmonares, diabetes ou problemas de tens\u00e3o arterial, e mant\u00e9m fora do alcance das crian\u00e7as devido \u00e0s suas propriedades psicoactivas.<\/p>\n<p dir=\"auto\">N\u00e3o mistures com \u00e1lcool, medicamentos ou drogas, e evita conduzir ou operar m\u00e1quinas durante ou ap\u00f3s a utiliza\u00e7\u00e3o, pois os efeitos podem persistir. Come\u00e7a com uma dose pequena, guarda em seguran\u00e7a a 2-4\u00b0C e segue as diretrizes de seguran\u00e7a para garantir uma experi\u00eancia respons\u00e1vel e positiva com estas poderosas trufas.<\/p>","protected":false},"excerpt":{"rendered":"<p>Com as Trufas M\u00e1gicas Mexicana, vai divertir-se imenso com visuais pitorescos. Estas s\u00e3o as trufas perfeitas para come\u00e7ar a sua aventura de trufas psicad\u00e9licas, pois s\u00e3o mais suaves do que outras variedades, mas ainda lhe d\u00e3o todos os benef\u00edcios de variedades mais poderosas, como a experimenta\u00e7\u00e3o visual colorida e a euforia. Os principiantes regozijam-se!<\/p>","protected":false},"featured_media":35494,"template":"","meta":[],"product_brand":[],"product_cat":[402,297,831,812,706,398,399,384],"product_tag":[978],"class_list":{"0":"post-35472","1":"product","2":"type-product","3":"status-publish","4":"has-post-thumbnail","6":"product_cat-magic-truffles","7":"product_cat-all-products","8":"product_cat-beginner-magic-truffles","9":"product_cat-mcsmart-truffles","10":"product_cat-microdosing-truffles","11":"product_cat-mushrooms","12":"product_cat-shroomshop","13":"product_cat-smartshop","14":"product_tag-shrdeal","15":"product_shipping_class-group-7","17":"first","18":"instock","19":"taxable","20":"shipping-taxable","21":"purchasable","22":"product-type-variable","23":"has-default-attributes"},"_links":{"self":[{"href":"https:\/\/www.headshop.nl\/pt\/wp-json\/wp\/v2\/product\/35472","targetHints":{"allow":["GET"]}}],"collection":[{"href":"https:\/\/www.headshop.nl\/pt\/wp-json\/wp\/v2\/product"}],"about":[{"href":"https:\/\/www.headshop.nl\/pt\/wp-json\/wp\/v2\/types\/product"}],"wp:featuredmedia":[{"embeddable":true,"href":"https:\/\/www.headshop.nl\/pt\/wp-json\/wp\/v2\/media\/35494"}],"wp:attachment":[{"href":"https:\/\/www.headshop.nl\/pt\/wp-json\/wp\/v2\/media?parent=35472"}],"wp:term":[{"taxonomy":"product_brand","embeddable":true,"href":"https:\/\/www.headshop.nl\/pt\/wp-json\/wp\/v2\/product_brand?post=35472"},{"taxonomy":"product_cat","embeddable":true,"href":"https:\/\/www.headshop.nl\/pt\/wp-json\/wp\/v2\/product_cat?post=35472"},{"taxonomy":"product_tag","embeddable":true,"href":"https:\/\/www.headshop.nl\/pt\/wp-json\/wp\/v2\/product_tag?post=35472"}],"curies":[{"name":"wp","href":"https:\/\/api.w.org\/{rel}","templated":true}]}}