{"id":35193,"date":"2021-08-10T10:24:17","date_gmt":"2021-08-10T10:24:17","guid":{"rendered":"https:\/\/www.headshop.nl\/?post_type=product&#038;p=35193"},"modified":"2025-02-14T09:11:53","modified_gmt":"2025-02-14T09:11:53","slug":"kanna-20x-extract","status":"publish","type":"product","link":"https:\/\/www.headshop.nl\/pt\/kanna-20x-extract\/","title":{"rendered":"Kanna 20x Extract"},"content":{"rendered":"<h2 data-start=\"343\" data-end=\"362\">O que \u00e9 o Kanna?<\/h2>\n<p data-start=\"363\" data-end=\"988\">Kanna, cientificamente conhecido como Sceletium Tortuosum, \u00e9 um extrato de planta natural com uma variedade de utiliza\u00e7\u00f5es. Origin\u00e1rio da \u00c1frica do Sul, tem sido tradicionalmente mastigado pelas suas propriedades estimulantes e de melhoria do humor. Atualmente, o Kanna est\u00e1 dispon\u00edvel em v\u00e1rias formas, incluindo extractos potentes como a vers\u00e3o 20x, que \u00e9 aproximadamente 20 vezes mais potente do que as folhas secas normais. O principal atrativo do Kanna reside na sua capacidade de aumentar a energia, reduzir a ansiedade, aumentar a paz interior e at\u00e9 apoiar a sa\u00fade sexual. Isto torna-a uma op\u00e7\u00e3o intrigante para quem procura uma forma natural de melhorar o seu bem-estar geral.<\/p>\n<p data-start=\"990\" data-end=\"1490\">Na \u00c1frica do Sul, o Kanna \u00e9 utilizado h\u00e1 s\u00e9culos, mas a sua popularidade tem crescido internacionalmente \u00e0 medida que mais pessoas descobrem os seus benef\u00edcios. O extrato \u00e9 particularmente procurado pela sua pot\u00eancia melhorada, oferecendo um efeito mais forte e imediato em compara\u00e7\u00e3o com os m\u00e9todos tradicionais. O Kanna \u00e9 utilizado por muitos pela sua capacidade de promover o relaxamento, aumentar o estado de alerta e ajudar os utilizadores a sentirem-se mais centrados. Com os seus efeitos poderosos, o Kanna continua a ganhar reconhecimento como um rem\u00e9dio natural vers\u00e1til e valioso.<\/p>\n<h2 data-start=\"1492\" data-end=\"1513\">Hist\u00f3ria do Kanna<\/h2>\n<p data-start=\"1514\" data-end=\"1987\">A hist\u00f3ria do Kanna remonta ao final do s\u00e9culo XIX, quando foi descoberto pela primeira vez por bot\u00e2nicos holandeses na \u00c1frica do Sul. Os povos ind\u00edgenas da regi\u00e3o j\u00e1 utilizavam a planta h\u00e1 muito tempo, mastigando as suas folhas para sentir os seus efeitos calmantes e de melhoria do humor. Quando os bot\u00e2nicos holandeses se aperceberam desta pr\u00e1tica, trouxeram a planta para a Europa para a estudarem melhor. Com o tempo, o Kanna foi refinado em extractos, que s\u00e3o muito mais fortes do que o simples consumo de folhas secas.<\/p>\n<p data-start=\"1989\" data-end=\"2499\">Os compostos activos da planta foram gradualmente isolados, levando ao desenvolvimento de extractos concentrados, como a vers\u00e3o 20x. Estas formas modernas de Kanna s\u00e3o muito mais potentes, permitindo aos utilizadores sentir os seus efeitos de forma mais r\u00e1pida e intensa. Embora a sua utiliza\u00e7\u00e3o tenha sido inicialmente localizada na \u00c1frica do Sul, o interesse global no Kanna aumentou \u00e0 medida que os seus benef\u00edcios se tornaram mais conhecidos. O Kanna est\u00e1 agora dispon\u00edvel em v\u00e1rias formas em todo o mundo, proporcionando uma forma acess\u00edvel para as pessoas explorarem os seus diversos efeitos.<\/p>\n<h2 data-start=\"2501\" data-end=\"2522\">Como utilizar o Kanna<\/h2>\n<p data-start=\"2523\" data-end=\"2930\">O Kanna pode ser utilizado de v\u00e1rias formas, sendo o ch\u00e1 um dos m\u00e9todos mais populares. O extrato 20x pode ser transformado em ch\u00e1, com uma dosagem comum de cerca de 150 mg para um efeito moderado. Este m\u00e9todo permite aos utilizadores experimentar uma sensa\u00e7\u00e3o calmante e energizante que dura horas. O extrato tamb\u00e9m pode ser mastigado, como era feito pelos nativos sul-africanos, embora este m\u00e9todo possa demorar mais tempo a mostrar efeitos.<\/p>\n<p data-start=\"2932\" data-end=\"3384\">A beleza da Kanna reside na sua versatilidade. Uma vez que o extrato 20x \u00e9 mais forte do que o Kanna normal, os utilizadores podem come\u00e7ar com pequenas quantidades e ajustar a dosagem com base nas suas prefer\u00eancias. \u00c9 essencial aumentar a toler\u00e2ncia gradualmente para evitar efeitos avassaladores. O Kanna tamb\u00e9m est\u00e1 dispon\u00edvel em c\u00e1psulas ou em p\u00f3, que podem ser misturados com outras subst\u00e2ncias para aumentar os seus efeitos. A escolha do m\u00e9todo depende das prefer\u00eancias individuais e dos resultados desejados.<\/p>\n<p data-start=\"3386\" data-end=\"3613\">O Kanna n\u00e3o induz alucina\u00e7\u00f5es, tornando-o adequado para quem procura uma mudan\u00e7a ligeira mas percet\u00edvel no humor e na energia. A experimenta\u00e7\u00e3o \u00e9 encorajada, permitindo aos utilizadores descobrir a dosagem e o m\u00e9todo perfeitos para as suas necessidades.<\/p>\n<h2 data-start=\"3615\" data-end=\"3640\">Ingredientes de Kanna<\/h2>\n<p data-start=\"3641\" data-end=\"4016\">O Sceletium Tortuosum, ou Kanna, cont\u00e9m v\u00e1rios compostos activos que contribuem para os seus efeitos terap\u00eauticos e de altera\u00e7\u00e3o do humor. Estes compostos incluem alcal\u00f3ides como a mesembrina, a mesembrenona e a tortuosamina. Estes alcal\u00f3ides s\u00e3o conhecidos pela sua capacidade de afetar os receptores cerebrais da serotonina e da dopamina, resultando em efeitos de melhoria do humor, energizantes e calmantes.<\/p>\n<p data-start=\"4018\" data-end=\"4395\">O extrato 20x de Kanna \u00e9 concentrado, o que significa que cont\u00e9m uma maior concentra\u00e7\u00e3o destes compostos activos em compara\u00e7\u00e3o com as folhas secas. Isto torna o extrato muito mais potente, proporcionando resultados mais fortes e r\u00e1pidos. A combina\u00e7\u00e3o espec\u00edfica de alcal\u00f3ides no Kanna \u00e9 respons\u00e1vel pela sua capacidade \u00fanica de melhorar o humor e os n\u00edveis de energia sem causar quaisquer efeitos psicad\u00e9licos.<\/p>\n<p data-start=\"4397\" data-end=\"4731\">Embora o Kanna tenha sido tradicionalmente utilizado para reduzir a ansiedade, aumentar o relaxamento e promover uma sensa\u00e7\u00e3o de bem-estar, acredita-se que tamb\u00e9m ajuda na libido. A mistura complexa de compostos da planta torna-a eficaz para uma variedade de fins, oferecendo aos utilizadores uma forma natural de apoiar a sa\u00fade mental, os n\u00edveis de energia e a fun\u00e7\u00e3o sexual.<\/p>\n<p data-start=\"4733\" data-end=\"4972\" data-is-last-node=\"\"><strong data-start=\"4733\" data-end=\"4744\">Aviso<\/strong><br data-start=\"4744\" data-end=\"4747\" \/>\u00c9 aconselh\u00e1vel come\u00e7ar com uma dose pequena ao usar o Kanna, especialmente o extrato 20x, pois a sua for\u00e7a pode ser esmagadora para alguns indiv\u00edduos. Monitorize sempre a resposta do seu corpo e aumente gradualmente a dose, se necess\u00e1rio.<\/p>","protected":false},"excerpt":{"rendered":"<p>O Sceletium Tortuosum, tamb\u00e9m conhecido como Kanna, \u00e9 um produto natural poderoso com v\u00e1rios benef\u00edcios, como aumento da energia, redu\u00e7\u00e3o da ansiedade, melhoria da calma interior e at\u00e9 aumento da libido. Este extrato 20x \u00e9 20 vezes mais forte do que o Kanna normal, o que o torna uma excelente op\u00e7\u00e3o para quem procura efeitos mais potentes.<\/p>","protected":false},"featured_media":81942,"template":"","meta":[],"product_brand":[],"product_cat":[297,391,389,385,818,397,384,625],"product_tag":[],"class_list":{"0":"post-35193","1":"product","2":"type-product","3":"status-publish","4":"has-post-thumbnail","6":"product_cat-all-products","7":"product_cat-extracts","8":"product_cat-herbs","9":"product_cat-kanna","10":"product_cat-mcmystic","11":"product_cat-party","12":"product_cat-smartshop","13":"product_cat-smartshop-top-10","15":"first","16":"instock","17":"taxable","18":"shipping-taxable","19":"purchasable","20":"product-type-variable","21":"has-default-attributes"},"_links":{"self":[{"href":"https:\/\/www.headshop.nl\/pt\/wp-json\/wp\/v2\/product\/35193","targetHints":{"allow":["GET"]}}],"collection":[{"href":"https:\/\/www.headshop.nl\/pt\/wp-json\/wp\/v2\/product"}],"about":[{"href":"https:\/\/www.headshop.nl\/pt\/wp-json\/wp\/v2\/types\/product"}],"wp:featuredmedia":[{"embeddable":true,"href":"https:\/\/www.headshop.nl\/pt\/wp-json\/wp\/v2\/media\/81942"}],"wp:attachment":[{"href":"https:\/\/www.headshop.nl\/pt\/wp-json\/wp\/v2\/media?parent=35193"}],"wp:term":[{"taxonomy":"product_brand","embeddable":true,"href":"https:\/\/www.headshop.nl\/pt\/wp-json\/wp\/v2\/product_brand?post=35193"},{"taxonomy":"product_cat","embeddable":true,"href":"https:\/\/www.headshop.nl\/pt\/wp-json\/wp\/v2\/product_cat?post=35193"},{"taxonomy":"product_tag","embeddable":true,"href":"https:\/\/www.headshop.nl\/pt\/wp-json\/wp\/v2\/product_tag?post=35193"}],"curies":[{"name":"wp","href":"https:\/\/api.w.org\/{rel}","templated":true}]}}