{"id":32383,"date":"2020-02-11T01:30:15","date_gmt":"2020-02-11T01:30:15","guid":{"rendered":"https:\/\/headshop.nl\/?post_type=product&#038;p=32383"},"modified":"2024-09-17T11:02:00","modified_gmt":"2024-09-17T11:02:00","slug":"juicy-jay-green-apple-papers","status":"publish","type":"product","link":"https:\/\/www.headshop.nl\/pt\/juicy-jay-green-apple-papers\/","title":{"rendered":"JUICY JAY, Ma\u00e7\u00e3 verde Papers"},"content":{"rendered":"","protected":false},"excerpt":{"rendered":"<p>Estes Juicy Jay's Green Apple s\u00e3o perfeitos para combinar com as suas melhores ervas para fumar legais. Enrole o seu enchimento nestes pap\u00e9is de enrolar e prepare-se para um fumo fant\u00e1stico com notas de ma\u00e7\u00e3s suculentas que complementam o enchimento de ervas.<\/p>","protected":false},"featured_media":32386,"template":"","meta":[],"product_brand":[],"product_cat":[297,446,421],"product_tag":[],"class_list":{"0":"post-32383","1":"product","2":"type-product","3":"status-publish","4":"has-post-thumbnail","6":"product_cat-all-products","7":"product_cat-papers","8":"product_cat-rolling-papers","9":"product_shipping_class-creditcard-on","11":"first","12":"instock","13":"taxable","14":"shipping-taxable","15":"purchasable","16":"product-type-variable","17":"has-default-attributes"},"_links":{"self":[{"href":"https:\/\/www.headshop.nl\/pt\/wp-json\/wp\/v2\/product\/32383","targetHints":{"allow":["GET"]}}],"collection":[{"href":"https:\/\/www.headshop.nl\/pt\/wp-json\/wp\/v2\/product"}],"about":[{"href":"https:\/\/www.headshop.nl\/pt\/wp-json\/wp\/v2\/types\/product"}],"wp:featuredmedia":[{"embeddable":true,"href":"https:\/\/www.headshop.nl\/pt\/wp-json\/wp\/v2\/media\/32386"}],"wp:attachment":[{"href":"https:\/\/www.headshop.nl\/pt\/wp-json\/wp\/v2\/media?parent=32383"}],"wp:term":[{"taxonomy":"product_brand","embeddable":true,"href":"https:\/\/www.headshop.nl\/pt\/wp-json\/wp\/v2\/product_brand?post=32383"},{"taxonomy":"product_cat","embeddable":true,"href":"https:\/\/www.headshop.nl\/pt\/wp-json\/wp\/v2\/product_cat?post=32383"},{"taxonomy":"product_tag","embeddable":true,"href":"https:\/\/www.headshop.nl\/pt\/wp-json\/wp\/v2\/product_tag?post=32383"}],"curies":[{"name":"wp","href":"https:\/\/api.w.org\/{rel}","templated":true}]}}