{"id":29880,"date":"2019-12-30T23:33:57","date_gmt":"2019-12-30T23:33:57","guid":{"rendered":"https:\/\/headshop.nl\/?post_type=product&#038;p=29880"},"modified":"2024-09-17T11:02:08","modified_gmt":"2024-09-17T11:02:08","slug":"slx-green-leaf-grinder-non-stick","status":"publish","type":"product","link":"https:\/\/www.headshop.nl\/pt\/slx-green-leaf-grinder-non-stick\/","title":{"rendered":"SLX Folha verde Grinder Antiaderente"},"content":{"rendered":"<h2>SLX Folha verde Grinder Antiaderente<\/h2>\n<p>Alum\u00ednio de grau aeroespacial Maquinado em alum\u00ednio 7075 T6 para evitar roscas cruzadas, dentes dobrados e partidos, ou outros danos. A maioria dos moinhos \u00e9 feita de alum\u00ednio da s\u00e9rie 6, mais fraco. A s\u00e9rie 7 \u00e9 mais cara de maquinar, mas garante que o seu moedor de ervas SLX durar\u00e1 uma vida inteira.<\/p>\n<p><strong>Dispon\u00edvel em formato de bolso de 50,8 mm e em formato dom\u00e9stico de 62 mm.<\/strong><\/p>","protected":false},"excerpt":{"rendered":"<p>Revestimento antiaderente Ceramic SLX A vers\u00e3o 2.0 \u00e9 revestida por dentro e por fora com a nossa cer\u00e2mica patenteada non-stick. Cada l\u00e1bio, cada dente - at\u00e9 mesmo o compartimento de p\u00f3len.<\/p>\n<p>N\u00e3o cola, n\u00e3o precisa de ser limpo, n\u00e3o \u00e9 t\u00f3xico e n\u00e3o queima nem liberta subst\u00e2ncias qu\u00edmicas nocivas. <strong>Dispon\u00edvel em formato de bolso de 50,8 mm e em formato dom\u00e9stico de 62 mm.<\/strong><\/p>","protected":false},"featured_media":29884,"template":"","meta":[],"product_brand":[],"product_cat":[440,297,420,414,437],"product_tag":[],"class_list":{"0":"post-29880","1":"product","2":"type-product","3":"status-publish","4":"has-post-thumbnail","6":"product_cat-4-part-grinders","7":"product_cat-all-products","8":"product_cat-grinders","9":"product_cat-headshop","10":"product_cat-metal","11":"product_shipping_class-creditcard-on","13":"first","14":"instock","15":"taxable","16":"shipping-taxable","17":"purchasable","18":"product-type-variable","19":"has-default-attributes"},"_links":{"self":[{"href":"https:\/\/www.headshop.nl\/pt\/wp-json\/wp\/v2\/product\/29880","targetHints":{"allow":["GET"]}}],"collection":[{"href":"https:\/\/www.headshop.nl\/pt\/wp-json\/wp\/v2\/product"}],"about":[{"href":"https:\/\/www.headshop.nl\/pt\/wp-json\/wp\/v2\/types\/product"}],"wp:featuredmedia":[{"embeddable":true,"href":"https:\/\/www.headshop.nl\/pt\/wp-json\/wp\/v2\/media\/29884"}],"wp:attachment":[{"href":"https:\/\/www.headshop.nl\/pt\/wp-json\/wp\/v2\/media?parent=29880"}],"wp:term":[{"taxonomy":"product_brand","embeddable":true,"href":"https:\/\/www.headshop.nl\/pt\/wp-json\/wp\/v2\/product_brand?post=29880"},{"taxonomy":"product_cat","embeddable":true,"href":"https:\/\/www.headshop.nl\/pt\/wp-json\/wp\/v2\/product_cat?post=29880"},{"taxonomy":"product_tag","embeddable":true,"href":"https:\/\/www.headshop.nl\/pt\/wp-json\/wp\/v2\/product_tag?post=29880"}],"curies":[{"name":"wp","href":"https:\/\/api.w.org\/{rel}","templated":true}]}}