{"id":29779,"date":"2019-12-30T19:49:13","date_gmt":"2019-12-30T19:49:13","guid":{"rendered":"https:\/\/headshop.nl\/?post_type=product&#038;p=29779"},"modified":"2024-09-17T11:02:16","modified_gmt":"2024-09-17T11:02:16","slug":"psilocibine-grey-grinder","status":"publish","type":"product","link":"https:\/\/www.headshop.nl\/pt\/psilocibine-grey-grinder\/","title":{"rendered":"Psilocibina Cinzento Grinder"},"content":{"rendered":"<h2>Psilocibina Cinzento Grinder<\/h2>\n<p>O moinho de metal de 4 partes Psilocibine \u00e9 feito de alum\u00ednio anodizado de alta qualidade, maquinado por CNC para criar uma c\u00e2mara de moagem com dentes afiados em forma de diamante. Isto evita que as ervas sejam esmagadas ou compactadas, mesmo quando h\u00famidas, e garante que apenas as ervas finamente trituradas caiam na c\u00e2mara de recolha abaixo.<\/p>\n<p>Por baixo da c\u00e2mara de recolha inicial existe uma sec\u00e7\u00e3o adicional, separada por um filtro de malha fina, onde os cristais s\u00e3o recolhidos. Esta sec\u00e7\u00e3o pode ser removida, se desejado, para transformar o moinho num modelo de tr\u00eas pe\u00e7as, mais fino.<\/p>\n<p>A tampa est\u00e1 equipada com um \u00edman forte para a manter segura para transporte e o tamanho estreito torna-a mais port\u00e1til. \u00c9 gravado a laser com o nosso log\u00f3tipo Psilocibine, o que o torna uma adi\u00e7\u00e3o funcional e de boa apar\u00eancia ao kit de ferramentas de todos os fumadores, que durar\u00e1 muitos anos.<\/p>","protected":false},"excerpt":{"rendered":"<p>Se est\u00e1 especificamente \u00e0 procura de um moinho Psilocibine pequeno e fresco ou se est\u00e1 a planear utiliz\u00e1-lo para pequenas quantidades de ervas, esta \u00e9 uma excelente escolha para um moinho de 40 mm.<\/p>","protected":false},"featured_media":29780,"template":"","meta":[],"product_brand":[],"product_cat":[440,297,420,414,437],"product_tag":[],"class_list":{"0":"post-29779","1":"product","2":"type-product","3":"status-publish","4":"has-post-thumbnail","6":"product_cat-4-part-grinders","7":"product_cat-all-products","8":"product_cat-grinders","9":"product_cat-headshop","10":"product_cat-metal","11":"product_shipping_class-creditcard-on","13":"first","14":"instock","15":"taxable","16":"shipping-taxable","17":"purchasable","18":"product-type-simple"},"_links":{"self":[{"href":"https:\/\/www.headshop.nl\/pt\/wp-json\/wp\/v2\/product\/29779","targetHints":{"allow":["GET"]}}],"collection":[{"href":"https:\/\/www.headshop.nl\/pt\/wp-json\/wp\/v2\/product"}],"about":[{"href":"https:\/\/www.headshop.nl\/pt\/wp-json\/wp\/v2\/types\/product"}],"wp:featuredmedia":[{"embeddable":true,"href":"https:\/\/www.headshop.nl\/pt\/wp-json\/wp\/v2\/media\/29780"}],"wp:attachment":[{"href":"https:\/\/www.headshop.nl\/pt\/wp-json\/wp\/v2\/media?parent=29779"}],"wp:term":[{"taxonomy":"product_brand","embeddable":true,"href":"https:\/\/www.headshop.nl\/pt\/wp-json\/wp\/v2\/product_brand?post=29779"},{"taxonomy":"product_cat","embeddable":true,"href":"https:\/\/www.headshop.nl\/pt\/wp-json\/wp\/v2\/product_cat?post=29779"},{"taxonomy":"product_tag","embeddable":true,"href":"https:\/\/www.headshop.nl\/pt\/wp-json\/wp\/v2\/product_tag?post=29779"}],"curies":[{"name":"wp","href":"https:\/\/api.w.org\/{rel}","templated":true}]}}