{"id":29687,"date":"2019-12-30T16:01:57","date_gmt":"2019-12-30T16:01:57","guid":{"rendered":"https:\/\/headshop.nl\/?post_type=product&#038;p=29687"},"modified":"2024-09-17T10:49:14","modified_gmt":"2024-09-17T10:49:14","slug":"juicy-jones-blueberry-cones","status":"publish","type":"product","link":"https:\/\/www.headshop.nl\/pt\/juicy-jones-blueberry-cones\/","title":{"rendered":"Juicy Jones Mirtilo Cones"},"content":{"rendered":"<h2>Juicy Jones Mirtilo<\/h2>\n<p>No tubo r\u00edgido, encontrar\u00e1s 2 cones pr\u00e9-enrolados de excelente sabor impressos com um desenho de mirtilo e uma ponta Dank 7 reutiliz\u00e1vel.  A embalagem garante que tudo isto se mant\u00e9m em perfeitas condi\u00e7\u00f5es e a tampa de rosca mant\u00e9m o sabor dos mirtilos a rebentar.<\/p>\n<p>Dank 7 Tip significa que foram deixadas durante 7 dias inteiros para absorver o sabor individual que est\u00e1 a comprar, o que \u00e9, de facto, uma boa dica.<\/p>","protected":false},"excerpt":{"rendered":"<p>Os Juicy Jays Jones Blueberry Cones s\u00e3o cones pr\u00e9-enrolados saborosos, gra\u00e7as ao sistema de sabor triplo utilizado pela Juicy Jay's, que proporciona uma experi\u00eancia de sabor completo.<\/p>","protected":false},"featured_media":29688,"template":"","meta":[],"product_brand":[],"product_cat":[297,483,421],"product_tag":[],"class_list":{"0":"post-29687","1":"product","2":"type-product","3":"status-publish","4":"has-post-thumbnail","6":"product_cat-all-products","7":"product_cat-cones","8":"product_cat-rolling-papers","9":"product_shipping_class-creditcard-on","11":"first","12":"instock","13":"taxable","14":"shipping-taxable","15":"purchasable","16":"product-type-simple"},"_links":{"self":[{"href":"https:\/\/www.headshop.nl\/pt\/wp-json\/wp\/v2\/product\/29687","targetHints":{"allow":["GET"]}}],"collection":[{"href":"https:\/\/www.headshop.nl\/pt\/wp-json\/wp\/v2\/product"}],"about":[{"href":"https:\/\/www.headshop.nl\/pt\/wp-json\/wp\/v2\/types\/product"}],"wp:featuredmedia":[{"embeddable":true,"href":"https:\/\/www.headshop.nl\/pt\/wp-json\/wp\/v2\/media\/29688"}],"wp:attachment":[{"href":"https:\/\/www.headshop.nl\/pt\/wp-json\/wp\/v2\/media?parent=29687"}],"wp:term":[{"taxonomy":"product_brand","embeddable":true,"href":"https:\/\/www.headshop.nl\/pt\/wp-json\/wp\/v2\/product_brand?post=29687"},{"taxonomy":"product_cat","embeddable":true,"href":"https:\/\/www.headshop.nl\/pt\/wp-json\/wp\/v2\/product_cat?post=29687"},{"taxonomy":"product_tag","embeddable":true,"href":"https:\/\/www.headshop.nl\/pt\/wp-json\/wp\/v2\/product_tag?post=29687"}],"curies":[{"name":"wp","href":"https:\/\/api.w.org\/{rel}","templated":true}]}}