{"id":12397,"date":"2018-02-26T12:16:37","date_gmt":"2018-02-26T12:16:37","guid":{"rendered":"http:\/\/headshop.nl\/?post_type=product&#038;p=12397"},"modified":"2024-09-17T10:49:26","modified_gmt":"2024-09-17T10:49:26","slug":"solinder-grinder-orange","status":"publish","type":"product","link":"https:\/\/www.headshop.nl\/pt\/solinder-grinder-orange\/","title":{"rendered":"Solinder Grinder, Laranja"},"content":{"rendered":"<h2>Solinder Grinder, Laranja<\/h2>\n<p><span style=\"color: #000000;\">Imposs\u00edvel n\u00e3o notar o Solinder nos \u00faltimos anos: Um moinho com o acabamento perfeito que oferece uma moagem de qualidade incompar\u00e1vel. O seu design \u00e9 um pouco mais s\u00f3brio do que o Thorinder, mas faz o mesmo trabalho. Os dentes t\u00eam a forma de barbatana de tubar\u00e3o, tal como o seu antecessor.<\/span><\/p>\n<p><span style=\"color: #000000;\">Composto por 4 partes, \u00e9 fornecido numa caixa com uma esp\u00e1tula para a recupera\u00e7\u00e3o das part\u00edculas.<\/span><\/p>","protected":false},"excerpt":{"rendered":"<div class=\"price-wrapper\"><span style=\"color: #000000;\">Este moedor Orange Solinder pode fazer lembrar algo com os seus acabamentos impec\u00e1veis e o seu log\u00f3tipo distintivo. Aqui est\u00e1 o novo modelo da marca. O Solinder \u00e9 feito de alum\u00ednio anodizado que o deixar\u00e1 sem palavras!<\/span><\/div>","protected":false},"featured_media":12191,"template":"","meta":[],"product_brand":[],"product_cat":[440,297,420,414,437],"product_tag":[],"class_list":{"0":"post-12397","1":"product","2":"type-product","3":"status-publish","4":"has-post-thumbnail","6":"product_cat-4-part-grinders","7":"product_cat-all-products","8":"product_cat-grinders","9":"product_cat-headshop","10":"product_cat-metal","11":"product_shipping_class-creditcard-on","13":"first","14":"instock","15":"taxable","16":"shipping-taxable","17":"purchasable","18":"product-type-simple"},"_links":{"self":[{"href":"https:\/\/www.headshop.nl\/pt\/wp-json\/wp\/v2\/product\/12397","targetHints":{"allow":["GET"]}}],"collection":[{"href":"https:\/\/www.headshop.nl\/pt\/wp-json\/wp\/v2\/product"}],"about":[{"href":"https:\/\/www.headshop.nl\/pt\/wp-json\/wp\/v2\/types\/product"}],"wp:featuredmedia":[{"embeddable":true,"href":"https:\/\/www.headshop.nl\/pt\/wp-json\/wp\/v2\/media\/12191"}],"wp:attachment":[{"href":"https:\/\/www.headshop.nl\/pt\/wp-json\/wp\/v2\/media?parent=12397"}],"wp:term":[{"taxonomy":"product_brand","embeddable":true,"href":"https:\/\/www.headshop.nl\/pt\/wp-json\/wp\/v2\/product_brand?post=12397"},{"taxonomy":"product_cat","embeddable":true,"href":"https:\/\/www.headshop.nl\/pt\/wp-json\/wp\/v2\/product_cat?post=12397"},{"taxonomy":"product_tag","embeddable":true,"href":"https:\/\/www.headshop.nl\/pt\/wp-json\/wp\/v2\/product_tag?post=12397"}],"curies":[{"name":"wp","href":"https:\/\/api.w.org\/{rel}","templated":true}]}}