{"id":11817,"date":"2018-02-19T20:51:05","date_gmt":"2018-02-19T20:51:05","guid":{"rendered":"http:\/\/headshop.nl\/?post_type=product&#038;p=11817"},"modified":"2024-09-17T10:49:27","modified_gmt":"2024-09-17T10:49:27","slug":"triton-t3-shockproof-scale","status":"publish","type":"product","link":"https:\/\/www.headshop.nl\/pt\/triton-t3-shockproof-scale\/","title":{"rendered":"Balan\u00e7a \u00e0 prova de choque Triton T3"},"content":{"rendered":"<h2>Balan\u00e7a \u00e0 prova de choque Triton T3<\/h2>\n<p><span style=\"color: #000000;\">Esta capa protetora r\u00edgida \u00e9 \u00f3ptima para manter a sua balan\u00e7a segura quando n\u00e3o a est\u00e1 a utilizar... e serve tamb\u00e9m como um belo tabuleiro de pesagem. Como tem arestas, pode pesar todo o tipo de coisas que normalmente cairiam da plataforma.<\/span><\/p>\n<p><span style=\"color: #000000;\">Dentro da s\u00e9rie, oferece v\u00e1rias capacidades e resolu\u00e7\u00f5es para satisfazer todos os requisitos.<\/span><\/p>\n<p><span style=\"color: #000000;\">Perfeito para o indiv\u00edduo que est\u00e1 constantemente a deixar cair ou a abusar da sua balan\u00e7a. As caracter\u00edsticas padr\u00e3o adicionais incluem uma tampa protetora amov\u00edvel, funcionamento a pilhas (com pilhas AAA).<br \/><\/span><\/p>\n<table style=\"height: 223px;\" border=\"1\" width=\"490\" cellspacing=\"0\" cellpadding=\"2\">\n<tbody>\n<tr>\n<td><span style=\"color: #000000;\"><b>\u00a0 Pot\u00eancia<\/b><\/span><\/td>\n<td>\u00a0<span style=\"color: #000000;\">2 pilhas AAA (inclu\u00eddas)<\/span><\/td>\n<\/tr>\n<tr>\n<td><b>\u00a0 <span style=\"color: #000000;\">Ecr\u00e3<\/span><\/b><\/td>\n<td>\u00a0<span style=\"color: #000000;\">LCD retroiluminado<\/span><\/td>\n<\/tr>\n<tr>\n<td><b>\u00a0 <span style=\"color: #000000;\">Fun\u00e7\u00e3o de tara<\/span><\/b><\/td>\n<td>\u00a0<span style=\"color: #000000;\">Sim<\/span><\/td>\n<\/tr>\n<tr>\n<td><span style=\"color: #000000;\"><b>\u00a0 Calibra\u00e7\u00e3o<br \/><\/b><\/span><\/td>\n<td><span style=\"color: #000000;\">\u00a0Sim<\/span><\/td>\n<\/tr>\n<tr>\n<td><span style=\"color: #000000;\"><b>\u00a0 Recurso de contagem<\/b><\/span><\/td>\n<td><span style=\"color: #000000;\">\u00a0N\u00e3o<\/span><\/td>\n<\/tr>\n<tr>\n<td><b>\u00a0 <span style=\"color: #000000;\">Tamanho da plataforma<\/span><\/b><\/td>\n<td>\u00a0<span style=\"color: #000000;\">2.25\u2033 x 3.125\u2033<\/span><\/td>\n<\/tr>\n<tr>\n<td><span style=\"color: #000000;\"><b>\u00a0 Tamanho da escala<\/b><\/span><\/td>\n<td>\u00a0<span style=\"color: #000000;\">5,5\u2033 x 3,25\u2033 x 1\u2033<\/span><\/td>\n<\/tr>\n<tr>\n<td><span style=\"color: #000000;\"><b>\u00a0 Modos de pesagem<\/b><\/span><\/td>\n<td>\u00a0<span style=\"color: #000000;\">6<\/span><\/td>\n<\/tr>\n<\/tbody>\n<\/table>","protected":false},"excerpt":{"rendered":"<div class=\"wpb_wrapper\"><span style=\"color: #000000;\">A balan\u00e7a digital Triton T3 \u00e9 uma balan\u00e7a resistente! O seu design exclusivo inclui uma caixa de borracha exterior totalmente almofadada. Todos os componentes internos foram refor\u00e7ados e montados contra choques. O resultado \u00e9 uma balan\u00e7a digital de bolso mais resistente do que qualquer outra no mundo.<\/span><\/div>","protected":false},"featured_media":13422,"template":"","meta":[],"product_brand":[],"product_cat":[297,414,627,418],"product_tag":[],"class_list":{"0":"post-11817","1":"product","2":"type-product","3":"status-publish","4":"has-post-thumbnail","6":"product_cat-all-products","7":"product_cat-headshop","8":"product_cat-headshop-top-10","9":"product_cat-scales","10":"product_shipping_class-creditcard-on","12":"first","13":"instock","14":"taxable","15":"shipping-taxable","16":"purchasable","17":"product-type-simple"},"_links":{"self":[{"href":"https:\/\/www.headshop.nl\/pt\/wp-json\/wp\/v2\/product\/11817","targetHints":{"allow":["GET"]}}],"collection":[{"href":"https:\/\/www.headshop.nl\/pt\/wp-json\/wp\/v2\/product"}],"about":[{"href":"https:\/\/www.headshop.nl\/pt\/wp-json\/wp\/v2\/types\/product"}],"wp:featuredmedia":[{"embeddable":true,"href":"https:\/\/www.headshop.nl\/pt\/wp-json\/wp\/v2\/media\/13422"}],"wp:attachment":[{"href":"https:\/\/www.headshop.nl\/pt\/wp-json\/wp\/v2\/media?parent=11817"}],"wp:term":[{"taxonomy":"product_brand","embeddable":true,"href":"https:\/\/www.headshop.nl\/pt\/wp-json\/wp\/v2\/product_brand?post=11817"},{"taxonomy":"product_cat","embeddable":true,"href":"https:\/\/www.headshop.nl\/pt\/wp-json\/wp\/v2\/product_cat?post=11817"},{"taxonomy":"product_tag","embeddable":true,"href":"https:\/\/www.headshop.nl\/pt\/wp-json\/wp\/v2\/product_tag?post=11817"}],"curies":[{"name":"wp","href":"https:\/\/api.w.org\/{rel}","templated":true}]}}