{"id":11797,"date":"2018-02-19T19:17:20","date_gmt":"2018-02-19T19:17:20","guid":{"rendered":"http:\/\/headshop.nl\/?post_type=product&#038;p=11797"},"modified":"2024-09-17T10:49:27","modified_gmt":"2024-09-17T10:49:27","slug":"on-balance-square-ss-100-scale","status":"publish","type":"product","link":"https:\/\/www.headshop.nl\/pt\/on-balance-square-ss-100-scale\/","title":{"rendered":"On Balance, Escala SS-100"},"content":{"rendered":"<h2>Especifica\u00e7\u00f5es<\/h2>\n<table border=\"1\" width=\"490\" cellspacing=\"0\" cellpadding=\"2\">\n<tbody>\n<tr>\n<td><span style=\"color: #000000;\"><strong>\u00a0 Peso m\u00e1ximo:<br \/>\n<\/strong><\/span><\/td>\n<td><span style=\"color: #000000;\">\u00a0100 gramas<\/span><\/td>\n<\/tr>\n<tr>\n<td><span style=\"color: #000000;\"><strong>\u00a0 Exatid\u00e3o:<br \/>\n<\/strong><\/span><\/td>\n<td><span style=\"color: #000000;\">\u00a00,01 gramas<\/span><\/td>\n<\/tr>\n<tr>\n<td><span style=\"color: #000000;\"><strong>\u00a0 A\u00e7o inoxid\u00e1vel:<br \/>\n<\/strong><\/span><\/td>\n<td><span style=\"color: #000000;\">\u00a0Plataforma<\/span><\/td>\n<\/tr>\n<tr>\n<td><span style=\"color: #000000;\"><b>\u00a0 4 Unidades:<\/b><\/span><\/td>\n<td><span style=\"color: #000000;\">\u00a0(g, oz, dwt, ozt)<\/span><\/td>\n<\/tr>\n<tr>\n<td><span style=\"color: #000000;\"><strong>\u00a0 Inclui pilhas<br \/>\n<\/strong><\/span><\/td>\n<td><span style=\"color: #000000;\">\u00a0(2 x CR2032)<\/span><\/td>\n<\/tr>\n<tr>\n<td><span style=\"color: #000000;\"><strong>\u00a0 Ecr\u00e3 LCD:<br \/>\n<\/strong><\/span><\/td>\n<td><span style=\"color: #000000;\">\u00a0Sim<\/span><\/td>\n<\/tr>\n<tr>\n<td><span style=\"color: #000000;\"><strong>\u00a0 Luz de fundo:<br \/>\n<\/strong><\/span><\/td>\n<td><span style=\"color: #000000;\">\u00a0Sim<\/span><\/td>\n<\/tr>\n<tr>\n<td><span style=\"color: #000000;\"><b>\u00a0 Fun\u00e7\u00e3o de tara:<br \/>\n<\/b><\/span><\/td>\n<td><span style=\"color: #000000;\">\u00a0Sim<\/span><\/td>\n<\/tr>\n<tr>\n<td><span style=\"color: #000000;\"><strong>\u00a0 Desligamento autom\u00e1tico:<br \/>\n<\/strong><\/span><\/td>\n<td><span style=\"color: #000000;\">\u00a0Sim<\/span><\/td>\n<\/tr>\n<tr>\n<td><span style=\"color: #000000;\"><strong>\u00a0 Capa do CD:<br \/>\n<\/strong><\/span><\/td>\n<td><span style=\"color: #000000;\">\u00a0Substituir<\/span><\/td>\n<\/tr>\n<tr>\n<td><span style=\"color: #000000;\"><strong>\u00a0 Garantia<\/strong><\/span><\/td>\n<td><span style=\"color: #000000;\">\u00a01 ano<\/span><\/td>\n<\/tr>\n<\/tbody>\n<\/table>","protected":false},"excerpt":{"rendered":"<p><span style=\"color: #000000;\">Estas balan\u00e7as elegantes e precisas em forma de CD da ON BALANCE destacam-se pelo design em qualquer interior. A balan\u00e7a digital CD On Balance tem uma capacidade m\u00e1xima de 100 gramas e uma precis\u00e3o de 0,1 gramas. <\/span><\/p>\n<p><span style=\"color: #000000;\">Pode utilizar a capa do CD ou a do seu artista preferido.<\/span><\/p>","protected":false},"featured_media":13419,"template":"","meta":[],"product_brand":[],"product_cat":[297,414,418],"product_tag":[],"class_list":{"0":"post-11797","1":"product","2":"type-product","3":"status-publish","4":"has-post-thumbnail","6":"product_cat-all-products","7":"product_cat-headshop","8":"product_cat-scales","9":"product_shipping_class-creditcard-on","11":"first","12":"instock","13":"taxable","14":"shipping-taxable","15":"purchasable","16":"product-type-simple"},"_links":{"self":[{"href":"https:\/\/www.headshop.nl\/pt\/wp-json\/wp\/v2\/product\/11797","targetHints":{"allow":["GET"]}}],"collection":[{"href":"https:\/\/www.headshop.nl\/pt\/wp-json\/wp\/v2\/product"}],"about":[{"href":"https:\/\/www.headshop.nl\/pt\/wp-json\/wp\/v2\/types\/product"}],"wp:featuredmedia":[{"embeddable":true,"href":"https:\/\/www.headshop.nl\/pt\/wp-json\/wp\/v2\/media\/13419"}],"wp:attachment":[{"href":"https:\/\/www.headshop.nl\/pt\/wp-json\/wp\/v2\/media?parent=11797"}],"wp:term":[{"taxonomy":"product_brand","embeddable":true,"href":"https:\/\/www.headshop.nl\/pt\/wp-json\/wp\/v2\/product_brand?post=11797"},{"taxonomy":"product_cat","embeddable":true,"href":"https:\/\/www.headshop.nl\/pt\/wp-json\/wp\/v2\/product_cat?post=11797"},{"taxonomy":"product_tag","embeddable":true,"href":"https:\/\/www.headshop.nl\/pt\/wp-json\/wp\/v2\/product_tag?post=11797"}],"curies":[{"name":"wp","href":"https:\/\/api.w.org\/{rel}","templated":true}]}}