{"id":11788,"date":"2018-02-19T18:40:49","date_gmt":"2018-02-19T18:40:49","guid":{"rendered":"http:\/\/headshop.nl\/?post_type=product&#038;p=11788"},"modified":"2024-09-17T10:49:28","modified_gmt":"2024-09-17T10:49:28","slug":"on-balance-envy-scale","status":"publish","type":"product","link":"https:\/\/www.headshop.nl\/pt\/on-balance-envy-scale\/","title":{"rendered":"On Balance, Balan\u00e7a Envy"},"content":{"rendered":"<h2>Especifica\u00e7\u00f5es<\/h2>\n<p><span style=\"color: #000000;\">Completo com tabuleiros de medi\u00e7\u00e3o de 7 mm de profundidade + 20 mm de profundidade.<\/span><\/p>\n<table border=\"1\" width=\"490\" cellspacing=\"0\" cellpadding=\"2\">\n<tbody>\n<tr>\n<td><span style=\"color: #000000;\"><strong>\u00a0 Tamanho da plataforma:<br \/>\n<\/strong><\/span><\/td>\n<td><span style=\"color: #000000;\">\u00a0100mm x 100mm.<\/span><\/td>\n<\/tr>\n<tr>\n<td><span style=\"color: #000000;\"><b>\u00a0 Unidades:<\/b><\/span><\/td>\n<td><span style=\"color: #000000;\">\u00a0g\/oz\/ozt\/dwt\/ct\/gn<\/span><\/td>\n<\/tr>\n<tr>\n<td><span style=\"color: #000000;\"><strong>\u00a0 M\u00ednimo. Pesagem:<br \/>\n<\/strong><\/span><\/td>\n<td><span style=\"color: #000000;\">\u00a00.1g<\/span><\/td>\n<\/tr>\n<tr>\n<td><span style=\"color: #000000;\"><strong>\u00a0 M\u00e1ximo. Pesagem:<br \/>\n<\/strong><\/span><\/td>\n<td><span style=\"color: #000000;\">\u00a02000g<\/span><\/td>\n<\/tr>\n<tr>\n<td><span style=\"color: #000000;\"><strong>\u00a0 Ecr\u00e3 LCD:<br \/>\n<\/strong><\/span><\/td>\n<td><span style=\"color: #000000;\">\u00a0Sim<\/span><\/td>\n<\/tr>\n<tr>\n<td><span style=\"color: #000000;\"><b>\u00a0 Fun\u00e7\u00e3o de tara:<br \/>\n<\/b><\/span><\/td>\n<td><span style=\"color: #000000;\">\u00a0Sim<\/span><\/td>\n<\/tr>\n<tr>\n<td><span style=\"color: #000000;\"><strong>\u00a0 Luz de fundo:<br \/>\n<\/strong><\/span><\/td>\n<td><span style=\"color: #000000;\">\u00a0Verde<\/span><\/td>\n<\/tr>\n<tr>\n<td><span style=\"color: #000000;\"><strong>\u00a0 Desligamento autom\u00e1tico:<br \/>\n<\/strong><\/span><\/td>\n<td><span style=\"color: #000000;\">\u00a03 minutos.<\/span><\/td>\n<\/tr>\n<tr>\n<td><span style=\"color: #000000;\"><strong>\u00a0 Desenvolvido por:<br \/>\n<\/strong><\/span><\/td>\n<td><span style=\"color: #000000;\"> 2 pilhas AAA.<\/span><\/td>\n<\/tr>\n<\/tbody>\n<\/table>\n<p>&nbsp;<\/p>","protected":false},"excerpt":{"rendered":"<p><span style=\"color: #000000;\">0,1g - 2000g Digital Scales com plataforma grande em a\u00e7o inoxid\u00e1vel e ecr\u00e3 LCD. Esta \u00e9 uma pequena balan\u00e7a de bancada - ideal se n\u00e3o tiver muito espa\u00e7o na sua cozinha.<\/span><\/p>","protected":false},"featured_media":13416,"template":"","meta":[],"product_brand":[],"product_cat":[297,414,418],"product_tag":[],"class_list":{"0":"post-11788","1":"product","2":"type-product","3":"status-publish","4":"has-post-thumbnail","6":"product_cat-all-products","7":"product_cat-headshop","8":"product_cat-scales","9":"product_shipping_class-creditcard-on","11":"first","12":"instock","13":"taxable","14":"shipping-taxable","15":"purchasable","16":"product-type-simple"},"_links":{"self":[{"href":"https:\/\/www.headshop.nl\/pt\/wp-json\/wp\/v2\/product\/11788","targetHints":{"allow":["GET"]}}],"collection":[{"href":"https:\/\/www.headshop.nl\/pt\/wp-json\/wp\/v2\/product"}],"about":[{"href":"https:\/\/www.headshop.nl\/pt\/wp-json\/wp\/v2\/types\/product"}],"wp:featuredmedia":[{"embeddable":true,"href":"https:\/\/www.headshop.nl\/pt\/wp-json\/wp\/v2\/media\/13416"}],"wp:attachment":[{"href":"https:\/\/www.headshop.nl\/pt\/wp-json\/wp\/v2\/media?parent=11788"}],"wp:term":[{"taxonomy":"product_brand","embeddable":true,"href":"https:\/\/www.headshop.nl\/pt\/wp-json\/wp\/v2\/product_brand?post=11788"},{"taxonomy":"product_cat","embeddable":true,"href":"https:\/\/www.headshop.nl\/pt\/wp-json\/wp\/v2\/product_cat?post=11788"},{"taxonomy":"product_tag","embeddable":true,"href":"https:\/\/www.headshop.nl\/pt\/wp-json\/wp\/v2\/product_tag?post=11788"}],"curies":[{"name":"wp","href":"https:\/\/api.w.org\/{rel}","templated":true}]}}