{"id":11778,"date":"2018-02-19T17:09:57","date_gmt":"2018-02-19T17:09:57","guid":{"rendered":"http:\/\/headshop.nl\/?post_type=product&#038;p=11778"},"modified":"2024-09-17T10:49:29","modified_gmt":"2024-09-17T10:49:29","slug":"on-balance-ls-100-scale","status":"publish","type":"product","link":"https:\/\/www.headshop.nl\/pt\/on-balance-ls-100-scale\/","title":{"rendered":"On Balance, Escala LS 100"},"content":{"rendered":"<h2>Especifica\u00e7\u00f5es<\/h2>\n<table border=\"1\" width=\"490\" cellspacing=\"0\" cellpadding=\"2\">\n<tbody>\n<tr>\n<td><span style=\"color: #000000;\"><b>\u00a0 Unidades<\/b><\/span><\/td>\n<td><span style=\"color: #000000;\">\u00a04 unidades g\/oz\/tl\/ct<\/span><\/td>\n<\/tr>\n<tr>\n<td><span style=\"color: #000000;\"><b>\u00a0 M\u00ednimo Weight<\/b><\/span><\/td>\n<td><span style=\"color: #000000;\">\u00a00.01g<\/span><\/td>\n<\/tr>\n<tr>\n<td><span style=\"color: #000000;\"><b>\u00a0 M\u00e1ximo Weight<\/b><\/span><\/td>\n<td><span style=\"color: #000000;\">\u00a0200g<\/span><\/td>\n<\/tr>\n<tr>\n<td><span style=\"color: #000000;\"><b>\u00a0 Calibra\u00e7\u00e3o<br \/><\/b><\/span><\/td>\n<td><span style=\"color: #000000;\">\u00a0Ecr\u00e3 LCD<\/span><\/td>\n<\/tr>\n<tr>\n<td><span style=\"color: #000000;\"><strong>\u00a0 Fun\u00e7\u00e3o de tara<\/strong><\/span><\/td>\n<td><span style=\"color: #000000;\">\u00a0Sim<\/span><\/td>\n<\/tr>\n<tr>\n<td><span style=\"color: #000000;\"><b>\u00a0 Luz de fundo<\/b><\/span><\/td>\n<td><span style=\"color: #000000;\">\u00a0Azul<\/span><\/td>\n<\/tr>\n<tr>\n<td><span style=\"color: #000000;\"><b>\u00a0 Capa<\/b><\/span><\/td>\n<td><span style=\"color: #000000;\">\u00a0Cobertura protetora<\/span><\/td>\n<\/tr>\n<tr>\n<td><span style=\"color: #000000;\"><b>\u00a0 Baterias<\/b><\/span><\/td>\n<td><span style=\"color: #000000;\">\u00a02 x AAA<\/span><\/td>\n<\/tr>\n<\/tbody>\n<\/table>","protected":false},"excerpt":{"rendered":"<p><span style=\"color: #000000;\">Estas balan\u00e7as s\u00e3o super precisas, medem 1\/100 de grama! Com um ecr\u00e3 LCD azul brilhante e uma tampa protetora que pode ser utilizada como ta\u00e7a de pesagem. A balan\u00e7a On Balance, LS 100 \u00e9 um dos nossos produtos mais populares, a um pre\u00e7o incrivelmente baixo!<\/span><\/p>","protected":false},"featured_media":13415,"template":"","meta":[],"product_brand":[],"product_cat":[297,414,418],"product_tag":[],"class_list":{"0":"post-11778","1":"product","2":"type-product","3":"status-publish","4":"has-post-thumbnail","6":"product_cat-all-products","7":"product_cat-headshop","8":"product_cat-scales","9":"product_shipping_class-creditcard-on","11":"first","12":"instock","13":"taxable","14":"shipping-taxable","15":"purchasable","16":"product-type-simple"},"_links":{"self":[{"href":"https:\/\/www.headshop.nl\/pt\/wp-json\/wp\/v2\/product\/11778","targetHints":{"allow":["GET"]}}],"collection":[{"href":"https:\/\/www.headshop.nl\/pt\/wp-json\/wp\/v2\/product"}],"about":[{"href":"https:\/\/www.headshop.nl\/pt\/wp-json\/wp\/v2\/types\/product"}],"wp:featuredmedia":[{"embeddable":true,"href":"https:\/\/www.headshop.nl\/pt\/wp-json\/wp\/v2\/media\/13415"}],"wp:attachment":[{"href":"https:\/\/www.headshop.nl\/pt\/wp-json\/wp\/v2\/media?parent=11778"}],"wp:term":[{"taxonomy":"product_brand","embeddable":true,"href":"https:\/\/www.headshop.nl\/pt\/wp-json\/wp\/v2\/product_brand?post=11778"},{"taxonomy":"product_cat","embeddable":true,"href":"https:\/\/www.headshop.nl\/pt\/wp-json\/wp\/v2\/product_cat?post=11778"},{"taxonomy":"product_tag","embeddable":true,"href":"https:\/\/www.headshop.nl\/pt\/wp-json\/wp\/v2\/product_tag?post=11778"}],"curies":[{"name":"wp","href":"https:\/\/api.w.org\/{rel}","templated":true}]}}