{"id":999,"date":"2017-08-20T16:02:04","date_gmt":"2017-08-20T16:02:04","guid":{"rendered":"http:\/\/headshop.nl\/?page_id=999"},"modified":"2021-08-24T08:05:22","modified_gmt":"2021-08-24T08:05:22","slug":"payment-methods","status":"publish","type":"page","link":"https:\/\/www.headshop.nl\/pt\/payment-methods\/","title":{"rendered":"M\u00e9todos de pagamento"},"content":{"rendered":"<div id=\"gap-1590136613\" class=\"gap-element clearfix\" style=\"display:block; height:auto;\">\n\t\t\n<style>\n#gap-1590136613 {\n  padding-top: 50px;\n}\n<\/style>\n\t<\/div>\n\t\n\n<div class=\"container section-title-container\" ><h1 class=\"section-title section-title-bold-center\"><b aria-hidden=\"true\"><\/b><span class=\"section-title-main\" style=\"font-size:131%;\">Pagamento Meodos<\/span><b aria-hidden=\"true\"><\/b><\/h1><\/div>\n\n<div class=\"row\"  id=\"row-1888304407\">\n\n\n\t<div id=\"col-2072675859\" class=\"col small-12 large-12\"  >\n\t\t\t\t<div class=\"col-inner text-center\"  >\n\t\t\t\n\t\t\t\n\n<p>Aqui no The Headshop pode escolher entre v\u00e1rios m\u00e9todos de pagamento diferentes. Todos eles s\u00e3o seguros e discretos. Veja as op\u00e7\u00f5es que oferecemos e escolha a que mais se adequa ao seu gosto e localiza\u00e7\u00e3o.<\/p>\n\t<div class=\"img has-hover x md-x lg-x y md-y lg-y\" id=\"image_1046127997\">\n\t\t\t\t\t\t\t\t<div class=\"img-inner dark\" style=\"margin:0px 300px 0px 300px;\">\n\t\t\t<img loading=\"lazy\" decoding=\"async\" width=\"800\" height=\"125\" src=\"https:\/\/www.headshop.nl\/wp-content\/uploads\/2021\/08\/Betaalmethodes-800x125.png\" class=\"attachment-large size-large\" alt=\"\" srcset=\"https:\/\/www.headshop.nl\/wp-content\/uploads\/2021\/08\/Betaalmethodes-800x125.png 800w, https:\/\/www.headshop.nl\/wp-content\/uploads\/2021\/08\/Betaalmethodes-420x66.png 420w, https:\/\/www.headshop.nl\/wp-content\/uploads\/2021\/08\/Betaalmethodes-64x10.png 64w, https:\/\/www.headshop.nl\/wp-content\/uploads\/2021\/08\/Betaalmethodes-600x94.png 600w, https:\/\/www.headshop.nl\/wp-content\/uploads\/2021\/08\/Betaalmethodes-380x59.png 380w, https:\/\/www.headshop.nl\/wp-content\/uploads\/2021\/08\/Betaalmethodes-768x120.png 768w, https:\/\/www.headshop.nl\/wp-content\/uploads\/2021\/08\/Betaalmethodes-1536x240.png 1536w, https:\/\/www.headshop.nl\/wp-content\/uploads\/2021\/08\/Betaalmethodes.png 1920w\" sizes=\"auto, (max-width: 800px) 100vw, 800px\">\t\t\t\t\t\t\n\t\t\t\t\t<\/div>\n\t\t\t\t\t\t\t\t\n<style>\n#image_1046127997 {\n  width: 100%;\n}\n<\/style>\n\t<\/div>\n\t\n\n\n\t\t<\/div>\n\t\t\t\t\t<\/div>\n\n\t\n\n<\/div>\n\t<div id=\"gap-1754961582\" class=\"gap-element clearfix\" style=\"display:block; height:auto;\">\n\t\t\n<style>\n#gap-1754961582 {\n  padding-top: 30px;\n}\n<\/style>\n\t<\/div>\n\t\n\n<div class=\"container section-title-container\" ><h2 class=\"section-title section-title-bold-center\"><b aria-hidden=\"true\"><\/b><span class=\"section-title-main\" >1. iDEAL \/ MisterCash \/ Bancontact \/ Eps-\u00dcberweisung \/ Giropay<\/span><b aria-hidden=\"true\"><\/b><\/h2><\/div>\n\n\t<div id=\"gap-1665915384\" class=\"gap-element clearfix\" style=\"display:block; height:auto;\">\n\t\t\n<style>\n#gap-1665915384 {\n  padding-top: 30px;\n}\n<\/style>\n\t<\/div>\n\t\n\n<div class=\"row\"  id=\"row-1033573851\">\n\n\n\t<div id=\"col-848106523\" class=\"col small-12 large-12\"  >\n\t\t\t\t<div class=\"col-inner text-center\"  >\n\t\t\t\n\t\t\t\n\n<p>Esta \u00e9 a forma mais r\u00e1pida e f\u00e1cil de concluir o seu pagamento. Seleccione a op\u00e7\u00e3o que se adequa ao seu banco e conclua os passos do processo. O nosso fornecedor de servi\u00e7os de pagamento facilita um ambiente de pagamento seguro e protegido.<\/p>\n<p>Ap\u00f3s a conclus\u00e3o do pagamento, receber\u00e1 imediatamente um aviso. A nossa equipa come\u00e7ar\u00e1 a processar a encomenda para a enviar o mais rapidamente poss\u00edvel. Mant\u00ea-lo-emos atualizado sobre o estado da encomenda por correio eletr\u00f3nico.<\/p>\n\n\t\t<\/div>\n\t\t\t\t\t<\/div>\n\n\t\n\n<\/div>\n\t<div id=\"gap-1546986531\" class=\"gap-element clearfix\" style=\"display:block; height:auto;\">\n\t\t\n<style>\n#gap-1546986531 {\n  padding-top: 40px;\n}\n<\/style>\n\t<\/div>\n\t\n\n<div class=\"container section-title-container\" ><h2 class=\"section-title section-title-bold-center\"><b aria-hidden=\"true\"><\/b><span class=\"section-title-main\" >2. Transfer\u00eancia banc\u00e1ria direta<\/span><b aria-hidden=\"true\"><\/b><\/h2><\/div>\n\n\t<div id=\"gap-690927488\" class=\"gap-element clearfix\" style=\"display:block; height:auto;\">\n\t\t\n<style>\n#gap-690927488 {\n  padding-top: 30px;\n}\n<\/style>\n\t<\/div>\n\t\n\n<div class=\"row\"  id=\"row-530231095\">\n\n\n\t<div id=\"col-619741078\" class=\"col small-12 large-12\"  >\n\t\t\t\t<div class=\"col-inner text-center\"  >\n\t\t\t\n\t\t\t\n\n<p>\u00c9 poss\u00edvel efetuar o pagamento por transfer\u00eancia banc\u00e1ria. Seleccione a op\u00e7\u00e3o \"Transfer\u00eancia banc\u00e1ria direta\" e siga os passos. Depois de ter conclu\u00eddo a encomenda, receber\u00e1 um e-mail com as informa\u00e7\u00f5es necess\u00e1rias e os dados de pagamento.<\/p>\n<p>Tenha em aten\u00e7\u00e3o que, ap\u00f3s a transfer\u00eancia do pagamento, pode demorar 1-3 dias at\u00e9 recebermos o dinheiro. Por conseguinte, pode demorar um pouco mais at\u00e9 que a encomenda seja enviada. Ser\u00e1 mantido informado sobre o estado da encomenda por correio eletr\u00f3nico.<\/p>\n\n\t\t<\/div>\n\t\t\t\t\t<\/div>\n\n\t\n\n<\/div>\n\t<div id=\"gap-1878625670\" class=\"gap-element clearfix\" style=\"display:block; height:auto;\">\n\t\t\n<style>\n#gap-1878625670 {\n  padding-top: 30px;\n}\n<\/style>\n\t<\/div>\n\t\n\n<div class=\"container section-title-container\" ><h2 class=\"section-title section-title-bold-center\"><b aria-hidden=\"true\"><\/b><span class=\"section-title-main\" >3. Criptomoedas<\/span><b aria-hidden=\"true\"><\/b><\/h2><\/div>\n\n\t<div id=\"gap-521037224\" class=\"gap-element clearfix\" style=\"display:block; height:auto;\">\n\t\t\n<style>\n#gap-521037224 {\n  padding-top: 30px;\n}\n<\/style>\n\t<\/div>\n\t\n\n<div class=\"row\"  id=\"row-346005836\">\n\n\n\t<div id=\"col-759483085\" class=\"col small-12 large-12\"  >\n\t\t\t\t<div class=\"col-inner text-center\"  >\n\t\t\t\n\t\t\t\n\n<p>Aceitamos pagamentos com v\u00e1rios tipos de criptomoedas. Estes pagamentos s\u00e3o processados com a Coinbase, a maior bolsa e corretora de Bitcoin do mundo. Para pagar com criptomoedas, pode selecionar a op\u00e7\u00e3o de pagamento \"Bitcoin e outras criptomoedas\".<\/p>\n<p>Atualmente, aceitamos Bitcoin, Ethereum, USD Coin, Litecoin e Bitcoin cash.<\/p>\n\t<div class=\"img has-hover x md-x lg-x y md-y lg-y\" id=\"image_1521625749\">\n\t\t\t\t\t\t\t\t<div class=\"img-inner dark\" style=\"margin:0px 300px 0px 300px;\">\n\t\t\t<img loading=\"lazy\" decoding=\"async\" width=\"800\" height=\"125\" src=\"https:\/\/www.headshop.nl\/wp-content\/uploads\/2021\/08\/Crypto-icons-800x125.png\" class=\"attachment-large size-large\" alt=\"Moedas criptogr\u00e1ficas aceites\" srcset=\"https:\/\/www.headshop.nl\/wp-content\/uploads\/2021\/08\/Crypto-icons-800x125.png 800w, https:\/\/www.headshop.nl\/wp-content\/uploads\/2021\/08\/Crypto-icons-420x66.png 420w, https:\/\/www.headshop.nl\/wp-content\/uploads\/2021\/08\/Crypto-icons-64x10.png 64w, https:\/\/www.headshop.nl\/wp-content\/uploads\/2021\/08\/Crypto-icons-600x94.png 600w, https:\/\/www.headshop.nl\/wp-content\/uploads\/2021\/08\/Crypto-icons-380x59.png 380w, https:\/\/www.headshop.nl\/wp-content\/uploads\/2021\/08\/Crypto-icons-768x120.png 768w, https:\/\/www.headshop.nl\/wp-content\/uploads\/2021\/08\/Crypto-icons-1536x240.png 1536w, https:\/\/www.headshop.nl\/wp-content\/uploads\/2021\/08\/Crypto-icons.png 1920w\" sizes=\"auto, (max-width: 800px) 100vw, 800px\" \/>\t\t\t\t\t\t\n\t\t\t\t\t<\/div>\n\t\t\t\t\t\t\t\t\n<style>\n#image_1521625749 {\n  width: 100%;\n}\n<\/style>\n\t<\/div>\n\t\n\n\n\t\t<\/div>\n\t\t\t\t\t<\/div>\n\n\t\n\n<\/div>\n\t<div id=\"gap-173842956\" class=\"gap-element clearfix\" style=\"display:block; height:auto;\">\n\t\t\n<style>\n#gap-173842956 {\n  padding-top: 30px;\n}\n<\/style>\n\t<\/div>","protected":false},"excerpt":{"rendered":"","protected":false},"author":807,"featured_media":0,"parent":0,"menu_order":0,"comment_status":"closed","ping_status":"closed","template":"page-blank.php","meta":{"footnotes":""},"class_list":["post-999","page","type-page","status-publish","hentry"],"_links":{"self":[{"href":"https:\/\/www.headshop.nl\/pt\/wp-json\/wp\/v2\/pages\/999","targetHints":{"allow":["GET"]}}],"collection":[{"href":"https:\/\/www.headshop.nl\/pt\/wp-json\/wp\/v2\/pages"}],"about":[{"href":"https:\/\/www.headshop.nl\/pt\/wp-json\/wp\/v2\/types\/page"}],"author":[{"embeddable":true,"href":"https:\/\/www.headshop.nl\/pt\/wp-json\/wp\/v2\/users\/807"}],"replies":[{"embeddable":true,"href":"https:\/\/www.headshop.nl\/pt\/wp-json\/wp\/v2\/comments?post=999"}],"version-history":[{"count":0,"href":"https:\/\/www.headshop.nl\/pt\/wp-json\/wp\/v2\/pages\/999\/revisions"}],"wp:attachment":[{"href":"https:\/\/www.headshop.nl\/pt\/wp-json\/wp\/v2\/media?parent=999"}],"curies":[{"name":"wp","href":"https:\/\/api.w.org\/{rel}","templated":true}]}}