{"id":85313,"date":"2025-07-15T08:01:32","date_gmt":"2025-07-15T08:01:32","guid":{"rendered":"https:\/\/www.headshop.nl\/?page_id=85313"},"modified":"2026-03-25T10:29:35","modified_gmt":"2026-03-25T10:29:35","slug":"discount","status":"publish","type":"page","link":"https:\/\/www.headshop.nl\/pt\/discount\/","title":{"rendered":"Desconto"},"content":{"rendered":"<div id=\"text-4221124022\" class=\"text\">\n\t\t\n\n<h1>\u00daltimos descontos<\/h1>\n\t\t\n<style>\n#text-4221124022 {\n  text-align: center;\n}\n<\/style>\n\t<\/div>\n\t\n<p style=\"text-align: center;\">Desfrute de grandes poupan\u00e7as nos seus produtos The Headshop favoritos com os nossos c\u00f3digos de desconto mais recentes. Actualizamos regularmente esta p\u00e1gina para lhe apresentar as ofertas mais recentes, por isso, volte sempre. Aproveite o seu desconto enquanto durar. Boas compras e aproveite as suas poupan\u00e7as!<\/p>\n<div class=\"is-divider divider clearfix\" style=\"max-width:100%;height:1px;\"><\/div>\n\n<div class=\"row\"  id=\"row-1556013502\">\n\n\n\t<div id=\"col-1170607482\" class=\"col medium-6 small-12 large-6\"  >\n\t\t\t\t<div class=\"col-inner\"  >\n\t\t\t\n\t\t\t\n\n\n  <div class=\"banner has-hover\" id=\"banner-1771954579\">\n          <div class=\"banner-inner fill\">\n        <div class=\"banner-bg fill\" >\n            <img loading=\"lazy\" decoding=\"async\" width=\"2560\" height=\"732\" src=\"https:\/\/www.headshop.nl\/wp-content\/uploads\/2026\/03\/Bunnys-Best-Shroomdeals_Wide_Steve_V4-scaled.png\" class=\"bg attachment-original size-original\" alt=\"\">                                    \n                    <\/div>\n\t\t\n        <div class=\"banner-layers container\">\n            <a class=\"fill\" href=\"https:\/\/www.headshop.nl\/pt\/shroomshop\/\"><div class=\"fill banner-link\"><\/div><\/a>            \n\n\n        <\/div>\n      <\/div>\n\n            \n<style>\n#banner-1771954579 {\n  padding-top: 146px;\n}\n<\/style>\n  <\/div>\n\n\n<div class=\"is-divider divider clearfix\" style=\"height:0px;\"><\/div>\n\n<h2>Bunny&#8217;s Best Shroomdeals<\/h2>\n<p class=\"p1\">Spring is here! Enjoy 25% off the entire shroomshop* and discover or stock up on your favorite products. Don\u2019t miss this seasonal deal! This promotion is active until the 20th of April.<\/p>\n<p><em>* N\u00e3o \u00e9 v\u00e1lido em combina\u00e7\u00e3o com outras promo\u00e7\u00f5es.\u00a0<\/em><\/p>\n<div class=\"row\"  id=\"row-270887706\">\n\n\n\t<div id=\"col-212802794\" class=\"col medium-6 small-6 large-6\"  >\n\t\t\t\t<div class=\"col-inner\"  >\n\t\t\t\n\t\t\t\n\n<a href=\"https:\/\/www.headshop.nl\/pt\/shroomshop\/\" class=\"button primary\" >\n\t\t<span>Ir para o desconto<\/span>\n\t<\/a>\n\n\n\n\t\t<\/div>\n\t\t\t\t\t<\/div>\n\n\t\n\n\t<div id=\"col-870284251\" class=\"col medium-6 small-6 large-6\"  >\n\t\t\t\t<div class=\"col-inner text-right\"  >\n\t\t\t\n\t\t\t\n\n<a href=\"https:\/\/www.headshop.nl\/pt\/shroomshop\/\" class=\"button success\" >\n\t\t<span>Ativo<\/span>\n\t<i class=\"icon-checkmark\" aria-hidden=\"true\"><\/i><\/a>\n\n\n\n\t\t<\/div>\n\t\t\t\t\t<\/div>\n\n\t\n\n<\/div>\n<div class=\"is-divider divider clearfix\" style=\"max-width:100%;height:1px;\"><\/div>\n\n\n\t\t<\/div>\n\t\t\t\t\t<\/div>\n\n\t\n\n\t<div id=\"col-1184630742\" class=\"col medium-6 small-12 large-6\"  >\n\t\t\t\t<div class=\"col-inner\"  >\n\t\t\t\n\t\t\t\n\n\n  <div class=\"banner has-hover\" id=\"banner-1456331673\">\n          <div class=\"banner-inner fill\">\n        <div class=\"banner-bg fill\" >\n            <img loading=\"lazy\" decoding=\"async\" width=\"1610\" height=\"460\" src=\"https:\/\/www.headshop.nl\/wp-content\/uploads\/2025\/07\/Bulkactie_wide_v2.jpg\" class=\"bg attachment-original size-original\" alt=\"\">                                    \n                    <\/div>\n\t\t\n        <div class=\"banner-layers container\">\n            <a class=\"fill\" href=\"https:\/\/www.headshop.nl\/pt\/shroomshop\/magic-mushroom-grow-kits\/\"><div class=\"fill banner-link\"><\/div><\/a>            \n\n\n        <\/div>\n      <\/div>\n\n            \n<style>\n#banner-1456331673 {\n  padding-top: 146px;\n}\n<\/style>\n  <\/div>\n\n\n<div class=\"is-divider divider clearfix\" style=\"height:0px;\"><\/div>\n\n<h2><strong>Desconto a granel para kits de cultivo de cogumelos m\u00e1gicos<\/strong><\/h2>\n<p>Para os amantes da bricolage e da natureza. Viva uma experi\u00eancia m\u00e1gica com as nossas trufas de alta qualidade. \u00c9 simples: quanto mais comprar, mais poupa*.<\/p>\n<p><em>* N\u00e3o \u00e9 v\u00e1lido em combina\u00e7\u00e3o com outras promo\u00e7\u00f5es.\u00a0<\/em><\/p>\n<div class=\"row\"  id=\"row-1425208587\">\n\n\n\t<div id=\"col-1455216604\" class=\"col medium-6 small-6 large-6\"  >\n\t\t\t\t<div class=\"col-inner\"  >\n\t\t\t\n\t\t\t\n\n<a href=\"https:\/\/www.headshop.nl\/pt\/shroomshop\/magic-mushroom-grow-kits\/\" class=\"button primary\" >\n\t\t<span>Ir para o desconto<\/span>\n\t<\/a>\n\n\n\n\t\t<\/div>\n\t\t\t\t\t<\/div>\n\n\t\n\n\t<div id=\"col-1535484085\" class=\"col medium-6 small-6 large-6\"  >\n\t\t\t\t<div class=\"col-inner text-right\"  >\n\t\t\t\n\t\t\t\n\n<a href=\"https:\/\/www.headshop.nl\/pt\/shroomshop\/\" class=\"button success\" >\n\t\t<span>Ativo<\/span>\n\t<i class=\"icon-checkmark\" aria-hidden=\"true\"><\/i><\/a>\n\n\n\n\t\t<\/div>\n\t\t\t\t\t<\/div>\n\n\t\n\n<\/div>\n<div class=\"is-divider divider clearfix\" style=\"max-width:100%;height:1px;\"><\/div>\n\n\n\t\t<\/div>\n\t\t\t\t\t<\/div>\n\n\t\n\n<\/div>\n<div class=\"row\"  id=\"row-476025737\">\n\n\n\t<div id=\"col-668351986\" class=\"col medium-6 small-12 large-6\"  >\n\t\t\t\t<div class=\"col-inner\"  >\n\t\t\t\n\t\t\t\n\n\n  <div class=\"banner has-hover\" id=\"banner-1191052030\">\n          <div class=\"banner-inner fill\">\n        <div class=\"banner-bg fill\" >\n            <img loading=\"lazy\" decoding=\"async\" width=\"1610\" height=\"460\" src=\"https:\/\/www.headshop.nl\/wp-content\/uploads\/2025\/07\/Bulkactie_wide_v3.jpg\" class=\"bg attachment-original size-original\" alt=\"\">                                    \n                    <\/div>\n\t\t\n        <div class=\"banner-layers container\">\n            <a class=\"fill\" href=\"https:\/\/www.headshop.nl\/pt\/shroomshop\/magic-truffles\/\"><div class=\"fill banner-link\"><\/div><\/a>            \n\n\n        <\/div>\n      <\/div>\n\n            \n<style>\n#banner-1191052030 {\n  padding-top: 146px;\n}\n<\/style>\n  <\/div>\n\n\n<div class=\"is-divider divider clearfix\" style=\"height:0px;\"><\/div>\n\n<h2><strong>Trufas m\u00e1gicas com desconto<\/strong><\/h2>\n<p>Para os aventureiros e exploradores. Viva uma experi\u00eancia m\u00e1gica com as nossas trufas de alta qualidade. \u00c9 simples: quanto mais comprar, mais poupa*.\u00a0<\/p>\n<p><em>* N\u00e3o \u00e9 v\u00e1lido em combina\u00e7\u00e3o com outras promo\u00e7\u00f5es.<\/em><\/p>\n<div class=\"row\"  id=\"row-1607695304\">\n\n\n\t<div id=\"col-1206713378\" class=\"col medium-6 small-6 large-6\"  >\n\t\t\t\t<div class=\"col-inner\"  >\n\t\t\t\n\t\t\t\n\n<a href=\"https:\/\/www.headshop.nl\/pt\/shroomshop\/magic-truffles\/\" class=\"button primary\" >\n\t\t<span>Ir para o desconto<\/span>\n\t<\/a>\n\n\n\n\t\t<\/div>\n\t\t\t\t\t<\/div>\n\n\t\n\n\t<div id=\"col-1392498297\" class=\"col medium-6 small-6 large-6\"  >\n\t\t\t\t<div class=\"col-inner text-right\"  >\n\t\t\t\n\t\t\t\n\n<a href=\"https:\/\/www.headshop.nl\/pt\/shroomshop\/\" class=\"button success\" >\n\t\t<span>Ativo<\/span>\n\t<i class=\"icon-checkmark\" aria-hidden=\"true\"><\/i><\/a>\n\n\n\n\t\t<\/div>\n\t\t\t\t\t<\/div>\n\n\t\n\n<\/div>\n<div class=\"is-divider divider clearfix\" style=\"max-width:100%;height:1px;\"><\/div>\n\n\n\t\t<\/div>\n\t\t\t\t\t<\/div>\n\n\t\n\n\t<div id=\"col-579922219\" class=\"col medium-6 small-12 large-6\"  >\n\t\t\t\t<div class=\"col-inner\"  >\n\t\t\t\n\t\t\t\n\n\n  <div class=\"banner has-hover\" id=\"banner-979637219\">\n          <div class=\"banner-inner fill\">\n        <div class=\"banner-bg fill\" >\n            <img loading=\"lazy\" decoding=\"async\" width=\"1610\" height=\"460\" src=\"https:\/\/www.headshop.nl\/wp-content\/uploads\/2025\/07\/Bulkactie_wide_v1.jpg\" class=\"bg attachment-original size-original\" alt=\"\">                                    \n                    <\/div>\n\t\t\n        <div class=\"banner-layers container\">\n            <a class=\"fill\" href=\"https:\/\/www.headshop.nl\/pt\/shroomshop\/magic-mushroom-spore-prints\/\"><div class=\"fill banner-link\"><\/div><\/a>            \n\n\n        <\/div>\n      <\/div>\n\n            \n<style>\n#banner-979637219 {\n  padding-top: 146px;\n}\n<\/style>\n  <\/div>\n\n\n<div class=\"is-divider divider clearfix\" style=\"height:0px;\"><\/div>\n\n<h2><strong>Esporos de cogumelos m\u00e1gicos com desconto a granel<\/strong><\/h2>\n<p>Para os conhecedores e coleccionadores experientes. Viva uma experi\u00eancia m\u00e1gica com as nossas trufas de alta qualidade. \u00c9 simples: quanto mais comprar, mais poupa*.\u00a0<\/p>\n<p><em>* N\u00e3o \u00e9 v\u00e1lido em combina\u00e7\u00e3o com outras promo\u00e7\u00f5es.<\/em><\/p>\n<div class=\"row\"  id=\"row-1013225793\">\n\n\n\t<div id=\"col-533917559\" class=\"col medium-6 small-6 large-6\"  >\n\t\t\t\t<div class=\"col-inner\"  >\n\t\t\t\n\t\t\t\n\n<a href=\"https:\/\/www.headshop.nl\/pt\/shroomshop\/magic-mushroom-spore-syringes\/\" class=\"button primary\" >\n\t\t<span>Ir para o desconto<\/span>\n\t<\/a>\n\n\n\n\t\t<\/div>\n\t\t\t\t\t<\/div>\n\n\t\n\n\t<div id=\"col-1672812387\" class=\"col medium-6 small-6 large-6\"  >\n\t\t\t\t<div class=\"col-inner text-right\"  >\n\t\t\t\n\t\t\t\n\n<a href=\"https:\/\/www.headshop.nl\/pt\/shroomshop\/\" class=\"button success\" >\n\t\t<span>Ativo<\/span>\n\t<i class=\"icon-checkmark\" aria-hidden=\"true\"><\/i><\/a>\n\n\n\n\t\t<\/div>\n\t\t\t\t\t<\/div>\n\n\t\n\n<\/div>\n<div class=\"is-divider divider clearfix\" style=\"max-width:100%;height:1px;\"><\/div>\n\n\n\t\t<\/div>\n\t\t\t\t\t<\/div>\n\n\t\n\n<\/div>\n\n\t<div id=\"text-1569868666\" class=\"text\">\n\t\t\n\n<h3><strong>Termos e condi\u00e7\u00f5es<\/strong><\/h3>\n\t\t\n<style>\n#text-1569868666 {\n  font-size: 1.55rem;\n  line-height: 0.75;\n}\n<\/style>\n\t<\/div>\n\t\n<p>Entendemos que todos adoram uma boa pechincha, e \u00e9 por isso que fizemos a nossa miss\u00e3o de trazer c\u00f3digos de desconto especiais Tatanka para si. Para garantir que todos entendem os descontos da Tatanks, encontrar\u00e1 os termos e condi\u00e7\u00f5es dos descontos abaixo.\u00a0<\/p>\n<p>Todas as ofertas est\u00e3o sujeitas a disponibilidade e podem ser alteradas durante o per\u00edodo promocional especificado. As encomendas devem ser efectuadas enquanto a oferta estiver ativa e dispon\u00edvel. As ofertas actuais n\u00e3o podem ser trocadas por produtos alternativos ou dinheiro. Os artigos promocionais destinam-se apenas a uso promocional. Os descontos por quantidade ser\u00e3o aplicados automaticamente. Os descontos por quantidade s\u00e3o apenas descontos online. Durante as grandes promo\u00e7\u00f5es, os descontos de quantidade s\u00e3o temporariamente desactivados. Esfor\u00e7amo-nos por fornecer sempre informa\u00e7\u00f5es exactas, mas n\u00e3o somos respons\u00e1veis por quaisquer erros ou omiss\u00f5es. Reservamo-nos o direito de alterar os detalhes, as descri\u00e7\u00f5es e a disponibilidade das ofertas e dos produtos.<\/p>","protected":false},"excerpt":{"rendered":"","protected":false},"author":3768,"featured_media":0,"parent":0,"menu_order":0,"comment_status":"closed","ping_status":"closed","template":"","meta":{"footnotes":""},"class_list":["post-85313","page","type-page","status-publish","hentry"],"_links":{"self":[{"href":"https:\/\/www.headshop.nl\/pt\/wp-json\/wp\/v2\/pages\/85313","targetHints":{"allow":["GET"]}}],"collection":[{"href":"https:\/\/www.headshop.nl\/pt\/wp-json\/wp\/v2\/pages"}],"about":[{"href":"https:\/\/www.headshop.nl\/pt\/wp-json\/wp\/v2\/types\/page"}],"author":[{"embeddable":true,"href":"https:\/\/www.headshop.nl\/pt\/wp-json\/wp\/v2\/users\/3768"}],"replies":[{"embeddable":true,"href":"https:\/\/www.headshop.nl\/pt\/wp-json\/wp\/v2\/comments?post=85313"}],"version-history":[{"count":63,"href":"https:\/\/www.headshop.nl\/pt\/wp-json\/wp\/v2\/pages\/85313\/revisions"}],"predecessor-version":[{"id":90742,"href":"https:\/\/www.headshop.nl\/pt\/wp-json\/wp\/v2\/pages\/85313\/revisions\/90742"}],"wp:attachment":[{"href":"https:\/\/www.headshop.nl\/pt\/wp-json\/wp\/v2\/media?parent=85313"}],"curies":[{"name":"wp","href":"https:\/\/api.w.org\/{rel}","templated":true}]}}