{"id":80568,"date":"2024-07-22T08:54:10","date_gmt":"2024-07-22T08:54:10","guid":{"rendered":"https:\/\/www.headshop.nl\/?page_id=80568"},"modified":"2024-07-22T13:15:40","modified_gmt":"2024-07-22T13:15:40","slug":"shipping-insurance","status":"publish","type":"page","link":"https:\/\/www.headshop.nl\/pt\/shipping-insurance\/","title":{"rendered":"Seguro de transporte"},"content":{"rendered":"<figure class=\"wp-block-image size-large\"><img loading=\"lazy\" decoding=\"async\" width=\"800\" height=\"518\" src=\"https:\/\/www.headshop.nl\/wp-content\/uploads\/2024\/07\/Shipping-Insurance-800x518.jpg\" alt=\"\" class=\"wp-image-80582\" srcset=\"https:\/\/www.headshop.nl\/wp-content\/uploads\/2024\/07\/Shipping-Insurance-800x518.jpg 800w, https:\/\/www.headshop.nl\/wp-content\/uploads\/2024\/07\/Shipping-Insurance-600x388.jpg 600w, https:\/\/www.headshop.nl\/wp-content\/uploads\/2024\/07\/Shipping-Insurance-380x246.jpg 380w, https:\/\/www.headshop.nl\/wp-content\/uploads\/2024\/07\/Shipping-Insurance-768x497.jpg 768w, https:\/\/www.headshop.nl\/wp-content\/uploads\/2024\/07\/Shipping-Insurance-1536x994.jpg 1536w, https:\/\/www.headshop.nl\/wp-content\/uploads\/2024\/07\/Shipping-Insurance-18x12.jpg 18w, https:\/\/www.headshop.nl\/wp-content\/uploads\/2024\/07\/Shipping-Insurance-420x272.jpg 420w, https:\/\/www.headshop.nl\/wp-content\/uploads\/2024\/07\/Shipping-Insurance-64x41.jpg 64w, https:\/\/www.headshop.nl\/wp-content\/uploads\/2024\/07\/Shipping-Insurance.jpg 1766w\" sizes=\"auto, (max-width: 800px) 100vw, 800px\" \/><\/figure>\n\n\n\n<h1 class=\"wp-block-heading has-text-align-left has-x-large-font-size\">Seguro de transporte<\/h1>\n\n\n\n<h2 class=\"wp-block-heading\">Receber a sua encomenda de forma f\u00e1cil e segura<\/h2>\n\n\n\n<p>No ato da compra, pode agora optar pelo nosso seguro de transporte. Este seguro oferece prote\u00e7\u00e3o contra roubo, perda e quest\u00f5es alfandeg\u00e1rias. Comece a fazer as suas compras sem preocupa\u00e7\u00f5es e escolha o seguro de transporte por apenas 9,95 euros.<\/p>\n\n\n\n<h2 class=\"wp-block-heading\">Como ativar o seguro de transporte?<\/h2>\n\n\n\n<p>1. Seleccione Seguro de transporte no checkout.<br>2. Receba a sua encomenda sem preocupa\u00e7\u00f5es!<\/p>\n\n\n\n<h2 class=\"wp-block-heading\">Como funciona o seguro de transporte?<\/h2>\n\n\n\n<p>Se a sua encomenda n\u00e3o tiver sido entregue ap\u00f3s 3 semanas, envie-nos uma mensagem de correio eletr\u00f3nico. Reenviaremos a encomenda no prazo de 1 a 2 dias \u00fateis. No caso raro de voltar a acontecer, reembolsar-lhe-emos o montante total da compra. O seguro de transporte s\u00f3 est\u00e1 dispon\u00edvel para encomendas inferiores a 500 euros.<\/p>\n\n\n\n<div class=\"wp-block-group is-nowrap is-layout-flex wp-container-core-group-is-layout-9123dee2 wp-block-group-is-layout-flex\">\n<figure class=\"wp-block-image size-full is-resized\"><img decoding=\"async\" src=\"https:\/\/www.tatanka.nl\/wp-content\/uploads\/2024\/04\/Eo_circle_green_checkmark.svg_.webp\" alt=\"\" class=\"wp-image-120528\" style=\"width:27px;height:auto\"><\/figure>\n\n\n\n<p>A sua encomenda est\u00e1 sempre segura e protegida<\/p>\n<\/div>\n\n\n\n<div class=\"wp-block-group is-nowrap is-layout-flex wp-container-core-group-is-layout-ad2f72ca wp-block-group-is-layout-flex\">\n<figure class=\"wp-block-image size-full is-resized\"><img decoding=\"async\" src=\"https:\/\/www.tatanka.nl\/wp-content\/uploads\/2024\/04\/Eo_circle_green_checkmark.svg_.webp\" alt=\"\" class=\"wp-image-120528\" style=\"width:27px;height:auto\"><\/figure>\n\n\n\n<p>Cobertura total por apenas 9,95 euros<\/p>\n<\/div>\n\n\n\n<div class=\"wp-block-group is-nowrap is-layout-flex wp-container-core-group-is-layout-ad2f72ca wp-block-group-is-layout-flex\">\n<figure class=\"wp-block-image size-full is-resized\"><img decoding=\"async\" src=\"https:\/\/www.tatanka.nl\/wp-content\/uploads\/2024\/04\/Eo_circle_green_checkmark.svg_.webp\" alt=\"\" class=\"wp-image-120528\" style=\"width:27px;height:auto\"><\/figure>\n\n\n\n<p>N\u00e3o chegou? Reenvio ou reembolso total<\/p>\n<\/div>\n\n\n\n<div class=\"wp-block-group is-nowrap is-layout-flex wp-container-core-group-is-layout-ad2f72ca wp-block-group-is-layout-flex\">\n<figure class=\"wp-block-image size-full is-resized\"><img decoding=\"async\" src=\"https:\/\/www.tatanka.nl\/wp-content\/uploads\/2024\/04\/Eo_circle_green_checkmark.svg_.webp\" alt=\"\" class=\"wp-image-120528\" style=\"width:27px;height:auto\"><\/figure>\n\n\n\n<p>Problemas? Imediatamente uma solu\u00e7\u00e3o adequada<\/p>\n<\/div>\n\n\n\n<p>Escolha o nosso seguro de transporte no checkout e compre com confian\u00e7a, sabendo que as suas compras est\u00e3o totalmente protegidas.<\/p>\n\n\n\n<h2 class=\"wp-block-heading\">O que \u00e9 que n\u00e3o est\u00e1 coberto pelo seguro de transporte?<\/h2>\n\n\n\n<p>Entregas n\u00e3o efectuadas numa morada ou num ponto de servi\u00e7o e moradas incorretamente preenchidas. Em per\u00edodos de grande aflu\u00eancia, como a Black Friday e outros eventos, o per\u00edodo de seguro de transporte pode ser alargado de 3 para 5 semanas.<\/p>\n\n\n\n<h2 class=\"wp-block-heading\">Tem perguntas sobre o seguro de transporte?<\/h2>\n\n\n\n<p>Indique sempre o seu n\u00famero de encomenda quando nos contactar. A nossa equipa est\u00e1 pronta a ajudar! <\/p>\n\n\n\n<div class=\"wp-block-buttons is-layout-flex wp-block-buttons-is-layout-flex\">\n<div class=\"wp-block-button\"><a class=\"wp-block-button__link wp-element-button\" href=\"mailto:info@tatanka.nl?subject=Insured%20Shipping%3A&amp;body=Hey%20Tatanka%2C%0A%0AUnfortunately%20i'm%20having%20a%20problem%20with%20my%20order.%0A%0AYou%20can%20find%20my%20order%20number%20below.%0A%0AOrder%20number%3A%0AMy%20shipping%20problems:%20is%3A\">Contacto<\/a><\/div>\n<\/div>","protected":false},"excerpt":{"rendered":"<p>Seguro de transporte Receber a sua encomenda de forma f\u00e1cil e segura Ao efetuar o checkout, pode agora optar pelo nosso seguro de transporte. Este seguro oferece prote\u00e7\u00e3o contra roubo, perda e quest\u00f5es alfandeg\u00e1rias. Comece a fazer compras sem preocupa\u00e7\u00f5es e escolha o Seguro de Transporte por apenas 9,95 \u20ac. Como ativar o seguro de transporte? 1. Selecione Seguro de Transporte no momento do checkout.2. Receba a sua encomenda sem preocupa\u00e7\u00f5es! Como...<\/p>","protected":false},"author":807,"featured_media":0,"parent":0,"menu_order":0,"comment_status":"closed","ping_status":"closed","template":"","meta":{"footnotes":""},"class_list":["post-80568","page","type-page","status-publish","hentry"],"_links":{"self":[{"href":"https:\/\/www.headshop.nl\/pt\/wp-json\/wp\/v2\/pages\/80568","targetHints":{"allow":["GET"]}}],"collection":[{"href":"https:\/\/www.headshop.nl\/pt\/wp-json\/wp\/v2\/pages"}],"about":[{"href":"https:\/\/www.headshop.nl\/pt\/wp-json\/wp\/v2\/types\/page"}],"author":[{"embeddable":true,"href":"https:\/\/www.headshop.nl\/pt\/wp-json\/wp\/v2\/users\/807"}],"replies":[{"embeddable":true,"href":"https:\/\/www.headshop.nl\/pt\/wp-json\/wp\/v2\/comments?post=80568"}],"version-history":[{"count":0,"href":"https:\/\/www.headshop.nl\/pt\/wp-json\/wp\/v2\/pages\/80568\/revisions"}],"wp:attachment":[{"href":"https:\/\/www.headshop.nl\/pt\/wp-json\/wp\/v2\/media?parent=80568"}],"curies":[{"name":"wp","href":"https:\/\/api.w.org\/{rel}","templated":true}]}}