{"id":46270,"date":"2022-07-11T07:43:35","date_gmt":"2022-07-11T07:43:35","guid":{"rendered":"https:\/\/www.headshop.nl\/?page_id=46270"},"modified":"2022-07-11T07:50:38","modified_gmt":"2022-07-11T07:50:38","slug":"affiliate-program","status":"publish","type":"page","link":"https:\/\/www.headshop.nl\/pt\/affiliate-program\/","title":{"rendered":"Programa de afiliados Headshop"},"content":{"rendered":"<div id=\"gap-1656242596\" class=\"gap-element clearfix\" style=\"display:block; height:auto;\">\n\t\t\n<style>\n#gap-1656242596 {\n  padding-top: 30px;\n}\n<\/style>\n\t<\/div>\n\t\n\n<div class=\"container section-title-container\" ><h1 class=\"section-title section-title-normal\"><b aria-hidden=\"true\"><\/b><span class=\"section-title-main\" style=\"font-size:149%;\">Programa de afiliados The Headshop<\/span><b aria-hidden=\"true\"><\/b><\/h1><\/div>\n\n<div class=\"row\"  id=\"row-944458613\">\n\n\n\t<div id=\"col-874868484\" class=\"col medium-8 small-12 large-8\"  >\n\t\t\t\t<div class=\"col-inner\"  >\n\t\t\t\n\t\t\t\n\n<h2>Ganhe dinheiro a promover os nossos produtos<\/h2>\n<p>Tem um s\u00edtio Web ou um canal de comunica\u00e7\u00e3o social e pretende ganhar dinheiro com a promo\u00e7\u00e3o dos nossos produtos? Ent\u00e3o gostar\u00edamos de o convidar a inscrever-se no programa de afiliados Headshop.<\/p>\n<p>O nosso programa de afiliados funciona em colabora\u00e7\u00e3o com a Daisycon. Registe-se agora como editor e ganhe comiss\u00f5es elevadas por produto vendido.<\/p>\n\n<a href=\"https:\/\/www.daisycon.com\/nl\/campagnes\/17220-headshop\/\" target=\"_blank\" class=\"button primary\" rel=\"noopener\">\n\t\t<span>Inscrever-se aqui<\/span>\n\t<\/a>\n\n\n<h3>Porqu\u00ea tornar-se afiliado do The Headshop?<\/h3>\n<ul>\n<li>Alta comiss\u00e3o com base no CPS<\/li>\n<li>Valida\u00e7\u00e3o r\u00e1pida das vendas semanais. (m\u00ednimo 30 dias)<\/li>\n<li>Pre\u00e7os B2C competitivos<\/li>\n<li>Muitos banners promocionais dispon\u00edveis<\/li>\n<li>Faixas personalizadas poss\u00edveis mediante pedido<\/li>\n<li>Equipa de apoio ativa para si e para o cliente<\/li>\n<li>Alimenta\u00e7\u00e3o do produto a pedido<\/li>\n<\/ul>\n<a href=\"https:\/\/www.daisycon.com\/nl\/campagnes\/17220-headshop\/\" target=\"_blank\" class=\"button primary\" rel=\"noopener\">\n\t\t<span>Inscrever-se aqui<\/span>\n\t<\/a>\n\n\n<p>Se tiver alguma d\u00favida sobre n\u00f3s ou sobre o programa de afiliados, n\u00e3o hesite em perguntar! Teremos todo o gosto em ajud\u00e1-lo no seu caminho para uma grande colabora\u00e7\u00e3o.<\/p>\n\n\t\t<\/div>\n\t\t\t\t\t<\/div>\n\n\t\n\n\t<div id=\"col-1423149010\" class=\"col medium-4 small-12 large-4 small-col-first\"  >\n\t\t\t\t<div class=\"col-inner\"  >\n\t\t\t\n\t\t\t\n\n\t<div class=\"img has-hover hide-for-small x md-x lg-x y md-y lg-y\" id=\"image_2091212981\">\n\t\t\t\t\t\t\t\t<div class=\"img-inner dark\" >\n\t\t\t<img loading=\"lazy\" decoding=\"async\" width=\"1500\" height=\"768\" src=\"https:\/\/www.headshop.nl\/wp-content\/uploads\/2019\/08\/Logo-The-Headshop-DEF.png\" class=\"attachment-original size-original\" alt=\"Log\u00f3tipo The Headshop\" srcset=\"https:\/\/www.headshop.nl\/wp-content\/uploads\/2019\/08\/Logo-The-Headshop-DEF.png 1500w, https:\/\/www.headshop.nl\/wp-content\/uploads\/2019\/08\/Logo-The-Headshop-DEF-420x215.png 420w, https:\/\/www.headshop.nl\/wp-content\/uploads\/2019\/08\/Logo-The-Headshop-DEF-64x33.png 64w, https:\/\/www.headshop.nl\/wp-content\/uploads\/2019\/08\/Logo-The-Headshop-DEF-380x195.png 380w, https:\/\/www.headshop.nl\/wp-content\/uploads\/2019\/08\/Logo-The-Headshop-DEF-600x307.png 600w, https:\/\/www.headshop.nl\/wp-content\/uploads\/2019\/08\/Logo-The-Headshop-DEF-768x393.png 768w, https:\/\/www.headshop.nl\/wp-content\/uploads\/2019\/08\/Logo-The-Headshop-DEF-800x410.png 800w\" sizes=\"auto, (max-width: 1500px) 100vw, 1500px\" \/>\t\t\t\t\t\t\n\t\t\t\t\t<\/div>\n\t\t\t\t\t\t\t\t\n<style>\n#image_2091212981 {\n  width: 100%;\n}\n<\/style>\n\t<\/div>\n\t\n\n\t<div id=\"gap-1131703290\" class=\"gap-element clearfix\" style=\"display:block; height:auto;\">\n\t\t\n<style>\n#gap-1131703290 {\n  padding-top: 10px;\n}\n<\/style>\n\t<\/div>\n\t\n\n\n\t\t<\/div>\n\t\t\t\t\t<\/div>\n\n\t\n\n<\/div>","protected":false},"excerpt":{"rendered":"","protected":false},"author":865,"featured_media":0,"parent":0,"menu_order":0,"comment_status":"closed","ping_status":"closed","template":"page-blank.php","meta":{"footnotes":""},"class_list":["post-46270","page","type-page","status-publish","hentry"],"_links":{"self":[{"href":"https:\/\/www.headshop.nl\/pt\/wp-json\/wp\/v2\/pages\/46270","targetHints":{"allow":["GET"]}}],"collection":[{"href":"https:\/\/www.headshop.nl\/pt\/wp-json\/wp\/v2\/pages"}],"about":[{"href":"https:\/\/www.headshop.nl\/pt\/wp-json\/wp\/v2\/types\/page"}],"author":[{"embeddable":true,"href":"https:\/\/www.headshop.nl\/pt\/wp-json\/wp\/v2\/users\/865"}],"replies":[{"embeddable":true,"href":"https:\/\/www.headshop.nl\/pt\/wp-json\/wp\/v2\/comments?post=46270"}],"version-history":[{"count":0,"href":"https:\/\/www.headshop.nl\/pt\/wp-json\/wp\/v2\/pages\/46270\/revisions"}],"wp:attachment":[{"href":"https:\/\/www.headshop.nl\/pt\/wp-json\/wp\/v2\/media?parent=46270"}],"curies":[{"name":"wp","href":"https:\/\/api.w.org\/{rel}","templated":true}]}}