{"id":40560,"date":"2022-01-05T10:51:23","date_gmt":"2022-01-05T10:51:23","guid":{"rendered":"https:\/\/www.headshop.nl\/growkit-instructies\/"},"modified":"2023-08-22T09:40:57","modified_gmt":"2023-08-22T09:40:57","slug":"growkit-instructions","status":"publish","type":"page","link":"https:\/\/www.headshop.nl\/pt\/growkit-instructions\/","title":{"rendered":"Instru\u00e7\u00f5es do kit de cultivo"},"content":{"rendered":"<div class=\"container section-title-container\" ><h1 class=\"section-title section-title-normal\"><b aria-hidden=\"true\"><\/b><span class=\"section-title-main\" >Instru\u00e7\u00f5es do kit de cultivo<\/span><b aria-hidden=\"true\"><\/b><\/h1><\/div>\n\n<p>Bem-vindo \u00e0 p\u00e1gina de instru\u00e7\u00f5es do Grow Kit The Headshop. Abaixo encontras as instru\u00e7\u00f5es mais recentes do Grow Kit. N\u00e3o te esque\u00e7as de as seguir cuidadosamente. Cada passo \u00e9 importante e ter\u00e1 um efeito nos resultados do teu <span style=\"text-decoration: underline;\"><a href=\"https:\/\/www.headshop.nl\/pt\/shroomshop\/magic-mushroom-grow-kits\/\">Kit de cultivo de cogumelos<\/a><\/span>. Aten\u00e7\u00e3o: em baixo encontra as instru\u00e7\u00f5es do nosso kit de cultivo. Existem dois tipos diferentes.<\/p>\n<div class=\"row\"  id=\"row-1056940047\">\n\n\n\t<div id=\"col-1397736703\" class=\"col medium-6 small-12 large-6\"  >\n\t\t\t\t<div class=\"col-inner\"  >\n\t\t\t\n\t\t\t\n\n<h3><strong>Instru\u00e7\u00f5es gerais do kit de cultivo<\/strong><\/h3>\n<p>Estas instru\u00e7\u00f5es s\u00e3o aplic\u00e1veis a todos os kits de cultivo&nbsp;<strong>exceto<\/strong> o Hawaiian Copelandia Cyanescens.<\/p>\n<a href=\"#growkit1\" class=\"button primary\" >\n\t\t<span>Clique aqui<\/span>\n\t<\/a>\n\n\n\n\t\t<\/div>\n\t\t\t\t\t<\/div>\n\n\t\n\n\t<div id=\"col-1915647186\" class=\"col medium-6 small-12 large-6\"  >\n\t\t\t\t<div class=\"col-inner\"  >\n\t\t\t\n\t\t\t\n\n<h3><b>Instru\u00e7\u00f5es Hawaiian Copelandia Cyanesens<\/b><\/h3>\n<p>Estes s\u00e3o apenas aplic\u00e1veis ao kit de cultivo Copelandia Hawaiian e necessitam de aten\u00e7\u00e3o extra.<\/p>\n<a href=\"#growkit2\" class=\"button primary\" >\n\t\t<span>Clique aqui<\/span>\n\t<\/a>\n\n\n\n\t\t<\/div>\n\t\t\t\t\t<\/div>\n\n\t\n\n<\/div>\n<p>Seguir instru\u00e7\u00f5es precisas e cuidar bem do teu kit de cultivo de cogumelos m\u00e1gicos \u00e9 a parte mais importante do cultivo dos teus pr\u00f3prios cogumelos m\u00e1gicos. Resumindo: s\u00ea est\u00e9ril, usa \u00e1gua limpa e segue as instru\u00e7\u00f5es que encontrar\u00e1s abaixo. Os cogumelos fazem parte da natureza e, por isso, crescem todos de forma diferente. N\u00e3o importa quantas vezes tenhas montado um kit de cultivo, cada vez pode ser diferente. Segue sempre as instru\u00e7\u00f5es cuidadosamente. Desta forma tamb\u00e9m poder\u00e1s obter a maior colheita poss\u00edvel. Feliz cultivo de cogumelos!<\/p>\n\t<div id=\"gap-1210988194\" class=\"gap-element clearfix\" style=\"display:block; height:auto;\">\n\t\t\n<style>\n#gap-1210988194 {\n  padding-top: 30px;\n}\n<\/style>\n\t<\/div>\n\t\n\n<span class=\"scroll-to\" data-label=\"Scroll to: #growkit1\" data-bullet=\"true\" data-link=\"#growkit1\" data-title=\"General grow kit instructions\"><a name=\"growkit1\"><\/a><\/span>\n\n<div class=\"container section-title-container\" ><h2 class=\"section-title section-title-normal\"><b aria-hidden=\"true\"><\/b><span class=\"section-title-main\" >Instru\u00e7\u00f5es gerais do kit de cultivo<\/span><b aria-hidden=\"true\"><\/b><\/h2><\/div>\n\n\n  \n    <div class=\"row  lightbox-multi-gallery large-columns-2 medium-columns- small-columns-\" >\n  <div class=\"gallery-col col\" >\n          <div class=\"col-inner\">\n            <a class=\"\" href=\"https:\/\/www.headshop.nl\/wp-content\/uploads\/2023\/08\/GrowKit-instructies-ENG_STAP-4-tm-7-564x800.jpg\" title=\"Instru\u00e7\u00f5es do kit de cultivo Magic mushrrom paddo frente ao Headshop Amsterdam\">            <div class=\"box has-hover gallery-box box-none\">\n              <div class=\"box-image\" >\n                <img loading=\"lazy\" decoding=\"async\" width=\"423\" height=\"600\" src=\"https:\/\/www.headshop.nl\/wp-content\/uploads\/2023\/08\/GrowKit-instructies-ENG_STAP-4-tm-7-423x600.jpg\" class=\"attachment-medium size-medium\" alt=\"Instru\u00e7\u00f5es do kit de cultivo Magic mushrrom paddo frente ao Headshop Amsterdam\" ids=\"75413,75415\" style=\"none\" columns=\"2\" srcset=\"https:\/\/www.headshop.nl\/wp-content\/uploads\/2023\/08\/GrowKit-instructies-ENG_STAP-4-tm-7-423x600.jpg 423w, https:\/\/www.headshop.nl\/wp-content\/uploads\/2023\/08\/GrowKit-instructies-ENG_STAP-4-tm-7-564x800.jpg 564w, https:\/\/www.headshop.nl\/wp-content\/uploads\/2023\/08\/GrowKit-instructies-ENG_STAP-4-tm-7-268x380.jpg 268w, https:\/\/www.headshop.nl\/wp-content\/uploads\/2023\/08\/GrowKit-instructies-ENG_STAP-4-tm-7-768x1090.jpg 768w, https:\/\/www.headshop.nl\/wp-content\/uploads\/2023\/08\/GrowKit-instructies-ENG_STAP-4-tm-7-420x596.jpg 420w, https:\/\/www.headshop.nl\/wp-content\/uploads\/2023\/08\/GrowKit-instructies-ENG_STAP-4-tm-7-64x91.jpg 64w, https:\/\/www.headshop.nl\/wp-content\/uploads\/2023\/08\/GrowKit-instructies-ENG_STAP-4-tm-7.jpg 874w\" sizes=\"auto, (max-width: 423px) 100vw, 423px\" \/>                                                              <\/div>\n              <div class=\"box-text text-left\" >\n                 <p>Instru\u00e7\u00f5es do kit de cultivo Magic mushrrom paddo frente ao Headshop Amsterdam<\/p>\n              <\/div>\n            <\/div>\n            <\/a>          <\/div>\n         <\/div><div class=\"gallery-col col\" >\n          <div class=\"col-inner\">\n            <a class=\"\" href=\"https:\/\/www.headshop.nl\/wp-content\/uploads\/2023\/08\/GrowKit-instructies-ENG_STAP-4-tm-72-564x800.jpg\" title=\"Magic mushrrom paddo grow kit instructions back the Headshop Amsterdam\">            <div class=\"box has-hover gallery-box box-none\">\n              <div class=\"box-image\" >\n                <img loading=\"lazy\" decoding=\"async\" width=\"423\" height=\"600\" src=\"https:\/\/www.headshop.nl\/wp-content\/uploads\/2023\/08\/GrowKit-instructies-ENG_STAP-4-tm-72-423x600.jpg\" class=\"attachment-medium size-medium\" alt=\"Magic mushrrom paddo grow kit instructions back the Headshop Amsterdam\" ids=\"75413,75415\" style=\"none\" columns=\"2\" srcset=\"https:\/\/www.headshop.nl\/wp-content\/uploads\/2023\/08\/GrowKit-instructies-ENG_STAP-4-tm-72-423x600.jpg 423w, https:\/\/www.headshop.nl\/wp-content\/uploads\/2023\/08\/GrowKit-instructies-ENG_STAP-4-tm-72-564x800.jpg 564w, https:\/\/www.headshop.nl\/wp-content\/uploads\/2023\/08\/GrowKit-instructies-ENG_STAP-4-tm-72-268x380.jpg 268w, https:\/\/www.headshop.nl\/wp-content\/uploads\/2023\/08\/GrowKit-instructies-ENG_STAP-4-tm-72-768x1090.jpg 768w, https:\/\/www.headshop.nl\/wp-content\/uploads\/2023\/08\/GrowKit-instructies-ENG_STAP-4-tm-72-420x596.jpg 420w, https:\/\/www.headshop.nl\/wp-content\/uploads\/2023\/08\/GrowKit-instructies-ENG_STAP-4-tm-72-64x91.jpg 64w, https:\/\/www.headshop.nl\/wp-content\/uploads\/2023\/08\/GrowKit-instructies-ENG_STAP-4-tm-72.jpg 874w\" sizes=\"auto, (max-width: 423px) 100vw, 423px\" \/>                                                              <\/div>\n              <div class=\"box-text text-left\" >\n                 <p>Magic mushrrom paddo grow kit instructions back the Headshop Amsterdam<\/p>\n              <\/div>\n            <\/div>\n            <\/a>          <\/div>\n         <\/div><\/div>\n\n<div class=\"row\"  id=\"row-1386345387\">\n\n\n\t<div id=\"col-1353542815\" class=\"col medium-6 small-12 large-6\"  >\n\t\t\t\t<div class=\"col-inner\"  >\n\t\t\t\n\t\t\t\n\n<p><strong>Passo 1<\/strong><\/p>\n<p>Lava bem as tuas m\u00e3os e limpa o exterior do kit de cultivo com um pano seco. Retira a tampa e guarda-a para o passo 2.<\/p>\n<p><strong>Passo 2<\/strong><\/p>\n<p>Enche o kit de cultivo at\u00e9 \u00e0 borda com \u00e1gua morna (20\u00b0C), volta a colocar a tampa no kit de cultivo e deixa-o de molho durante 5 minutos. Importante: nunca mergulhes o kit de cultivo durante mais de 1 hora.<\/p>\n<p><strong>Passo 3<\/strong><\/p>\n<p>Retirar a tampa do kit de cultivo e drenar bem a \u00e1gua. Deixar o kit de cultivo escorrer durante 10 segundos.<\/p>\n<p><strong>Passo 4<\/strong><\/p>\n<p>Colocar o kit de cultivo no saco de cultivo e encher o saco de cultivo com um copo (200-250 ml) de \u00e1gua morna (20 \u00b0C). Em seguida, dobra a parte superior do saco e fecha-o com 2 clipes de papel.<\/p>\n\n\t\t<\/div>\n\t\t\t\t\t<\/div>\n\n\t\n\n\t<div id=\"col-850558371\" class=\"col medium-6 small-12 large-6\"  >\n\t\t\t\t<div class=\"col-inner\"  >\n\t\t\t\n\t\t\t\n\n<p><strong>Passo 5<\/strong><\/p>\n<p>Coloca o kit de cultivo num local com uma temperatura ambiente m\u00e9dia de 20-25\u00b0C. Certifica-te de que o kit de cultivo n\u00e3o est\u00e1 exposto \u00e0 luz solar direta, nem debaixo de uma l\u00e2mpada ou perto de um radiador\/fonte de calor. Importante: o saco deve permanecer fechado at\u00e9 se formarem as primeiras cabe\u00e7as de alfinete. At\u00e9 l\u00e1, o conte\u00fado de CO2 e a humidade dentro do saco devem ser t\u00e3o elevados quanto poss\u00edvel.<\/p>\n<p><strong>Passo 6<\/strong><\/p>\n<p>Quando as primeiras cabe\u00e7as de alfinete* forem vis\u00edveis, deixa entrar ar fresco no saco de cultivo diariamente (durante alguns minutos) e depois humedece o kit de cultivo com uma garrafa de nebuliza\u00e7\u00e3o. *As cabe\u00e7as de alfinete s\u00e3o as primeiras formas vis\u00edveis de pequenos chap\u00e9us de cogumelos. Pode demorar 10 a 20 dias at\u00e9 que as primeiras cabe\u00e7as de alfinete sejam vis\u00edveis.<\/p>\n<p><strong>Passo 7<\/strong><\/p>\n<p>Os cogumelos podem ser colhidos imediatamente antes de as membranas da parte inferior do chap\u00e9u se abrirem. Durante a colheita, agarrar suavemente o caule e rod\u00e1-lo para a esquerda\/direita. Quando o cogumelo se soltar, puxa-o o mais cuidadosamente poss\u00edvel. <strong>Importante:<\/strong> o cogumelo deve ser completamente removido para que haja espa\u00e7o para um novo cogumelo.<\/p>\n<p><strong>Passo 8<\/strong><\/p>\n<p><strong>Parab\u00e9ns<\/strong>A colheita est\u00e1 completa. Agora \u00e9 poss\u00edvel cultivar um novo fluxo de cogumelos, repetindo novamente os passos 4 a 7.<\/p>\n\n\t\t<\/div>\n\t\t\t\t\t<\/div>\n\n\t\n\n<\/div>\n<div class=\"row\"  id=\"row-2065717585\">\n\n\n\t<div id=\"col-188777964\" class=\"col medium-6 small-12 large-6\"  >\n\t\t\t\t<div class=\"col-inner text-left\"  >\n\t\t\t\n\t<div class=\"is-border\"\n\t\tstyle=\"border-color:rgb(0, 0, 0);border-width:1px 1px 1px 1;margin:0px -10px 0px -10px;\">\n\t<\/div>\n\t\t\t\n\n<div class=\"row\"  id=\"row-498786254\">\n\n\n\t<div id=\"col-23741322\" class=\"col small-12 large-12\"  >\n\t\t\t\t<div class=\"col-inner\"  >\n\t\t\t\n\t\t\t\n\n\t<div id=\"text-2974651209\" class=\"text\">\n\t\t\n\n<table>\n<tbody>\n<tr>\n<td style=\"width: 332.25px;\">\n<h3><strong>Dica 1<\/strong><\/h3>\n<p>Certifica-te de que o teu kit de cultivo est\u00e1 sempre h\u00famido. Tamb\u00e9m \u00e9 importante que o kit de cultivo n\u00e3o seque entre os passos 5 e 6. Neste caso, podes abrir o saco e humedecer novamente o kit de cultivo.<\/p>\n<\/td>\n<td style=\"width: 204.75px;\"><img loading=\"lazy\" decoding=\"async\" class=\"alignnone wp-image-24750 size-full\" src=\"http:\/\/www.headshop.nl\/wp-content\/uploads\/2022\/05\/Stap-1.jpg\" alt=\"\" width=\"300\" height=\"300\"><\/td>\n<\/tr>\n<\/tbody>\n<\/table>\n\t\t\n<style>\n#text-2974651209 {\n  font-size: 1.15rem;\n}\n@media (min-width:550px) {\n  #text-2974651209 {\n    font-size: 1rem;\n  }\n}\n<\/style>\n\t<\/div>\n\t\n\n\t\t<\/div>\n\t\t\t\t\t<\/div>\n\n\t\n\n<\/div>\n\n\t\t<\/div>\n\t\t\t\t\n<style>\n#col-188777964 > .col-inner {\n  padding: 0px 0px 0px 0px;\n  margin: 0px 0px 25px 0px;\n}\n<\/style>\n\t<\/div>\n\n\t\n\n\t<div id=\"col-1333962087\" class=\"col medium-6 small-12 large-6\"  >\n\t\t\t\t<div class=\"col-inner text-left\"  >\n\t\t\t\n\t<div class=\"is-border\"\n\t\tstyle=\"border-color:rgb(0, 0, 0);border-width:1px 1px 1px 1;margin:0px -10px 0px -10px;\">\n\t<\/div>\n\t\t\t\n\n<div class=\"row\"  id=\"row-2077999643\">\n\n\n\t<div id=\"col-470096400\" class=\"col small-12 large-12\"  >\n\t\t\t\t<div class=\"col-inner\"  >\n\t\t\t\n\t\t\t\n\n\t<div id=\"text-391258984\" class=\"text\">\n\t\t\n\n<table>\n<tbody>\n<tr>\n<td style=\"width: 332.25px;\">\n<h3><strong>Dica 2<\/strong><\/h3>\n<p>Manuseie o seu kit de cultivo com cuidado, isto aumentar\u00e1 as hip\u00f3teses de um melhor rendimento durante a pr\u00f3xima colheita.<\/p>\n<\/td>\n<td style=\"width: 204.75px;\"><img loading=\"lazy\" decoding=\"async\" class=\"alignnone size-full wp-image-43156\" src=\"http:\/\/www.headshop.nl\/wp-content\/uploads\/2022\/05\/Stap-2.jpg\" alt=\"\" width=\"300\" height=\"300\" data-wp-editing=\"1\" srcset=\"https:\/\/www.headshop.nl\/wp-content\/uploads\/2022\/05\/Stap-2.jpg 300w, https:\/\/www.headshop.nl\/wp-content\/uploads\/2022\/05\/Stap-2-100x100.jpg 100w, https:\/\/www.headshop.nl\/wp-content\/uploads\/2022\/05\/Stap-2-64x64.jpg 64w\" sizes=\"auto, (max-width: 300px) 100vw, 300px\" \/><\/td>\n<\/tr>\n<\/tbody>\n<\/table>\n\t\t\n<style>\n#text-391258984 {\n  font-size: 1rem;\n}\n<\/style>\n\t<\/div>\n\t\n\n\t\t<\/div>\n\t\t\t\t\t<\/div>\n\n\t\n\n<\/div>\n\n\t\t<\/div>\n\t\t\t\t\n<style>\n#col-1333962087 > .col-inner {\n  padding: 0px 0px 0px 0px;\n  margin: 0px 0px 25px 0px;\n}\n<\/style>\n\t<\/div>\n\n\t\n\n\t<div id=\"col-194748281\" class=\"col medium-6 small-12 large-6\"  >\n\t\t\t\t<div class=\"col-inner text-left\"  >\n\t\t\t\n\t<div class=\"is-border\"\n\t\tstyle=\"border-color:rgb(0, 0, 0);border-width:1px 1px 1px 1;margin:0px -10px 0px -10px;\">\n\t<\/div>\n\t\t\t\n\n<div class=\"row\"  id=\"row-1891192274\">\n\n\n\t<div id=\"col-1921616279\" class=\"col small-12 large-12\"  >\n\t\t\t\t<div class=\"col-inner\"  >\n\t\t\t\n\t\t\t\n\n\t<div id=\"text-2390892865\" class=\"text\">\n\t\t\n\n<table>\n<tbody>\n<tr>\n<td style=\"width: 332.25px;\">\n<h3><strong>Sugest\u00e3o 3<\/strong><\/h3>\n<p>N\u00e3o sabe quando deve colher os seus cogumelos? \u00c9 melhor colher cedo do que tarde demais.<\/p>\n<\/td>\n<td style=\"width: 204.75px;\"><img loading=\"lazy\" decoding=\"async\" class=\"alignnone size-full wp-image-43158\" src=\"http:\/\/www.headshop.nl\/wp-content\/uploads\/2022\/05\/Stap-3.jpg\" alt=\"\" width=\"300\" height=\"300\" srcset=\"https:\/\/www.headshop.nl\/wp-content\/uploads\/2022\/05\/Stap-3.jpg 300w, https:\/\/www.headshop.nl\/wp-content\/uploads\/2022\/05\/Stap-3-100x100.jpg 100w, https:\/\/www.headshop.nl\/wp-content\/uploads\/2022\/05\/Stap-3-64x64.jpg 64w\" sizes=\"auto, (max-width: 300px) 100vw, 300px\" \/><\/td>\n<\/tr>\n<\/tbody>\n<\/table>\n\t\t\n<style>\n#text-2390892865 {\n  font-size: 1rem;\n}\n<\/style>\n\t<\/div>\n\t\n\n\t\t<\/div>\n\t\t\t\t\t<\/div>\n\n\t\n\n<\/div>\n\n\t\t<\/div>\n\t\t\t\t\n<style>\n#col-194748281 > .col-inner {\n  padding: 0px 0px 0px 0px;\n  margin: 0px 0px 25px 0px;\n}\n<\/style>\n\t<\/div>\n\n\t\n\n\t<div id=\"col-1907847024\" class=\"col medium-6 small-12 large-6\"  >\n\t\t\t\t<div class=\"col-inner text-left\"  >\n\t\t\t\n\t<div class=\"is-border\"\n\t\tstyle=\"border-color:rgb(0, 0, 0);border-width:1px 1px 1px 1;margin:0px -10px 0px -10px;\">\n\t<\/div>\n\t\t\t\n\n<div class=\"row\"  id=\"row-764198285\">\n\n\n\t<div id=\"col-2106177870\" class=\"col small-12 large-12\"  >\n\t\t\t\t<div class=\"col-inner\"  >\n\t\t\t\n\t\t\t\n\n\t<div id=\"text-4199509540\" class=\"text\">\n\t\t\n\n<table>\n<tbody>\n<tr>\n<td style=\"width: 332.25px;\">\n<h3><strong>Dica 4<\/strong><\/h3>\n<p>Uma temperatura baixa pode fazer com que o kit de cultivo n\u00e3o funcione. Certifica-te de que a temperatura nunca desce abaixo dos 20 graus. Presta aten\u00e7\u00e3o a isto e n\u00e3o baixes a temperatura durante a noite.<\/p>\n<\/td>\n<td style=\"width: 204.75px;\"><img loading=\"lazy\" decoding=\"async\" class=\"alignnone size-full wp-image-43160\" src=\"http:\/\/www.headshop.nl\/wp-content\/uploads\/2022\/05\/Stap-4.jpg\" alt=\"\" width=\"300\" height=\"300\" srcset=\"https:\/\/www.headshop.nl\/wp-content\/uploads\/2022\/05\/Stap-4.jpg 300w, https:\/\/www.headshop.nl\/wp-content\/uploads\/2022\/05\/Stap-4-100x100.jpg 100w, https:\/\/www.headshop.nl\/wp-content\/uploads\/2022\/05\/Stap-4-64x64.jpg 64w\" sizes=\"auto, (max-width: 300px) 100vw, 300px\" \/><\/td>\n<\/tr>\n<\/tbody>\n<\/table>\n\t\t\n<style>\n#text-4199509540 {\n  font-size: 1rem;\n}\n<\/style>\n\t<\/div>\n\t\n\n\t\t<\/div>\n\t\t\t\t\t<\/div>\n\n\t\n\n<\/div>\n\n\t\t<\/div>\n\t\t\t\t\n<style>\n#col-1907847024 > .col-inner {\n  padding: 0px 0px 0px 0px;\n  margin: 0px 0px 25px 0px;\n}\n<\/style>\n\t<\/div>\n\n\t\n\n<\/div>\n<span class=\"scroll-to\" data-label=\"Scroll to: #growkit2\" data-bullet=\"true\" data-link=\"#growkit2\" data-title=\"Hawaiian Copelandia Cyanesens instructions\"><a name=\"growkit2\"><\/a><\/span>\n\n<div class=\"container section-title-container\" ><h2 class=\"section-title section-title-normal\"><b aria-hidden=\"true\"><\/b><span class=\"section-title-main\" >Instru\u00e7\u00f5es Hawaiian Copelandia Cyanesens<\/span><b aria-hidden=\"true\"><\/b><\/h2><\/div>\n\n<p>Abaixo encontras as instru\u00e7\u00f5es para o kit de cultivo Hawaiian Copelandia. Este kit de cultivo precisa de aten\u00e7\u00e3o extra, l\u00ea as instru\u00e7\u00f5es com aten\u00e7\u00e3o.<\/p>\n\n  \n    <div class=\"row  lightbox-multi-gallery large-columns-2 medium-columns- small-columns-\" >\n  <div class=\"gallery-col col\" >\n          <div class=\"col-inner\">\n            <a class=\"\" href=\"https:\/\/www.headshop.nl\/wp-content\/uploads\/2022\/08\/Hawaiian-GrowKit-instructies-ENG-Front-564x800.jpg\" title=\"\">            <div class=\"box has-hover gallery-box box-none\">\n              <div class=\"box-image\" >\n                <img loading=\"lazy\" decoding=\"async\" width=\"423\" height=\"600\" src=\"https:\/\/www.headshop.nl\/wp-content\/uploads\/2022\/08\/Hawaiian-GrowKit-instructies-ENG-Front-423x600.jpg\" class=\"attachment-medium size-medium\" alt=\"Hawaiian-GrowKit instructies-ENG-Front\" ids=\"47067,47065\" style=\"none\" columns=\"2\" srcset=\"https:\/\/www.headshop.nl\/wp-content\/uploads\/2022\/08\/Hawaiian-GrowKit-instructies-ENG-Front-423x600.jpg 423w, https:\/\/www.headshop.nl\/wp-content\/uploads\/2022\/08\/Hawaiian-GrowKit-instructies-ENG-Front-564x800.jpg 564w, https:\/\/www.headshop.nl\/wp-content\/uploads\/2022\/08\/Hawaiian-GrowKit-instructies-ENG-Front-268x380.jpg 268w, https:\/\/www.headshop.nl\/wp-content\/uploads\/2022\/08\/Hawaiian-GrowKit-instructies-ENG-Front-768x1090.jpg 768w, https:\/\/www.headshop.nl\/wp-content\/uploads\/2022\/08\/Hawaiian-GrowKit-instructies-ENG-Front-420x596.jpg 420w, https:\/\/www.headshop.nl\/wp-content\/uploads\/2022\/08\/Hawaiian-GrowKit-instructies-ENG-Front-64x91.jpg 64w, https:\/\/www.headshop.nl\/wp-content\/uploads\/2022\/08\/Hawaiian-GrowKit-instructies-ENG-Front.jpg 874w\" sizes=\"auto, (max-width: 423px) 100vw, 423px\" \/>                                                              <\/div>\n              <div class=\"box-text text-left\" >\n                 <p><\/p>\n              <\/div>\n            <\/div>\n            <\/a>          <\/div>\n         <\/div><div class=\"gallery-col col\" >\n          <div class=\"col-inner\">\n            <a class=\"\" href=\"https:\/\/www.headshop.nl\/wp-content\/uploads\/2022\/08\/Hawaiian-GrowKit-instructies-ENG-Back-564x800.jpg\" title=\"\">            <div class=\"box has-hover gallery-box box-none\">\n              <div class=\"box-image\" >\n                <img loading=\"lazy\" decoding=\"async\" width=\"423\" height=\"600\" src=\"https:\/\/www.headshop.nl\/wp-content\/uploads\/2022\/08\/Hawaiian-GrowKit-instructies-ENG-Back-423x600.jpg\" class=\"attachment-medium size-medium\" alt=\"Hawaiian-GrowKit instructies-ENG-Back\" ids=\"47067,47065\" style=\"none\" columns=\"2\" srcset=\"https:\/\/www.headshop.nl\/wp-content\/uploads\/2022\/08\/Hawaiian-GrowKit-instructies-ENG-Back-423x600.jpg 423w, https:\/\/www.headshop.nl\/wp-content\/uploads\/2022\/08\/Hawaiian-GrowKit-instructies-ENG-Back-564x800.jpg 564w, https:\/\/www.headshop.nl\/wp-content\/uploads\/2022\/08\/Hawaiian-GrowKit-instructies-ENG-Back-268x380.jpg 268w, https:\/\/www.headshop.nl\/wp-content\/uploads\/2022\/08\/Hawaiian-GrowKit-instructies-ENG-Back-768x1090.jpg 768w, https:\/\/www.headshop.nl\/wp-content\/uploads\/2022\/08\/Hawaiian-GrowKit-instructies-ENG-Back-420x596.jpg 420w, https:\/\/www.headshop.nl\/wp-content\/uploads\/2022\/08\/Hawaiian-GrowKit-instructies-ENG-Back-64x91.jpg 64w, https:\/\/www.headshop.nl\/wp-content\/uploads\/2022\/08\/Hawaiian-GrowKit-instructies-ENG-Back.jpg 874w\" sizes=\"auto, (max-width: 423px) 100vw, 423px\" \/>                                                              <\/div>\n              <div class=\"box-text text-left\" >\n                 <p><\/p>\n              <\/div>\n            <\/div>\n            <\/a>          <\/div>\n         <\/div><\/div>\n\n<div class=\"row\"  id=\"row-38220965\">\n\n\n\t<div id=\"col-2107211976\" class=\"col medium-6 small-12 large-6\"  >\n\t\t\t\t<div class=\"col-inner\"  >\n\t\t\t\n\t\t\t\n\n<p><strong>Passo 1<\/strong><\/p>\n<p>Abre a caixa e retira o conte\u00fado: o kit de cultivo, o saco de cultivo, dois tabuleiros de terra preta e um clipe de papel.<\/p>\n<p><strong>Passo 2<\/strong><\/p>\n<p>Lava bem as tuas m\u00e3os com sab\u00e3o e retira a tampa do kit de cultivo. Espalha a terra preta uniformemente sobre o kit de cultivo.<\/p>\n<p><strong>Passo 3<\/strong><\/p>\n<p>Pulverize a camada superior do kit com \u00e1gua e certifique-se de que est\u00e1 h\u00famida. Pulveriza tamb\u00e9m o interior do saco. Certifica-te de que h\u00e1 oxig\u00e9nio suficiente no saco e coloca-o no kit de cultivo. Fecha o saco com o clipe de papel.<\/p>\n<p><strong>Passo 4<\/strong><\/p>\n<p>Assegura-te de que pulverizas o kit de cultivo diariamente e lhe d\u00e1s algum oxig\u00e9nio fresco. Podes apertar o saco para garantir que o oxig\u00e9nio \u00e9 renovado. \u00c9 importante manter a camada superior do kit h\u00famida.<\/p>\n\n\t\t<\/div>\n\t\t\t\t\t<\/div>\n\n\t\n\n\t<div id=\"col-1189582039\" class=\"col medium-6 small-12 large-6\"  >\n\t\t\t\t<div class=\"col-inner\"  >\n\t\t\t\n\t\t\t\n\n<p><strong>Passo 5<\/strong><\/p>\n<p>Ap\u00f3s 6 - 11 dias formar-se-\u00e3o os primeiros cogumelos. Nesta altura podes tirar o kit do saco por breves instantes. Pulveriza o interior do saco e volta a colocar o kit de cultivo no saco. (Os cogumelos Hawaiian n\u00e3o gostam do contacto direto com a \u00e1gua).<\/p>\n<p><strong>Passo 6<\/strong><\/p>\n<p>Cerca de 5-7 dias ap\u00f3s o in\u00edcio do crescimento dos cogumelos, estes est\u00e3o prontos para serem colhidos. Come\u00e7a a arranc\u00e1-los mesmo antes de os chap\u00e9us come\u00e7arem a abrir. Tenta faz\u00ea-lo mesmo antes de ca\u00edrem os primeiros esporos negros, mas n\u00e3o te preocupes se isso j\u00e1 tiver acontecido. Lava as m\u00e3os e retira cuidadosamente os cogumelos do kit.<\/p>\n<p><strong>Passo 7<\/strong><\/p>\n<p>Depois de teres colhido todo o fluxo, podes repetir todo o processo a partir do passo 3 (nebuliza\u00e7\u00e3o) e o ciclo repetir-se-\u00e1. O mais importante \u00e9 manter o kit de cultivo h\u00famido e garantir que recebe ar fresco diariamente. Tem em mente que o Hawaiian Copelandia \u00e9 um produto muito mais delicado do que outros kits de cultivo de cogumelos.<\/p>\n\n\t\t<\/div>\n\t\t\t\t\t<\/div>\n\n\t\n\n<\/div>","protected":false},"excerpt":{"rendered":"","protected":false},"author":807,"featured_media":0,"parent":0,"menu_order":0,"comment_status":"closed","ping_status":"closed","template":"","meta":{"footnotes":""},"class_list":["post-40560","page","type-page","status-publish","hentry"],"_links":{"self":[{"href":"https:\/\/www.headshop.nl\/pt\/wp-json\/wp\/v2\/pages\/40560","targetHints":{"allow":["GET"]}}],"collection":[{"href":"https:\/\/www.headshop.nl\/pt\/wp-json\/wp\/v2\/pages"}],"about":[{"href":"https:\/\/www.headshop.nl\/pt\/wp-json\/wp\/v2\/types\/page"}],"author":[{"embeddable":true,"href":"https:\/\/www.headshop.nl\/pt\/wp-json\/wp\/v2\/users\/807"}],"replies":[{"embeddable":true,"href":"https:\/\/www.headshop.nl\/pt\/wp-json\/wp\/v2\/comments?post=40560"}],"version-history":[{"count":0,"href":"https:\/\/www.headshop.nl\/pt\/wp-json\/wp\/v2\/pages\/40560\/revisions"}],"wp:attachment":[{"href":"https:\/\/www.headshop.nl\/pt\/wp-json\/wp\/v2\/media?parent=40560"}],"curies":[{"name":"wp","href":"https:\/\/api.w.org\/{rel}","templated":true}]}}