{"id":36757,"date":"2021-09-20T13:47:44","date_gmt":"2021-09-20T13:47:44","guid":{"rendered":"https:\/\/www.headshop.nl\/?page_id=36757"},"modified":"2024-08-20T10:03:27","modified_gmt":"2024-08-20T10:03:27","slug":"partners","status":"publish","type":"page","link":"https:\/\/www.headshop.nl\/pt\/partners\/","title":{"rendered":"Parceiros"},"content":{"rendered":"<div id=\"gap-1290441118\" class=\"gap-element clearfix\" style=\"display:block; height:auto;\">\n\t\t\n<style>\n#gap-1290441118 {\n  padding-top: 30px;\n}\n<\/style>\n\t<\/div>\n\t\n\n<div class=\"container section-title-container\" ><h1 class=\"section-title section-title-normal\"><b aria-hidden=\"true\"><\/b><span class=\"section-title-main\" style=\"font-size:149%;\">Parceiros<\/span><b aria-hidden=\"true\"><\/b><\/h1><\/div>\n\n<div class=\"row\"  id=\"row-221938588\">\n\n\n\t<div id=\"col-1734388350\" class=\"col medium-8 small-12 large-8\"  >\n\t\t\t\t<div class=\"col-inner\"  >\n\t\t\t\n\t\t\t\n\n<h2 data-animated=\"true\" data-animate=\"fadeInLeft\">The Headshop x Tatanka x Smartific<\/h2>\n<p data-animated=\"true\" data-animate=\"fadeInLeft\">Se s\u00f3 ouviu falar de uma smartshop ou de uma headshop, essa \u00e9 a The Headshop. H\u00e1 d\u00e9cadas que trabalhamos arduamente para proporcionar a melhor experi\u00eancia e isso criou a nossa grande reputa\u00e7\u00e3o, e temos orgulho em diz\u00ea-lo! Mas tamb\u00e9m sabia que as smartshops Tatanka fazem parte da nossa fam\u00edlia? Estas smartshops tamb\u00e9m s\u00e3o bem conhecidas em toda a Europa e, juntos, continuamos a trabalhar para satisfazer todas as suas necessidades.<\/p>\n<p data-animated=\"true\" data-animate=\"fadeInLeft\">\u00c9 claro que nem todos podem viajar at\u00e9 Amesterd\u00e3o para visitar as nossas lojas. Porque tamb\u00e9m queremos ajudar aqueles que n\u00e3o podem vir \u00e0s nossas lojas, associ\u00e1mo-nos a uma das melhores smartshops online da Europa: Smartific.<\/p>\n<p data-animated=\"true\" data-animate=\"fadeInLeft\">A Smartific \u00e9 um dos principais actores do mercado holand\u00eas e \u00e9 especializada em todos os tipos de produtos. Tamb\u00e9m se concentram em fornecer informa\u00e7\u00f5es claras sobre todos os produtos. Estamos de acordo: a educa\u00e7\u00e3o \u00e9 muito importante no nosso campo de jogo! Os seus artigos informativos imersivos s\u00e3o muito completos e impressionantes. N\u00e3o deixes de consultar a fant\u00e1stica Smartwiki.<\/p>\n<p data-animated=\"true\" data-animate=\"fadeInLeft\">Ficou curioso sobre a Smartific? D\u00ea uma vista de olhos no seu s\u00edtio Web holand\u00eas: <span style=\"text-decoration: underline;\"><a href=\"https:\/\/www.smartific.nl\/\" target=\"_blank\" rel=\"noopener\">https:\/\/www.smartific.nl\/<\/a><\/span> ou para o resto da Europa: <span style=\"text-decoration: underline;\"><a href=\"https:\/\/www.smartific.com\" target=\"_blank\" rel=\"noopener\">https:\/\/www.smartific.com<\/a>\/<\/span>. E n\u00e3o se esque\u00e7a da fant\u00e1stica loja Tatanka: <a href=\"https:\/\/www.tatanka.nl\/\" target=\"_blank\" rel=\"noopener\">https:\/\/www.tatanka.nl\/<\/a>.<\/p>\n<h3 data-animated=\"true\" data-animate=\"fadeInLeft\">The Headshop x MagicTruffels.Shop X Paddo.shop<\/h3>\n<p>O The Headshop est\u00e1 repleto de \u00f3ptimos produtos de smarts- e headshop. Provavelmente o mais popular destes produtos s\u00e3o as famosas trufas m\u00e1gicas. Estabelecemos uma colabora\u00e7\u00e3o com os especialistas holandeses em trufas m\u00e1gicas online da MagicTruffels.shop. Eles s\u00e3o especialistas em produtos que cont\u00eam psilocibina. Juntos usamos os nossos conhecimentos e resultados de investiga\u00e7\u00e3o para dar a todos os nossos clientes a melhor experi\u00eancia poss\u00edvel. D\u00e1 uma vista de olhos ao site deles: <span style=\"text-decoration: underline;\"><a href=\"https:\/\/www.magictruffels.shop\/\" target=\"_blank\" rel=\"noopener\">https:\/\/www.magictruffels.shop\/<\/a><\/span>.<\/p>\n<p>Prefere cultivar os seus pr\u00f3prios produtos psicad\u00e9licos? Que sorte a tua! Eles tamb\u00e9m t\u00eam uma grande loja virtual dedicada que \u00e9 completamente constru\u00edda em torno de kits de cultivo de cogumelos m\u00e1gicos. Este \u00e9 o seu s\u00edtio web: <span style=\"text-decoration: underline;\"><a href=\"https:\/\/www.paddo.shop\/\" target=\"_blank\" rel=\"noopener\">https:\/\/www.paddo.shop\/<\/a><\/span><\/p>\n<h2 data-pm-slice=\"1 1 &#091;&#093;\">The Headshop x McSmart<\/h2>\n<p>O nosso Headshop est\u00e1 a trabalhar em conjunto com <a href=\"https:\/\/www.mcsmart.com\/\" target=\"_blank\" rel=\"noopener\">McSmart<\/a>, o mais recente grupo de lojas inteligentes. Gra\u00e7as a esta parceria, podemos oferecer uma gama variada de produtos de qualidade, como trufas m\u00e1gicas, kits de cultivo e suplementos alimentares. O McSmart \u00e9 conhecido pela sua excelente qualidade e produtos inovadores, que fornecemos aos nossos clientes. Com o agrupamento dos nossos produtos com o McSmart, estamos em posi\u00e7\u00e3o de oferecer os melhores produtos smartshop do mercado e de fornecer aos nossos clientes o melhor servi\u00e7o. Veja agora a sele\u00e7\u00e3o de McSmart e descubra a diferen\u00e7a.<\/p>\n\n\t\t<\/div>\n\t\t\t\t\t<\/div>\n\n\t\n\n\t<div id=\"col-1339992731\" class=\"col medium-4 small-12 large-4 small-col-first\"  >\n\t\t\t\t<div class=\"col-inner\"  >\n\t\t\t\n\t\t\t\n\n\t<div class=\"img has-hover x md-x lg-x y md-y lg-y\" id=\"image_1154064000\">\n\t\t\t\t\t\t\t\t<div class=\"img-inner dark\" >\n\t\t\t<img loading=\"lazy\" decoding=\"async\" width=\"1500\" height=\"768\" src=\"https:\/\/www.headshop.nl\/wp-content\/uploads\/2019\/08\/Logo-The-Headshop-DEF.png\" class=\"attachment-original size-original\" alt=\"Log\u00f3tipo The Headshop\" srcset=\"https:\/\/www.headshop.nl\/wp-content\/uploads\/2019\/08\/Logo-The-Headshop-DEF.png 1500w, https:\/\/www.headshop.nl\/wp-content\/uploads\/2019\/08\/Logo-The-Headshop-DEF-420x215.png 420w, https:\/\/www.headshop.nl\/wp-content\/uploads\/2019\/08\/Logo-The-Headshop-DEF-64x33.png 64w, https:\/\/www.headshop.nl\/wp-content\/uploads\/2019\/08\/Logo-The-Headshop-DEF-380x195.png 380w, https:\/\/www.headshop.nl\/wp-content\/uploads\/2019\/08\/Logo-The-Headshop-DEF-600x307.png 600w, https:\/\/www.headshop.nl\/wp-content\/uploads\/2019\/08\/Logo-The-Headshop-DEF-768x393.png 768w, https:\/\/www.headshop.nl\/wp-content\/uploads\/2019\/08\/Logo-The-Headshop-DEF-800x410.png 800w\" sizes=\"auto, (max-width: 1500px) 100vw, 1500px\" \/>\t\t\t\t\t\t\n\t\t\t\t\t<\/div>\n\t\t\t\t\t\t\t\t\n<style>\n#image_1154064000 {\n  width: 100%;\n}\n<\/style>\n\t<\/div>\n\t\n\n\t<div id=\"gap-621003756\" class=\"gap-element clearfix\" style=\"display:block; height:auto;\">\n\t\t\n<style>\n#gap-621003756 {\n  padding-top: 10px;\n}\n<\/style>\n\t<\/div>\n\t\n\n\n\t\t<\/div>\n\t\t\t\t\t<\/div>\n\n\t\n\n<\/div>","protected":false},"excerpt":{"rendered":"","protected":false},"author":807,"featured_media":0,"parent":0,"menu_order":0,"comment_status":"closed","ping_status":"closed","template":"page-blank.php","meta":{"footnotes":""},"class_list":["post-36757","page","type-page","status-publish","hentry"],"_links":{"self":[{"href":"https:\/\/www.headshop.nl\/pt\/wp-json\/wp\/v2\/pages\/36757","targetHints":{"allow":["GET"]}}],"collection":[{"href":"https:\/\/www.headshop.nl\/pt\/wp-json\/wp\/v2\/pages"}],"about":[{"href":"https:\/\/www.headshop.nl\/pt\/wp-json\/wp\/v2\/types\/page"}],"author":[{"embeddable":true,"href":"https:\/\/www.headshop.nl\/pt\/wp-json\/wp\/v2\/users\/807"}],"replies":[{"embeddable":true,"href":"https:\/\/www.headshop.nl\/pt\/wp-json\/wp\/v2\/comments?post=36757"}],"version-history":[{"count":1,"href":"https:\/\/www.headshop.nl\/pt\/wp-json\/wp\/v2\/pages\/36757\/revisions"}],"predecessor-version":[{"id":80977,"href":"https:\/\/www.headshop.nl\/pt\/wp-json\/wp\/v2\/pages\/36757\/revisions\/80977"}],"wp:attachment":[{"href":"https:\/\/www.headshop.nl\/pt\/wp-json\/wp\/v2\/media?parent=36757"}],"curies":[{"name":"wp","href":"https:\/\/api.w.org\/{rel}","templated":true}]}}