{"id":1001,"date":"2017-08-20T16:03:41","date_gmt":"2017-08-20T16:03:41","guid":{"rendered":"http:\/\/headshop.nl\/?page_id=1001"},"modified":"2025-05-02T09:00:46","modified_gmt":"2025-05-02T09:00:46","slug":"shipping-psychedelics","status":"publish","type":"page","link":"https:\/\/www.headshop.nl\/pt\/shipping-psychedelics\/","title":{"rendered":"Expedi\u00e7\u00e3o Meodos"},"content":{"rendered":"<div id=\"gap-72204130\" class=\"gap-element clearfix\" style=\"display:block; height:auto;\">\n\t\t\n<style>\n#gap-72204130 {\n  padding-top: 70px;\n}\n<\/style>\n\t<\/div>\n\t\n\n<div class=\"row row-large\"  id=\"row-1896193580\">\n\n\n\t<div id=\"col-357062920\" class=\"col small-12 large-12\"  >\n\t\t\t\t<div class=\"col-inner text-left\"  >\n\t\t\t\n\t\t\t\n\n<h1>Enviam para o meu pa\u00eds?<\/h1>\n<p>Enviamos para a maioria dos pa\u00edses da UE. Pode encontrar estes pa\u00edses na tabela abaixo. Enviamos todas as nossas encomendas para a UE atrav\u00e9s da DHL, DPD ou PostNL, consoante a zona. Desta forma, podemos prestar o melhor servi\u00e7o poss\u00edvel. Receber\u00e1 sempre um c\u00f3digo de rastreio para seguir a sua encomenda de porta a porta.<\/p>\n<table class=\"tblcal;\">\n<tbody>\n<tr>\n<th class=\"tblcall\">Pa\u00eds<\/th>\n<th class=\"tblcalll\">Entrega<\/th>\n<th class=\"tblcallll\">Custos<\/th>\n<th class=\"tblcalllll\" style=\"text-align: left;\">Envio gratuito<\/th>\n<\/tr>\n<tr>\n<td>\u00c1ustria<\/td>\n<td>2 &#8211; 3<\/td>\n<td>\u20ac11,95<\/td>\n<td style=\"text-align: left;\">\u20ac125,-<\/td>\n<\/tr>\n<tr>\n<td>B\u00e9lgica<\/td>\n<td>1 &#8211; 2<\/td>\n<td>\u20ac7,95<\/td>\n<td style=\"text-align: left;\">\u20ac125,-<\/td>\n<\/tr>\n<tr>\n<td>Bulg\u00e1ria<\/td>\n<td>6 &#8211; 8<\/td>\n<td>\u20ac21,95<\/td>\n<td style=\"text-align: left;\">\u20ac125,-<\/td>\n<\/tr>\n<tr>\n<td>Cro\u00e1cia<\/td>\n<td>3 &#8211; 5<\/td>\n<td>\u20ac17,95<\/td>\n<td style=\"text-align: left;\">\u20ac125,-<\/td>\n<\/tr>\n<tr>\n<td>Rep\u00fablica Checa<\/td>\n<td>2 &#8211; 4<\/td>\n<td>\u20ac13,95<\/td>\n<td style=\"text-align: left;\">\u20ac125,-<\/td>\n<\/tr>\n<tr>\n<td>Est\u00f3nia<\/td>\n<td>4 &#8211; 6<\/td>\n<td>\u20ac19,95<\/td>\n<td style=\"text-align: left;\">\u20ac125,-<\/td>\n<\/tr>\n<tr>\n<td>Fran\u00e7a<\/td>\n<td>2 &#8211; 3<\/td>\n<td>\u20ac10,95<\/td>\n<td style=\"text-align: left;\">\u20ac125,-<\/td>\n<\/tr>\n<tr>\n<td>Alemanha<\/td>\n<td>1 &#8211; 3<\/td>\n<td>\u20ac7,95<\/td>\n<td style=\"text-align: left;\">\u20ac125,-<\/td>\n<\/tr>\n<tr>\n<td>Gr\u00e9cia<\/td>\n<td>6 &#8211; 8<\/td>\n<td>\u20ac21,95<\/td>\n<td style=\"text-align: left;\">\u20ac125,-<\/td>\n<\/tr>\n<tr>\n<td>Irlanda<\/td>\n<td>3 &#8211; 4<\/td>\n<td>\u20ac16,95<\/td>\n<td style=\"text-align: left;\">\u20ac125,-<\/td>\n<\/tr>\n<tr>\n<td>It\u00e1lia<\/td>\n<td>2 &#8211; 4<\/td>\n<td>\u20ac18,95<\/td>\n<td style=\"text-align: left;\">\u20ac125,-<\/td>\n<\/tr>\n<tr>\n<td>Let\u00f3nia<\/td>\n<td>3 &#8211; 5<\/td>\n<td>\u20ac15,95<\/td>\n<td style=\"text-align: left;\">\u20ac125,-<\/td>\n<\/tr>\n<tr>\n<td>Litu\u00e2nia<\/td>\n<td>3 &#8211; 5<\/td>\n<td>\u20ac22,95<\/td>\n<td style=\"text-align: left;\">\u20ac125,-<\/td>\n<\/tr>\n<tr>\n<td>Luxemburgo<\/td>\n<td>1 &#8211; 2<\/td>\n<td>\u20ac11,95<\/td>\n<td style=\"text-align: left;\">\u20ac125,-<\/td>\n<\/tr>\n<tr>\n<td>Pa\u00edses Baixos<\/td>\n<td>1 &#8211; 2<\/td>\n<td>\u20ac6,95<\/td>\n<td style=\"text-align: left;\">\u20ac125,-<\/td>\n<\/tr>\n<tr>\n<td>Pol\u00f3nia<\/td>\n<td>2 &#8211; 3<\/td>\n<td>\u20ac14,95<\/td>\n<td style=\"text-align: left;\">\u20ac125,-<\/td>\n<\/tr>\n<tr>\n<td>Portugal<\/td>\n<td>3 &#8211; 4<\/td>\n<td>\u20ac20,95<\/td>\n<td style=\"text-align: left;\">\u20ac125,-<\/td>\n<\/tr>\n<tr>\n<td>Rom\u00e9nia<\/td>\n<td>3 &#8211; 5<\/td>\n<td>\u20ac17,95<\/td>\n<td style=\"text-align: left;\">\u20ac125,-<\/td>\n<\/tr>\n<tr>\n<td>Eslov\u00e1quia<\/td>\n<td>3 &#8211; 5<\/td>\n<td>\u20ac17,95<\/td>\n<td style=\"text-align: left;\">\u20ac125,-<\/td>\n<\/tr>\n<tr>\n<td>Eslov\u00e9nia<\/td>\n<td>2 &#8211; 3<\/td>\n<td>\u20ac17,95<\/td>\n<td style=\"text-align: left;\">\u20ac125,-<\/td>\n<\/tr>\n<tr>\n<td>Espanha<\/td>\n<td>2 &#8211; 3<\/td>\n<td>\u20ac14,95<\/td>\n<td style=\"text-align: left;\">\u20ac125,-<\/td>\n<\/tr>\n<\/tbody>\n<\/table>\n<p>* As zonas de dif\u00edcil acesso, como as ilhas ou outras regi\u00f5es remotas, custar\u00e3o cerca de 20 euros a mais devido a taxas adicionais da transportadora.<\/p>\n<p>Nota: Tentamos enviar todas as encomendas no prazo de 1 dia \u00fatil, todos os prazos de entrega s\u00e3o estimados e podem variar devido ao tr\u00e2nsito e feriados.<\/p>\n\n\t\t<\/div>\n\t\t\t\t\t<\/div>\n\n\t\n\n<\/div>\n\n\t<section class=\"section\" id=\"section_539876017\">\n\t\t<div class=\"section-bg fill\" >\n\t\t\t\t\t\t\t\t\t<div class=\"section-bg-overlay absolute fill\"><\/div>\n\t\t\t\n\t<div class=\"is-border\"\n\t\tstyle=\"border-width:0px 0px 0px 0px;\">\n\t<\/div>\n\n\t\t<\/div>\n\n\t\t\n\n\t\t<div class=\"section-content relative\">\n\t\t\t\n\n<div class=\"row row-large align-middle\"  id=\"row-1163975754\">\n\n\n\t<div id=\"col-1443732719\" class=\"col medium-6 small-12 large-6\"  >\n\t\t\t\t<div class=\"col-inner text-left dark\"  >\n\t\t\t\n\t\t\t\n\n<h1>Expedi\u00e7\u00e3o discreta<\/h1>\n<p>Enviamos todas as nossas encomendas para a UE atrav\u00e9s da DHL, DPD ou PostNL, consoante a zona.<\/p>\n<p>Todas as nossas encomendas s\u00e3o embaladas e enviadas de forma discreta. N\u00e3o h\u00e1 qualquer refer\u00eancia a quem \u00e9 o remetente. Tamb\u00e9m N\u00c3O existe qualquer refer\u00eancia ao conte\u00fado da encomenda. N\u00e3o se encontra na embalagem qualquer log\u00f3tipo ou texto que mencione \"Headshop\".<\/p>\n\n\t\t<\/div>\n\t\t\t\t\t<\/div>\n\n\t\n\n\t<div id=\"col-1442466400\" class=\"col medium-6 small-12 large-6 small-col-first\"  >\n\t\t\t\t<div class=\"col-inner\"  >\n\t\t\t\n\t\t\t\n\n\t<div class=\"img has-hover x md-x lg-x y md-y lg-y\" id=\"image_763271867\">\n\t\t\t\t\t\t\t\t<div class=\"img-inner image-cover dark\" style=\"padding-top:75%;\">\n\t\t\t<img loading=\"lazy\" decoding=\"async\" width=\"600\" height=\"400\" src=\"https:\/\/www.headshop.nl\/wp-content\/uploads\/2018\/05\/Discreet-Shipping-Tatanka.jpg\" class=\"attachment-original size-original\" alt=\"\" srcset=\"https:\/\/www.headshop.nl\/wp-content\/uploads\/2018\/05\/Discreet-Shipping-Tatanka.jpg 600w, https:\/\/www.headshop.nl\/wp-content\/uploads\/2018\/05\/Discreet-Shipping-Tatanka-420x280.jpg 420w, https:\/\/www.headshop.nl\/wp-content\/uploads\/2018\/05\/Discreet-Shipping-Tatanka-64x43.jpg 64w\" sizes=\"auto, (max-width: 600px) 100vw, 600px\">\t\t\t\t\t\t\n\t\t\t\t\t<\/div>\n\t\t\t\t\t\t\t\t\n<style>\n#image_763271867 {\n  width: 100%;\n}\n<\/style>\n\t<\/div>\n\t\n\n\t<div id=\"gap-775466390\" class=\"gap-element clearfix\" style=\"display:block; height:auto;\">\n\t\t\n<style>\n#gap-775466390 {\n  padding-top: 30px;\n}\n<\/style>\n\t<\/div>\n\t\n\n\n\t\t<\/div>\n\t\t\t\t\t<\/div>\n\n\t\n\n<\/div>\n\n\t\t<\/div>\n\n\t\t\n<style>\n#section_539876017 {\n  padding-top: 60px;\n  padding-bottom: 60px;\n}\n#section_539876017 .section-bg-overlay {\n  background-color: #000000;\n}\n<\/style>\n\t<\/section>\n\t\n\t<div id=\"gap-1095396899\" class=\"gap-element clearfix\" style=\"display:block; height:auto;\">\n\t\t\n<style>\n#gap-1095396899 {\n  padding-top: 60px;\n}\n<\/style>\n\t<\/div>\n\t\n\n<div class=\"row row-large\"  id=\"row-914919866\">\n\n\n\t<div id=\"col-419087491\" class=\"col medium-6 small-12 large-6\"  >\n\t\t\t\t<div class=\"col-inner text-left\"  >\n\t\t\t\n\t\t\t\n\n\t<div class=\"img has-hover x md-x lg-x y md-y lg-y\" id=\"image_127278766\">\n\t\t\t\t\t\t\t\t<div class=\"img-inner image-cover dark\" style=\"padding-top:75%;\">\n\t\t\t<img loading=\"lazy\" decoding=\"async\" width=\"500\" height=\"300\" src=\"https:\/\/www.headshop.nl\/wp-content\/uploads\/2018\/05\/Track-and-Trace-your-Package.jpg\" class=\"attachment-original size-original\" alt=\"\" srcset=\"https:\/\/www.headshop.nl\/wp-content\/uploads\/2018\/05\/Track-and-Trace-your-Package.jpg 500w, https:\/\/www.headshop.nl\/wp-content\/uploads\/2018\/05\/Track-and-Trace-your-Package-420x252.jpg 420w, https:\/\/www.headshop.nl\/wp-content\/uploads\/2018\/05\/Track-and-Trace-your-Package-64x38.jpg 64w\" sizes=\"auto, (max-width: 500px) 100vw, 500px\">\t\t\t\t\t\t\n\t\t\t\t\t<\/div>\n\t\t\t\t\t\t\t\t\n<style>\n#image_127278766 {\n  width: 100%;\n}\n<\/style>\n\t<\/div>\n\t\n\n\t<div id=\"gap-610238048\" class=\"gap-element clearfix\" style=\"display:block; height:auto;\">\n\t\t\n<style>\n#gap-610238048 {\n  padding-top: 30px;\n}\n<\/style>\n\t<\/div>\n\t\n\n\n\t\t<\/div>\n\t\t\t\t\t<\/div>\n\n\t\n\n\t<div id=\"col-902523138\" class=\"col medium-6 small-12 large-6\"  >\n\t\t\t\t<div class=\"col-inner\"  >\n\t\t\t\n\t\t\t\n\n<h1>Seguimento e localiza\u00e7\u00e3o de envios<\/h1>\n<p>Assim que a transportadora tiver a sua encomenda, receber\u00e1 um e-mail com a sua liga\u00e7\u00e3o de seguimento e localiza\u00e7\u00e3o.<\/p>\n<p>Se a encomenda n\u00e3o tiver sido entregue, o estafeta tentar\u00e1 entregar a encomenda mais algumas vezes. Se a encomenda for entregue noutro local, o estafeta deixar\u00e1 uma nota com o endere\u00e7o da esta\u00e7\u00e3o de correios mais pr\u00f3xima para a recolher. Em casos excepcionais, o estafeta entregar\u00e1 a encomenda aos seus vizinhos. Mas n\u00e3o se preocupe, devido ao envio discreto, ningu\u00e9m sabe o que est\u00e1 dentro da encomenda.<\/p>\n<p>Pode contactar a empresa de correio com o seu n\u00famero de rastreio para evitar que nos devolvam a sua encomenda. Normalmente, uma encomenda permanece nos correios durante 1 a 2 semanas.<\/p>\n<p><strong>N\u00e3o recebeu o seu n\u00famero de seguimento e localiza\u00e7\u00e3o?<\/strong> Verifique o seu spam. N\u00e3o existe? Por favor contacte-nos<strong>.<\/strong><\/p>\n\t<div id=\"gap-579838819\" class=\"gap-element clearfix\" style=\"display:block; height:auto;\">\n\t\t\n<style>\n#gap-579838819 {\n  padding-top: 30px;\n}\n<\/style>\n\t<\/div>\n\t\n\n\n\t\t<\/div>\n\t\t\t\t\t<\/div>\n\n\t\n\n<\/div>\n\n\t<section class=\"section\" id=\"section_1482385560\">\n\t\t<div class=\"section-bg fill\" >\n\t\t\t\t\t\t\t\t\t<div class=\"section-bg-overlay absolute fill\"><\/div>\n\t\t\t\n\t<div class=\"is-border\"\n\t\tstyle=\"border-width:0px 0px 0px 0px;\">\n\t<\/div>\n\n\t\t<\/div>\n\n\t\t\n\n\t\t<div class=\"section-content relative\">\n\t\t\t\n\n<div class=\"row row-large align-middle\"  id=\"row-1858667282\">\n\n\n\t<div id=\"col-1386002944\" class=\"col medium-6 small-12 large-6\"  >\n\t\t\t\t<div class=\"col-inner dark\"  >\n\t\t\t\n\t\t\t\n\n<h1>Estatuto jur\u00eddico no meu pa\u00eds<\/h1>\n<p>Todos os nossos produtos s\u00e3o naturais, suplementos e legais nos Pa\u00edses Baixos. S\u00f3 pode encomendar se tiver mais de 18 anos. O utilizador \u00e9 respons\u00e1vel por conhecer o estatuto legal dos nossos produtos no seu pa\u00eds. Por favor, informe-se sobre as leis do seu pa\u00eds antes de efetuar uma compra.<\/p>\n<p><strong>Importante:<\/strong> N\u00e3o reembolsamos o seu dinheiro se a alf\u00e2ndega apreender a sua encomenda. A alf\u00e2ndega pode apreender a encomenda antes ou depois de a enviar para o seu pa\u00eds. No entanto, pode sempre seguir o rasto e localizar a sua encomenda para saber o estado mais recente da mesma.<\/p>\n<p>Leia a nossa <span style=\"color: #749a00;\"><a style=\"color: #749a00;\" href=\"https:\/\/www.headshop.nl\/pt\/terms-and-conditions\/\" rel=\"noopener\" target=\"_blank\"><strong>Termos e condi\u00e7\u00f5es.<\/strong><\/a><\/span><\/p>\n\n\t\t<\/div>\n\t\t\t\t\t<\/div>\n\n\t\n\n\t<div id=\"col-1548257889\" class=\"col medium-6 small-12 large-6 small-col-first\"  >\n\t\t\t\t<div class=\"col-inner\"  >\n\t\t\t\n\t\t\t\n\n\t<div class=\"img has-hover x md-x lg-x y md-y lg-y\" id=\"image_346309966\">\n\t\t\t\t\t\t\t\t<div class=\"img-inner image-cover dark\" style=\"padding-top:75%;\">\n\t\t\t<img loading=\"lazy\" decoding=\"async\" width=\"500\" height=\"341\" src=\"https:\/\/www.headshop.nl\/wp-content\/uploads\/2018\/05\/Tatanka-delivery.jpg\" class=\"attachment-original size-original\" alt=\"\" srcset=\"https:\/\/www.headshop.nl\/wp-content\/uploads\/2018\/05\/Tatanka-delivery.jpg 500w, https:\/\/www.headshop.nl\/wp-content\/uploads\/2018\/05\/Tatanka-delivery-420x286.jpg 420w, https:\/\/www.headshop.nl\/wp-content\/uploads\/2018\/05\/Tatanka-delivery-64x44.jpg 64w\" sizes=\"auto, (max-width: 500px) 100vw, 500px\">\t\t\t\t\t\t\n\t\t\t\t\t<\/div>\n\t\t\t\t\t\t\t\t\n<style>\n#image_346309966 {\n  width: 100%;\n}\n<\/style>\n\t<\/div>\n\t\n\n\t<div id=\"gap-1076651064\" class=\"gap-element clearfix\" style=\"display:block; height:auto;\">\n\t\t\n<style>\n#gap-1076651064 {\n  padding-top: 30px;\n}\n<\/style>\n\t<\/div>\n\t\n\n\n\t\t<\/div>\n\t\t\t\t\t<\/div>\n\n\t\n\n<\/div>\n\n\t\t<\/div>\n\n\t\t\n<style>\n#section_1482385560 {\n  padding-top: 60px;\n  padding-bottom: 60px;\n}\n#section_1482385560 .section-bg-overlay {\n  background-color: #000000;\n}\n<\/style>\n\t<\/section>\n\t\n\t<div id=\"gap-1230039928\" class=\"gap-element clearfix\" style=\"display:block; height:auto;\">\n\t\t\n<style>\n#gap-1230039928 {\n  padding-top: 40px;\n}\n<\/style>\n\t<\/div>\n\t\n\n<div class=\"row row-large align-middle\"  id=\"row-1296111234\">\n\n\n\t<div id=\"col-668608167\" class=\"col medium-6 small-12 large-6\"  >\n\t\t\t\t<div class=\"col-inner\"  >\n\t\t\t\n\t\t\t\n\n\t<div class=\"img has-hover x md-x lg-x y md-y lg-y\" id=\"image_2035156328\">\n\t\t\t\t\t\t\t\t<div class=\"img-inner image-cover dark\" style=\"padding-top:75%;\">\n\t\t\t<img loading=\"lazy\" decoding=\"async\" width=\"600\" height=\"340\" src=\"https:\/\/www.headshop.nl\/wp-content\/uploads\/2018\/05\/Shipping-after-Payment.jpg\" class=\"attachment-original size-original\" alt=\"\" srcset=\"https:\/\/www.headshop.nl\/wp-content\/uploads\/2018\/05\/Shipping-after-Payment.jpg 600w, https:\/\/www.headshop.nl\/wp-content\/uploads\/2018\/05\/Shipping-after-Payment-420x238.jpg 420w, https:\/\/www.headshop.nl\/wp-content\/uploads\/2018\/05\/Shipping-after-Payment-64x36.jpg 64w\" sizes=\"auto, (max-width: 600px) 100vw, 600px\">\t\t\t\t\t\t\n\t\t\t\t\t<\/div>\n\t\t\t\t\t\t\t\t\n<style>\n#image_2035156328 {\n  width: 100%;\n}\n<\/style>\n\t<\/div>\n\t\n\n\t<div id=\"gap-1816170804\" class=\"gap-element clearfix\" style=\"display:block; height:auto;\">\n\t\t\n<style>\n#gap-1816170804 {\n  padding-top: 30px;\n}\n<\/style>\n\t<\/div>\n\t\n\n\n\t\t<\/div>\n\t\t\t\t\t<\/div>\n\n\t\n\n\t<div id=\"col-149612254\" class=\"col medium-6 small-12 large-6\"  >\n\t\t\t\t<div class=\"col-inner text-left\"  >\n\t\t\t\n\t\t\t\n\n<h1><strong>Enviamos depois de recebermos o pagamento<\/strong><\/h1>\n<p>Tenha em aten\u00e7\u00e3o que s\u00f3 podemos preparar encomendas depois de o pagamento ter sido recebido. A sua encomenda \u00e9 preparada no prazo de 24 horas ap\u00f3s a confirma\u00e7\u00e3o do pagamento.<\/p>\n<p>Alguns m\u00e9todos de pagamento, como a transfer\u00eancia banc\u00e1ria, demoram at\u00e9 alguns dias. Se utilizar o m\u00e9todo banc\u00e1rio online, recebemos o pagamento quase imediatamente, pelo que podemos enviar a sua encomenda mais rapidamente.<\/p>\n<a href=\"https:\/\/www.headshop.nl\/pt\/payment-methods\/\" class=\"button primary box-shadow-2 box-shadow-4-hover\" target=\"_blank\" rel=\"noopener\">\n\t\t<span>Op\u00e7\u00f5es de pagamento<\/span>\n\t<\/a>\n\n\n\n\t\t<\/div>\n\t\t\t\t\t<\/div>\n\n\t\n\n<\/div>\n\t<div id=\"gap-733797299\" class=\"gap-element clearfix\" style=\"display:block; height:auto;\">\n\t\t\n<style>\n#gap-733797299 {\n  padding-top: 30px;\n}\n<\/style>\n\t<\/div>\n\t\n\n\n\t<section class=\"section\" id=\"section_492236241\">\n\t\t<div class=\"section-bg fill\" >\n\t\t\t\t\t\t\t\t\t\n\t\t\t\n\n\t\t<\/div>\n\n\t\t\n\n\t\t<div class=\"section-content relative\">\n\t\t\t\n\n<div class=\"row align-middle align-center\"  id=\"row-1852248111\">\n\n\n\t<div id=\"col-1349662505\" class=\"col medium-6 small-12 large-6\"  >\n\t\t\t\t<div class=\"col-inner text-left dark\"  >\n\t\t\t\n\t\t\t\n\n\t<div id=\"gap-1844789896\" class=\"gap-element clearfix\" style=\"display:block; height:auto;\">\n\t\t\n<style>\n#gap-1844789896 {\n  padding-top: 30px;\n}\n<\/style>\n\t<\/div>\n\t\n\n<p>Fazemos entregas em quase todos os pa\u00edses da UE. No entanto, orgulhamo-nos do nosso legado holand\u00eas. Algumas cidades holandesas que confiam nos nossos servi\u00e7os e produtos s\u00e3o:<\/p>\n\n\t\t<\/div>\n\t\t\t\t\t<\/div>\n\n\t\n\n\t<div id=\"col-492882281\" class=\"col hide-for-small medium-6 small-12 large-6\"  >\n\t\t\t\t<div class=\"col-inner\"  >\n\t\t\t\n\t\t\t\n\n\n\t\t<\/div>\n\t\t\t\t\t<\/div>\n\n\t\n\n<\/div>\n<div class=\"row align-middle align-center\"  id=\"row-1993346582\">\n\n\n\t<div id=\"col-972733004\" class=\"col medium-3 small-12 large-3\"  >\n\t\t\t\t<div class=\"col-inner text-left dark\"  >\n\t\t\t\n\t\t\t\n\n<p><a href=\"https:\/\/www.headshop.nl\/pt\/smartshop-alkmaar\/\">Alkmaar<\/a><br \/><a href=\"https:\/\/www.headshop.nl\/pt\/smartshop-almere\/\">Almere<\/a><br \/><a href=\"https:\/\/www.headshop.nl\/pt\/smartshop-amersfoort\/\">Amersfoort<\/a><br \/><a href=\"https:\/\/www.headshop.nl\/pt\/smartshop-apeldoorn\/\">Apeldoorn<\/a><br \/><a href=\"https:\/\/www.headshop.nl\/pt\/smartshop-arnhem\/\">Arnhem<\/a><br \/><a href=\"https:\/\/www.headshop.nl\/pt\/smartshop-bergen-op-zoom\/\">Bergen Op Zoom<\/a><br \/><a href=\"https:\/\/www.headshop.nl\/pt\/smartshop-breda\/\">Breda<\/a><br \/><a href=\"https:\/\/www.headshop.nl\/pt\/smartshop-delft\/\">Delft<\/a><br \/><a href=\"https:\/\/www.headshop.nl\/pt\/smartshop-den-bosch\/\">Den Bosch<\/a><br \/><a href=\"https:\/\/www.headshop.nl\/pt\/smartshop-den-haag\/\">Haia<\/a><br \/><a href=\"https:\/\/www.headshop.nl\/pt\/smartshop-eindhoven\/\">Eindhoven<\/a><br \/><a href=\"https:\/\/www.headshop.nl\/pt\/smartshop-emmen\/\">Emmen<\/a><br \/><a href=\"https:\/\/www.headshop.nl\/pt\/smartshop-enschede\/\">Enschede<\/a><br \/><a href=\"https:\/\/www.headshop.nl\/pt\/smartshop-groningen\/\">Groninga<\/a><br \/><a href=\"https:\/\/www.headshop.nl\/pt\/smartshop-haarlem\/\">Haarlem<\/a><br \/><a href=\"https:\/\/www.headshop.nl\/pt\/smartshop-heerlen\/\">Heerlen<\/a><\/p>\n\n\t\t<\/div>\n\t\t\t\t\t<\/div>\n\n\t\n\n\t<div id=\"col-998659917\" class=\"col medium-3 small-12 large-3\"  >\n\t\t\t\t<div class=\"col-inner text-left dark\"  >\n\t\t\t\n\t\t\t\n\n<p><a href=\"https:\/\/www.headshop.nl\/pt\/smartshop-hengelo\/\">Hengelo<\/a><br \/><a href=\"https:\/\/www.headshop.nl\/pt\/smartshop-hilversum\/\">Hilversum<\/a><br \/><a href=\"https:\/\/www.headshop.nl\/pt\/smartshop-hoorn\/\">Hoorn<\/a><br \/><a href=\"https:\/\/www.headshop.nl\/pt\/smartshop-leeuwarden\/\">Leeuwarden<\/a><br \/><a href=\"https:\/\/www.headshop.nl\/pt\/smartshop-leiden\/\">Leiden<\/a><br \/><a href=\"https:\/\/www.headshop.nl\/pt\/smartshop-maastricht\/\">Maastricht<\/a><br \/><a href=\"https:\/\/www.headshop.nl\/pt\/smartshop-nijmegen\/\">Nijmegen<\/a><br \/><a href=\"https:\/\/www.headshop.nl\/pt\/smartshop-oss\/\">Oss<\/a><br \/><a href=\"https:\/\/www.headshop.nl\/pt\/smartshop-roermond\/\">Roermond<\/a><br \/><a href=\"https:\/\/www.headshop.nl\/pt\/smartshop-rotterdam\/\">Roterd\u00e3o<\/a><br \/><a href=\"https:\/\/www.headshop.nl\/pt\/smartshop-tiel\/\">Tiel<\/a><br \/><a href=\"https:\/\/www.headshop.nl\/pt\/smartshop-tilburg\/\">Tilburgo<\/a><br \/><a href=\"https:\/\/www.headshop.nl\/pt\/smartshop-utrecht\/\">Utreque<\/a><br \/><a href=\"https:\/\/www.headshop.nl\/pt\/smartshop-venlo\/\">Venlo<\/a><br \/><a href=\"https:\/\/www.headshop.nl\/pt\/smartshop-vlaardingen\/\">Vlaardingen<\/a><br \/><a href=\"https:\/\/www.headshop.nl\/pt\/smartshop-zwolle\/\">Zwolle<\/a><\/p>\n\n\t\t<\/div>\n\t\t\t\t\t<\/div>\n\n\t\n\n\t<div id=\"col-364139652\" class=\"col medium-6 small-12 large-6\"  >\n\t\t\t\t<div class=\"col-inner\"  >\n\t\t\t\n\t\t\t\n\n\t<div class=\"img has-hover x md-x lg-x y md-y lg-y\" id=\"image_283131183\">\n\t\t\t\t\t\t\t\t<div class=\"img-inner dark\" >\n\t\t\t<img loading=\"lazy\" decoding=\"async\" width=\"500\" height=\"434\" src=\"https:\/\/www.headshop.nl\/wp-content\/uploads\/2022\/02\/Europe-Headshop.png\" class=\"attachment-large size-large\" alt=\"Europa Headshop\" srcset=\"https:\/\/www.headshop.nl\/wp-content\/uploads\/2022\/02\/Europe-Headshop.png 500w, https:\/\/www.headshop.nl\/wp-content\/uploads\/2022\/02\/Europe-Headshop-380x330.png 380w, https:\/\/www.headshop.nl\/wp-content\/uploads\/2022\/02\/Europe-Headshop-420x365.png 420w, https:\/\/www.headshop.nl\/wp-content\/uploads\/2022\/02\/Europe-Headshop-64x56.png 64w\" sizes=\"auto, (max-width: 500px) 100vw, 500px\" \/>\t\t\t\t\t\t\n\t\t\t\t\t<\/div>\n\t\t\t\t\t\t\t\t\n<style>\n#image_283131183 {\n  width: 100%;\n}\n<\/style>\n\t<\/div>\n\t\n\n\n\t\t<\/div>\n\t\t\t\t\t<\/div>\n\n\t\n\n<\/div>\n\n\t\t<\/div>\n\n\t\t\n<style>\n#section_492236241 {\n  padding-top: 30px;\n  padding-bottom: 30px;\n  background-color: rgb(0,0,0);\n}\n<\/style>\n\t<\/section>","protected":false},"excerpt":{"rendered":"","protected":false},"author":807,"featured_media":0,"parent":0,"menu_order":0,"comment_status":"closed","ping_status":"closed","template":"page-blank.php","meta":{"footnotes":""},"class_list":["post-1001","page","type-page","status-publish","hentry"],"_links":{"self":[{"href":"https:\/\/www.headshop.nl\/pt\/wp-json\/wp\/v2\/pages\/1001","targetHints":{"allow":["GET"]}}],"collection":[{"href":"https:\/\/www.headshop.nl\/pt\/wp-json\/wp\/v2\/pages"}],"about":[{"href":"https:\/\/www.headshop.nl\/pt\/wp-json\/wp\/v2\/types\/page"}],"author":[{"embeddable":true,"href":"https:\/\/www.headshop.nl\/pt\/wp-json\/wp\/v2\/users\/807"}],"replies":[{"embeddable":true,"href":"https:\/\/www.headshop.nl\/pt\/wp-json\/wp\/v2\/comments?post=1001"}],"version-history":[{"count":2,"href":"https:\/\/www.headshop.nl\/pt\/wp-json\/wp\/v2\/pages\/1001\/revisions"}],"predecessor-version":[{"id":84295,"href":"https:\/\/www.headshop.nl\/pt\/wp-json\/wp\/v2\/pages\/1001\/revisions\/84295"}],"wp:attachment":[{"href":"https:\/\/www.headshop.nl\/pt\/wp-json\/wp\/v2\/media?parent=1001"}],"curies":[{"name":"wp","href":"https:\/\/api.w.org\/{rel}","templated":true}]}}