{"id":8842,"date":"2018-01-12T09:33:44","date_gmt":"2018-01-12T09:33:44","guid":{"rendered":"http:\/\/headshop.nl\/?post_type=product&#038;p=8842"},"modified":"2024-09-17T10:49:33","modified_gmt":"2024-09-17T10:49:33","slug":"vegetarian-transparent-capsules-size-0","status":"publish","type":"product","link":"https:\/\/www.headshop.nl\/pl\/vegetarian-transparent-capsules-size-0\/","title":{"rendered":"Kapsu\u0142ki wegetaria\u0144skie - rozmiar 0"},"content":{"rendered":"<h2>Kapsu\u0142ki wegetaria\u0144skie - rozmiar 0<\/h2>\n<p><span style=\"color: #000000;\"> Wykonany z HPMC (hydroksypropylometylocelulozy) pochodzenia ro\u015blinnego 100%, nie zawiera produkt\u00f3w ubocznych pochodzenia zwierz\u0119cego, BSE, konserwant\u00f3w, sztucznych barwnik\u00f3w, skrobi, cukru, kukurydzy, pszenicy ani nabia\u0142u.<\/span><\/p>","protected":false},"excerpt":{"rendered":"<p><span style=\"color: #000000;\">Zasadniczo mo\u017cesz nape\u0142ni\u0107 te kapsu\u0142ki czymkolwiek chcesz! 100% jest wegetaria\u0144ski i przezroczysty. Rozmiar 0, dost\u0119pny w 100 kapsu\u0142kach lub 1000 kapsu\u0142ek.<br \/>\n<\/span><\/p>","protected":false},"featured_media":13047,"template":"","meta":[],"product_brand":[],"product_cat":[297,485,414],"product_tag":[],"class_list":{"0":"post-8842","1":"product","2":"type-product","3":"status-publish","4":"has-post-thumbnail","6":"product_cat-all-products","7":"product_cat-capsules","8":"product_cat-headshop","9":"product_shipping_class-creditcard-on","11":"first","12":"instock","13":"taxable","14":"shipping-taxable","15":"purchasable","16":"product-type-variable","17":"has-default-attributes"},"_links":{"self":[{"href":"https:\/\/www.headshop.nl\/pl\/wp-json\/wp\/v2\/product\/8842","targetHints":{"allow":["GET"]}}],"collection":[{"href":"https:\/\/www.headshop.nl\/pl\/wp-json\/wp\/v2\/product"}],"about":[{"href":"https:\/\/www.headshop.nl\/pl\/wp-json\/wp\/v2\/types\/product"}],"wp:featuredmedia":[{"embeddable":true,"href":"https:\/\/www.headshop.nl\/pl\/wp-json\/wp\/v2\/media\/13047"}],"wp:attachment":[{"href":"https:\/\/www.headshop.nl\/pl\/wp-json\/wp\/v2\/media?parent=8842"}],"wp:term":[{"taxonomy":"product_brand","embeddable":true,"href":"https:\/\/www.headshop.nl\/pl\/wp-json\/wp\/v2\/product_brand?post=8842"},{"taxonomy":"product_cat","embeddable":true,"href":"https:\/\/www.headshop.nl\/pl\/wp-json\/wp\/v2\/product_cat?post=8842"},{"taxonomy":"product_tag","embeddable":true,"href":"https:\/\/www.headshop.nl\/pl\/wp-json\/wp\/v2\/product_tag?post=8842"}],"curies":[{"name":"wp","href":"https:\/\/api.w.org\/{rel}","templated":true}]}}