{"id":8711,"date":"2018-01-09T15:17:44","date_gmt":"2018-01-09T15:17:44","guid":{"rendered":"http:\/\/headshop.nl\/?post_type=product&#038;p=8711"},"modified":"2024-09-17T10:49:38","modified_gmt":"2024-09-17T10:49:38","slug":"smoking-silver-kingsize-box","status":"publish","type":"product","link":"https:\/\/www.headshop.nl\/pl\/smoking-silver-kingsize-box\/","title":{"rendered":"Smoking Srebrny, bardzo cienki"},"content":{"rendered":"<h2><span style=\"color: #000000; font-size: 95%;\">Smoking Bletka w kolorze srebrnym, pude\u0142ko Kingsize.<\/span><\/h2>\n<p><span style=\"color: #000000;\">Ka\u017cdy pojedynczy listek jest wykonany z czystego papieru ry\u017cowego ze znakiem wodnym, co daje pewno\u015b\u0107 i naturaln\u0105 gum\u0119, kt\u00f3ra przykleja si\u0119 za ka\u017cdym razem. Papierowy pasek z\u0142o\u017cony z listkami przypomina o ko\u0144cz\u0105cym si\u0119 zapasie. Jedno opakowanie zawiera 33 bletki. Pe\u0142ne opakowanie zawiera 50 paczek.<\/span><\/p>\n<p><span style=\"color: #000000;\"><strong>Rodzaj:<\/strong> Czysty papier ry\u017cowy + naturalna guma ro\u015blinna 100%<\/span><br \/>\n<span style=\"color: #000000;\"><strong> Papier:<\/strong> Ultralekka i wyj\u0105tkowo smuk\u0142a<\/span><br \/>\n<span style=\"color: #000000;\"><strong> Papier do rolowania:<\/strong> 33 li\u015bcie w opakowaniu<\/span><br \/>\n<span style=\"color: #000000;\"><strong> Box:<\/strong> Zawiera 50 opakowa\u0144<\/span><br \/>\n<span style=\"color: #000000;\"><strong> Rozmiar:<\/strong> 108 mm x 37 mm<\/span><br \/>\n<span style=\"color: #000000;\"><strong> Weight:<\/strong> 13 g\/m2<\/span><\/p>","protected":false},"excerpt":{"rendered":"<p><span style=\"color: #000000;\">Smoking Silver Extra Slim Rolling Papers s\u0105 ultralekkie i wolno si\u0119 pal\u0105. Te bletki s\u0105 \u0142atwe do zwijania. Szeroko\u015b\u0107 ka\u017cdej bibu\u0142ki wynosi tylko 37 mm, wi\u0119c je\u015bli lubisz pali\u0107 mniej bibu\u0142ek, Smoking Silver jest dla Ciebie. Opakowanie zawiera 50 sztuk.<\/span><\/p>","protected":false},"featured_media":13283,"template":"","meta":[],"product_brand":[],"product_cat":[297,414,446,421],"product_tag":[],"class_list":{"0":"post-8711","1":"product","2":"type-product","3":"status-publish","4":"has-post-thumbnail","6":"product_cat-all-products","7":"product_cat-headshop","8":"product_cat-papers","9":"product_cat-rolling-papers","10":"product_shipping_class-creditcard-on","12":"first","13":"instock","14":"taxable","15":"shipping-taxable","16":"purchasable","17":"product-type-simple"},"_links":{"self":[{"href":"https:\/\/www.headshop.nl\/pl\/wp-json\/wp\/v2\/product\/8711","targetHints":{"allow":["GET"]}}],"collection":[{"href":"https:\/\/www.headshop.nl\/pl\/wp-json\/wp\/v2\/product"}],"about":[{"href":"https:\/\/www.headshop.nl\/pl\/wp-json\/wp\/v2\/types\/product"}],"wp:featuredmedia":[{"embeddable":true,"href":"https:\/\/www.headshop.nl\/pl\/wp-json\/wp\/v2\/media\/13283"}],"wp:attachment":[{"href":"https:\/\/www.headshop.nl\/pl\/wp-json\/wp\/v2\/media?parent=8711"}],"wp:term":[{"taxonomy":"product_brand","embeddable":true,"href":"https:\/\/www.headshop.nl\/pl\/wp-json\/wp\/v2\/product_brand?post=8711"},{"taxonomy":"product_cat","embeddable":true,"href":"https:\/\/www.headshop.nl\/pl\/wp-json\/wp\/v2\/product_cat?post=8711"},{"taxonomy":"product_tag","embeddable":true,"href":"https:\/\/www.headshop.nl\/pl\/wp-json\/wp\/v2\/product_tag?post=8711"}],"curies":[{"name":"wp","href":"https:\/\/api.w.org\/{rel}","templated":true}]}}