{"id":8706,"date":"2018-01-09T14:48:00","date_gmt":"2018-01-09T14:48:00","guid":{"rendered":"http:\/\/headshop.nl\/?post_type=product&#038;p=8706"},"modified":"2024-09-17T10:49:39","modified_gmt":"2024-09-17T10:49:39","slug":"smoking-hemp-kingsize-box","status":"publish","type":"product","link":"https:\/\/www.headshop.nl\/pl\/smoking-hemp-kingsize-box\/","title":{"rendered":"Smoking Zielony, Konopie"},"content":{"rendered":"<h2><span style=\"color: #000000; font-size: 95%;\">Smoking Green Hemp Rolling Paper, pude\u0142ko Kingsize.<\/span><\/h2>\n<p><span style=\"color: #000000;\">Ka\u017cdy pojedynczy listek jest wykonany z czystego papieru konopnego ze znakiem wodnym, co zapewnia pewno\u015b\u0107 i naturaln\u0105 gum\u0119, kt\u00f3ra przykleja si\u0119 za ka\u017cdym razem. Papierowy pasek z\u0142o\u017cony z listkami przypomina o ko\u0144cz\u0105cym si\u0119 zapasie. Jedno opakowanie zawiera 33 bletki. Pe\u0142ne opakowanie zawiera 50 paczek.<\/span><\/p>\n<p><span style=\"color: #000000;\"><strong> Rodzaj:<\/strong> Wolnopal\u0105cy papier z czystych konopi<\/span><br \/>\n<span style=\"color: #000000;\"><strong> Rolling Papers:<\/strong> 33 li\u015bcie w opakowaniu<\/span><br \/>\n<span style=\"color: #000000;\"><strong> Box:<\/strong> Zawiera 50 opakowa\u0144<\/span><br \/>\n<span style=\"color: #000000;\"><strong> Rozmiar:<\/strong> 108 mm x 52 mm<\/span><br \/>\n<span style=\"color: #000000;\"><strong> Weight:<\/strong> 15 g\/m2<\/span><\/p>","protected":false},"excerpt":{"rendered":"<p><span style=\"color: #000000;\">Smoking Green Hemp Smoking Papers s\u0105 wykonane z czystych konopi 100%, spalaj\u0105 si\u0119 bardzo wolno i wykorzystuj\u0105 wy\u0142\u0105cznie naturaln\u0105 gum\u0119. Ca\u0142kowicie wolne od chemikali\u00f3w bletki Smoking Hemp s\u0105 popularnym wyborem, poniewa\u017c s\u0105 nieco szersze i \u0142atwiejsze do zwijania. Opakowanie zawiera 50 sztuk.<\/span><\/p>","protected":false},"featured_media":13229,"template":"","meta":[],"product_brand":[],"product_cat":[297,414,446,421],"product_tag":[],"class_list":{"0":"post-8706","1":"product","2":"type-product","3":"status-publish","4":"has-post-thumbnail","6":"product_cat-all-products","7":"product_cat-headshop","8":"product_cat-papers","9":"product_cat-rolling-papers","10":"product_shipping_class-creditcard-on","12":"first","13":"instock","14":"taxable","15":"shipping-taxable","16":"purchasable","17":"product-type-simple"},"_links":{"self":[{"href":"https:\/\/www.headshop.nl\/pl\/wp-json\/wp\/v2\/product\/8706","targetHints":{"allow":["GET"]}}],"collection":[{"href":"https:\/\/www.headshop.nl\/pl\/wp-json\/wp\/v2\/product"}],"about":[{"href":"https:\/\/www.headshop.nl\/pl\/wp-json\/wp\/v2\/types\/product"}],"wp:featuredmedia":[{"embeddable":true,"href":"https:\/\/www.headshop.nl\/pl\/wp-json\/wp\/v2\/media\/13229"}],"wp:attachment":[{"href":"https:\/\/www.headshop.nl\/pl\/wp-json\/wp\/v2\/media?parent=8706"}],"wp:term":[{"taxonomy":"product_brand","embeddable":true,"href":"https:\/\/www.headshop.nl\/pl\/wp-json\/wp\/v2\/product_brand?post=8706"},{"taxonomy":"product_cat","embeddable":true,"href":"https:\/\/www.headshop.nl\/pl\/wp-json\/wp\/v2\/product_cat?post=8706"},{"taxonomy":"product_tag","embeddable":true,"href":"https:\/\/www.headshop.nl\/pl\/wp-json\/wp\/v2\/product_tag?post=8706"}],"curies":[{"name":"wp","href":"https:\/\/api.w.org\/{rel}","templated":true}]}}