{"id":8697,"date":"2018-01-09T11:53:35","date_gmt":"2018-01-09T11:53:35","guid":{"rendered":"http:\/\/headshop.nl\/?post_type=product&#038;p=8697"},"modified":"2024-09-17T10:49:40","modified_gmt":"2024-09-17T10:49:40","slug":"smoking-gold","status":"publish","type":"product","link":"https:\/\/www.headshop.nl\/pl\/smoking-gold\/","title":{"rendered":"Smoking Gold, Ultra Thin"},"content":{"rendered":"<h2><span style=\"color: #000000; font-size: 95%;\">Smoking Gold Rolling Paper, pude\u0142ko.<\/span><strong><br \/>\n<\/strong><\/h2>\n<p><span style=\"color: #000000;\">Ka\u017cda pojedyncza kartka jest wykonana z papieru ry\u017cowego ze znakiem wodnym i wykorzystuje naturaln\u0105 gum\u0119. Karteczka z\u0142o\u017cona w listkach przypomni o ko\u0144cz\u0105cych si\u0119 zapasach. Jedno opakowanie zawiera 33 bibu\u0142ki. Jedno pude\u0142ko zawiera 50 opakowa\u0144.<\/span><\/p>\n<p><span style=\"color: #000000;\"><strong>Rodzaj:<\/strong> Czysty papier ry\u017cowy, wyj\u0105tkowo lekki i naturalna guma<\/span><br \/>\n<span style=\"color: #000000;\"><strong> Bletki:<\/strong> 33 papiery w opakowaniu<\/span><br \/>\n<span style=\"color: #000000;\"><strong> Box:<\/strong> Zawiera 50 opakowa\u0144<\/span><br \/>\n<span style=\"color: #000000;\"><strong> Oficjalny:<\/strong> Certyfikat FSC<\/span><br \/>\n<span style=\"color: #000000;\"><strong> Rozmiar:<\/strong> 108x44mm<\/span><br \/>\n<span style=\"color: #000000;\"><strong> Weight:<\/strong> 13 g\/m2<\/span><\/p>","protected":false},"excerpt":{"rendered":"<p><span style=\"color: #000000;\">Gold Smoking Kingsize Rolling Papers s\u0105 ultralekkie i wykonane z czystego papieru ry\u017cowego. Dzi\u0119ki zastosowaniu naturalnej gumy ka\u017cdy listek zawsze si\u0119 trzyma. Jedno opakowanie zawiera 33 bibu\u0142ki. Pude\u0142ko Kingsize zawiera 50 opakowa\u0144.<br \/>\n<\/span><\/p>","protected":false},"featured_media":13227,"template":"","meta":[],"product_brand":[],"product_cat":[297,414,446,421],"product_tag":[],"class_list":{"0":"post-8697","1":"product","2":"type-product","3":"status-publish","4":"has-post-thumbnail","6":"product_cat-all-products","7":"product_cat-headshop","8":"product_cat-papers","9":"product_cat-rolling-papers","10":"product_shipping_class-creditcard-on","12":"first","13":"instock","14":"taxable","15":"shipping-taxable","16":"purchasable","17":"product-type-simple"},"_links":{"self":[{"href":"https:\/\/www.headshop.nl\/pl\/wp-json\/wp\/v2\/product\/8697","targetHints":{"allow":["GET"]}}],"collection":[{"href":"https:\/\/www.headshop.nl\/pl\/wp-json\/wp\/v2\/product"}],"about":[{"href":"https:\/\/www.headshop.nl\/pl\/wp-json\/wp\/v2\/types\/product"}],"wp:featuredmedia":[{"embeddable":true,"href":"https:\/\/www.headshop.nl\/pl\/wp-json\/wp\/v2\/media\/13227"}],"wp:attachment":[{"href":"https:\/\/www.headshop.nl\/pl\/wp-json\/wp\/v2\/media?parent=8697"}],"wp:term":[{"taxonomy":"product_brand","embeddable":true,"href":"https:\/\/www.headshop.nl\/pl\/wp-json\/wp\/v2\/product_brand?post=8697"},{"taxonomy":"product_cat","embeddable":true,"href":"https:\/\/www.headshop.nl\/pl\/wp-json\/wp\/v2\/product_cat?post=8697"},{"taxonomy":"product_tag","embeddable":true,"href":"https:\/\/www.headshop.nl\/pl\/wp-json\/wp\/v2\/product_tag?post=8697"}],"curies":[{"name":"wp","href":"https:\/\/api.w.org\/{rel}","templated":true}]}}