{"id":8690,"date":"2018-01-08T19:28:37","date_gmt":"2018-01-08T19:28:37","guid":{"rendered":"http:\/\/headshop.nl\/?post_type=product&#038;p=8690"},"modified":"2024-09-17T10:49:41","modified_gmt":"2024-09-17T10:49:41","slug":"smoking-brown","status":"publish","type":"product","link":"https:\/\/www.headshop.nl\/pl\/smoking-brown\/","title":{"rendered":"Smoking Br\u0105zowy, bardzo cienki"},"content":{"rendered":"<h2><span style=\"color: #000000; font-size: 95%;\">Smoking Brown Rolling Paper, pude\u0142ko Kingsize.<\/span><strong><br \/>\n<\/strong><\/h2>\n<p><span style=\"color: #000000;\">Dzi\u0119ki tej bibu\u0142ce firma odpowiada na najnowsze trendy w paleniu. Bibu\u0142ka jest niebielona, bardzo cienka i pali si\u0119 powoli. Dzi\u0119ki temu palenie jest znacznie przyjemniejsze. Pude\u0142ko zawiera 50 paczek bibu\u0142ek, a ka\u017cda paczka zawiera 33 bibu\u0142ki. Pe\u0142ne pude\u0142ko zawiera 50 paczek. Dlatego ten produkt wystarczy ci na d\u0142ugi czas!<\/span><\/p>\n<p><span style=\"color: #000000;\"><strong> Rodzaj:<\/strong> Papier bez chloru i naturalna guma<\/span><br \/>\n<span style=\"color: #000000;\"><strong> Weight:<\/strong> 13 g\/m2<\/span><br \/>\n<span style=\"color: #000000;\"><strong> Oficjalny:<\/strong> Certyfikat FSC<\/span><br \/>\n<span style=\"color: #000000;\"><strong> Papier do rolowania:<\/strong> 33 li\u015bcie w opakowaniu<\/span><br \/>\n<span style=\"color: #000000;\"><strong> Pakiety:<\/strong> Pude\u0142ko zawiera 50 opakowa\u0144<\/span><\/p>","protected":false},"excerpt":{"rendered":"<p><span style=\"color: #000000;\">Br\u0105zowy niebielony Kingsize Slim Rolling Papers to ca\u0142kiem nowy dodatek do rodziny Smoking Range. Sam papier jest niebielony, nie zawiera chloru i nie ma smaku, wi\u0119c jest idealny, aby cieszy\u0107 si\u0119 pe\u0142nym smakiem! Pude\u0142ko Kingsize zawiera 50 paczek.<br \/>\n<\/span><\/p>","protected":false},"featured_media":13218,"template":"","meta":[],"product_brand":[],"product_cat":[297,414,446,421],"product_tag":[],"class_list":{"0":"post-8690","1":"product","2":"type-product","3":"status-publish","4":"has-post-thumbnail","6":"product_cat-all-products","7":"product_cat-headshop","8":"product_cat-papers","9":"product_cat-rolling-papers","10":"product_shipping_class-creditcard-on","12":"first","13":"instock","14":"taxable","15":"shipping-taxable","16":"purchasable","17":"product-type-simple"},"_links":{"self":[{"href":"https:\/\/www.headshop.nl\/pl\/wp-json\/wp\/v2\/product\/8690","targetHints":{"allow":["GET"]}}],"collection":[{"href":"https:\/\/www.headshop.nl\/pl\/wp-json\/wp\/v2\/product"}],"about":[{"href":"https:\/\/www.headshop.nl\/pl\/wp-json\/wp\/v2\/types\/product"}],"wp:featuredmedia":[{"embeddable":true,"href":"https:\/\/www.headshop.nl\/pl\/wp-json\/wp\/v2\/media\/13218"}],"wp:attachment":[{"href":"https:\/\/www.headshop.nl\/pl\/wp-json\/wp\/v2\/media?parent=8690"}],"wp:term":[{"taxonomy":"product_brand","embeddable":true,"href":"https:\/\/www.headshop.nl\/pl\/wp-json\/wp\/v2\/product_brand?post=8690"},{"taxonomy":"product_cat","embeddable":true,"href":"https:\/\/www.headshop.nl\/pl\/wp-json\/wp\/v2\/product_cat?post=8690"},{"taxonomy":"product_tag","embeddable":true,"href":"https:\/\/www.headshop.nl\/pl\/wp-json\/wp\/v2\/product_tag?post=8690"}],"curies":[{"name":"wp","href":"https:\/\/api.w.org\/{rel}","templated":true}]}}