{"id":8688,"date":"2018-01-08T19:13:05","date_gmt":"2018-01-08T19:13:05","guid":{"rendered":"http:\/\/headshop.nl\/?post_type=product&#038;p=8688"},"modified":"2025-07-28T06:34:34","modified_gmt":"2025-07-28T06:34:34","slug":"smoking-blue","status":"publish","type":"product","link":"https:\/\/www.headshop.nl\/pl\/smoking-blue\/","title":{"rendered":"Smoking Niebieski, Kingsize"},"content":{"rendered":"<h2><span style=\"font-size: 95%; color: #000000;\">Smoking Blue Rolling Paper, pude\u0142ko Kingsize.<\/span><strong><br \/>\n<\/strong><\/h2>\n<p><span style=\"color: #000000;\">Niebieskie papiery Smoking to jedne z najpopularniejszych papier\u00f3w, jakie sprzedajemy. Ka\u017cdy listek jest wykonany z czystego papieru ry\u017cowego, co zapewnia pewno\u015b\u0107 i naturaln\u0105 gum\u0119, kt\u00f3ra przykleja si\u0119 za ka\u017cdym razem. Papierowy pasek z\u0142o\u017cony z listkami przypomina o ko\u0144cz\u0105cych si\u0119 zapasach. <\/span><\/p>\n<p><span style=\"color: #000000;\"><strong>Rodzaj:<\/strong> Czysty papier ry\u017cowy i naturalna guma<\/span><br \/>\n<span style=\"color: #000000;\"><strong>Rolling Papers:<\/strong> 33 li\u015bcie w opakowaniu<\/span><br \/>\n<span style=\"color: #000000;\"><strong>Pakiety:<\/strong> 50 opakowa\u0144<\/span><br \/>\n<span style=\"color: #000000;\"><strong> Rozmiar:<\/strong> 108 mm x 52 mm<\/span><br \/>\n<span style=\"color: #000000;\"><strong> Oficjalny:<\/strong> Certyfikat FSC<\/span><br \/>\n<span style=\"color: #000000;\"><strong> Przejrzysto\u015b\u0107:<\/strong> Maksimum<\/span><\/p>","protected":false},"excerpt":{"rendered":"<p><span style=\"color: #000000;\">Wysoko cenione przez u\u017cytkownik\u00f3w marihuany, ka\u017cde d\u0142ugotrwa\u0142e opakowanie Smoking Blue zawiera 33 arkusze w opakowaniu i 50 opakowa\u0144 w pude\u0142ku typu kingsize. Ta wersja jest r\u00f3wnie\u017c wyposa\u017cona w organiczn\u0105 gum\u0119, kt\u00f3ra jest bezpieczna do lizania i uszczelniania dzi\u0119ki wysokiej jako\u015bci papierowi ry\u017cowemu.<\/span><\/p>","protected":false},"featured_media":13261,"template":"","meta":[],"product_brand":[],"product_cat":[297,414,627,446,421],"product_tag":[],"class_list":{"0":"post-8688","1":"product","2":"type-product","3":"status-publish","4":"has-post-thumbnail","6":"product_cat-all-products","7":"product_cat-headshop","8":"product_cat-headshop-top-10","9":"product_cat-papers","10":"product_cat-rolling-papers","11":"product_shipping_class-creditcard-on","13":"first","14":"instock","15":"taxable","16":"shipping-taxable","17":"purchasable","18":"product-type-simple"},"_links":{"self":[{"href":"https:\/\/www.headshop.nl\/pl\/wp-json\/wp\/v2\/product\/8688","targetHints":{"allow":["GET"]}}],"collection":[{"href":"https:\/\/www.headshop.nl\/pl\/wp-json\/wp\/v2\/product"}],"about":[{"href":"https:\/\/www.headshop.nl\/pl\/wp-json\/wp\/v2\/types\/product"}],"wp:featuredmedia":[{"embeddable":true,"href":"https:\/\/www.headshop.nl\/pl\/wp-json\/wp\/v2\/media\/13261"}],"wp:attachment":[{"href":"https:\/\/www.headshop.nl\/pl\/wp-json\/wp\/v2\/media?parent=8688"}],"wp:term":[{"taxonomy":"product_brand","embeddable":true,"href":"https:\/\/www.headshop.nl\/pl\/wp-json\/wp\/v2\/product_brand?post=8688"},{"taxonomy":"product_cat","embeddable":true,"href":"https:\/\/www.headshop.nl\/pl\/wp-json\/wp\/v2\/product_cat?post=8688"},{"taxonomy":"product_tag","embeddable":true,"href":"https:\/\/www.headshop.nl\/pl\/wp-json\/wp\/v2\/product_tag?post=8688"}],"curies":[{"name":"wp","href":"https:\/\/api.w.org\/{rel}","templated":true}]}}