{"id":8685,"date":"2018-01-08T18:45:00","date_gmt":"2018-01-08T18:45:00","guid":{"rendered":"http:\/\/headshop.nl\/?post_type=product&#038;p=8685"},"modified":"2024-09-17T10:49:43","modified_gmt":"2024-09-17T10:49:43","slug":"smoking-black","status":"publish","type":"product","link":"https:\/\/www.headshop.nl\/pl\/smoking-black\/","title":{"rendered":"Smoking Czarny, bardzo cienki"},"content":{"rendered":"<h2><span style=\"color: #000000; font-size: 95%;\">Smoking Czarny <\/span><span style=\"color: #000000; font-size: 95%;\">Rolling Paper, pude\u0142ko Kingsize.<\/span><strong><br \/>\n<\/strong><\/h2>\n<p><span style=\"color: #000000;\">Smoking Papers, znany r\u00f3wnie\u017c jako Smoking Rolling Papers, jest prawdopodobnie najbardziej znan\u0105 mark\u0105 d\u0142ugich bletek na \u015bwiecie. Ze wzgl\u0119du na niewielkie wymiary, Smoking Black jest szczeg\u00f3lnie odpowiedni dla zaawansowanych skr\u0119caczy. Dzi\u0119ki temu d\u0142ugiemu przep\u0142ywowi nie jest konieczne obracanie po\u0142\u0105cze\u0144 na lew\u0105 stron\u0119.<\/span><\/p>\n<p><span style=\"color: #000000;\"><strong>Rodzaj:<\/strong> Smuk\u0142y format.<\/span><br \/>\n<span style=\"color: #000000;\"><strong>Pakiety:<\/strong> 50 opakowa\u0144.<\/span><br \/>\n<span style=\"color: #000000;\"><strong> Bletki:<\/strong> 33 papiery w opakowaniu.<\/span><br \/>\n<strong><span style=\"color: #000000;\"> Wymiary:<\/span><\/strong><span style=\"color: #000000;\"> 110 x 44<\/span><br \/>\n<span style=\"color: #000000;\"><strong>Weight:<\/strong> 13 gr \/ m2<\/span><br \/>\n<span style=\"color: #000000;\"><strong>Oficjalny:<\/strong> Certyfikat FSC\u00ae.<\/span><\/p>","protected":false},"excerpt":{"rendered":"<p><span style=\"color: #000000;\">Smoking Black jest uwielbiany przez bardziej do\u015bwiadczonych palaczy. Materia\u0142 jest lekki i cienki! Dzi\u0119ki temu niezwykle ciasnemu, d\u0142ugiemu przep\u0142ywowi s\u0142ynnego Smoking Papers zaciskasz najcia\u015bniejsze po\u0142\u0105czenia w historii. Zawiera 50 opakowa\u0144.<br \/>\n<\/span><\/p>","protected":false},"featured_media":13222,"template":"","meta":[],"product_brand":[],"product_cat":[297,414,446,421],"product_tag":[],"class_list":{"0":"post-8685","1":"product","2":"type-product","3":"status-publish","4":"has-post-thumbnail","6":"product_cat-all-products","7":"product_cat-headshop","8":"product_cat-papers","9":"product_cat-rolling-papers","10":"product_shipping_class-creditcard-on","12":"first","13":"instock","14":"taxable","15":"shipping-taxable","16":"purchasable","17":"product-type-simple"},"_links":{"self":[{"href":"https:\/\/www.headshop.nl\/pl\/wp-json\/wp\/v2\/product\/8685","targetHints":{"allow":["GET"]}}],"collection":[{"href":"https:\/\/www.headshop.nl\/pl\/wp-json\/wp\/v2\/product"}],"about":[{"href":"https:\/\/www.headshop.nl\/pl\/wp-json\/wp\/v2\/types\/product"}],"wp:featuredmedia":[{"embeddable":true,"href":"https:\/\/www.headshop.nl\/pl\/wp-json\/wp\/v2\/media\/13222"}],"wp:attachment":[{"href":"https:\/\/www.headshop.nl\/pl\/wp-json\/wp\/v2\/media?parent=8685"}],"wp:term":[{"taxonomy":"product_brand","embeddable":true,"href":"https:\/\/www.headshop.nl\/pl\/wp-json\/wp\/v2\/product_brand?post=8685"},{"taxonomy":"product_cat","embeddable":true,"href":"https:\/\/www.headshop.nl\/pl\/wp-json\/wp\/v2\/product_cat?post=8685"},{"taxonomy":"product_tag","embeddable":true,"href":"https:\/\/www.headshop.nl\/pl\/wp-json\/wp\/v2\/product_tag?post=8685"}],"curies":[{"name":"wp","href":"https:\/\/api.w.org\/{rel}","templated":true}]}}