{"id":8555,"date":"2018-01-05T13:57:16","date_gmt":"2018-01-05T13:57:16","guid":{"rendered":"http:\/\/headshop.nl\/?post_type=product&#038;p=8555"},"modified":"2025-01-29T13:25:42","modified_gmt":"2025-01-29T13:25:42","slug":"cola-nut-powder-uppers","status":"publish","type":"product","link":"https:\/\/www.headshop.nl\/pl\/cola-nut-powder-uppers\/","title":{"rendered":"Cola Nut Powder"},"content":{"rendered":"<h2 data-pm-slice=\"1 1 []\">Co to jest Cola Nut?<\/h2>\n<p>Cola Nut to naturalny produkt pozyskiwany z nasion ro\u015bliny Cola Nitida, powszechnie znanej jako Kolanoot. Ta tropikalna ro\u015blina, kt\u00f3ra mo\u017ce dorasta\u0107 do 20 metr\u00f3w wysoko\u015bci, pochodzi z las\u00f3w deszczowych Afryki. Nasiona ro\u015bliny Cola Nitida zawieraj\u0105 kofein\u0119, naturalny \u015brodek pobudzaj\u0105cy, kt\u00f3ry zwi\u0119ksza poziom energii i poprawia jasno\u015b\u0107 umys\u0142u. Od wiek\u00f3w Cola Nut by\u0142a stosowana w tradycyjnej medycynie do zwalczania zm\u0119czenia, poprawy koncentracji, a nawet wywo\u0142ywania poczucia euforii.<\/p>\n<p>Pobudzaj\u0105ce dzia\u0142anie Cola Nut wynika z naturalnie wyst\u0119puj\u0105cej kofeiny, tego samego zwi\u0105zku, kt\u00f3ry mo\u017cna znale\u017a\u0107 w kawie i herbacie. Sprawia to, \u017ce jest to doskona\u0142a alternatywa dla konwencjonalnych napoj\u00f3w zawieraj\u0105cych kofein\u0119. Niezale\u017cnie od tego, czy potrzebujesz zastrzyku energii w ci\u0105gu dnia, czy te\u017c zwi\u0119kszonej wydajno\u015bci fizycznej, Cola Nut zapewnia naturalny i trwa\u0142y efekt pobudzenia bez powszechnego kofeinowego za\u0142amania.<\/p>\n<p>Opr\u00f3cz dzia\u0142ania energetyzuj\u0105cego, uwa\u017ca si\u0119 r\u00f3wnie\u017c, \u017ce Cola Nut wspomaga kontrol\u0119 masy cia\u0142a. Jego w\u0142a\u015bciwo\u015bci pobudzaj\u0105ce mog\u0105 pom\u00f3c w poprawie metabolizmu, t\u0142umieniu apetytu i wspomaganiu trawienia, co czyni go cennym dodatkiem do zdrowego stylu \u017cycia.<\/p>\n<h2>Historia Cola Nut<\/h2>\n<p>Cola Nut ma d\u0142ug\u0105 i bogat\u0105 histori\u0119, g\u0142\u0119boko zakorzenion\u0105 w afryka\u0144skiej kulturze i tradycjach. Przez wieki afryka\u0144skie plemiona wykorzystywa\u0142y nasiona ro\u015bliny Cola Nitida zar\u00f3wno do cel\u00f3w leczniczych, jak i spo\u0142ecznych. Ludzie \u017culi Cola Nut, aby zwi\u0119kszy\u0107 wytrzyma\u0142o\u015b\u0107, zwalczy\u0107 zm\u0119czenie i utrzyma\u0107 energi\u0119 podczas d\u0142ugich podr\u00f3\u017cy lub wymagaj\u0105cych fizycznie zada\u0144. W wielu kulturach afryka\u0144skich nasiona Cola Nut by\u0142y r\u00f3wnie\u017c wymieniane jako symbole go\u015bcinno\u015bci, szacunku i dobrej woli.<\/p>\n<p>W miar\u0119 jak ros\u0142a jego reputacja w zakresie zwi\u0119kszania energii i witalno\u015bci, Cola Nut sta\u0142 si\u0119 wysoko cenionym towarem. Ostatecznie trafi\u0142 on na globalny rynek, staj\u0105c si\u0119 kluczowym sk\u0142adnikiem oryginalnej formu\u0142y Coca-Coli. Nap\u00f3j by\u0142 pocz\u0105tkowo wytwarzany przy u\u017cyciu Cola Nut jako g\u0142\u00f3wnego \u017ar\u00f3d\u0142a kofeiny, nadaj\u0105c mu charakterystyczn\u0105 nazw\u0119. Chocia\u017c syntetyczna kofeina zast\u0105pi\u0142a naturaln\u0105 Cola Nut w komercyjnych napojach gazowanych, ro\u015blina ta pozostaje dobrze znanym naturalnym stymulantem.<\/p>\n<p>Obecnie Cola Nut jest nadal ceniony za swoje w\u0142a\u015bciwo\u015bci pobudzaj\u0105ce. Jest szeroko stosowany w nowoczesnych produktach zdrowotnych i wellness jako naturalna alternatywa dla sztucznych wzmacniaczy energii.<\/p>\n<h2>Jak u\u017cywa\u0107 Cola Nut<\/h2>\n<p>Aby zmaksymalizowa\u0107 korzy\u015bci p\u0142yn\u0105ce z Cola Nut, nale\u017cy go spo\u017cywa\u0107 z umiarem. Zalecana dawka to 1 gram dziennie, co mo\u017cna \u0142atwo w\u0142\u0105czy\u0107 do codziennej rutyny. Cola Nut mo\u017cna dodawa\u0107 do koktajli, shake'\u00f3w i innych napoj\u00f3w lub przyjmowa\u0107 jako samodzielny suplement.<\/p>\n<p>Poniewa\u017c Cola Nut zawiera kofein\u0119, wa\u017cne jest, aby monitorowa\u0107 ca\u0142kowite spo\u017cycie kofeiny, aby unikn\u0105\u0107 nadmiernego pobudzenia. Je\u015bli jeste\u015b wra\u017cliwy na kofein\u0119, zacznij od ni\u017cszej dawki, aby oceni\u0107 swoj\u0105 tolerancj\u0119. Wiele os\u00f3b stosuje Cola Nut jako suplement przedtreningowy w celu zwi\u0119kszenia wytrzyma\u0142o\u015bci i skupienia, pomagaj\u0105c im przej\u015b\u0107 przez intensywne sesje \u0107wicze\u0144 z trwa\u0142\u0105 energi\u0105.<\/p>\n<p>Cola Nut to wszechstronny dodatek do ka\u017cdego schematu zdrowotnego, niezale\u017cnie od tego, czy szukasz naturalnego zastrzyku energii, poprawy jasno\u015bci umys\u0142u, czy pomocy w kontroli wagi. Jego ro\u015blinny, przyjazny dla wegan sk\u0142ad sprawia, \u017ce jest to doskona\u0142y wyb\u00f3r dla os\u00f3b zaanga\u017cowanych w czyste i naturalne rozwi\u0105zania wellness.<\/p>\n<h2>Sk\u0142adniki Cola Nut<\/h2>\n<p>Cola Nut zawiera pojedynczy, pot\u0119\u017cny sk\u0142adnik: Cola Nitida. Ten naturalny sk\u0142adnik pochodzi z nasion ro\u015bliny Cola Nitida, kt\u00f3ra ro\u015bnie w tropikalnych lasach deszczowych Afryki. Nasiona s\u0105 naturalnie bogate w kofein\u0119, kluczowy zwi\u0105zek odpowiedzialny za stymuluj\u0105ce dzia\u0142anie Cola Nut.<\/p>\n<p>Kofeina dzia\u0142a poprzez stymulacj\u0119 o\u015brodkowego uk\u0142adu nerwowego, zwi\u0119kszaj\u0105c czujno\u015b\u0107, wyostrzaj\u0105c koncentracj\u0119 i zmniejszaj\u0105c zm\u0119czenie. Opr\u00f3cz kofeiny, Cola Nut mo\u017ce zawiera\u0107 \u015bladowe ilo\u015bci innych zwi\u0105zk\u00f3w, kt\u00f3re dodatkowo przyczyniaj\u0105 si\u0119 do jego w\u0142a\u015bciwo\u015bci energetyzuj\u0105cych. Poniewa\u017c Cola Nut jest naturalnym \u017ar\u00f3d\u0142em kofeiny, stanowi lepsz\u0105 alternatyw\u0119 dla syntetycznych stymulant\u00f3w powszechnie wyst\u0119puj\u0105cych w napojach energetycznych i suplementach.<\/p>\n<p>Cola Nut od Indian Elements jest 100% naturalny i wega\u0144ski, wolny od sztucznych dodatk\u00f3w i konserwant\u00f3w. Zapewnia to czysty i zr\u00f3wnowa\u017cony produkt dla os\u00f3b, kt\u00f3re priorytetowo traktuj\u0105 wysokiej jako\u015bci, naturalne sk\u0142adniki w swoim schemacie odnowy biologicznej.<\/p>\n<p><strong>Ostrze\u017cenie<\/strong><\/p>\n<p>Cola Nut jest przeznaczony wy\u0142\u0105cznie do u\u017cytku przez osoby doros\u0142e (18+). Przechowywa\u0107 w miejscu niedost\u0119pnym dla dzieci. Nie nale\u017cy stosowa\u0107 tego produktu w po\u0142\u0105czeniu z inhibitorami MAO. Nie jest zalecany dla os\u00f3b z chorobami nerek lub serca, wysokim lub niskim ci\u015bnieniem krwi, cukrzyc\u0105 lub przyjmuj\u0105cych leki, narkotyki lub alkohol. Przed zastosowaniem Cola Nut nale\u017cy zawsze skonsultowa\u0107 si\u0119 z lekarzem, je\u015bli istniej\u0105 jakiekolwiek w\u0105tpliwo\u015bci natury medycznej. Ten produkt jest suplementem diety i powinien by\u0107 stosowany jako cz\u0119\u015b\u0107 zbilansowanej diety. Nie kupowa\u0107, je\u015bli plomba jest uszkodzona.<\/p>","protected":false},"excerpt":{"rendered":"<p><span style=\"color: #000000;\">Orzechy coli zawieraj\u0105 dwa procent kofeiny z teobromin\u0105 i kolanin\u0105 i dzia\u0142aj\u0105 pobudzaj\u0105co. Wspomaga kr\u0105\u017cenie i poziom tlenu w organizmie. Jest r\u00f3wnie\u017c obecny w czekoladzie, kt\u00f3ra zapewnia uczucie czujno\u015bci. Poprawia koncentracj\u0119, oczyszczaj\u0105c umys\u0142.<\/span><\/p>","protected":false},"featured_media":82166,"template":"","meta":[],"product_brand":[],"product_cat":[297,455,457,389,814,407,384,456],"product_tag":[],"class_list":{"0":"post-8555","1":"product","2":"type-product","3":"status-publish","4":"has-post-thumbnail","6":"product_cat-all-products","7":"product_cat-healthshop","8":"product_cat-herbs-healthshop","9":"product_cat-herbs","10":"product_cat-indian-elements","11":"product_cat-medicinal-herbs","12":"product_cat-smartshop","13":"product_cat-supplements","15":"first","16":"instock","17":"taxable","18":"shipping-taxable","19":"purchasable","20":"product-type-variable","21":"has-default-attributes"},"_links":{"self":[{"href":"https:\/\/www.headshop.nl\/pl\/wp-json\/wp\/v2\/product\/8555","targetHints":{"allow":["GET"]}}],"collection":[{"href":"https:\/\/www.headshop.nl\/pl\/wp-json\/wp\/v2\/product"}],"about":[{"href":"https:\/\/www.headshop.nl\/pl\/wp-json\/wp\/v2\/types\/product"}],"wp:featuredmedia":[{"embeddable":true,"href":"https:\/\/www.headshop.nl\/pl\/wp-json\/wp\/v2\/media\/82166"}],"wp:attachment":[{"href":"https:\/\/www.headshop.nl\/pl\/wp-json\/wp\/v2\/media?parent=8555"}],"wp:term":[{"taxonomy":"product_brand","embeddable":true,"href":"https:\/\/www.headshop.nl\/pl\/wp-json\/wp\/v2\/product_brand?post=8555"},{"taxonomy":"product_cat","embeddable":true,"href":"https:\/\/www.headshop.nl\/pl\/wp-json\/wp\/v2\/product_cat?post=8555"},{"taxonomy":"product_tag","embeddable":true,"href":"https:\/\/www.headshop.nl\/pl\/wp-json\/wp\/v2\/product_tag?post=8555"}],"curies":[{"name":"wp","href":"https:\/\/api.w.org\/{rel}","templated":true}]}}