{"id":85451,"date":"2025-07-21T10:00:53","date_gmt":"2025-07-21T10:00:53","guid":{"rendered":"https:\/\/www.headshop.nl\/?post_type=product&#038;p=85451"},"modified":"2025-08-01T09:19:28","modified_gmt":"2025-08-01T09:19:28","slug":"kanna-blitz-boost","status":"publish","type":"product","link":"https:\/\/www.headshop.nl\/pl\/kanna-blitz-boost\/","title":{"rendered":"Kanna Blitz Boost"},"content":{"rendered":"<h2 dir=\"ltr\" data-pm-slice=\"1 1 []\">Czym jest Kanna Blitz Boost?<\/h2>\n<p dir=\"ltr\" data-pm-slice=\"1 1 []\">Kanna Blitz Boost to wysokiej jako\u015bci suplement stworzony w celu zwi\u0119kszenia energii i nastroju, \u0142\u0105cz\u0105cy Sceletium tortuosum (kanna) z tauryn\u0105 i teobromin\u0105. Ekstrakt z kanna, bogaty w mesembryn\u0119, mesembrenon i \u03947-mesembrenon, sprzyja euforii i jasno\u015bci umys\u0142u, dzi\u0119ki czemu idealnie nadaje si\u0119 na spotkania towarzyskie lub dynamiczne zadania. Tauryna zwi\u0119ksza wytrzyma\u0142o\u015b\u0107 fizyczn\u0105, a teobromina zapewnia trwa\u0142\u0105 czujno\u015b\u0107 bez dr\u017cenia. Ta synergistyczna formu\u0142a sprawia, \u017ce Kanna Blitz Boost jest doskona\u0142ym wyborem dla tych, kt\u00f3rzy chc\u0105 zab\u0142ysn\u0105\u0107 w chwilach wysokiej energii. Wolny od sztucznych dodatk\u00f3w, zapewnia czysty, naturalny zastrzyk energii, kt\u00f3ry zwi\u0119ksza towarzysko\u015b\u0107 i pewno\u015b\u0107 siebie. Niezale\u017cnie od tego, czy przygotowujesz si\u0119 do wieczornego wyj\u015bcia, prezentacji czy kreatywnego projektu, Kanna Blitz Boost pozwala Ci promieniowa\u0107 pozytywnym nastawieniem i entuzjazmem. Zr\u00f3wnowa\u017cona mieszanka zapewnia \u0142agodne, podnosz\u0105ce na duchu doznania, idealne dla ka\u017cdego, kto chce podnie\u015b\u0107 swoj\u0105 obecno\u015b\u0107 i cieszy\u0107 si\u0119 \u017cywymi, po\u0142\u0105czonymi chwilami z energi\u0105 i opanowaniem.<\/p>\n<h2 dir=\"ltr\">Historia Kanna Blitz Boost<\/h2>\n<p dir=\"ltr\" data-pm-slice=\"1 1 []\">Dziedzictwo Kanna Blitz Boost czerpie z tradycyjnego stosowania kanna przez po\u0142udniowoafryka\u0144skie plemiona Khoikhoi i San, kt\u00f3re ceni\u0142y Sceletium tortuosum za jego poprawiaj\u0105ce nastr\u00f3j dzia\u0142anie. Przez wieki kanna by\u0142a \u017cuta lub parzona w celu promowania euforii i zmniejszenia stresu w sytuacjach spo\u0142ecznych i rytualnych, a alkaloidy takie jak mesembryna i \u03947-mesembrenon nap\u0119dza\u0142y jej korzy\u015bci. Nowoczesna innowacja po\u0142\u0105czy\u0142a kanna z tauryn\u0105 i teobromin\u0105, tworz\u0105c Kanna Blitz Boost, formu\u0142\u0119 dostosowan\u0105 do dzisiejszego, wysokoenergetycznego stylu \u017cycia. Mieszanka ta \u0142\u0105czy staro\u017cytn\u0105 m\u0105dro\u015b\u0107 ze wsp\u00f3\u0142czesn\u0105 nauk\u0105, oferuj\u0105c naturaln\u0105 alternatyw\u0119 dla syntetycznych wzmacniaczy nastroju i energii. Kanna Blitz Boost zyska\u0142 popularno\u015b\u0107 w\u015br\u00f3d os\u00f3b pragn\u0105cych zwi\u0119kszy\u0107 pewno\u015b\u0107 siebie i witalno\u015b\u0107 podczas spotka\u0144 towarzyskich lub wymagaj\u0105cych okazji. Jej rozw\u00f3j odzwierciedla zaanga\u017cowanie w wykorzystywanie rozwi\u0105za\u0144 opartych na ro\u015blinach, zapewniaj\u0105c niezawodne, podnosz\u0105ce na duchu do\u015bwiadczenie, kt\u00f3re honoruje kulturowe korzenie Kanna, jednocze\u015bnie zaspokajaj\u0105c wsp\u00f3\u0142czesne potrzeby w zakresie energii i r\u00f3wnowagi emocjonalnej.<\/p>\n<h2 dir=\"ltr\">Sk\u0142adniki Kanna Blitz Boost<\/h2>\n<p dir=\"ltr\" data-pm-slice=\"1 1 []\">Kanna Blitz Boost zosta\u0142 stworzony z silnej mieszanki ekstraktu Sceletium tortuosum, tauryny i teobrominy. Ekstrakt z kanna, bogaty w mesembryn\u0119, mesembrenon i \u03947-mesembrenon, wywo\u0142uje eufori\u0119 i jasno\u015b\u0107 umys\u0142u, tworz\u0105c rdze\u0144 formu\u0142y. Tauryna, aminokwas, zwi\u0119ksza energi\u0119 fizyczn\u0105 i wytrzyma\u0142o\u015b\u0107, idealn\u0105 do dynamicznych aktywno\u015bci. Teobromina, pochodz\u0105ca z kakao, wspomaga koncentracj\u0119 i uzupe\u0142nia w\u0142a\u015bciwo\u015bci poprawiaj\u0105ce nastr\u00f3j. Ta synergistyczna mieszanka jest wolna od sztucznych dodatk\u00f3w, zapewniaj\u0105c czysty, naturalny produkt. Ka\u017cdy sk\u0142adnik jest rygorystycznie testowany pod k\u0105tem jako\u015bci, zapewniaj\u0105c sta\u0142\u0105 si\u0142\u0119 dzia\u0142ania. Zoptymalizowany profil alkaloid\u00f3w sprawia, \u017ce Kanna Blitz Boost to wyj\u0105tkowy wyb\u00f3r dla os\u00f3b poszukuj\u0105cych naturalnej poprawy nastroju i energii. Niezale\u017cnie od tego, czy chodzi o imprezy towarzyskie, czy zadania wymagaj\u0105ce du\u017cej energii, formu\u0142a ta wspiera pewno\u015b\u0107 siebie i witalno\u015b\u0107, zapewniaj\u0105c czysty, skuteczny spos\u00f3b na zwi\u0119kszenie wydajno\u015bci i przyjemno\u015bci w ka\u017cdym otoczeniu dzi\u0119ki zr\u00f3wnowa\u017conemu, podnosz\u0105cemu na duchu do\u015bwiadczeniu.<\/p>\n<p dir=\"ltr\"><strong>Ostrze\u017cenie<\/strong><br \/>\nKanna Blitz Boost jest przeznaczony wy\u0142\u0105cznie dla os\u00f3b doros\u0142ych i nie jest odpowiedni dla kobiet w ci\u0105\u017cy lub karmi\u0105cych piersi\u0105. Skonsultuj si\u0119 z lekarzem przed u\u017cyciem, je\u015bli cierpisz na schorzenia, szczeg\u00f3lnie psychiczne lub zwi\u0105zane z sercem, lub przyjmujesz leki, takie jak leki przeciwdepresyjne lub stymulanty, poniewa\u017c mog\u0105 wyst\u0105pi\u0107 interakcje. Unikaj przekraczania zalecanej dawki, aby zapobiec skutkom ubocznym, takim jak dr\u017cenie lub \u0142agodny dyskomfort. Nie \u0142\u0105czy\u0107 z alkoholem lub innymi substancjami wp\u0142ywaj\u0105cymi na o\u015brodkowy uk\u0142ad nerwowy. Przechowywa\u0107 w miejscu niedost\u0119pnym dla dzieci.<\/p>","protected":false},"excerpt":{"rendered":"<p dir=\"ltr\" data-pm-slice=\"1 1 []\">Kanna Blitz Boost to energetyzuj\u0105ca mieszanka kanna, tauryny i teobrominy, zaprojektowana w celu podniesienia nastroju i energii. Dzi\u0119ki mesembrynie, mesembrenonowi i \u03947-mesembrenonowi zapewnia euforyczny wzrost, idealny na imprezy towarzyskie lub zadania wymagaj\u0105ce du\u017cej energii, naturalnie zwi\u0119kszaj\u0105c pewno\u015b\u0107 siebie i witalno\u015b\u0107.<\/p>","protected":false},"featured_media":85453,"template":"","meta":[],"product_brand":[],"product_cat":[385,297,384],"product_tag":[],"class_list":{"0":"post-85451","1":"product","2":"type-product","3":"status-publish","4":"has-post-thumbnail","6":"product_cat-kanna","7":"product_cat-all-products","8":"product_cat-smartshop","10":"first","11":"instock","12":"taxable","13":"shipping-taxable","14":"purchasable","15":"product-type-variable","16":"has-default-attributes"},"_links":{"self":[{"href":"https:\/\/www.headshop.nl\/pl\/wp-json\/wp\/v2\/product\/85451","targetHints":{"allow":["GET"]}}],"collection":[{"href":"https:\/\/www.headshop.nl\/pl\/wp-json\/wp\/v2\/product"}],"about":[{"href":"https:\/\/www.headshop.nl\/pl\/wp-json\/wp\/v2\/types\/product"}],"wp:featuredmedia":[{"embeddable":true,"href":"https:\/\/www.headshop.nl\/pl\/wp-json\/wp\/v2\/media\/85453"}],"wp:attachment":[{"href":"https:\/\/www.headshop.nl\/pl\/wp-json\/wp\/v2\/media?parent=85451"}],"wp:term":[{"taxonomy":"product_brand","embeddable":true,"href":"https:\/\/www.headshop.nl\/pl\/wp-json\/wp\/v2\/product_brand?post=85451"},{"taxonomy":"product_cat","embeddable":true,"href":"https:\/\/www.headshop.nl\/pl\/wp-json\/wp\/v2\/product_cat?post=85451"},{"taxonomy":"product_tag","embeddable":true,"href":"https:\/\/www.headshop.nl\/pl\/wp-json\/wp\/v2\/product_tag?post=85451"}],"curies":[{"name":"wp","href":"https:\/\/api.w.org\/{rel}","templated":true}]}}