{"id":85448,"date":"2025-07-21T07:27:48","date_gmt":"2025-07-21T07:27:48","guid":{"rendered":"https:\/\/www.headshop.nl\/?post_type=product&#038;p=85448"},"modified":"2025-07-23T12:24:19","modified_gmt":"2025-07-23T12:24:19","slug":"kanna-blitz-focus","status":"publish","type":"product","link":"https:\/\/www.headshop.nl\/pl\/kanna-blitz-focus\/","title":{"rendered":"Kanna Blitz Focus"},"content":{"rendered":"<h2 dir=\"ltr\" data-pm-slice=\"1 1 []\">Czym jest Kanna Blitz Focus?<\/h2>\n<p dir=\"ltr\">Kanna Blitz Focus to specjalistyczny suplement stworzony w celu zwi\u0119kszenia wydajno\u015bci poznawczej i utrzymania koncentracji podczas wymagaj\u0105cych aktywno\u015bci. \u0141\u0105czy w sobie Sceletium tortuosum, po\u0142udniowoafryka\u0144ski sukulent bogaty w alkaloidy poprawiaj\u0105ce nastr\u00f3j, takie jak \u03947-mesembrenon, z CBD, zwi\u0105zkiem pochodz\u0105cym z konopi, znanym ze swoich w\u0142a\u015bciwo\u015bci uspokajaj\u0105cych i wspomagaj\u0105cych koncentracj\u0119. To unikalne po\u0142\u0105czenie zapewnia zr\u00f3wnowa\u017cony, naturalny zastrzyk energii, idealny dla profesjonalist\u00f3w, student\u00f3w lub os\u00f3b kreatywnych zajmuj\u0105cych si\u0119 z\u0142o\u017conymi projektami lub egzaminami. Kanna Blitz Focus promuje jasno\u015b\u0107 umys\u0142u i pozytywny nastr\u00f3j, pomagaj\u0105c u\u017cytkownikom pozosta\u0107 w strefie bez nadmiernego pobudzenia. Nie zawiera sztucznych dodatk\u00f3w i oferuje czyste, niezawodne doznania. Synergia mi\u0119dzy kanna i CBD zapewnia trwa\u0142\u0105 koncentracj\u0119 przy jednoczesnym zmniejszeniu stresu, dzi\u0119ki czemu idealnie nadaje si\u0119 do zada\u0144 pod wysokim ci\u015bnieniem. Kanna Blitz Focus wyr\u00f3\u017cnia si\u0119 jako naturalna alternatywa dla syntetycznych \u015brodk\u00f3w wspomagaj\u0105cych koncentracj\u0119, umo\u017cliwiaj\u0105c u\u017cytkownikom osi\u0105gni\u0119cie szczytowej wydajno\u015bci umys\u0142owej z jasno\u015bci\u0105 i spokojem, niezale\u017cnie od tego, czy pracuj\u0105 nad skomplikowanymi zadaniami, czy realizuj\u0105 kreatywne przedsi\u0119wzi\u0119cia.<\/p>\n<h2 dir=\"ltr\">Historia Kanna Blitz Focus<\/h2>\n<p dir=\"ltr\">Korzenie Kanna Blitz Focus si\u0119gaj\u0105 tradycyjnego stosowania kanna przez po\u0142udniowoafryka\u0144skie plemiona Khoikhoi i San, kt\u00f3re polega\u0142y na Sceletium tortuosum w celu poprawy nastroju i wyostrzenia koncentracji umys\u0142u. Przez wieki kanna by\u0142a \u017cuta lub parzona, aby wspiera\u0107 r\u00f3wnowag\u0119 emocjonaln\u0105 podczas rytua\u0142\u00f3w i codziennego \u017cycia, z \u03947-mesembrenonem jako kluczowym alkaloidem. Nowoczesne w\u0142\u0105czenie CBD, pochodz\u0105cego z konopi, opiera si\u0119 na tym dziedzictwie, wykorzystuj\u0105c jego korzy\u015bci zmniejszaj\u0105ce stres i poprawiaj\u0105ce koncentracj\u0119. Kanna Blitz Focus \u0142\u0105czy te staro\u017cytne i wsp\u00f3\u0142czesne elementy, tworz\u0105c formu\u0142\u0119 dostosowan\u0105 do dzisiejszych szybko zmieniaj\u0105cych si\u0119 wymaga\u0144. Opracowany w celu zaspokojenia zapotrzebowania na naturalne wzmacniacze poznawcze, \u0142\u0105czy w sobie podnosz\u0105ce na duchu w\u0142a\u015bciwo\u015bci kanna z uspokajaj\u0105cym dzia\u0142aniem CBD, oferuj\u0105c czyst\u0105 alternatyw\u0119 dla stymulant\u00f3w. Jego rosn\u0105ca popularno\u015b\u0107 w\u015br\u00f3d os\u00f3b poszukuj\u0105cych jasno\u015bci umys\u0142u odzwierciedla jego skuteczno\u015b\u0107 w nowoczesnych kontekstach. Kanna Blitz Focus honoruje tradycyjne praktyki, jednocze\u015bnie wykorzystuj\u0105c post\u0119p naukowy, dostarczaj\u0105c silne, naturalne rozwi\u0105zanie zapewniaj\u0105ce trwa\u0142e skupienie i dobre samopoczucie emocjonalne w pracy, nauce lub kreatywnych zaj\u0119ciach.<\/p>\n<h2 dir=\"ltr\">Sk\u0142adniki Kanna Blitz Focus<\/h2>\n<p dir=\"ltr\">Kanna Blitz Focus sk\u0142ada si\u0119 z dw\u00f3ch podstawowych sk\u0142adnik\u00f3w: ekstraktu Sceletium tortuosum i CBD. Ekstrakt z kanna, standaryzowany na wysok\u0105 zawarto\u015b\u0107 \u03947-mesembrenonu, zapewnia dzia\u0142anie poprawiaj\u0105ce nastr\u00f3j i poprawiaj\u0105ce funkcje poznawcze, wspieraj\u0105c ostro\u015b\u0107 i jasno\u015b\u0107 umys\u0142u. CBD, pozyskiwane z wysokiej jako\u015bci konopi, sprzyja relaksacji i redukcji stresu, uzupe\u0142niaj\u0105c podnosz\u0105ce na duchu w\u0142a\u015bciwo\u015bci kanna. Ta synergiczna mieszanka tworzy zr\u00f3wnowa\u017con\u0105 formu\u0142\u0119, kt\u00f3ra zwi\u0119ksza produktywno\u015b\u0107 bez nadmiernego pobudzenia. Wolny od sztucznych wype\u0142niaczy i dodatk\u00f3w, Kanna Blitz Focus zapewnia czyste, naturalne doznania. \u03947-mesembrenon jest starannie kalibrowany w celu zapewnienia sta\u0142ej mocy, podczas gdy CBD przechodzi rygorystyczne testy w celu spe\u0142nienia standard\u00f3w jako\u015bci. Ten uproszczony profil sk\u0142adnik\u00f3w sprawia, \u017ce produkt jest skuteczny i dost\u0119pny dla os\u00f3b poszukuj\u0105cych naturalnego wsparcia poznawczego. Niezale\u017cnie od tego, czy chodzi o prac\u0119, nauk\u0119 czy kreatywne zadania, Kanna Blitz Focus zapewnia niezawodne zwi\u0119kszenie wydajno\u015bci umys\u0142owej, pomagaj\u0105c u\u017cytkownikom zachowa\u0107 koncentracj\u0119 i spok\u00f3j pod presj\u0105 dzi\u0119ki formule zakorzenionej w jako\u015bci i prostocie.<\/p>\n<p dir=\"ltr\"><strong>Ostrze\u017cenie<\/strong><br \/>\nKanna Blitz Focus jest przeznaczony wy\u0142\u0105cznie dla os\u00f3b doros\u0142ych i nie jest odpowiedni dla kobiet w ci\u0105\u017cy lub karmi\u0105cych piersi\u0105. Skonsultuj si\u0119 z pracownikiem s\u0142u\u017cby zdrowia przed u\u017cyciem, je\u015bli masz schorzenia, zw\u0142aszcza zwi\u0105zane ze zdrowiem psychicznym, lub przyjmujesz leki, takie jak leki przeciwdepresyjne lub uspokajaj\u0105ce, poniewa\u017c mog\u0105 wyst\u0105pi\u0107 interakcje. Nale\u017cy unika\u0107 przekraczania zalecanej dawki, aby zapobiec \u0142agodnym skutkom ubocznym, takim jak zawroty g\u0142owy lub zm\u0119czenie. Nie \u0142\u0105czy\u0107 z alkoholem lub innymi substancjami wp\u0142ywaj\u0105cymi na o\u015brodkowy uk\u0142ad nerwowy. Przechowywa\u0107 w miejscu niedost\u0119pnym dla dzieci.<\/p>","protected":false},"excerpt":{"rendered":"<p dir=\"ltr\" data-pm-slice=\"1 1 []\">Kanna Blitz Focus to najwy\u017cszej jako\u015bci mieszanka kanna i CBD, wzbogacona \u03947-mesembrenonem, zaprojektowana w celu zwi\u0119kszenia jasno\u015bci umys\u0142u i utrzymania koncentracji. Idealna do pracy, nauki lub kreatywnych zada\u0144, ta naturalna formu\u0142a promuje spokojny, produktywny spos\u00f3b my\u015blenia, pomagaj\u0105c pozosta\u0107 zaanga\u017cowanym bez rozpraszania uwagi.<\/p>","protected":false},"featured_media":85567,"template":"","meta":[],"product_brand":[],"product_cat":[297,385,384],"product_tag":[],"class_list":{"0":"post-85448","1":"product","2":"type-product","3":"status-publish","4":"has-post-thumbnail","6":"product_cat-all-products","7":"product_cat-kanna","8":"product_cat-smartshop","10":"first","11":"instock","12":"taxable","13":"shipping-taxable","14":"purchasable","15":"product-type-variable","16":"has-default-attributes"},"_links":{"self":[{"href":"https:\/\/www.headshop.nl\/pl\/wp-json\/wp\/v2\/product\/85448","targetHints":{"allow":["GET"]}}],"collection":[{"href":"https:\/\/www.headshop.nl\/pl\/wp-json\/wp\/v2\/product"}],"about":[{"href":"https:\/\/www.headshop.nl\/pl\/wp-json\/wp\/v2\/types\/product"}],"wp:featuredmedia":[{"embeddable":true,"href":"https:\/\/www.headshop.nl\/pl\/wp-json\/wp\/v2\/media\/85567"}],"wp:attachment":[{"href":"https:\/\/www.headshop.nl\/pl\/wp-json\/wp\/v2\/media?parent=85448"}],"wp:term":[{"taxonomy":"product_brand","embeddable":true,"href":"https:\/\/www.headshop.nl\/pl\/wp-json\/wp\/v2\/product_brand?post=85448"},{"taxonomy":"product_cat","embeddable":true,"href":"https:\/\/www.headshop.nl\/pl\/wp-json\/wp\/v2\/product_cat?post=85448"},{"taxonomy":"product_tag","embeddable":true,"href":"https:\/\/www.headshop.nl\/pl\/wp-json\/wp\/v2\/product_tag?post=85448"}],"curies":[{"name":"wp","href":"https:\/\/api.w.org\/{rel}","templated":true}]}}