{"id":85443,"date":"2025-07-21T10:00:55","date_gmt":"2025-07-21T10:00:55","guid":{"rendered":"https:\/\/www.headshop.nl\/?post_type=product&#038;p=85443"},"modified":"2025-07-23T12:23:49","modified_gmt":"2025-07-23T12:23:49","slug":"kanna-blitz-speed","status":"publish","type":"product","link":"https:\/\/www.headshop.nl\/pl\/kanna-blitz-speed\/","title":{"rendered":"Kanna Blitz Speed"},"content":{"rendered":"<h2 dir=\"ltr\" data-pm-slice=\"1 1 []\">Co to jest Kanna Blitz Speed?<\/h2>\n<p dir=\"ltr\">Kanna Blitz Speed to pobudzaj\u0105cy suplement, kt\u00f3ry wykorzystuje naturalne w\u0142a\u015bciwo\u015bci Sceletium tortuosum, po\u0142udniowoafryka\u0144skiego sukulenta, w po\u0142\u0105czeniu z tauryn\u0105, teobromin\u0105 i kofein\u0105, aby zapewni\u0107 dynamiczny zastrzyk energii. Ekstrakt z kanna, bogaty w mezembrin\u0119, poprawia nastr\u00f3j i zwi\u0119ksza jasno\u015b\u0107 umys\u0142u, podczas gdy kofeina zwi\u0119ksza czujno\u015b\u0107. Tauryna wspomaga wytrzyma\u0142o\u015b\u0107, a teobromina zapewnia trwa\u0142e skupienie bez dr\u017cenia. Ta starannie opracowana mieszanka jest idealna dla os\u00f3b wykonuj\u0105cych wysokoenergetyczne zadania, od intensywnych trening\u00f3w po wymagaj\u0105ce projekty. Kanna Blitz Speed wyr\u00f3\u017cnia si\u0119 zbilansowan\u0105, synergistyczn\u0105 formu\u0142\u0105, zapewniaj\u0105c\u0105 p\u0142ynne, pot\u0119\u017cne efekty bez skutk\u00f3w ubocznych typowych dla suplement\u00f3w energetycznych. Wolny od sztucznych dodatk\u00f3w, oferuje czyste, naturalne rozwi\u0105zanie dla utrzymania motywacji i energii. Niezale\u017cnie od tego, czy jeste\u015b sportowcem, profesjonalist\u0105, czy kreatywnym, Kanna Blitz Speed pozwala Ci osi\u0105ga\u0107 najlepsze wyniki, zapewniaj\u0105c sta\u0142\u0105 energi\u0119 i skupienie, aby pokonywa\u0107 pracowite dni lub wyzwania fizyczne z pewno\u015bci\u0105 siebie i witalno\u015bci\u0105.<\/p>\n<h2 dir=\"ltr\">Historia Kanna Blitz Speed<\/h2>\n<p dir=\"ltr\">Dziedzictwo Kanna Blitz Speed jest zakorzenione w staro\u017cytnym stosowaniu kanna przez po\u0142udniowoafryka\u0144skie plemiona Khoikhoi i San, kt\u00f3re ceni\u0142y Sceletium tortuosum za jego zdolno\u015b\u0107 do poprawy nastroju i energii. Tradycyjnie kanna by\u0142a spo\u017cywana w celu zwi\u0119kszenia wytrzyma\u0142o\u015bci podczas polowa\u0144 lub ceremonii. Jej alkaloidy, takie jak mesembryna, by\u0142y kluczem do jej podnosz\u0105cego na duchu dzia\u0142ania. Nowoczesne osi\u0105gni\u0119cia udoskonali\u0142y kann\u0119 w silne ekstrakty, a Kanna Blitz Speed opiera si\u0119 na tym, \u0142\u0105cz\u0105c j\u0105 z tauryn\u0105, teobromin\u0105 i kofein\u0105. Tauryna, naturalnie wyst\u0119puj\u0105ca w organizmie, wspomaga wydajno\u015b\u0107 fizyczn\u0105, podczas gdy teobromina, pochodz\u0105ca z kakao, promuje sta\u0142\u0105 czujno\u015b\u0107. Kofeina wzmacnia naturalne pobudzenie kanna, tworz\u0105c formu\u0142\u0119 dostosowan\u0105 do dzisiejszego szybkiego tempa \u017cycia. To po\u0142\u0105czenie tradycyjnej wiedzy i wsp\u00f3\u0142czesnej nauki sprawi\u0142o, \u017ce Kanna Blitz Speed sta\u0142 si\u0119 ulubie\u0144cem w\u015br\u00f3d os\u00f3b poszukuj\u0105cych naturalnych rozwi\u0105za\u0144 energetycznych. Jego rozw\u00f3j odzwierciedla zaanga\u017cowanie w czyste, ro\u015blinne suplementy, oferuj\u0105c niezawodn\u0105 alternatyw\u0119 dla syntetycznych stymulant\u00f3w dla sportowc\u00f3w, profesjonalist\u00f3w i tw\u00f3rc\u00f3w, kt\u00f3rych celem jest utrzymanie szczytowej wydajno\u015bci w wymagaj\u0105cych scenariuszach.<\/p>\n<h2 dir=\"ltr\">Sk\u0142adniki Kanna Blitz Speed<\/h2>\n<p dir=\"ltr\">Kanna Blitz Speed zawiera siln\u0105 mieszank\u0119 ekstraktu Sceletium tortuosum, tauryny, teobrominy i kofeiny. Ekstrakt z kanna, bogaty w mezembrin\u0119, wspomaga nastr\u00f3j i jasno\u015b\u0107 umys\u0142u, tworz\u0105c podstaw\u0119 formu\u0142y. Tauryna, aminokwas, zwi\u0119ksza wytrzyma\u0142o\u015b\u0107 fizyczn\u0105 i zmniejsza zm\u0119czenie, idealny dla aktywnych u\u017cytkownik\u00f3w. Teobromina, pozyskiwana z kakao, wspomaga p\u0142ynne, trwa\u0142e skupienie, uzupe\u0142niaj\u0105c dzia\u0142anie kanna. Kofeina zwi\u0119ksza czujno\u015b\u0107, wzmacniaj\u0105c og\u00f3lny zastrzyk energii. Ta synergiczna mieszanka jest wolna od sztucznych dodatk\u00f3w, zapewniaj\u0105c czysty, naturalny produkt. Ka\u017cdy sk\u0142adnik jest starannie pozyskiwany i standaryzowany pod k\u0105tem sta\u0142ej mocy, zapewniaj\u0105c zr\u00f3wnowa\u017cony, ale silny efekt. Zoptymalizowany stosunek alkaloid\u00f3w maksymalizuje skuteczno\u015b\u0107, dzi\u0119ki czemu Kanna Blitz Speed jest doskona\u0142ym wyborem dla os\u00f3b potrzebuj\u0105cych naturalnego wsparcia dla wymaga\u0144 umys\u0142owych i fizycznych. Niezale\u017cnie od tego, czy chodzi o \u0107wiczenia, prac\u0119 czy kreatywne zaj\u0119cia, formu\u0142a ta zapewnia niezawodn\u0105 energi\u0119 i skupienie, dostosowane do wydajnego stylu \u017cycia bez uszczerbku dla jako\u015bci i naturalnych korzy\u015bci.<\/p>\n<p dir=\"ltr\"><strong>Ostrze\u017cenie<\/strong><br \/>\nKanna Blitz Speed jest przeznaczony wy\u0142\u0105cznie dla os\u00f3b doros\u0142ych i nie jest odpowiedni dla kobiet w ci\u0105\u017cy lub karmi\u0105cych piersi\u0105. Skonsultuj si\u0119 z lekarzem przed u\u017cyciem, je\u015bli cierpisz na schorzenia, szczeg\u00f3lnie zwi\u0105zane z sercem, lub przyjmujesz leki, takie jak stymulanty lub leki przeciwdepresyjne, poniewa\u017c mog\u0105 wyst\u0105pi\u0107 interakcje. Unikaj przekraczania zalecanej dawki, aby zapobiec skutkom ubocznym, takim jak dr\u017cenie lub bezsenno\u015b\u0107. Nie \u0142\u0105czy\u0107 z alkoholem lub innymi \u015brodkami pobudzaj\u0105cymi. Przechowywa\u0107 w miejscu niedost\u0119pnym dla dzieci.<\/p>","protected":false},"excerpt":{"rendered":"<p dir=\"ltr\" data-pm-slice=\"1 1 []\">Kanna Blitz Speed to pot\u0119\u017cna mieszanka kanna, tauryny, teobrominy i kofeiny, zaprojektowana w celu zapewnienia silnego przyp\u0142ywu energii. Idealna na treningi, d\u0142ugie dni pracy lub kreatywne zadania, ta synergistyczna formu\u0142a zwi\u0119ksza czujno\u015b\u0107, wytrzyma\u0142o\u015b\u0107 i skupienie, oferuj\u0105c naturalny zastrzyk energii dla aktywnego stylu \u017cycia.<\/p>","protected":false},"featured_media":85445,"template":"","meta":[],"product_brand":[],"product_cat":[385,297,384],"product_tag":[],"class_list":{"0":"post-85443","1":"product","2":"type-product","3":"status-publish","4":"has-post-thumbnail","6":"product_cat-kanna","7":"product_cat-all-products","8":"product_cat-smartshop","10":"first","11":"instock","12":"taxable","13":"shipping-taxable","14":"purchasable","15":"product-type-variable","16":"has-default-attributes"},"_links":{"self":[{"href":"https:\/\/www.headshop.nl\/pl\/wp-json\/wp\/v2\/product\/85443","targetHints":{"allow":["GET"]}}],"collection":[{"href":"https:\/\/www.headshop.nl\/pl\/wp-json\/wp\/v2\/product"}],"about":[{"href":"https:\/\/www.headshop.nl\/pl\/wp-json\/wp\/v2\/types\/product"}],"wp:featuredmedia":[{"embeddable":true,"href":"https:\/\/www.headshop.nl\/pl\/wp-json\/wp\/v2\/media\/85445"}],"wp:attachment":[{"href":"https:\/\/www.headshop.nl\/pl\/wp-json\/wp\/v2\/media?parent=85443"}],"wp:term":[{"taxonomy":"product_brand","embeddable":true,"href":"https:\/\/www.headshop.nl\/pl\/wp-json\/wp\/v2\/product_brand?post=85443"},{"taxonomy":"product_cat","embeddable":true,"href":"https:\/\/www.headshop.nl\/pl\/wp-json\/wp\/v2\/product_cat?post=85443"},{"taxonomy":"product_tag","embeddable":true,"href":"https:\/\/www.headshop.nl\/pl\/wp-json\/wp\/v2\/product_tag?post=85443"}],"curies":[{"name":"wp","href":"https:\/\/api.w.org\/{rel}","templated":true}]}}