{"id":85438,"date":"2025-07-21T10:00:54","date_gmt":"2025-07-21T10:00:54","guid":{"rendered":"https:\/\/www.headshop.nl\/?post_type=product&#038;p=85438"},"modified":"2025-07-23T12:23:59","modified_gmt":"2025-07-23T12:23:59","slug":"kanna-blitz-clarity","status":"publish","type":"product","link":"https:\/\/www.headshop.nl\/pl\/kanna-blitz-clarity\/","title":{"rendered":"Kanna Blitz Clarity"},"content":{"rendered":"<h2 dir=\"ltr\" data-pm-slice=\"1 1 []\">Czym jest Kanna Blitz Clarity?<\/h2>\n<p dir=\"ltr\">Kanna Blitz Clarity to wysokiej jako\u015bci suplement pochodz\u0105cy z Sceletium tortuosum, po\u0142udniowoafryka\u0144skiego sukulenta znanego ze swoich w\u0142a\u015bciwo\u015bci poznawczych i poprawiaj\u0105cych nastr\u00f3j. Ten silny ekstrakt jest bogaty w mesembrin\u0119, alkaloid, kt\u00f3ry wspomaga koncentracj\u0119 i jasno\u015b\u0107 umys\u0142u, dzi\u0119ki czemu idealnie nadaje si\u0119 do wymagaj\u0105cych zada\u0144. Wolny od dodatk\u00f3w, Kanna Blitz Clarity oferuje czyste, naturalne doznania, atrakcyjne zar\u00f3wno dla pocz\u0105tkuj\u0105cych, jak i do\u015bwiadczonych u\u017cytkownik\u00f3w kanna. Jego wszechstronno\u015b\u0107 pozwala na bezproblemow\u0105 integracj\u0119 z codzienn\u0105 rutyn\u0105, niezale\u017cnie od tego, czy chodzi o prac\u0119 zawodow\u0105, studia akademickie czy kreatywne projekty. Produkt zapewnia delikatny, ale skuteczny zastrzyk energii, pomagaj\u0105c u\u017cytkownikom pozosta\u0107 zaanga\u017cowanymi bez nadmiernej stymulacji. Redukuj\u0105c mg\u0142\u0119 umys\u0142ow\u0105 i wspieraj\u0105c wydajno\u015b\u0107 poznawcz\u0105, Kanna Blitz Clarity pozwala u\u017cytkownikom stawia\u0107 czo\u0142a wyzwaniom z pewno\u015bci\u0105 siebie. Jego czysta formu\u0142a i wysoka si\u0142a dzia\u0142ania sprawiaj\u0105, \u017ce jest to wyj\u0105tkowy wyb\u00f3r dla os\u00f3b poszukuj\u0105cych naturalnego sposobu na zwi\u0119kszenie ostro\u015bci umys\u0142u, zapewniaj\u0105c niezawodne rozwi\u0105zanie pozwalaj\u0105ce zachowa\u0107 koncentracj\u0119 i produktywno\u015b\u0107 w dzisiejszym szybko zmieniaj\u0105cym si\u0119 \u015bwiecie.<\/p>\n<h2 dir=\"ltr\">Historia Kanna Blitz Clarity<\/h2>\n<p dir=\"ltr\">Historia Kanna Blitz Clarity zaczyna si\u0119 od tradycyjnego stosowania kanna przez po\u0142udniowoafryka\u0144skie plemiona Khoikhoi i San, kt\u00f3re ceni\u0142y Sceletium tortuosum za jego dzia\u0142anie poprawiaj\u0105ce nastr\u00f3j i \u0142agodz\u0105ce stres. Przez wieki \u017culi lub parzyli t\u0119 ro\u015blin\u0119, aby zwi\u0119kszy\u0107 jasno\u015b\u0107 umys\u0142u i r\u00f3wnowag\u0119 emocjonaln\u0105 podczas codziennych zada\u0144 i rytua\u0142\u00f3w. Jej alkaloidy, w szczeg\u00f3lno\u015bci mesembryna, by\u0142y kluczem do tych korzy\u015bci. W ostatnich latach kanna zyska\u0142a globaln\u0105 uwag\u0119 ze wzgl\u0119du na sw\u00f3j potencja\u0142 kognitywny, inspiruj\u0105c do stworzenia Kanna Blitz Clarity. Ten nowoczesny ekstrakt \u0142\u0105czy staro\u017cytn\u0105 m\u0105dro\u015b\u0107 z zaawansowanymi technikami ekstrakcji, zachowuj\u0105c aktywne zwi\u0105zki ro\u015bliny dla sta\u0142ej si\u0142y dzia\u0142ania. Wzrost popularno\u015bci Kanna Blitz Clarity odzwierciedla rosn\u0105ce zapotrzebowanie na naturalne alternatywy dla syntetycznych wzmacniaczy poznawczych. Zaprojektowany z my\u015bl\u0105 o wsp\u00f3\u0142czesnym stylu \u017cycia, wspomaga koncentracj\u0119 i dobre samopoczucie psychiczne bez sztucznych dodatk\u00f3w. Jego rozw\u00f3j honoruje dziedzictwo kulturowe ro\u015bliny, jednocze\u015bnie spe\u0142niaj\u0105c wsp\u00f3\u0142czesne potrzeby w zakresie produktywno\u015bci i jasno\u015bci, co czyni go popularnym wyborem dla os\u00f3b poszukuj\u0105cych naturalnego, skutecznego sposobu na zachowanie ostro\u015bci i r\u00f3wnowagi w wymagaj\u0105cych \u015brodowiskach.<\/p>\n<h2 dir=\"ltr\">Sk\u0142adniki Kanna Blitz Clarity<\/h2>\n<p dir=\"ltr\">Kanna Blitz Clarity sk\u0142ada si\u0119 z jednego, najwy\u017cszej jako\u015bci sk\u0142adnika: czystego ekstraktu z Sceletium tortuosum. Ten po\u0142udniowoafryka\u0144ski sukulent jest podstaw\u0105 skuteczno\u015bci produktu, zapewniaj\u0105c wysokie st\u0119\u017cenie mesembryny, kluczowego alkaloidu odpowiedzialnego za jego nastr\u00f3j i korzy\u015bci poznawcze. Wolny od wype\u0142niaczy, dodatk\u00f3w lub sztucznych sk\u0142adnik\u00f3w, Kanna Blitz Clarity zapewnia czyste, silne doznania. Mezembrina jest starannie standaryzowana, aby zapewni\u0107 sp\u00f3jne wyniki, wspieraj\u0105c jasno\u015b\u0107 umys\u0142u i koncentracj\u0119 bez powodowania nadmiernego pobudzenia. Proces ekstrakcji zachowuje naturalne zwi\u0105zki ro\u015blinne, \u0142\u0105cz\u0105c tradycyjne korzy\u015bci z nowoczesnymi standardami jako\u015bci. Ta koncentracja na czysto\u015bci sprawia, \u017ce Kanna Blitz Clarity jest idealny dla os\u00f3b poszukuj\u0105cych naturalnego, ro\u015blinnego wzmacniacza funkcji poznawczych. Jego prostota sprawia, \u017ce u\u017cytkownicy do\u015bwiadczaj\u0105 pe\u0142nych korzy\u015bci p\u0142yn\u0105cych z kanna bez zb\u0119dnych dodatk\u00f3w, co czyni go godnym zaufania wyborem w celu zwi\u0119kszenia wydajno\u015bci umys\u0142owej. Niezale\u017cnie od tego, czy chodzi o prac\u0119, nauk\u0119 czy kreatywne zadania, ta usprawniona formu\u0142a zapewnia niezawodne, skuteczne wsparcie dla zachowania ostro\u015bci i produktywno\u015bci w ka\u017cdym wymagaj\u0105cym otoczeniu.<\/p>\n<p dir=\"ltr\"><strong>Ostrze\u017cenie<\/strong><br \/>\nKanna Blitz Clarity jest przeznaczony wy\u0142\u0105cznie dla os\u00f3b doros\u0142ych i nie jest odpowiedni dla kobiet w ci\u0105\u017cy lub karmi\u0105cych piersi\u0105. Skonsultuj si\u0119 z lekarzem przed u\u017cyciem, je\u015bli masz schorzenia lub przyjmujesz leki, zw\u0142aszcza antydepresanty lub stymulanty, poniewa\u017c mog\u0105 wyst\u0105pi\u0107 interakcje. Nie nale\u017cy przekracza\u0107 zalecanej dawki, aby unikn\u0105\u0107 \u0142agodnych skutk\u00f3w ubocznych, takich jak nudno\u015bci lub b\u00f3le g\u0142owy. Unika\u0107 \u0142\u0105czenia z alkoholem lub innymi substancjami wp\u0142ywaj\u0105cymi na o\u015brodkowy uk\u0142ad nerwowy. Przechowywa\u0107 w miejscu niedost\u0119pnym dla dzieci.<\/p>","protected":false},"excerpt":{"rendered":"<p dir=\"ltr\" data-pm-slice=\"1 1 []\">Kanna Blitz Clarity to czysty ekstrakt z kanna o wysokiej mocy, zaprojektowany w celu zwi\u0119kszenia koncentracji i jasno\u015bci umys\u0142u. Pozyskiwany z Sceletium tortuosum, jego wysoka zawarto\u015b\u0107 mezembriny wspomaga funkcje poznawcze i nastr\u00f3j, dzi\u0119ki czemu idealnie nadaje si\u0119 do pracy, nauki lub kreatywnych zada\u0144. Idealny dla tych, kt\u00f3rzy szukaj\u0105 naturalnego zastrzyku energii, aby zachowa\u0107 ostro\u015b\u0107 i produktywno\u015b\u0107.<\/p>","protected":false},"featured_media":85440,"template":"","meta":[],"product_brand":[],"product_cat":[385,297,384],"product_tag":[],"class_list":{"0":"post-85438","1":"product","2":"type-product","3":"status-publish","4":"has-post-thumbnail","6":"product_cat-kanna","7":"product_cat-all-products","8":"product_cat-smartshop","10":"first","11":"instock","12":"taxable","13":"shipping-taxable","14":"purchasable","15":"product-type-variable","16":"has-default-attributes"},"_links":{"self":[{"href":"https:\/\/www.headshop.nl\/pl\/wp-json\/wp\/v2\/product\/85438","targetHints":{"allow":["GET"]}}],"collection":[{"href":"https:\/\/www.headshop.nl\/pl\/wp-json\/wp\/v2\/product"}],"about":[{"href":"https:\/\/www.headshop.nl\/pl\/wp-json\/wp\/v2\/types\/product"}],"wp:featuredmedia":[{"embeddable":true,"href":"https:\/\/www.headshop.nl\/pl\/wp-json\/wp\/v2\/media\/85440"}],"wp:attachment":[{"href":"https:\/\/www.headshop.nl\/pl\/wp-json\/wp\/v2\/media?parent=85438"}],"wp:term":[{"taxonomy":"product_brand","embeddable":true,"href":"https:\/\/www.headshop.nl\/pl\/wp-json\/wp\/v2\/product_brand?post=85438"},{"taxonomy":"product_cat","embeddable":true,"href":"https:\/\/www.headshop.nl\/pl\/wp-json\/wp\/v2\/product_cat?post=85438"},{"taxonomy":"product_tag","embeddable":true,"href":"https:\/\/www.headshop.nl\/pl\/wp-json\/wp\/v2\/product_tag?post=85438"}],"curies":[{"name":"wp","href":"https:\/\/api.w.org\/{rel}","templated":true}]}}