{"id":84466,"date":"2025-05-13T07:32:36","date_gmt":"2025-05-13T07:32:36","guid":{"rendered":"https:\/\/www.headshop.nl\/?post_type=product&#038;p=84466"},"modified":"2025-12-28T13:26:20","modified_gmt":"2025-12-28T13:26:20","slug":"peyote-lophophora-williamsii","status":"publish","type":"product","link":"https:\/\/www.headshop.nl\/pl\/peyote-lophophora-williamsii\/","title":{"rendered":"Peyote (Lophophora Williamsii)"},"content":{"rendered":"<h2 class=\"\" data-start=\"88\" data-end=\"117\">Co to jest Peyote Cactus?<\/h2>\n<p class=\"\" data-start=\"119\" data-end=\"444\">Kaktus Peyote to ma\u0142a, okr\u0105g\u0142a, bezkolcowa ro\u015blina pochodz\u0105ca z suchych region\u00f3w p\u00f3\u0142nocnego Meeksasu i po\u0142udniowych Stan\u00f3w Zjednoczonych. Jest znany ze swoich w\u0142a\u015bciwo\u015bci psychoaktywnych, g\u0142\u00f3wnie ze wzgl\u0119du na wysok\u0105 zawarto\u015b\u0107 meskaliny - naturalnego zwi\u0105zku, kt\u00f3ry wywo\u0142uje \u017cywe halucynacje, zmienion\u0105 percepcj\u0119 i wyj\u0105tkowe doznania sensoryczne.<\/p>\n<p class=\"\" data-start=\"446\" data-end=\"799\">Kaktus ten kwitnie delikatnymi r\u00f3\u017cowymi kwiatami i ro\u015bnie bardzo powoli, osi\u0105gaj\u0105c dojrza\u0142o\u015b\u0107 po 8-15 latach. Jego stosowanie ma g\u0142\u0119bokie duchowe korzenie w\u015br\u00f3d rdzennych kultur, cz\u0119sto pojawiaj\u0105c si\u0119 w kontek\u015bcie religijnym i ceremonialnym. Kaktus ten jest zwykle spo\u017cywany ze wzgl\u0119du na swoje dzia\u0142anie zmieniaj\u0105ce umys\u0142, kt\u00f3re mo\u017ce by\u0107 g\u0142\u0119bokie i transformuj\u0105ce, je\u015bli podejdzie si\u0119 do niego ostro\u017cnie.<\/p>\n<p class=\"\" data-start=\"801\" data-end=\"1082\">Pomimo potencja\u0142u osobistego wgl\u0105du, Peyote musi by\u0107 u\u017cywany odpowiedzialnie. Do\u015bwiadczenie powinno odbywa\u0107 si\u0119 w bezpiecznym \u015brodowisku, w obecno\u015bci trze\u017awego tripittera. Osoby cierpi\u0105ce na schorzenia fizyczne lub psychiczne powinny unika\u0107 stosowania tej substancji ze wzgl\u0119du na intensywno\u015b\u0107 jej dzia\u0142ania.<\/p>\n<h2 class=\"\" data-start=\"1089\" data-end=\"1120\">Historia Peyote Cactus<\/h2>\n<p class=\"\" data-start=\"1122\" data-end=\"1444\">Kaktus Peyote od wiek\u00f3w stanowi centralny element rdzennych praktyk duchowych. Plemiona takie jak Huichol i Tarahumara od dawna wykorzystywa\u0142y go w ceremoniach, aby u\u0142atwi\u0107 wizje i poczucie po\u0142\u0105czenia z bosko\u015bci\u0105. Spo\u017cywany wsp\u00f3lnie, Peyote odgrywa\u0142 rol\u0119 w promowaniu introspekcji, uzdrawiania i jedno\u015bci.<\/p>\n<p class=\"\" data-start=\"1446\" data-end=\"1755\">Europejscy odkrywcy po raz pierwszy udokumentowali u\u017cycie Peyote w XVI wieku, chocia\u017c zachodnie zrozumienie pozosta\u0142o ograniczone a\u017c do XIX wieku, kiedy meskalina zosta\u0142a zbadana przez naukowc\u00f3w. W XX wieku Peyote zyska\u0142 uwag\u0119 podczas ruchu kontrkulturowego i zacz\u0105\u0142 pojawia\u0107 si\u0119 poza rdzennymi kr\u0119gami.<\/p>\n<p class=\"\" data-start=\"1757\" data-end=\"2065\">Pomimo ogranicze\u0144 prawnych w niekt\u00f3rych obszarach ze wzgl\u0119du na sw\u00f3j psychoaktywny charakter, Peyote pozostaje prawnie chroniony w niekt\u00f3rych praktykach religijnych. Dzi\u015b jest ceniona zar\u00f3wno ze wzgl\u0119du na swoje duchowe dziedzictwo, jak i efekty psychologiczne, cho\u0107 wsp\u00f3\u0142cze\u015bni u\u017cytkownicy s\u0105 zach\u0119cani do szanowania jej kulturowego pochodzenia i u\u017cywania jej z szacunkiem.<\/p>\n<h2 class=\"\" data-start=\"2072\" data-end=\"2103\">Jak korzysta\u0107 z Peyote Cactus<\/h2>\n<p class=\"\" data-start=\"2105\" data-end=\"2364\">Korzystanie z Peyote wymaga przemy\u015blanego przygotowania i odpowiedzialnego post\u0119powania. Mo\u017ce by\u0107 spo\u017cywany w postaci \u015bwie\u017cej lub suszonej, cz\u0119sto pokrojony w ma\u0142e kr\u0105\u017cki o szeroko\u015bci oko\u0142o 3-4,5 cm i grubo\u015bci 0,5 cm. Niekt\u00f3rzy u\u017cytkownicy wol\u0105 parzy\u0107 go w herbacie, aby gorzki smak by\u0142 bardziej smaczny.<\/p>\n<p class=\"\" data-start=\"2366\" data-end=\"2662\">Aby uzyska\u0107 optymalne wyniki, nale\u017cy przyjmowa\u0107 Peyote na pusty \u017co\u0142\u0105dek, aby zwi\u0119kszy\u0107 wch\u0142anianie. Efekty zwykle zaczynaj\u0105 si\u0119 w ci\u0105gu 30-60 minut, osi\u0105gaj\u0105 szczyt po 1-2 godzinach i mog\u0105 trwa\u0107 od 8 do 15 godzin. Poniewa\u017c doznania mog\u0105 by\u0107 intensywne, wa\u017cne jest, aby przebywa\u0107 w znajomym, spokojnym otoczeniu z trze\u017awym przewodnikiem.<\/p>\n<p class=\"\" data-start=\"2664\" data-end=\"2987\">Zacznij od ma\u0142ej dawki, zw\u0142aszcza je\u015bli dopiero zaczynasz stosowa\u0107 substancje psychoaktywne. Nale\u017cy unika\u0107 \u0142\u0105czenia Peyote z alkoholem, innymi narkotykami lub lekami. Nie powinien by\u0107 stosowany przez osoby niepe\u0142noletnie, kobiety w ci\u0105\u017cy lub osoby z zaburzeniami zdrowotnymi. Po do\u015bwiadczeniu nale\u017cy da\u0107 sobie czas na odpoczynek i refleksj\u0119, aby w pe\u0142ni zintegrowa\u0107 uzyskane spostrze\u017cenia.<\/p>\n<h2 dir=\"auto\">Lophophora williamsii jako ro\u015blina ozdobna<\/h2>\n<p dir=\"auto\">Lophophora williamsii, czyli pejotl, jak cz\u0119sto jest nazywany, zachwyca kolekcjoner\u00f3w swoj\u0105 unikaln\u0105 form\u0105 przypominaj\u0105c\u0105 guzik, solidn\u0105 budow\u0105 i spokojnym tempem wzrostu, idealnym do wzbogacenia kolekcji rzadkich sukulent\u00f3w. Prezentujemy ten przedmiot na naszej stronie nie tylko jako dekoracyjny element ozdobny, ale tak\u017ce jako wielop\u0142aszczyznow\u0105 opcj\u0119, kt\u00f3ra pokazuje jego estetyczny urok, od mi\u0119kkiej, niebiesko-zielonej powierzchni po wyrafinowane, ga\u0142kowane kraw\u0119dzie, kt\u00f3re nadaj\u0105 artystyczny charakter p\u00f3\u0142kom, ogrodom zimowym lub eleganckim aran\u017cacjom. Zaprojektowane z my\u015bl\u0105 o rynkach, na kt\u00f3rych s\u0105 legalnie dost\u0119pne, te laboratoryjnie wyhodowane ro\u015bliny s\u0105 w pe\u0142ni zgodne z obowi\u0105zuj\u0105cymi przepisami, unikaj\u0105c jakichkolwiek wskaz\u00f3wek dotycz\u0105cych konsumpcji lub ekstrakcji, dzi\u0119ki czemu kupuj\u0105cy mog\u0105 po prostu cieszy\u0107 si\u0119 nimi jako urzekaj\u0105cym, naturalnym elementem wystroju swoich przestrzeni \u017cyciowych lub obszar\u00f3w zewn\u0119trznych.<\/p>\n<h2 class=\"\" data-start=\"2994\" data-end=\"3029\">Sk\u0142adniki Peyote Cactus<\/h2>\n<p class=\"\" data-start=\"3031\" data-end=\"3322\">Kluczowym zwi\u0105zkiem aktywnym w Peyote jest meskalina (3,4,5-trimetoksyfenetyloamina), silny halucynogen odpowiedzialny za psychoaktywne dzia\u0142anie kaktusa. Meskalina wywo\u0142uje intensywne doznania wizualne i sensoryczne, co czyni j\u0105 g\u0142\u00f3wnym powodem duchowego i rekreacyjnego wykorzystania ro\u015bliny.<\/p>\n<p class=\"\" data-start=\"3324\" data-end=\"3579\">Opr\u00f3cz meskaliny, Peyote zawiera kilka innych naturalnie wyst\u0119puj\u0105cych alkaloid\u00f3w w niewielkich ilo\u015bciach, cho\u0107 ich specyficzne efekty s\u0105 mniej dobrze poznane. Si\u0142a dzia\u0142ania kaktusa mo\u017ce r\u00f3\u017cni\u0107 si\u0119 w zale\u017cno\u015bci od czynnik\u00f3w \u015brodowiskowych, takich jak gleba i klimat.<\/p>\n<p class=\"\" data-start=\"3581\" data-end=\"3885\">Peyote to czysty, organiczny produkt, wolny od sztucznych dodatk\u00f3w. Jego powolny proces dojrzewania - trwaj\u0105cy do 15 lat - pozwala na koncentracj\u0119 zwi\u0105zk\u00f3w aktywnych, w wyniku czego powstaje silna substancja. Ze wzgl\u0119du na si\u0142\u0119 meskaliny, nale\u017cy podchodzi\u0107 do niej ostro\u017cnie, szczeg\u00f3lnie przez osoby o s\u0142abym zdrowiu.<\/p>\n<p data-start=\"3892\" data-end=\"3928\"><strong>Ostrze\u017cenie<\/strong><\/p>\n<p class=\"\" data-start=\"3930\" data-end=\"4183\">Peyote nie jest przypadkow\u0105 substancj\u0105 - zawiera meskalin\u0119, kt\u00f3ra mo\u017ce prowadzi\u0107 do intensywnych efekt\u00f3w psychologicznych, w tym halucynacji, dezorientacji i g\u0142\u0119bokich zmian emocjonalnych. U\u017cywaj go tylko w bezpiecznym otoczeniu, z trze\u017aw\u0105 opiekunk\u0105, kt\u00f3ra pomo\u017ce w razie potrzeby.<\/p>\n<p class=\"\" data-start=\"4185\" data-end=\"4445\">Nie spo\u017cywaj Peyote, je\u015bli cierpisz na choroby psychiczne, takie jak l\u0119k, depresja lub psychoza, lub je\u015bli masz problemy ze zdrowiem fizycznym, takie jak problemy z sercem, cukrzyca lub choroby uk\u0142adu oddechowego. Osoby w ci\u0105\u017cy i nieletnie powinny ca\u0142kowicie unika\u0107 tego produktu.<\/p>\n<p class=\"\" data-start=\"4447\" data-end=\"4690\">Nigdy nie mieszaj Peyote z alkoholem, lekami lub innymi substancjami psychoaktywnymi. Zwi\u0119ksza to ryzyko wyst\u0105pienia niebezpiecznych skutk\u00f3w ubocznych. Unikaj prowadzenia pojazd\u00f3w lub obs\u0142ugiwania maszyn w trakcie lub po u\u017cyciu i zawsze przechowuj go bezpiecznie poza zasi\u0119giem dzieci.<\/p>\n<p class=\"\" data-start=\"4692\" data-end=\"4855\">Chocia\u017c do\u015bwiadczenie to mo\u017ce by\u0107 pouczaj\u0105ce, Peyote musi by\u0107 u\u017cywany z najwy\u017cszym szacunkiem i ostro\u017cno\u015bci\u0105. Uwa\u017cne podej\u015bcie zapewnia bezpieczniejsz\u0105 i bardziej znacz\u0105c\u0105 podr\u00f3\u017c.<\/p>","protected":false},"excerpt":{"rendered":"<p>Kaktus Peyote, naukowo znany jako <em data-start=\"43\" data-end=\"66\">Lophophora williamsii<\/em>Jest to niewielka, bezkolcowa ro\u015blina znana ze swoich silnych efekt\u00f3w psychoaktywnych, g\u0142\u00f3wnie ze wzgl\u0119du na naturaln\u0105 zawarto\u015b\u0107 meskaliny. Pochodz\u0105cy z p\u00f3\u0142nocnego Mexico i po\u0142udniowych Stan\u00f3w Zjednoczonych, ten niezwyk\u0142y kaktus by\u0142 u\u017cywany od wiek\u00f3w w duchowych ceremoniach, zapewniaj\u0105c g\u0142\u0119boko transformuj\u0105ce, poszerzaj\u0105ce \u015bwiadomo\u015b\u0107 do\u015bwiadczenia.<\/p>","protected":false},"featured_media":84472,"template":"","meta":[],"product_brand":[],"product_cat":[394,297,384],"product_tag":[],"class_list":{"0":"post-84466","1":"product","2":"type-product","3":"status-publish","4":"has-post-thumbnail","6":"product_cat-mescaline-cacti","7":"product_cat-all-products","8":"product_cat-smartshop","9":"product_shipping_class-group-7","11":"first","12":"instock","13":"taxable","14":"shipping-taxable","15":"purchasable","16":"product-type-variable","17":"has-default-attributes"},"_links":{"self":[{"href":"https:\/\/www.headshop.nl\/pl\/wp-json\/wp\/v2\/product\/84466","targetHints":{"allow":["GET"]}}],"collection":[{"href":"https:\/\/www.headshop.nl\/pl\/wp-json\/wp\/v2\/product"}],"about":[{"href":"https:\/\/www.headshop.nl\/pl\/wp-json\/wp\/v2\/types\/product"}],"wp:featuredmedia":[{"embeddable":true,"href":"https:\/\/www.headshop.nl\/pl\/wp-json\/wp\/v2\/media\/84472"}],"wp:attachment":[{"href":"https:\/\/www.headshop.nl\/pl\/wp-json\/wp\/v2\/media?parent=84466"}],"wp:term":[{"taxonomy":"product_brand","embeddable":true,"href":"https:\/\/www.headshop.nl\/pl\/wp-json\/wp\/v2\/product_brand?post=84466"},{"taxonomy":"product_cat","embeddable":true,"href":"https:\/\/www.headshop.nl\/pl\/wp-json\/wp\/v2\/product_cat?post=84466"},{"taxonomy":"product_tag","embeddable":true,"href":"https:\/\/www.headshop.nl\/pl\/wp-json\/wp\/v2\/product_tag?post=84466"}],"curies":[{"name":"wp","href":"https:\/\/api.w.org\/{rel}","templated":true}]}}