{"id":84413,"date":"2025-05-09T09:09:26","date_gmt":"2025-05-09T09:09:26","guid":{"rendered":"https:\/\/www.headshop.nl\/?post_type=product&#038;p=84413"},"modified":"2025-11-06T01:26:29","modified_gmt":"2025-11-06T01:26:29","slug":"cutting-macrogona-25-29-cm","status":"publish","type":"product","link":"https:\/\/www.headshop.nl\/pl\/cutting-macrogona-25-29-cm\/","title":{"rendered":"Ci\u0119cie Macrogona 25 - 29 cm"},"content":{"rendered":"<h2 dir=\"ltr\" data-pm-slice=\"1 1 []\">Czym s\u0105 ci\u0119te kaktusy Macrogona?<\/h2>\n<p dir=\"ltr\">Ci\u0119cie kaktusa Macrogona lub <em>Echinopsis macrogona<\/em>jest szanowanym, ale mniej znanym cz\u0142onkiem <em>Trichocereus<\/em> pochodz\u0105ca z andyjskich region\u00f3w Ameryki Po\u0142udniowej. Jego g\u0142\u0119boki niebieskawo-zielony odcie\u0144, d\u0142ugie ostre kolce i szybko rosn\u0105ca kolumnowa forma sprawiaj\u0105, \u017ce jest wizualnie uderzaj\u0105cy. Dzi\u0119ki silnej zawarto\u015bci meskaliny jest ceniona za g\u0142\u0119boko introspektywne i otwieraj\u0105ce serce do\u015bwiadczenia medycyny ro\u015blinnej. Jako ro\u015blina ci\u0119ta, mo\u017ce by\u0107 uprawiana lub przygotowywana do ceremonialnego u\u017cytku, prowadz\u0105c u\u017cytkownik\u00f3w przez pot\u0119\u017cne, ale zr\u00f3wnowa\u017cone psychodeliczne podr\u00f3\u017ce. Sprzyja pod\u015bwiadomemu po\u0142\u0105czeniu, emocjonalnemu uzdrowieniu i g\u0142\u0119bokiemu spokojowi, dzi\u0119ki czemu jest niezb\u0119dnym narz\u0119dziem do duchowej eksploracji i osobistej transformacji.<\/p>\n<h2 dir=\"ltr\">Historia ci\u0119cia Macrogona<\/h2>\n<p dir=\"ltr\">Kaktus Macrogona Cutting od wiek\u00f3w stanowi integraln\u0105 cz\u0119\u015b\u0107 andyjskich praktyk duchowych i leczniczych, dziel\u0105c lini\u0119 kulturow\u0105 z kaktusami takimi jak San Pedro i Bridgesii. Rdzenni szamani u\u017cywali go w \u015bwi\u0119tych rytua\u0142ach, aby komunikowa\u0107 si\u0119 ze \u015bwiatem duch\u00f3w, oczyszcza\u0107 blokady energetyczne i zdobywa\u0107 m\u0105dro\u015b\u0107 natury, cho\u0107 jest on mniej udokumentowany ni\u017c jego krewni. Zakorzeniona w peruwia\u0144skich i boliwijskich tradycjach ustnych, jej moc i klarowno\u015b\u0107 przynios\u0142y jej szanowany status. Wraz ze wzrostem globalnego zainteresowania medycyn\u0105 ro\u015blinn\u0105, kaktus Macrogona Cutting zyska\u0142 uznanie za swoje zr\u00f3wnowa\u017cone, ale g\u0142\u0119bokie dzia\u0142anie, \u0142\u0105cz\u0105c staro\u017cytne praktyki lecznicze z nowoczesnymi poszukiwaniami prawdy i przebudzenia.<\/p>\n<h2 dir=\"ltr\">Jak u\u017cywa\u0107 Macrogona do ci\u0119cia<\/h2>\n<p dir=\"ltr\">Kaktus Macrogona Cutting jest zwykle spo\u017cywany jako ceremonialny napar. Przygotowanie obejmuje usuni\u0119cie zewn\u0119trznej sk\u00f3ry i kolc\u00f3w, posiekanie mi\u0105\u017cszu i gotowanie go na wolnym ogniu przez kilka godzin w celu ekstrakcji meskaliny i innych zwi\u0105zk\u00f3w, uzyskuj\u0105c ciemn\u0105, gorzk\u0105 herbat\u0119. Spo\u017cywana w spokojnym, \u015bwi\u0119tym otoczeniu, efekty zaczynaj\u0105 si\u0119 w ci\u0105gu 1-2 godzin, osi\u0105gaj\u0105 szczyt po 3-6 godzinach i trwaj\u0105 10-14 godzin, przynosz\u0105c wizualne obrazy, emocjonaln\u0105 klarowno\u015b\u0107 i poczucie jedno\u015bci. Wcze\u015bniejszy post zmniejsza nudno\u015bci i wzmacnia efekty. Trze\u017awy tripitter jest niezb\u0119dny, a gotowo\u015b\u0107 psychiczna i fizyczna ma kluczowe znaczenie. Przy odpowiedniej intencji kaktus przekszta\u0142ca si\u0119 w uduchowionego nauczyciela i lustro.<\/p>\n<h2 dir=\"ltr\">Sk\u0142adniki produktu Cutting Macrogona<\/h2>\n<p dir=\"ltr\">Podstawowym zwi\u0105zkiem psychoaktywnym kaktusa Cutting Macrogona jest meskalina, enteogenny alkaloid, kt\u00f3ry anga\u017cuje receptory serotoniny, zmieniaj\u0105c percepcj\u0119, nastr\u00f3j i \u015bwiadomo\u015b\u0107, aby u\u0142atwi\u0107 pod\u015bwiadom\u0105 eksploracj\u0119 i uwolnienie emocjonalne. Mniejsze alkaloidy, takie jak anhalonidyna i tyramina, wzmacniaj\u0105 jej dzia\u0142anie. Fizycznie sk\u0142ada si\u0119 z bogatej w wod\u0119 tkanki w\u0142\u00f3knistej, g\u0142adkiej niebiesko-zielonej sk\u00f3ry i d\u0142ugich kolc\u00f3w. W\u015br\u00f3d <em>Trichocereus<\/em> Gatunek ten wyr\u00f3\u017cnia si\u0119 intensywnym profilem chemicznym. Ro\u015blina ceremonialna, a nie ozdobna, przekazuje uzdrawiaj\u0105c\u0105 moc natury i staro\u017cytn\u0105 m\u0105dro\u015b\u0107, prowadz\u0105c u\u017cytkownik\u00f3w przez transformuj\u0105ce podr\u00f3\u017ce, gdy jest szanowana i odpowiednio przygotowana.<\/p>\n<p dir=\"ltr\"><strong>Ostrze\u017cenie<\/strong><\/p>\n<p dir=\"ltr\">Nie nale\u017cy spo\u017cywa\u0107 kaktusa Cutting Macrogona, je\u015bli jeste\u015b w ci\u0105\u017cy, karmisz piersi\u0105, masz mniej ni\u017c 18 lat lub cierpisz na choroby serca, ci\u015bnienie krwi lub zaburzenia psychiczne. Unika\u0107 \u0142\u0105czenia z alkoholem, lekami lub innymi substancjami psychoaktywnymi. Stosowa\u0107 wy\u0142\u0105cznie w bezpiecznym otoczeniu z trze\u017aw\u0105, do\u015bwiadczon\u0105 opiekunk\u0105. Nie nale\u017cy prowadzi\u0107 pojazd\u00f3w ani obs\u0142ugiwa\u0107 maszyn pod wp\u0142ywem preparatu. Traktuj kaktusa Cutting Macrogona z g\u0142\u0119bokim szacunkiem - to \u015bwi\u0119te lekarstwo, a nie substancja rekreacyjna.<\/p>","protected":false},"excerpt":{"rendered":"<p dir=\"ltr\" data-pm-slice=\"1 1 []\">Kaktus Macrogona jest cenionym partnerem w rozwoju duchowym i osobistym. Ten \u015bwi\u0119ty kaktus, znany ze swojej uziemiaj\u0105cej obecno\u015bci i wizjonerskiej mocy, jest u\u017cywany w rytua\u0142ach, aby odblokowa\u0107 wewn\u0119trzn\u0105 m\u0105dro\u015b\u0107, uwolni\u0107 emocjonalne przeszkody i wspiera\u0107 harmoni\u0119 umys\u0142u i ducha.<\/p>","protected":false},"featured_media":84415,"template":"","meta":[],"product_brand":[],"product_cat":[394,297,384],"product_tag":[],"class_list":{"0":"post-84413","1":"product","2":"type-product","3":"status-publish","4":"has-post-thumbnail","6":"product_cat-mescaline-cacti","7":"product_cat-all-products","8":"product_cat-smartshop","9":"product_shipping_class-group-7","11":"first","12":"instock","13":"taxable","14":"shipping-taxable","15":"purchasable","16":"product-type-variable","17":"has-default-attributes"},"_links":{"self":[{"href":"https:\/\/www.headshop.nl\/pl\/wp-json\/wp\/v2\/product\/84413","targetHints":{"allow":["GET"]}}],"collection":[{"href":"https:\/\/www.headshop.nl\/pl\/wp-json\/wp\/v2\/product"}],"about":[{"href":"https:\/\/www.headshop.nl\/pl\/wp-json\/wp\/v2\/types\/product"}],"wp:featuredmedia":[{"embeddable":true,"href":"https:\/\/www.headshop.nl\/pl\/wp-json\/wp\/v2\/media\/84415"}],"wp:attachment":[{"href":"https:\/\/www.headshop.nl\/pl\/wp-json\/wp\/v2\/media?parent=84413"}],"wp:term":[{"taxonomy":"product_brand","embeddable":true,"href":"https:\/\/www.headshop.nl\/pl\/wp-json\/wp\/v2\/product_brand?post=84413"},{"taxonomy":"product_cat","embeddable":true,"href":"https:\/\/www.headshop.nl\/pl\/wp-json\/wp\/v2\/product_cat?post=84413"},{"taxonomy":"product_tag","embeddable":true,"href":"https:\/\/www.headshop.nl\/pl\/wp-json\/wp\/v2\/product_tag?post=84413"}],"curies":[{"name":"wp","href":"https:\/\/api.w.org\/{rel}","templated":true}]}}