{"id":84409,"date":"2025-05-09T09:03:13","date_gmt":"2025-05-09T09:03:13","guid":{"rendered":"https:\/\/www.headshop.nl\/?post_type=product&#038;p=84409"},"modified":"2025-10-16T07:05:22","modified_gmt":"2025-10-16T07:05:22","slug":"san-pedro-cutting-peruvianus-25-29-cm","status":"publish","type":"product","link":"https:\/\/www.headshop.nl\/pl\/san-pedro-cutting-peruvianus-25-29-cm\/","title":{"rendered":"San Pedro Cutting Peruvianus - 25 - 29 cm"},"content":{"rendered":"<h2 dir=\"ltr\" data-pm-slice=\"1 1 []\">Czym s\u0105 kaktusy z gatunku Cutting Peruvianus?<\/h2>\n<p dir=\"ltr\">Kaktus Cutting Peruvianus, znany r\u00f3wnie\u017c jako <em>Echinopsis peruviana<\/em> lub Peruvian Torch, to szybko rosn\u0105cy kaktus kolumnowy pochodz\u0105cy z peruwia\u0144skich wy\u017cyn. Rozpoznawalny ze wzgl\u0119du na niebiesko-zielon\u0105 sk\u00f3r\u0119 i wydatne \u017cebra, jest wysoko ceniony ze wzgl\u0119du na podwy\u017cszon\u0105 zawarto\u015b\u0107 meskaliny, naturalnego zwi\u0105zku psychodelicznego. Jako ro\u015blina ci\u0119ta, mo\u017ce by\u0107 rozmna\u017cana lub przygotowywana do u\u017cytku ceremonialnego. Znany ze wspierania wewn\u0119trznej wizji, uzdrawiania emocjonalnego i g\u0142\u0119bokiego po\u0142\u0105czenia z natur\u0105 i wszech\u015bwiatem, zapewnia intensywnie introspektywne i o\u015bwiecaj\u0105ce do\u015bwiadczenie. Jako szanowany nauczyciel ro\u015blin, kaktus Cutting Peruvianus prowadzi u\u017cytkownik\u00f3w w kierunku jasno\u015bci, r\u00f3wnowagi i poszerzonej \u015bwiadomo\u015bci w szama\u0144skich lub osobistych poszukiwaniach.<\/p>\n<h2 dir=\"ltr\">Historia ci\u0119cia Peruvianus<\/h2>\n<p dir=\"ltr\">Kaktus Cutting Peruvianus jest g\u0142\u0119boko zakorzeniony w duchowym i kulturowym dziedzictwie Peru, wykorzystywanym od tysi\u0105cleci w andyjskich ceremoniach. Rdzenne spo\u0142eczno\u015bci postrzegaj\u0105 go jako \u015bwi\u0119ty przewodnik mi\u0119dzy sfer\u0105 fizyczn\u0105 i duchow\u0105, a dowody archeologiczne, takie jak rze\u017aby \u015bwi\u0105tynne, podkre\u015blaj\u0105 jego rol\u0119 w rytua\u0142ach religijnych prowadzonych przez szaman\u00f3w. W por\u00f3wnaniu do bardziej powszechnego San Pedro, oferuje szybszy pocz\u0105tek i bardziej \u017cywe efekty wizualne, u\u017cywane do usuwania blokad energetycznych i budzenia wewn\u0119trznej m\u0105dro\u015bci. Dzi\u015b pozostaje ulubionym wyborem w spo\u0142eczno\u015bciach medycyny ro\u015blinnej, \u0142\u0105cz\u0105c staro\u017cytne tradycje z nowoczesnymi poszukiwaniami duchowymi i zapewniaj\u0105c siln\u0105, naturaln\u0105 \u015bcie\u017ck\u0119 do wgl\u0105du i transformacji.<\/p>\n<h2 dir=\"ltr\">Jak u\u017cywa\u0107 Cutting Peruvianus<\/h2>\n<p dir=\"ltr\">Kaktus Cutting Peruvianus jest zwykle spo\u017cywany jako ceremonialna herbata. Przygotowanie polega na usuni\u0119ciu kolc\u00f3w i ciemnej zewn\u0119trznej sk\u00f3ry, pokrojeniu wewn\u0119trznego mi\u0105\u017cszu i gotowaniu go na wolnym ogniu przez wiele godzin w celu uzyskania g\u0119stego, gorzkiego naparu. Herbat\u0119 t\u0119 pije si\u0119 powoli w cichym, celowym otoczeniu, najlepiej z trze\u017awym opiekunem lub facylitatorem. Na pusty \u017co\u0142\u0105dek efekty pojawiaj\u0105 si\u0119 w ci\u0105gu 1-2 godzin, osi\u0105gaj\u0105c szczyt po 4-6 godzinach i utrzymuj\u0105c si\u0119 do 12-15 godzin. U\u017cytkownicy cz\u0119sto do\u015bwiadczaj\u0105 emocjonalnego uwolnienia, zjawisk wizualnych oraz g\u0142\u0119bokiego poczucia jedno\u015bci i mi\u0142o\u015bci. Niezb\u0119dne jest bezpieczne, ugruntowane \u015brodowisko i integracja po do\u015bwiadczeniu, taka jak prowadzenie dziennika. Wcze\u015bniejszy post minimalizuje nudno\u015bci i wzmacnia efekty, przekszta\u0142caj\u0105c kaktusa w \u015bwi\u0119t\u0105 bram\u0119 do samopoznania, gdy jest u\u017cywany z szacunkiem.<\/p>\n<h2 dir=\"ltr\">Sk\u0142adniki Cutting Peruvianus<\/h2>\n<p dir=\"ltr\">Podstawowym zwi\u0105zkiem aktywnym w kaktusie Cutting Peruvianus jest meskalina, alkaloid, kt\u00f3ry anga\u017cuje receptory serotoniny, zmieniaj\u0105c percepcj\u0119, emocje i my\u015bli, aby u\u0142atwi\u0107 g\u0142\u0119bok\u0105 duchow\u0105 eksploracj\u0119. Dodatkowe alkaloidy, takie jak anhalonidyna i hordenina, mog\u0105 wzmocni\u0107 jego profil energetyczny. Fizycznie kaktus sk\u0142ada si\u0119 z bogatej w wod\u0119 tkanki w\u0142\u00f3knistej, grubej sk\u00f3ry i kolc\u00f3w ochronnych, z wyr\u00f3\u017cniaj\u0105c\u0105 si\u0119 niebieskaw\u0105, \u017cebrowan\u0105 struktur\u0105. Jego moc r\u00f3\u017cni si\u0119 w zale\u017cno\u015bci od wieku i warunk\u00f3w uprawy, ale nale\u017cy do najpot\u0119\u017cniejszych w swoim rodzaju. Po przygotowaniu oferuje wci\u0105gaj\u0105c\u0105 duchow\u0105 podr\u00f3\u017c, \u0142\u0105cz\u0105c naturaln\u0105 chemi\u0119 ze staro\u017cytn\u0105 m\u0105dro\u015bci\u0105 jako \u015bwi\u0119te narz\u0119dzie i uciele\u015bnienie uzdrawiaj\u0105cej inteligencji natury.<\/p>\n<p dir=\"ltr\"><strong>Ostrze\u017cenie<\/strong><\/p>\n<p dir=\"ltr\">Nie nale\u017cy spo\u017cywa\u0107 kaktusa Cutting Peruvianus, je\u015bli jeste\u015b w ci\u0105\u017cy, karmisz piersi\u0105, masz mniej ni\u017c 18 lat lub cierpisz na choroby serca, ci\u015bnienie krwi lub zaburzenia psychiczne. Unika\u0107 mieszania z alkoholem, lekami lub innymi substancjami. Stosowa\u0107 wy\u0142\u0105cznie w bezpiecznym, spokojnym otoczeniu z zaufan\u0105, trze\u017aw\u0105 opiekunk\u0105. Nie prowad\u017a pojazd\u00f3w ani nie anga\u017cuj si\u0119 w ryzykowne czynno\u015bci podczas do\u015bwiadczenia. Do kaktusa Cutting Peruvianus nale\u017cy podchodzi\u0107 z szacunkiem, jako do \u015bwi\u0119tego lekarstwa, a nie substancji rekreacyjnej.<\/p>","protected":false},"excerpt":{"rendered":"<p dir=\"ltr\" data-pm-slice=\"1 1 []\">Kaktus Cutting Peruvianus, szanowana andyjska ro\u015blina, s\u0142ynie z g\u0142\u0119bokiej duchowej g\u0142\u0119bi i wrodzonej uzdrawiaj\u0105cej energii. Otwieraj\u0105c serce i podnosz\u0105c \u015bwiadomo\u015b\u0107, dzia\u0142a jako silny przewodnik wewn\u0119trznej transformacji i energetycznego odm\u0142odzenia.<\/p>","protected":false},"featured_media":84412,"template":"","meta":[],"product_brand":[],"product_cat":[394,297,384],"product_tag":[],"class_list":{"0":"post-84409","1":"product","2":"type-product","3":"status-publish","4":"has-post-thumbnail","6":"product_cat-mescaline-cacti","7":"product_cat-all-products","8":"product_cat-smartshop","9":"product_shipping_class-group-7","11":"first","12":"instock","13":"taxable","14":"shipping-taxable","15":"purchasable","16":"product-type-variable","17":"has-default-attributes"},"_links":{"self":[{"href":"https:\/\/www.headshop.nl\/pl\/wp-json\/wp\/v2\/product\/84409","targetHints":{"allow":["GET"]}}],"collection":[{"href":"https:\/\/www.headshop.nl\/pl\/wp-json\/wp\/v2\/product"}],"about":[{"href":"https:\/\/www.headshop.nl\/pl\/wp-json\/wp\/v2\/types\/product"}],"wp:featuredmedia":[{"embeddable":true,"href":"https:\/\/www.headshop.nl\/pl\/wp-json\/wp\/v2\/media\/84412"}],"wp:attachment":[{"href":"https:\/\/www.headshop.nl\/pl\/wp-json\/wp\/v2\/media?parent=84409"}],"wp:term":[{"taxonomy":"product_brand","embeddable":true,"href":"https:\/\/www.headshop.nl\/pl\/wp-json\/wp\/v2\/product_brand?post=84409"},{"taxonomy":"product_cat","embeddable":true,"href":"https:\/\/www.headshop.nl\/pl\/wp-json\/wp\/v2\/product_cat?post=84409"},{"taxonomy":"product_tag","embeddable":true,"href":"https:\/\/www.headshop.nl\/pl\/wp-json\/wp\/v2\/product_tag?post=84409"}],"curies":[{"name":"wp","href":"https:\/\/api.w.org\/{rel}","templated":true}]}}