{"id":84404,"date":"2025-05-09T08:59:05","date_gmt":"2025-05-09T08:59:05","guid":{"rendered":"https:\/\/www.headshop.nl\/?post_type=product&#038;p=84404"},"modified":"2025-10-16T07:05:23","modified_gmt":"2025-10-16T07:05:23","slug":"san-pedro-cutting-pachanoi-25-29-cm","status":"publish","type":"product","link":"https:\/\/www.headshop.nl\/pl\/san-pedro-cutting-pachanoi-25-29-cm\/","title":{"rendered":"San Pedro ci\u0119cie Pachanoi 25 - 29 cm"},"content":{"rendered":"<h2 dir=\"ltr\" data-pm-slice=\"1 1 []\">Czym s\u0105 ci\u0119te kaktusy Pachanoi?<\/h2>\n<p dir=\"ltr\">Kaktus Cutting Pachanoi, powszechnie znany jako San Pedro, to szybko rosn\u0105cy kaktus kolumnowy pochodz\u0105cy z And\u00f3w w Peru, Ekwadorze i Boliwii. Nale\u017cy do <em>Echinopsis<\/em> (dawniej <em>Trichocereus<\/em>), charakteryzuje si\u0119 g\u0142adk\u0105 zielon\u0105 sk\u00f3r\u0105, minimaln\u0105 ilo\u015bci\u0105 kolc\u00f3w i znaczn\u0105 duchow\u0105 moc\u0105. Zawieraj\u0105ca meskalin\u0119, naturalny psychodelik, by\u0142a u\u017cywana przez tysi\u0105clecia w andyjskiej medycynie i ceremoniach. Jako ro\u015blina ci\u0119ta, mo\u017ce by\u0107 rozmna\u017cana lub spo\u017cywana do cel\u00f3w rytualnych, oferuj\u0105c \u0142agodne, ale transformuj\u0105ce efekty, kt\u00f3re sprzyjaj\u0105 harmonii, wsp\u00f3\u0142czuciu i g\u0142\u0119bokiemu po\u0142\u0105czeniu z samym sob\u0105 i wszech\u015bwiatem. Jego piel\u0119gnuj\u0105ca i ekspansywna natura sprawia, \u017ce jest zaufanym przewodnikiem w \u015bwi\u0119tych rytua\u0142ach i osobistym uzdrawianiu.<\/p>\n<h2 dir=\"ltr\">Historia ci\u0119cia Pachanoi<\/h2>\n<p dir=\"ltr\">Kaktus Pachanoi ma \u015bwi\u0119t\u0105 histori\u0119 si\u0119gaj\u0105c\u0105 ponad 3000 lat w kulturze andyjskiej. Odkrycia archeologiczne, w tym rze\u017aby i ceramika, ujawniaj\u0105 jego u\u017cycie w prekolumbijskich ceremoniach przez rdzennych mieszka\u0144c\u00f3w Peru i Boliwii, symbolizuj\u0105c bosk\u0105 moc i duchow\u0105 komunikacj\u0119. Nazwany San Pedro podczas hiszpa\u0144skiego podboju, odzwierciedla jego rol\u0119 jako klucza do wy\u017cszej \u015bwiadomo\u015bci, podobnie jak niebia\u0144skie klucze \u015bwi\u0119tego Piotra. Szamani parzyli j\u0105 podczas nocnych rytua\u0142\u00f3w, aby poradzi\u0107 sobie z wewn\u0119trznym b\u00f3lem, uwolni\u0107 emocjonalne blokady i uzyska\u0107 dost\u0119p do m\u0105dro\u015bci przodk\u00f3w. Dzi\u015b pozostaje istotnym narz\u0119dziem w praktykach duchowych, \u0142\u0105cz\u0105c staro\u017cytne tradycje z nowoczesnymi poszukiwaniami samopoznania i odnowy energetycznej.<\/p>\n<h2 dir=\"ltr\">Jak stosowa\u0107 ci\u0119cie Pachanoi<\/h2>\n<p dir=\"ltr\">Ci\u0119cie kaktusa Pachanoi jest zwykle spo\u017cywane jako gorzka herbata. Przygotowanie polega na usuni\u0119ciu zewn\u0119trznej sk\u00f3ry i kolc\u00f3w, posiekaniu wewn\u0119trznego mi\u0105\u017cszu i gotowaniu go w wodzie przez kilka godzin. Powsta\u0142y p\u0142yn mo\u017ce by\u0107 spo\u017cywany w ma\u0142ych dawkach, dalej zag\u0119szczany lub suszony na \u017cywic\u0119 do przechowywania. Efekty zaczynaj\u0105 si\u0119 w ci\u0105gu 1-2 godzin, osi\u0105gaj\u0105 szczyt po 3-6 godzinach i mog\u0105 trwa\u0107 12-15 godzin, przynosz\u0105c zwi\u0119kszon\u0105 empati\u0119, wewn\u0119trzny spok\u00f3j, stymulacj\u0119 wizualn\u0105 i introspekcj\u0119. U\u017cywaj w cichym, celowym otoczeniu - najlepiej na \u0142onie natury - z trze\u017awym tripitterem. Post 6-12 godzin wcze\u015bniej zmniejsza nudno\u015bci, a praktyki uziemiaj\u0105ce, takie jak prowadzenie dziennika, zwi\u0119kszaj\u0105 integracj\u0119. Podchod\u017a z szacunkiem, poniewa\u017c jest to nauczyciel uzdrawiania i zrozumienia.<\/p>\n<h2 dir=\"ltr\">Sk\u0142adniki Cutting Pachanoi<\/h2>\n<p dir=\"ltr\">G\u0142\u00f3wnym zwi\u0105zkiem aktywnym w kaktusie Cutting Pachanoi jest meskalina, psychodelik, kt\u00f3ry oddzia\u0142uje z receptorami serotoninowymi, wywo\u0142uj\u0105c zwi\u0119kszon\u0105 percepcj\u0119, popraw\u0119 nastroju i duchow\u0105 refleksj\u0119. Chocia\u017c zawiera mniej meskaliny ni\u017c jej krewniacy, tacy jak Bridgesii, pozostaje silny dla g\u0142\u0119bokich do\u015bwiadcze\u0144, szczeg\u00f3lnie w skoncentrowanych dawkach. Drobne alkaloidy, w tym anhalonidyna, tyramina i hordenina, wzmacniaj\u0105 jego profil energetyczny. Fizycznie kaktus sk\u0142ada si\u0119 z bogatej w wod\u0119 tkanki, w\u0142\u00f3knistego mi\u0105\u017cszu i ochronnej sk\u00f3ry. Jego szybki wzrost i niska liczba kr\u0119gos\u0142up\u00f3w sprawiaj\u0105, \u017ce idealnie nadaje si\u0119 do uprawy i ceremonialnego u\u017cytku, r\u00f3wnowa\u017c\u0105c chemiczn\u0105 moc z duchow\u0105 obecno\u015bci\u0105 w \u015bwi\u0119tej pracy z ro\u015blinami.<\/p>\n<p dir=\"ltr\"><strong>Ostrze\u017cenie<\/strong><\/p>\n<p dir=\"ltr\">Nie nale\u017cy spo\u017cywa\u0107 kaktusa Cutting Pachanoi, je\u015bli jeste\u015b w ci\u0105\u017cy, karmisz piersi\u0105, masz mniej ni\u017c 18 lat lub cierpisz na choroby serca, ci\u015bnienie krwi lub zaburzenia psychiczne. Unika\u0107 \u0142\u0105czenia z alkoholem, lekami lub innymi substancjami. Stosowa\u0107 wy\u0142\u0105cznie w bezpiecznym, spokojnym otoczeniu w obecno\u015bci trze\u017awego opiekuna. Nie nale\u017cy prowadzi\u0107 pojazd\u00f3w ani obs\u0142ugiwa\u0107 maszyn pod jej wp\u0142ywem. Traktuj t\u0119 ro\u015blin\u0119 z szacunkiem i intencj\u0105 - jest to narz\u0119dzie ceremonialne, a nie substancja rekreacyjna.<\/p>","protected":false},"excerpt":{"rendered":"<p dir=\"ltr\" data-pm-slice=\"1 1 []\">Ci\u0119cie kaktusa Pachanoi lub San Pedro jest cenionym nauczycielem ro\u015blin, znanym ze swoich skoncentrowanych na sercu i regeneruj\u0105cych w\u0142a\u015bciwo\u015bci. Stosowany w \u015bwi\u0119tych ceremoniach od wiek\u00f3w, zapewnia g\u0142\u0119bok\u0105 podr\u00f3\u017c w kierunku wewn\u0119trznego spokoju, wgl\u0105du emocjonalnego i duchowego o\u015bwiecenia.<\/p>","protected":false},"featured_media":84407,"template":"","meta":[],"product_brand":[],"product_cat":[394,297,384],"product_tag":[],"class_list":{"0":"post-84404","1":"product","2":"type-product","3":"status-publish","4":"has-post-thumbnail","6":"product_cat-mescaline-cacti","7":"product_cat-all-products","8":"product_cat-smartshop","9":"product_shipping_class-group-7","11":"first","12":"instock","13":"taxable","14":"shipping-taxable","15":"purchasable","16":"product-type-variable","17":"has-default-attributes"},"_links":{"self":[{"href":"https:\/\/www.headshop.nl\/pl\/wp-json\/wp\/v2\/product\/84404","targetHints":{"allow":["GET"]}}],"collection":[{"href":"https:\/\/www.headshop.nl\/pl\/wp-json\/wp\/v2\/product"}],"about":[{"href":"https:\/\/www.headshop.nl\/pl\/wp-json\/wp\/v2\/types\/product"}],"wp:featuredmedia":[{"embeddable":true,"href":"https:\/\/www.headshop.nl\/pl\/wp-json\/wp\/v2\/media\/84407"}],"wp:attachment":[{"href":"https:\/\/www.headshop.nl\/pl\/wp-json\/wp\/v2\/media?parent=84404"}],"wp:term":[{"taxonomy":"product_brand","embeddable":true,"href":"https:\/\/www.headshop.nl\/pl\/wp-json\/wp\/v2\/product_brand?post=84404"},{"taxonomy":"product_cat","embeddable":true,"href":"https:\/\/www.headshop.nl\/pl\/wp-json\/wp\/v2\/product_cat?post=84404"},{"taxonomy":"product_tag","embeddable":true,"href":"https:\/\/www.headshop.nl\/pl\/wp-json\/wp\/v2\/product_tag?post=84404"}],"curies":[{"name":"wp","href":"https:\/\/api.w.org\/{rel}","templated":true}]}}