{"id":84400,"date":"2025-05-09T08:54:45","date_gmt":"2025-05-09T08:54:45","guid":{"rendered":"https:\/\/www.headshop.nl\/?post_type=product&#038;p=84400"},"modified":"2025-10-16T07:05:23","modified_gmt":"2025-10-16T07:05:23","slug":"cutting-bridgesii-25-29-cm","status":"publish","type":"product","link":"https:\/\/www.headshop.nl\/pl\/cutting-bridgesii-25-29-cm\/","title":{"rendered":"Mostki tn\u0105ce 25 - 29 cm"},"content":{"rendered":"<h2 dir=\"ltr\" data-pm-slice=\"1 1 []\">Czym s\u0105 mostki tn\u0105ce?<\/h2>\n<p dir=\"ltr\">Kaktus Cutting Bridgesii, znany r\u00f3wnie\u017c jako <em>Echinopsis lageniformis<\/em> lub Bolivian Torch, to szybko rosn\u0105cy kaktus kolumnowy pochodz\u0105cy z Boliwii. Jego niebiesko-zielona sk\u00f3ra, d\u0142ugie kolce i \u017cebrowana struktura sprawiaj\u0105, \u017ce jest wizualnie urzekaj\u0105cy i duchowo silny. Znany z wysokiej zawarto\u015bci meskaliny, plasuje si\u0119 w\u015br\u00f3d najsilniejszych psychoaktywnie kaktus\u00f3w. <em>Trichocereus<\/em> gatunek. Jako ro\u015blina ci\u0119ta mo\u017ce by\u0107 rozmna\u017cana lub u\u017cywana do przygotowywania dawek ceremonialnych, wywo\u0142uj\u0105c stany wizjonerskie, jasno\u015b\u0107 emocjonaln\u0105 i g\u0142\u0119bokie po\u0142\u0105czenie z samym sob\u0105 i natur\u0105. Jako istotne narz\u0119dzie do \u015bwiadomej pracy wewn\u0119trznej, kaktus Cutting Bridgesii prowadzi u\u017cytkownik\u00f3w przez g\u0142\u0119bok\u0105 transformacj\u0119 zar\u00f3wno w tradycyjnym, jak i nowoczesnym kontek\u015bcie uzdrawiania.<\/p>\n<h2 dir=\"ltr\">Historia ci\u0119cia most\u00f3w<\/h2>\n<p dir=\"ltr\">Zakorzeniony w wysoko po\u0142o\u017conych regionach Boliwii, kaktus Cutting Bridgesii jest od wiek\u00f3w czczony przez rdzenne kultury andyjskie. Szamani i uzdrowiciele u\u017cywali go w \u015bwi\u0119tych ceremoniach, aby szuka\u0107 duchowych wskaz\u00f3wek, promowa\u0107 uzdrowienie i \u0142\u0105czy\u0107 si\u0119 ze \u015bwiatem duch\u00f3w. Por\u00f3wnywalna do San Pedro i Peyote, wyr\u00f3\u017cnia si\u0119 intensywnym, wizjonerskim dzia\u0142aniem. Nazwany na cze\u015b\u0107 XIX-wiecznego botanika Thomasa Bridgesa, kaktus ten rozprzestrzeni\u0142 si\u0119 na ca\u0142ym \u015bwiecie, zyskuj\u0105c znaczenie w spo\u0142eczno\u015bciach medycyny ro\u015blinnej ze wzgl\u0119du na swoj\u0105 jasn\u0105, transformuj\u0105c\u0105 moc. Jako \"mistrz-nauczyciel\" pomaga znie\u015b\u0107 bariery emocjonalne i wspiera wolno\u015b\u0107 osobist\u0105, \u0142\u0105cz\u0105c staro\u017cytn\u0105 m\u0105dro\u015b\u0107 z nowoczesnymi poszukiwaniami duchowymi.<\/p>\n<h2 dir=\"ltr\">Jak u\u017cywa\u0107 mostk\u00f3w tn\u0105cych<\/h2>\n<p dir=\"ltr\">Kaktus Cutting Bridgesii jest spo\u017cywany w celach ceremonialnych lub terapeutycznych, aby wykorzysta\u0107 jego wizjonerskie w\u0142a\u015bciwo\u015bci. Przygotowanie obejmuje usuni\u0119cie kolc\u00f3w i ciemnozielonej sk\u00f3ry, pokrojenie wewn\u0119trznego mi\u0105\u017cszu i gotowanie go przez wiele godzin w celu uzyskania g\u0119stej, gorzkiej herbaty. Herbat\u0119 t\u0119 spo\u017cywa si\u0119 powoli z intencj\u0105 w spokojnym, wspieraj\u0105cym otoczeniu. Alternatywnie, gotowany kaktus mo\u017cna zmiksowa\u0107 na past\u0119 lub wysuszy\u0107 do p\u00f3\u017aniejszego wykorzystania. Efekty zaczynaj\u0105 si\u0119 w ci\u0105gu 1-2 godzin na pusty \u017co\u0142\u0105dek, osi\u0105gaj\u0105c szczyt po 3-5 godzinach i trwaj\u0105c 10-14 godzin, cz\u0119sto przynosz\u0105c introspekcj\u0119, uwolnienie emocjonalne, wzorce wizualne i jedno\u015b\u0107 z natur\u0105. U\u017cywaj z zaufanym tripitterem, unikaj rozpraszania uwagi i integruj spostrze\u017cenia poprzez prowadzenie dziennika i odpoczynek. Nale\u017cy podchodzi\u0107 do niej z szacunkiem, gdy\u017c jej intensywno\u015b\u0107 wymaga gotowo\u015bci psychicznej i fizycznej.<\/p>\n<h2 dir=\"ltr\">Sk\u0142adniki Cutting Bridgesii<\/h2>\n<p dir=\"ltr\">G\u0142\u00f3wnym zwi\u0105zkiem aktywnym kaktusa Cutting Bridgesii jest meskalina, psychodeliczny alkaloid u\u017cywany w rytua\u0142ach od tysi\u0105cleci. Oddzia\u0142uj\u0105c na receptory serotoninowe, meskalina zmienia percepcj\u0119, wzmaga emocje i wspiera duchow\u0105 \u015bwiadomo\u015b\u0107. Kaktus ten charakteryzuje si\u0119 wy\u017cszym st\u0119\u017ceniem meskaliny ni\u017c inne kaktusy. <em>Trichocereus<\/em> gatunk\u00f3w, dzi\u0119ki czemu idealnie nadaje si\u0119 do u\u017cytku ceremonialnego. Drobne alkaloidy, takie jak anhalonidyna i tyramina, wzmacniaj\u0105 jej profil energetyczny. Fizycznie sk\u0142ada si\u0119 z w\u0142\u00f3knistej tkanki o wysokiej zawarto\u015bci wody, chronionej przez \u017cebrowan\u0105, woskow\u0105 sk\u00f3r\u0119. Jego bogaty w alkaloidy rdze\u0144 zapewnia duchowe i lecznicze efekty, pozycjonuj\u0105c kaktusa Cutting Bridgesii jako \u015bwi\u0119tego sprzymierze\u0144ca osobistego rozwoju i poszerzonej \u015bwiadomo\u015bci.<\/p>\n<p dir=\"ltr\"><strong>Ostrze\u017cenie<\/strong><\/p>\n<p dir=\"ltr\">Nie nale\u017cy spo\u017cywa\u0107 kaktusa Cutting Bridgesii, je\u015bli jeste\u015b w ci\u0105\u017cy, karmisz piersi\u0105, masz mniej ni\u017c 18 lat lub masz problemy ze zdrowiem psychicznym, choroby serca lub zaburzenia ci\u015bnienia krwi. Unika\u0107 mieszania z alkoholem, lekami lub innymi substancjami psychoaktywnymi. U\u017cywaj tylko w bezpiecznym, spokojnym otoczeniu z trze\u017awym opiekunem. Nie prowad\u017a pojazd\u00f3w ani nie obs\u0142uguj maszyn b\u0119d\u0105c pod jej wp\u0142ywem. Traktuj kaktusa Cutting Bridgesii jako \u015bwi\u0119te lekarstwo, a nie substancj\u0119 rekreacyjn\u0105.<\/p>","protected":false},"excerpt":{"rendered":"<p dir=\"ltr\" data-pm-slice=\"1 1 []\">Kaktus Cutting Bridgesii jest czczonym i pot\u0119\u017cnym ro\u015blinnym sprzymierze\u0144cem, cenionym za swoj\u0105 g\u0142\u0119bok\u0105 duchow\u0105 m\u0105dro\u015b\u0107 i transformuj\u0105c\u0105 uzdrawiaj\u0105c\u0105 energi\u0119. U\u017cywany w szama\u0144skich ceremoniach i praktykach introspekcyjnych, zapewnia g\u0142\u0119bok\u0105 drog\u0119 do samo\u015bwiadomo\u015bci, energetycznego oczyszczenia i podwy\u017cszonej \u015bwiadomo\u015bci.<\/p>","protected":false},"featured_media":84403,"template":"","meta":[],"product_brand":[],"product_cat":[394,297,384],"product_tag":[],"class_list":{"0":"post-84400","1":"product","2":"type-product","3":"status-publish","4":"has-post-thumbnail","6":"product_cat-mescaline-cacti","7":"product_cat-all-products","8":"product_cat-smartshop","9":"product_shipping_class-group-7","11":"first","12":"instock","13":"taxable","14":"shipping-taxable","15":"purchasable","16":"product-type-variable","17":"has-default-attributes"},"_links":{"self":[{"href":"https:\/\/www.headshop.nl\/pl\/wp-json\/wp\/v2\/product\/84400","targetHints":{"allow":["GET"]}}],"collection":[{"href":"https:\/\/www.headshop.nl\/pl\/wp-json\/wp\/v2\/product"}],"about":[{"href":"https:\/\/www.headshop.nl\/pl\/wp-json\/wp\/v2\/types\/product"}],"wp:featuredmedia":[{"embeddable":true,"href":"https:\/\/www.headshop.nl\/pl\/wp-json\/wp\/v2\/media\/84403"}],"wp:attachment":[{"href":"https:\/\/www.headshop.nl\/pl\/wp-json\/wp\/v2\/media?parent=84400"}],"wp:term":[{"taxonomy":"product_brand","embeddable":true,"href":"https:\/\/www.headshop.nl\/pl\/wp-json\/wp\/v2\/product_brand?post=84400"},{"taxonomy":"product_cat","embeddable":true,"href":"https:\/\/www.headshop.nl\/pl\/wp-json\/wp\/v2\/product_cat?post=84400"},{"taxonomy":"product_tag","embeddable":true,"href":"https:\/\/www.headshop.nl\/pl\/wp-json\/wp\/v2\/product_tag?post=84400"}],"curies":[{"name":"wp","href":"https:\/\/api.w.org\/{rel}","templated":true}]}}