{"id":83209,"date":"2025-02-04T15:24:38","date_gmt":"2025-02-04T15:24:38","guid":{"rendered":"https:\/\/www.headshop.nl\/?post_type=product&#038;p=83209"},"modified":"2026-02-19T01:26:18","modified_gmt":"2026-02-19T01:26:18","slug":"love-caps-6-capsules","status":"publish","type":"product","link":"https:\/\/www.headshop.nl\/pl\/love-caps-6-capsules\/","title":{"rendered":"Love Caps - 6 kapsu\u0142ek"},"content":{"rendered":"<p><strong>Tre\u015b\u0107:<\/strong> 6 kapsu\u0142ek<br \/>\n<strong>Marka:<\/strong> Ultimate69<\/p>\n<p>Kapsu\u0142ki Love Caps od Ultimate69 zosta\u0142y zaprojektowane, aby doda\u0107 odrobin\u0119 erotycznej przyjemno\u015bci zar\u00f3wno dla niego, jak i dla niej. Prze\u017cyj niesamowite doznania razem z tymi nowymi kapsu\u0142kami, wykonanymi ze starannie wyselekcjonowanych ekstrakt\u00f3w zio\u0142owych. Zwi\u0119kszaj\u0105 libido, energi\u0119, wytrzyma\u0142o\u015b\u0107 i zapewniaj\u0105 lekkie mrowienie. Razem osi\u0105gniecie ostateczny punkt kulminacyjny! Baw si\u0119 dobrze i ciesz si\u0119 Love Caps Ultimate 69!<\/p>\n<p><strong>Sk\u0142adniki:<\/strong><\/p>\n<p>150 mg GABA, 100 mg L-argininy, 100 mg L-cytruliny, 100 mg ekstraktu z czarnej maca, 50 mg kanna, 50 mg ekstraktu z \u017ce\u0144-szenia, 50 mg ekstraktu z damiany, 50 mg ekstraktu z passiflory, 50 mg tauryny, 50 mg ekstraktu z kakao, 50 mg witaminy C, 25 mg ekstraktu z melisy, 10 mg niacyny, 10 mg cynku, 2 mg piperyny oraz skrobia ry\u017cowa jako substancja pomocnicza.<\/p>\n<p><strong>Dawkowanie:<\/strong><\/p>\n<p>Kapsu\u0142ki Love Caps nale\u017cy przyjmowa\u0107 na godzin\u0119 przed aktywno\u015bci\u0105 seksualn\u0105. Zacznij od 1 kapsu\u0142ki, aby do\u015bwiadczy\u0107 efektu, a w razie potrzeby we\u017a drug\u0105 kapsu\u0142k\u0119 po p\u00f3\u0142 godzinie. Maksymalna liczba kapsu\u0142ek na osob\u0119 dziennie wynosi 2.<\/p>\n<p><strong>Ostrze\u017cenie:<\/strong><\/p>\n<p>Przechowywa\u0107 w miejscu niedost\u0119pnym dla dzieci. Skonsultuj si\u0119 z lekarzem przed u\u017cyciem, je\u015bli jeste\u015b w ci\u0105\u017cy, karmisz piersi\u0105 lub masz w\u0105tpliwo\u015bci zdrowotne. Jest to suplement diety i powinien by\u0107 stosowany jako taki.<\/p>\n<p><strong>Porady dotycz\u0105ce przechowywania:<\/strong><\/p>\n<p>Przechowywa\u0107 w ch\u0142odnym, ciemnym miejscu.<\/p>","protected":false},"excerpt":{"rendered":"<p>Zwi\u0119ksz intymno\u015b\u0107 dzi\u0119ki kapsu\u0142kom Ultimate69 Love Caps, zaprojektowanym zar\u00f3wno dla niego, jak i dla niej. Wykonane ze starannie wyselekcjonowanych ekstrakt\u00f3w zio\u0142owych, zwi\u0119kszaj\u0105 libido, energi\u0119 i wytrzyma\u0142o\u015b\u0107, zapewniaj\u0105c jednocze\u015bnie lekkie mrowienie.<\/p>","protected":false},"featured_media":83213,"template":"","meta":[],"product_brand":[],"product_cat":[705,297,395,384],"product_tag":[],"class_list":{"0":"post-83209","1":"product","2":"type-product","3":"status-publish","4":"has-post-thumbnail","6":"product_cat-sex-shop","7":"product_cat-all-products","8":"product_cat-aphrodisiacs","9":"product_cat-smartshop","11":"first","12":"instock","13":"taxable","14":"shipping-taxable","15":"purchasable","16":"product-type-variable","17":"has-default-attributes"},"_links":{"self":[{"href":"https:\/\/www.headshop.nl\/pl\/wp-json\/wp\/v2\/product\/83209","targetHints":{"allow":["GET"]}}],"collection":[{"href":"https:\/\/www.headshop.nl\/pl\/wp-json\/wp\/v2\/product"}],"about":[{"href":"https:\/\/www.headshop.nl\/pl\/wp-json\/wp\/v2\/types\/product"}],"wp:featuredmedia":[{"embeddable":true,"href":"https:\/\/www.headshop.nl\/pl\/wp-json\/wp\/v2\/media\/83213"}],"wp:attachment":[{"href":"https:\/\/www.headshop.nl\/pl\/wp-json\/wp\/v2\/media?parent=83209"}],"wp:term":[{"taxonomy":"product_brand","embeddable":true,"href":"https:\/\/www.headshop.nl\/pl\/wp-json\/wp\/v2\/product_brand?post=83209"},{"taxonomy":"product_cat","embeddable":true,"href":"https:\/\/www.headshop.nl\/pl\/wp-json\/wp\/v2\/product_cat?post=83209"},{"taxonomy":"product_tag","embeddable":true,"href":"https:\/\/www.headshop.nl\/pl\/wp-json\/wp\/v2\/product_tag?post=83209"}],"curies":[{"name":"wp","href":"https:\/\/api.w.org\/{rel}","templated":true}]}}