{"id":83201,"date":"2022-06-06T15:17:13","date_gmt":"2022-06-06T15:17:13","guid":{"rendered":"https:\/\/www.headshop.nl\/?post_type=product&#038;p=83201"},"modified":"2025-11-11T13:26:15","modified_gmt":"2025-11-11T13:26:15","slug":"sex-on-the-beach","status":"publish","type":"product","link":"https:\/\/www.headshop.nl\/pl\/sex-on-the-beach\/","title":{"rendered":"Sex na pla\u017cy"},"content":{"rendered":"<h2 dir=\"auto\">Czym s\u0105 trufle Sex on the Beach Magic?<\/h2>\n<p dir=\"auto\">Sex on the Beach Magic Truffles to sklerocja, tworzona przez podziemne nitki grzybni, kt\u00f3re przechowuj\u0105 sk\u0142adniki od\u017cywcze do wzrostu grzyb\u00f3w w okre\u015blonych warunkach temperatury i wilgotno\u015bci, zapewniaj\u0105c silne doznania psychodeliczne. Trufle te s\u0105 znane ze wzmacniania po\u0142\u0105cze\u0144 sensorycznych i emocjonalnych, wywo\u0142uj\u0105c \u017cywe obrazy i filozoficzne spostrze\u017cenia, a ka\u017cde 15-gramowe pude\u0142ko jest dostosowane do transformacyjnej podr\u00f3\u017cy jednego u\u017cytkownika.<\/p>\n<p dir=\"auto\">Ich popularno\u015b\u0107 wynika z ich zdolno\u015bci do wspierania intymno\u015bci i osobistej eksploracji, interakcji z uk\u0142adem serotoninowym m\u00f3zgu w celu stworzenia magicznej, halucynogennej podr\u00f3\u017cy. Przechowywane w temperaturze 2\u00b0C-4\u00b0C, oferuj\u0105 bezpieczne, kontrolowane do\u015bwiadczenie dla doros\u0142ych powy\u017cej 18 roku \u017cycia, co czyni je wszechstronnym wyborem dla os\u00f3b poszukuj\u0105cych g\u0142\u0119bokiego samopoznania lub wsp\u00f3lnych chwil w zaufanym \u015brodowisku.<\/p>\n<h2 dir=\"auto\">Historia Sex on the Beach Magic Truffles<\/h2>\n<p dir=\"auto\">Historia Sex on the Beach Magic Truffles wywodzi si\u0119 ze staro\u017cytnych kultur Ameryki \u015arodkowej i Po\u0142udniowej, gdzie grzyby psychoaktywne by\u0142y wykorzystywane w duchowych rytua\u0142ach do \u0142\u0105czenia si\u0119 z bosko\u015bci\u0105 i odkrywania siebie. We wsp\u00f3\u0142czesnej erze sklerocja zyska\u0142a na znaczeniu w Holandii jako legalna alternatywa dla zakazanych magicznych grzyb\u00f3w, a ta specyficzna mieszanka zosta\u0142a stworzona w celu wzmocnienia intymnych, skoncentrowanych na zmys\u0142ach do\u015bwiadcze\u0144.<\/p>\n<p dir=\"auto\">Post\u0119py w uprawie zapewni\u0142y ich moc i sp\u00f3jno\u015b\u0107, odzwierciedlaj\u0105c mieszank\u0119 staro\u017cytnych tradycji i wsp\u00f3\u0142czesnych innowacji. Dzi\u015b trufle te s\u0105 znane z u\u0142atwiania znacz\u0105cych po\u0142\u0105cze\u0144 i rozwoju osobistego, pod\u0105\u017caj\u0105c za fal\u0105 rosn\u0105cego zainteresowania naturalnymi psychodelikami i staj\u0105c si\u0119 ulubionymi w globalnej spo\u0142eczno\u015bci psychodelicznej.<\/p>\n<h2 dir=\"auto\">Jak korzysta\u0107 z Sex na pla\u017cy Magic Truffles<\/h2>\n<p dir=\"auto\">Aby bezpiecznie korzysta\u0107 z Sex on the Beach Magic Truffles, nale\u017cy spo\u017cywa\u0107 je w spokojnym, zaufanym otoczeniu, najlepiej w towarzystwie bliskiej osoby, zaczynaj\u0105c od po\u0142owy 15-gramowego opakowania i odczekuj\u0105c 30-45 minut przed spo\u017cyciem kolejnych porcji. \u017bu\u0107 dok\u0142adnie, aby uzyska\u0107 optymaln\u0105 moc, lub zaparzy\u0107 w herbacie lub zupie, przyjmuj\u0105c je na pusty \u017co\u0142\u0105dek, aby uzyska\u0107 efekty, kt\u00f3re osi\u0105gn\u0105 szczyt w ci\u0105gu 1-3 godzin i znikn\u0105 po 5-6 godzinach; przechowywa\u0107 w temperaturze 2\u00b0C-4\u00b0C w ciemnym miejscu.<\/p>\n<p dir=\"auto\">Unikaj \u0142\u0105czenia z alkoholem, lekami lub narkotykami i nie u\u017cywaj, je\u015bli jeste\u015b w ci\u0105\u017cy, karmisz piersi\u0105 lub cierpisz na choroby takie jak depresja, choroby serca lub cukrzyca; prowadzenie pojazd\u00f3w lub obs\u0142ugiwanie maszyn jest zabronione. B\u0105d\u017a nawodniony, miej pozytywne intencje i zrelaksuj si\u0119, aby prze\u017cy\u0107 zmys\u0142ow\u0105 przygod\u0119, zapewniaj\u0105c niezapomniane, intymne doznania przy starannym przestrzeganiu wytycznych dotycz\u0105cych dawkowania.<\/p>\n<h2 dir=\"auto\">Sk\u0142adniki Sex on the Beach Magic Truffles<\/h2>\n<p dir=\"auto\">Sex on the Beach Magic Truffles zawieraj\u0105 psylocybin\u0119, kt\u00f3ra przekszta\u0142ca si\u0119 w psylocyn\u0119, wywo\u0142uj\u0105c efekty halucynogenne poprzez szlaki serotoninowe, a tak\u017ce sk\u0142adniki od\u017cywcze, takie jak 110,5 kcal, 13,2 g w\u0119glowodan\u00f3w, 5,3 g bia\u0142ka, 0,4 g t\u0142uszczu i 16,7 g b\u0142onnika pokarmowego na 100 g. Dostarczaj\u0105 r\u00f3wnie\u017c 210 mg potasu, 169,3 mg fosforu, 13,6 mg sodu, 12,5 mg wapnia, 0,7 mg \u017celaza i 10 IU witaminy D, wspieraj\u0105c energi\u0119 i funkcje organizmu.<\/p>\n<p dir=\"auto\">Uprawiane naturalnie bez dodatk\u00f3w, sklerocja te oferuj\u0105 czyst\u0105 mieszank\u0119 korzy\u015bci psychoaktywnych i od\u017cywczych, poprawiaj\u0105c nastr\u00f3j, percepcj\u0119 i intymno\u015b\u0107. Ich sk\u0142ad sprawia, \u017ce s\u0105 idealne dla os\u00f3b poszukuj\u0105cych g\u0142\u0119bokich dozna\u0144 psychicznych przy niewielkim wsparciu dietetycznym, pod warunkiem, \u017ce u\u017cytkownicy szanuj\u0105 moc psilocybiny i przestrzegaj\u0105 bezpiecznych praktyk konsumpcyjnych.<\/p>\n<p dir=\"auto\"><strong>Ostrze\u017cenie<\/strong><\/p>\n<p dir=\"auto\">Sex on the Beach Magic Truffles zawieraj\u0105 psylocybin\u0119 i psylocyn\u0119, silne halucynogeny, kt\u00f3re znacz\u0105co zmieniaj\u0105 \u015bwiadomo\u015b\u0107 i wywo\u0142uj\u0105 \u017cywe halucynacje, wymagaj\u0105c ostro\u017cnego stosowania w kontrolowanym \u015brodowisku. Przechowywa\u0107 w miejscu niedost\u0119pnym dla dzieci i unika\u0107 w przypadku ci\u0105\u017cy, problem\u00f3w ze zdrowiem psychicznym lub chor\u00f3b, takich jak cukrzyca lub choroby serca, poniewa\u017c efekty mog\u0105 by\u0107 nieprzewidywalne.<\/p>\n<p dir=\"auto\">Nie mieszaj z alkoholem, narkotykami lub lekami i zapewnij odpowiedzialne spo\u017cycie, przestrzegaj\u0105c zasad bezpiecze\u0144stwa, aby uzyska\u0107 pozytywne i bezpieczne wra\u017cenia. U\u017cytkownicy musz\u0105 utrzymywa\u0107 odpowiedni stan psychiczny i fizyczny, aby w pe\u0142ni doceni\u0107 transformuj\u0105ce efekty tych trufli.<\/p>","protected":false},"excerpt":{"rendered":"<p>Sex on the Beach Magic Truffles zbli\u017caj\u0105 Ciebie i Twojego partnera do siebie. Wszystko staje si\u0119 mocniejsze, bardziej ekscytuj\u0105ce, a reszta \u015bwiata na chwil\u0119 znika. To idealny czas, by w pe\u0142ni cieszy\u0107 si\u0119 sob\u0105 nawzajem. Znajd\u017a romantyczne miejsce i wyrusz w erotyczn\u0105 podr\u00f3\u017c.<\/p>\n<p><strong>Pe\u0142ne do\u015bwiadczenie: jedno pude\u0142ko, jedna osoba<\/strong><\/p>","protected":false},"featured_media":83223,"template":"","meta":[],"product_brand":[],"product_cat":[812,297,402,706,399,626,384],"product_tag":[978],"class_list":{"0":"post-83201","1":"product","2":"type-product","3":"status-publish","4":"has-post-thumbnail","6":"product_cat-mcsmart-truffles","7":"product_cat-all-products","8":"product_cat-magic-truffles","9":"product_cat-microdosing-truffles","10":"product_cat-shroomshop","11":"product_cat-shroomshop-top-10","12":"product_cat-smartshop","13":"product_tag-shrdeal","14":"product_shipping_class-group-7","16":"first","17":"instock","18":"taxable","19":"shipping-taxable","20":"purchasable","21":"product-type-variable","22":"has-default-attributes"},"_links":{"self":[{"href":"https:\/\/www.headshop.nl\/pl\/wp-json\/wp\/v2\/product\/83201","targetHints":{"allow":["GET"]}}],"collection":[{"href":"https:\/\/www.headshop.nl\/pl\/wp-json\/wp\/v2\/product"}],"about":[{"href":"https:\/\/www.headshop.nl\/pl\/wp-json\/wp\/v2\/types\/product"}],"wp:featuredmedia":[{"embeddable":true,"href":"https:\/\/www.headshop.nl\/pl\/wp-json\/wp\/v2\/media\/83223"}],"wp:attachment":[{"href":"https:\/\/www.headshop.nl\/pl\/wp-json\/wp\/v2\/media?parent=83201"}],"wp:term":[{"taxonomy":"product_brand","embeddable":true,"href":"https:\/\/www.headshop.nl\/pl\/wp-json\/wp\/v2\/product_brand?post=83201"},{"taxonomy":"product_cat","embeddable":true,"href":"https:\/\/www.headshop.nl\/pl\/wp-json\/wp\/v2\/product_cat?post=83201"},{"taxonomy":"product_tag","embeddable":true,"href":"https:\/\/www.headshop.nl\/pl\/wp-json\/wp\/v2\/product_tag?post=83201"}],"curies":[{"name":"wp","href":"https:\/\/api.w.org\/{rel}","templated":true}]}}