{"id":83162,"date":"2025-02-04T09:00:51","date_gmt":"2025-02-04T09:00:51","guid":{"rendered":"https:\/\/www.headshop.nl\/?post_type=product&#038;p=83162"},"modified":"2025-10-31T09:22:55","modified_gmt":"2025-10-31T09:22:55","slug":"microdose-synergy","status":"publish","type":"product","link":"https:\/\/www.headshop.nl\/pl\/microdose-synergy\/","title":{"rendered":"Microdose Synergy"},"content":{"rendered":"<h2>Czym s\u0105 Microdose Synergy Capsules?<\/h2>\n<p>Kapsu\u0142ki Microdose Synergy to innowacyjne suplementy stworzone w celu zwi\u0119kszenia korzy\u015bci p\u0142yn\u0105cych z mikrodawkowania. Kapsu\u0142ki te zawieraj\u0105 mieszank\u0119 silnych sk\u0142adnik\u00f3w, takich jak grzyb Lion\u2019s Mane, niacyna (witamina B3), rozmaryn Extract i witamina C. Ta pot\u0119\u017cna kombinacja wspomaga funkcje poznawcze, zwi\u0119ksza energi\u0119 i wspiera jasno\u015b\u0107 umys\u0142u.<\/p>\n<p>Lion\u2019s Mane, cz\u0119sto okre\u015blany jako \"naturalny pokarm dla m\u00f3zgu\", stymuluje produkcj\u0119 czynnik\u00f3w wzrostu nerw\u00f3w, kt\u00f3re s\u0105 kluczowe dla zdrowia kom\u00f3rek m\u00f3zgowych. Niacyna poprawia przep\u0142yw krwi, pomagaj\u0105c organizmowi skutecznie wch\u0142ania\u0107 sk\u0142adniki od\u017cywcze. Witamina C i rozmaryn Extract zapewniaj\u0105 wsparcie antyoksydacyjne i metaboliczne. Kapsu\u0142ki te, stosowane wraz z procedurami mikrodawkowania, pomagaj\u0105 poprawi\u0107 koncentracj\u0119, kreatywno\u015b\u0107 i og\u00f3lne samopoczucie.<\/p>\n<p>Ka\u017cda butelka zawiera 60 kapsu\u0142ek, oferuj\u0105c \u0142atwy i wygodny spos\u00f3b na w\u0142\u0105czenie tych korzy\u015bci do codziennego \u017cycia.<\/p>\n<h2>Historia sk\u0142adnik\u00f3w Microdose Synergy<\/h2>\n<p>Sk\u0142adniki kapsu\u0142ek Microdose Synergy maj\u0105 silne korzenie zar\u00f3wno w tradycyjnej medycynie, jak i wsp\u00f3\u0142czesnej nauce. Grzyby Lion\u2019s Mane, stosowane od wiek\u00f3w w kulturach wschodnioazjatyckich, znane s\u0105 ze wspierania zdrowia i witalno\u015bci m\u00f3zgu. Badania wykaza\u0142y, \u017ce Lion\u2019s Mane stymuluje produkcj\u0119 czynnik\u00f3w wzrostu nerw\u00f3w, kt\u00f3re s\u0105 niezb\u0119dne do naprawy i utrzymania neuron\u00f3w.<\/p>\n<p>Niacyna, odkryta na pocz\u0105tku XX wieku, jest kluczowym sk\u0142adnikiem od\u017cywczym dla metabolizmu energetycznego i zdrowia sk\u00f3ry. Tradycyjnie pozyskiwana ze zb\u00f3\u017c i ro\u015blin str\u0105czkowych, niacyna odgrywa kluczow\u0105 rol\u0119 w syntezie bia\u0142ek i naprawie kom\u00f3rkowej. Rozmaryn, zio\u0142o \u015br\u00f3dziemnomorskie, jest znany ze swojej zdolno\u015bci do poprawy pami\u0119ci i kr\u0105\u017cenia. W\u0142a\u015bciwo\u015bci przeciwutleniaj\u0105ce witaminy C s\u0105 od dawna doceniane na ca\u0142ym \u015bwiecie.<\/p>\n<p>\u0141\u0105cz\u0105c te tradycyjne sk\u0142adniki, kapsu\u0142ki Microdose Synergy zapewniaj\u0105 nowoczesne podej\u015bcie do poprawy zdrowia poznawczego i fizycznego.<\/p>\n<h2>Jak u\u017cywa\u0107 Microdose Synergy Capsules<\/h2>\n<p>Aby uzyska\u0107 optymalne wyniki, nale\u017cy przestrzega\u0107 tej ustrukturyzowanej procedury podczas stosowania kapsu\u0142ek Microdose Synergy:<\/p>\n<p><strong>Dzie\u0144 1-4: Dni Microdosing<\/strong><\/p>\n<ul>\n<li>Przyjmowa\u0107 rano od 0,5 do 1,5 grama \u015bwie\u017cych magicznych trufli.<\/li>\n<li>Dodaj 1-2 kapsu\u0142ki Microdose Synergy, aby wzmocni\u0107 efekty.<\/li>\n<\/ul>\n<p><strong>Dzie\u0144 5-7: Dni inne ni\u017c Microdosing<\/strong><\/p>\n<ul>\n<li>Pomi\u0144 trufle, ale opcjonalnie we\u017a 1-2 kapsu\u0142ki rano.<\/li>\n<\/ul>\n<p><strong>Cykl:<\/strong><\/p>\n<p>Powtarzaj t\u0119 procedur\u0119 przez cztery tygodnie, aby osi\u0105gn\u0105\u0107 najlepsze rezultaty.<\/p>\n<p>Kapsu\u0142ki mog\u0105 by\u0107 stosowane z mikrodawkowaniem lub bez, cho\u0107 po\u0142\u0105czenie ich z McMicrodose Truffles wzmacnia ich synergistyczne dzia\u0142anie. Kapsu\u0142ki nale\u017cy przyjmowa\u0107 rano, popijaj\u0105c wod\u0105, aby zwi\u0119kszy\u0107 poziom energii i koncentracj\u0119 przez ca\u0142y dzie\u0144.<\/p>\n<h2>Sk\u0142adniki Microdose Synergy Capsules<\/h2>\n<p>Ka\u017cda kapsu\u0142ka Microdose Synergy zawiera:<\/p>\n<ul>\n<li><strong>300 mg Organiczny Lion\u2019s Mane Extract<\/strong>: Wspomaga funkcje poznawcze i zdrowie neuron\u00f3w.<\/li>\n<li><strong>50 mg niacyny (witamina B3)<\/strong>: Zwi\u0119ksza metabolizm energetyczny i wch\u0142anianie sk\u0142adnik\u00f3w od\u017cywczych.<\/li>\n<li><strong>25 mg rozmarynu Extract<\/strong>: Wspomaga kr\u0105\u017cenie i zdrowie uk\u0142adu trawiennego.<\/li>\n<li><strong>25 mg kwasu askorbinowego (witamina C)<\/strong>: Zapewnia ochron\u0119 antyoksydacyjn\u0105 i wspomaga odporno\u015b\u0107.<\/li>\n<\/ul>\n<p>Sk\u0142adniki te zosta\u0142y starannie dobrane, aby wsp\u00f3lnie wspiera\u0107 zdrowie m\u00f3zgu, zwi\u0119ksza\u0107 koncentracj\u0119 i zapewnia\u0107 ochron\u0119 antyoksydacyjn\u0105.<\/p>\n<p><strong>Ostrze\u017cenie<\/strong><\/p>\n<p>Kapsu\u0142ki Microdose Synergy s\u0105 suplementami diety i nie powinny zast\u0119powa\u0107 zr\u00f3wnowa\u017conej diety ani zdrowego stylu \u017cycia. Nie nale\u017cy przekracza\u0107 zalecanej dawki. Przechowywa\u0107 w miejscu niedost\u0119pnym dla dzieci. Je\u015bli jeste\u015b w ci\u0105\u017cy, karmisz piersi\u0105 lub cierpisz na jakiekolwiek schorzenia, przed u\u017cyciem skonsultuj si\u0119 z lekarzem. Wysokie dawki niacyny mog\u0105 powodowa\u0107 przej\u015bciowe \"uderzenia gor\u0105ca\", nieszkodliwe uczucie ciep\u0142a lub mrowienia.<\/p>","protected":false},"excerpt":{"rendered":"<p>Podnie\u015b swoje do\u015bwiadczenie mikrodawkowania dzi\u0119ki kapsu\u0142kom Microdose Synergy! Dzi\u0119ki zawarto\u015bci Lion\u2019s Mane, niacyny, rozmarynu Extract i witaminy C, suplementy te poprawiaj\u0105 zdrowie m\u00f3zgu, energi\u0119 i og\u00f3lne samopoczucie, jednocze\u015bnie wzmacniaj\u0105c efekty mikrodawkowania.<\/p>","protected":false},"featured_media":87969,"template":"","meta":[],"product_brand":[],"product_cat":[925,813,462,401,706,399,384,456],"product_tag":[978],"class_list":{"0":"post-83162","1":"product","2":"type-product","3":"status-publish","4":"has-post-thumbnail","6":"product_cat-mcmicrodose","7":"product_cat-mcmyco","8":"product_cat-medicinal-mushrooms-healthshop","9":"product_cat-microdosing","10":"product_cat-microdosing-truffles","11":"product_cat-shroomshop","12":"product_cat-smartshop","13":"product_cat-supplements","14":"product_tag-shrdeal","16":"first","17":"instock","18":"taxable","19":"shipping-taxable","20":"purchasable","21":"product-type-variable","22":"has-default-attributes"},"_links":{"self":[{"href":"https:\/\/www.headshop.nl\/pl\/wp-json\/wp\/v2\/product\/83162","targetHints":{"allow":["GET"]}}],"collection":[{"href":"https:\/\/www.headshop.nl\/pl\/wp-json\/wp\/v2\/product"}],"about":[{"href":"https:\/\/www.headshop.nl\/pl\/wp-json\/wp\/v2\/types\/product"}],"wp:featuredmedia":[{"embeddable":true,"href":"https:\/\/www.headshop.nl\/pl\/wp-json\/wp\/v2\/media\/87969"}],"wp:attachment":[{"href":"https:\/\/www.headshop.nl\/pl\/wp-json\/wp\/v2\/media?parent=83162"}],"wp:term":[{"taxonomy":"product_brand","embeddable":true,"href":"https:\/\/www.headshop.nl\/pl\/wp-json\/wp\/v2\/product_brand?post=83162"},{"taxonomy":"product_cat","embeddable":true,"href":"https:\/\/www.headshop.nl\/pl\/wp-json\/wp\/v2\/product_cat?post=83162"},{"taxonomy":"product_tag","embeddable":true,"href":"https:\/\/www.headshop.nl\/pl\/wp-json\/wp\/v2\/product_tag?post=83162"}],"curies":[{"name":"wp","href":"https:\/\/api.w.org\/{rel}","templated":true}]}}