{"id":82816,"date":"2025-01-10T13:47:34","date_gmt":"2025-01-10T13:47:34","guid":{"rendered":"https:\/\/www.headshop.nl\/?post_type=product&#038;p=82816"},"modified":"2025-05-23T09:10:06","modified_gmt":"2025-05-23T09:10:06","slug":"somango-autoflower-soma-sacred-seeds","status":"publish","type":"product","link":"https:\/\/www.headshop.nl\/pl\/somango-autoflower-soma-sacred-seeds\/","title":{"rendered":"Automatycznie kwitn\u0105ca odmiana Somango - Soma Sacred Seeds"},"content":{"rendered":"<h2>Czym jest Somango Autoflower?<\/h2>\n<p>Somango Autoflower to hybrydowa odmiana konopi powsta\u0142a z po\u0142\u0105czenia genetyki Jack Herer i korea\u0144skiej Big Skunk. Znana ze swojego tropikalnego aromatu i smaku mango, odmiana ta zawiera 75% Indica i 25% Sativa, oferuj\u0105c wszechstronne doznania, kt\u00f3re s\u0105 zar\u00f3wno relaksuj\u0105ce fizycznie, jak i stymuluj\u0105ce psychicznie. Jej automatycznie kwitn\u0105cy charakter sprawia, \u017ce jest to doskona\u0142y wyb\u00f3r dla hodowc\u00f3w poszukuj\u0105cych prostoty, poniewa\u017c nie wymaga \u015bcis\u0142ego zarz\u0105dzania cyklem \u015bwietlnym.<\/p>\n<p>Znana ze swojego podnosz\u0105cego na duchu dzia\u0142ania, automatycznie kwitn\u0105ca odmiana Somango zapewnia euforyczny haj, kt\u00f3ry zwi\u0119ksza kreatywno\u015b\u0107 bez wywo\u0142ywania silnego uspokojenia. Przy okresie kwitnienia wynosz\u0105cym 9-10 tygodni, ka\u017cda ro\u015blina produkuje oko\u0142o 25 gram\u00f3w p\u0105k\u00f3w. P\u0105ki s\u0105 pokryte kryszta\u0142kami, dzi\u0119ki czemu idealnie nadaj\u0105 si\u0119 do produkcji palonego haszyszu. Najlepiej rozwijaj\u0105ca si\u0119 dzi\u0119ki organicznym sk\u0142adnikom od\u017cywczym, \u017cywe fioletowe li\u015bcie tej odmiany dodaj\u0105 jej atrakcyjno\u015bci wizualnej. Niezale\u017cnie od tego, czy chodzi o upraw\u0119, czy o przyjemno\u015b\u0107, Somango Autoflower zaspokaja potrzeby zar\u00f3wno pocz\u0105tkuj\u0105cych, jak i do\u015bwiadczonych entuzjast\u00f3w konopi.<\/p>\n<h2>Historia automatycznie kwitn\u0105cej odmiany Somango<\/h2>\n<p>Odmiana Somango Autoflower wywodzi si\u0119 od swoich odmian macierzystych, Jack Herer i Big Skunk Korean. Odmiana Original, wcze\u015bniej nazywana Soma #5, zosta\u0142a przemianowana na Somango, aby podkre\u015bli\u0107 jej charakterystyczny tropikalny zapach mango, kt\u00f3ry odr\u00f3\u017cnia j\u0105 od innych odmian. Ta hybryda \u0142\u0105czy w sobie podnosz\u0105ce na duchu efekty Jack Herer i ziemiste, ostre smaki Big Skunk Korean, tworz\u0105c odmian\u0119, kt\u00f3ra oferuje to, co najlepsze z obu \u015bwiat\u00f3w.<\/p>\n<p>Opracowana przez Soma Sacred Seeds, lidera w hodowli konopi, odmiana Somango zosta\u0142a zaprojektowana w celu zapewnienia wyj\u0105tkowego owocowego smaku i silnego dzia\u0142ania. Wersja automatycznie kwitn\u0105ca zosta\u0142a wprowadzona w celu uproszczenia uprawy, umo\u017cliwiaj\u0105c hodowcom pomini\u0119cie zarz\u0105dzania cyklem \u015bwietlnym. Z biegiem czasu Somango zyska\u0142a oddanych zwolennik\u00f3w, cenionych za moc, smak i wszechstronno\u015b\u0107. Jej euforyczne dzia\u0142anie i charakterystyczny aromat mango sprawi\u0142y, \u017ce sta\u0142a si\u0119 wyr\u00f3\u017cniaj\u0105c\u0105 si\u0119 odmian\u0105 w kolekcji Soma.<\/p>\n<h2>Jak stosowa\u0107 Somango Autoflower<\/h2>\n<p>Automatycznie kwitn\u0105ca odmiana Somango mo\u017ce by\u0107 uprawiana na wiele sposob\u00f3w, zgodnie z r\u00f3\u017cnymi preferencjami. Palacze mog\u0105 zwija\u0107 j\u0105 w jointy, pakowa\u0107 do fajek lub u\u017cywa\u0107 w bongach, aby w pe\u0142ni do\u015bwiadczy\u0107 jej tropikalnego smaku mango i g\u0142adkiego dymu. Vaping to kolejna \u015bwietna opcja, poniewa\u017c zachowuje delikatne terpeny szczepu i zapewnia czystsze, bardziej aromatyczne uderzenie.<\/p>\n<p>Podnosz\u0105ce na duchu i stymuluj\u0105ce dzia\u0142anie tej odmiany sprawia, \u017ce idealnie nadaje si\u0119 ona do kreatywnych zaj\u0119\u0107, takich jak pisanie, sztuka lub sesje burzy m\u00f3zg\u00f3w. Jest to doskona\u0142a opcja na dzie\u0144, oferuj\u0105ca pobudzenie umys\u0142owe bez powodowania letargu lub uspokojenia. Dla hodowc\u00f3w, Somango Autoflower jest \u0142atwa w uprawie, wymagaj\u0105c minimalnej opieki przy jednoczesnej produkcji wysokiej jako\u015bci p\u0105k\u00f3w. Jej automatycznie kwitn\u0105ca genetyka sprawia, \u017ce ro\u015blina dojrzewa niezale\u017cnie, dzi\u0119ki czemu jest odpowiednia dla hodowc\u00f3w z ograniczonym do\u015bwiadczeniem.<\/p>\n<h2>Sk\u0142adniki Somango Autoflower<\/h2>\n<p>Unikalne efekty i smaki Somango Autoflower wynikaj\u0105 z jej hybrydowej genetyki, \u0142\u0105cz\u0105cej cechy Jack Herer i korea\u0144skiego Big Skunk. Kompozycja 75% Indica i 25% Sativa zapewnia fizyczny relaks i koj\u0105ce efekty Indica, podczas gdy Sativa przyczynia si\u0119 do podnosz\u0105cego na duchu, euforycznego haju, dzi\u0119ki czemu jest to dobrze zbalansowana odmiana.<\/p>\n<p>Charakterystyczny dla tej odmiany tropikalny smak mango pochodzi z bogatego profilu terpenowego, kt\u00f3ry obejmuje cytrusy i s\u0142odkie nuty owocowe. Terpeny te wzmacniaj\u0105 nie tylko smak, ale tak\u017ce doznania aromatyczne. P\u0105ki Somango pokryte s\u0105 grub\u0105 warstw\u0105 kryszta\u0142k\u00f3w, co wskazuje na wysok\u0105 produkcj\u0119 \u017cywicy, dzi\u0119ki czemu odmiana ta idealnie nadaje si\u0119 do produkcji haszyszu. Bogata w \u017cywic\u0119 jako\u015b\u0107 pozwala na tworzenie wyj\u0105tkowego palonego haszyszu, zachowuj\u0105c smak i moc odmiany. Te cechy sprawiaj\u0105, \u017ce Somango Autoflower jest doskona\u0142ym wyborem dla os\u00f3b poszukuj\u0105cych aromatycznej, wysokiej jako\u015bci marihuany.<\/p>\n<p>&nbsp;<\/p>\n<p><strong>Ostrze\u017cenie<\/strong><\/p>\n<p>Jak kazda odmiana konopi, Somango Autoflower powinna byc konsumowana odpowiedzialnie. Jej podnosz\u0105ce na duchu dzia\u0142anie mo\u017ce powodowa\u0107 pobudzenie umys\u0142owe, kt\u00f3re mo\u017ce utrudnia\u0107 skupienie w sytuacjach wymagaj\u0105cych g\u0142\u0119bokiej koncentracji. Pocz\u0105tkuj\u0105cy powinni zacz\u0105\u0107 od ma\u0142ej dawki, aby oceni\u0107 jej dzia\u0142anie. Odmian\u0119 t\u0119 nale\u017cy zawsze przechowywa\u0107 w miejscu niedost\u0119pnym dla dzieci i zwierz\u0105t domowych, a po jej za\u017cyciu unika\u0107 obs\u0142ugi ci\u0119\u017ckich maszyn.<\/p>","protected":false},"excerpt":{"rendered":"<p>Somango Autoflower to owocowa, aromatyczna odmiana konopi znana ze swoich podnosz\u0105cych na duchu i stymuluj\u0105cych umys\u0142 efekt\u00f3w. Odmiana ta, b\u0119d\u0105ca hybryd\u0105 Jack Herer i Big Skunk Korean, oferuje tropikalny aromat mango i jest doskona\u0142ym wyborem dla kreatywnych os\u00f3b poszukuj\u0105cych euforycznych i czujnych dozna\u0144. Przy umiarkowanych plonach i \u017cywym fioletowym odcieniu, Somango Autoflower wytwarza r\u00f3wnie\u017c wyj\u0105tkowy palczasty haszysz ze wzgl\u0119du na bogate w \u017cywic\u0119 p\u0105ki.<\/p>","protected":false},"featured_media":82820,"template":"","meta":[],"product_brand":[],"product_cat":[949,297,466,465],"product_tag":[],"class_list":{"0":"post-82816","1":"product","2":"type-product","3":"status-publish","4":"has-post-thumbnail","6":"product_cat-soma-sacred-seeds","7":"product_cat-all-products","8":"product_cat-autoflowering-seeds","9":"product_cat-seedshop","11":"first","12":"instock","13":"taxable","14":"shipping-taxable","15":"purchasable","16":"product-type-variable","17":"has-default-attributes"},"_links":{"self":[{"href":"https:\/\/www.headshop.nl\/pl\/wp-json\/wp\/v2\/product\/82816","targetHints":{"allow":["GET"]}}],"collection":[{"href":"https:\/\/www.headshop.nl\/pl\/wp-json\/wp\/v2\/product"}],"about":[{"href":"https:\/\/www.headshop.nl\/pl\/wp-json\/wp\/v2\/types\/product"}],"wp:featuredmedia":[{"embeddable":true,"href":"https:\/\/www.headshop.nl\/pl\/wp-json\/wp\/v2\/media\/82820"}],"wp:attachment":[{"href":"https:\/\/www.headshop.nl\/pl\/wp-json\/wp\/v2\/media?parent=82816"}],"wp:term":[{"taxonomy":"product_brand","embeddable":true,"href":"https:\/\/www.headshop.nl\/pl\/wp-json\/wp\/v2\/product_brand?post=82816"},{"taxonomy":"product_cat","embeddable":true,"href":"https:\/\/www.headshop.nl\/pl\/wp-json\/wp\/v2\/product_cat?post=82816"},{"taxonomy":"product_tag","embeddable":true,"href":"https:\/\/www.headshop.nl\/pl\/wp-json\/wp\/v2\/product_tag?post=82816"}],"curies":[{"name":"wp","href":"https:\/\/api.w.org\/{rel}","templated":true}]}}