{"id":82811,"date":"2025-01-10T13:41:45","date_gmt":"2025-01-10T13:41:45","guid":{"rendered":"https:\/\/www.headshop.nl\/?post_type=product&#038;p=82811"},"modified":"2025-05-23T09:10:10","modified_gmt":"2025-05-23T09:10:10","slug":"amnesia-haze-autoflower-soma-sacred-seeds","status":"publish","type":"product","link":"https:\/\/www.headshop.nl\/pl\/amnesia-haze-autoflower-soma-sacred-seeds\/","title":{"rendered":"Amnesia Haze Autoflower - Soma Sacred Seeds"},"content":{"rendered":"<h2>Co to jest Amnesia Haze Autoflower?<\/h2>\n<p>Amnesia Haze Autoflower to odmiana konopi, kt\u00f3ra \u0142\u0105czy w sobie najlepsze genetyki z Azji Po\u0142udniowo-Wschodniej, Jamaican Haze i odmiany Afghani-Hawaiian. Dzi\u0119ki hybrydowej kompozycji 70% Sativa i 30% Indica, odmiana ta zapewnia zr\u00f3wnowa\u017cony haj, kt\u00f3ry jest zar\u00f3wno podnosz\u0105cy na duchu, jak i relaksuj\u0105cy. Jej silne dzia\u0142anie i intensywny smak sprawi\u0142y, \u017ce sta\u0142a si\u0119 ulubion\u0105 odmian\u0105 w\u015br\u00f3d entuzjast\u00f3w konopi. Znana z wywo\u0142ywania energii i euforii, odmiana Amnesia Haze Autoflower jest idealna do sytuacji towarzyskich lub kreatywnych dzia\u0142a\u0144.<\/p>\n<p>Dzi\u0119ki czasowi kwitnienia wynosz\u0105cemu 9-10 tygodni i plonom do 40 gram\u00f3w z ro\u015bliny, odmiana ta jest odpowiednia zar\u00f3wno dla pocz\u0105tkuj\u0105cych, jak i do\u015bwiadczonych hodowc\u00f3w. Jej automatycznie kwitn\u0105cy charakter upraszcza upraw\u0119, wymagaj\u0105c minimalnego wysi\u0142ku przy jednoczesnym uzyskiwaniu wysokiej jako\u015bci p\u0105k\u00f3w. Bogata genetyka tej odmiany i historia wyr\u00f3\u017cnie\u0144, w tym wielokrotne zwyci\u0119stwa w High Times Cannabis Cup, podkre\u015blaj\u0105 jej pozycj\u0119 jako konopi premium.<\/p>\n<h2>Historia automatycznie kwitn\u0105cej odmiany Amnesia Haze<\/h2>\n<p>Amnesia Haze Autoflower wywodzi si\u0119 z kultowej odmiany Amnesia Haze, znanej z mi\u0119dzynarodowej genetyki i najwy\u017cszej jako\u015bci. Dzi\u0119ki wsp\u00f3\u0142pracy z wiod\u0105cymi hodowcami automatycznie kwitn\u0105cych odmian, Soma Sacred Seeds opracowa\u0142a t\u0119 automatycznie kwitn\u0105c\u0105 wersj\u0119, kt\u00f3ra zachowuje cechy oryginalnej Amnesia Haze, oferuj\u0105c jednocze\u015bnie prostsz\u0105 upraw\u0119.<\/p>\n<p>Dziedzictwo tej odmiany obejmuje zwyci\u0119stwo w presti\u017cowym High Times Cannabis Cup w 2012 roku i kilku innych konkursach konopi w Holandii. Zdobyte wyr\u00f3\u017cnienia ugruntowa\u0142y jej pozycj\u0119 jako jednej z najlepszych odmian w bran\u017cy. Amnesia Haze Autoflower jest r\u00f3wnie\u017c bestsellerem w Barney's Breakfast Bar, popularnym miejscu dla entuzjast\u00f3w konopi. \u0141\u0105cz\u0105c genetyk\u0119 Southeast Asian, Jamaican Haze i Afghani-Hawaiian, wyr\u00f3\u017cnia si\u0119 wyj\u0105tkowym smakiem i moc\u0105.<\/p>\n<h2>Jak u\u017cywa\u0107 automatycznie kwitn\u0105cej odmiany Amnesia Haze?<\/h2>\n<p>Amnesia Haze Autoflower oferuje wszechstronno\u015b\u0107 zar\u00f3wno dla u\u017cytkownik\u00f3w rekreacyjnych, jak i leczniczych. Palacze mog\u0105 cieszy\u0107 si\u0119 ni\u0105 w joincie, fajce lub bongu, aby delektowa\u0107 si\u0119 jej g\u0142adkim, aromatycznym dymem. Vaping to kolejna doskona\u0142a opcja, wzmacniaj\u0105ca jej \u017cywy profil terpenowy. Znana ze swoich podnosz\u0105cych na duchu i euforycznych efekt\u00f3w, odmiana ta jest idealna do aktywno\u015bci spo\u0142ecznych, kreatywnych projekt\u00f3w lub relaksu z przyjaci\u00f3\u0142mi.<\/p>\n<p>W celach leczniczych odmiana Amnesia Haze Autoflower jest ceniona za swoje wlasciwosci poprawiajace nastr\u00f3j. Mo\u017ce pom\u00f3c z\u0142agodzi\u0107 stres, niepok\u00f3j i depresj\u0119, promuj\u0105c poczucie spokoju i pozytywnego nastawienia. Jej zr\u00f3wnowa\u017cone dzia\u0142anie sprawia, \u017ce nadaje si\u0119 do stosowania w ci\u0105gu dnia, nie powoduj\u0105c uspokojenia. Hodowcy odnosz\u0105 r\u00f3wnie\u017c korzy\u015bci z \u0142atwo\u015bci uprawy, poniewa\u017c wymaga ona minimalnej konserwacji i produkuje wysokiej jako\u015bci p\u0105ki w kr\u00f3tkim czasie.<\/p>\n<h2>Sk\u0142adniki automatycznie kwitn\u0105cej odmiany Amnesia Haze<\/h2>\n<p>Odmiana Amnesia Haze Autoflower charakteryzuje si\u0119 hybrydowym sk\u0142adem genetycznym, zawieraj\u0105cym 70% Sativa i 30% Indica. Ta r\u00f3wnowaga zapewnia podnosz\u0105ce na duchu, energetyzuj\u0105ce efekty po stronie Sativa, uzupe\u0142nione relaksuj\u0105cymi i uspokajaj\u0105cymi w\u0142a\u015bciwo\u015bciami genetyki Indica. Jej rodow\u00f3d obejmuje szczepy Southeast Asian, Jamaican Haze i Afghani-Hawaiian, z kt\u00f3rych ka\u017cdy wnosi unikalne cechy do jej dzia\u0142ania i smaku.<\/p>\n<p>Profil terpenowy szczepu tworzy z\u0142o\u017con\u0105 mieszank\u0119 smakow\u0105, obejmuj\u0105c\u0105 nuty ziemiste, cytrusowe, s\u0142odkie i pikantne. Terpeny te wzmacniaj\u0105 zar\u00f3wno smak, jak i aromat, zapewniaj\u0105c pe\u0142ne doznania sensoryczne. Dzi\u0119ki wysokiej zawarto\u015bci THC, odmiana Amnesia Haze Autoflower zapewnia silne, d\u0142ugotrwa\u0142e efekty, co czyni j\u0105 doskona\u0142ym wyborem dla os\u00f3b poszukuj\u0105cych najwy\u017cszej jako\u015bci konopi. Jej automatycznie kwitn\u0105cy charakter dodatkowo upraszcza upraw\u0119, czyni\u0105c j\u0105 atrakcyjn\u0105 dla hodowc\u00f3w poszukuj\u0105cych bezproblemowych ro\u015blin o wyj\u0105tkowych rezultatach.<\/p>\n<p>&nbsp;<\/p>\n<p><strong>Ostrze\u017cenie<\/strong><\/p>\n<p>Podobnie jak w przypadku wszystkich odmian konopi, Amnesia Haze Autoflower powinna by\u0107 u\u017cywana odpowiedzialnie. Ze wzgl\u0119du na swoj\u0105 moc, mo\u017ce powodowa\u0107 przyspieszenie akcji serca lub zawroty g\u0142owy u niekt\u00f3rych u\u017cytkownik\u00f3w, szczeg\u00f3lnie tych, kt\u00f3rzy dopiero zaczynaj\u0105 przygod\u0119 z konopiami indyjskimi. Zacznij od ma\u0142ej dawki i stopniowo dostosowuj j\u0105 w razie potrzeby. Spo\u017cywa\u0107 w bezpiecznym otoczeniu i unika\u0107 czynno\u015bci wymagaj\u0105cych pe\u0142nej uwagi, takich jak prowadzenie pojazd\u00f3w lub obs\u0142uga ci\u0119\u017ckich maszyn. Produkty z konopi indyjskich nale\u017cy zawsze przechowywa\u0107 poza zasi\u0119giem dzieci i zwierz\u0105t domowych.<\/p>","protected":false},"excerpt":{"rendered":"<p>Amnesia Haze Autoflower to niezwyk\u0142a odmiana konopi znana ze swoich wyj\u0105tkowych i silnych efekt\u00f3w. Stworzona we wsp\u00f3\u0142pracy z najlepszymi hodowcami automatycznie kwitn\u0105cych odmian, odmiana ta \u0142\u0105czy genetyk\u0119 Southeast Asian, Jamaican Haze i Afghani-Hawaiian, oferuj\u0105c naprawd\u0119 jedyne w swoim rodzaju doznania zwi\u0105zane z konopiami indyjskimi. Dzi\u0119ki wielokrotnie nagradzanemu dziedzictwu i wyj\u0105tkowemu profilowi smakowemu, Amnesia Haze Autoflower to pozycja obowi\u0105zkowa dla koneser\u00f3w.<\/p>","protected":false},"featured_media":82815,"template":"","meta":[],"product_brand":[],"product_cat":[949,297,466,465],"product_tag":[],"class_list":{"0":"post-82811","1":"product","2":"type-product","3":"status-publish","4":"has-post-thumbnail","6":"product_cat-soma-sacred-seeds","7":"product_cat-all-products","8":"product_cat-autoflowering-seeds","9":"product_cat-seedshop","11":"first","12":"instock","13":"taxable","14":"shipping-taxable","15":"purchasable","16":"product-type-variable","17":"has-default-attributes"},"_links":{"self":[{"href":"https:\/\/www.headshop.nl\/pl\/wp-json\/wp\/v2\/product\/82811","targetHints":{"allow":["GET"]}}],"collection":[{"href":"https:\/\/www.headshop.nl\/pl\/wp-json\/wp\/v2\/product"}],"about":[{"href":"https:\/\/www.headshop.nl\/pl\/wp-json\/wp\/v2\/types\/product"}],"wp:featuredmedia":[{"embeddable":true,"href":"https:\/\/www.headshop.nl\/pl\/wp-json\/wp\/v2\/media\/82815"}],"wp:attachment":[{"href":"https:\/\/www.headshop.nl\/pl\/wp-json\/wp\/v2\/media?parent=82811"}],"wp:term":[{"taxonomy":"product_brand","embeddable":true,"href":"https:\/\/www.headshop.nl\/pl\/wp-json\/wp\/v2\/product_brand?post=82811"},{"taxonomy":"product_cat","embeddable":true,"href":"https:\/\/www.headshop.nl\/pl\/wp-json\/wp\/v2\/product_cat?post=82811"},{"taxonomy":"product_tag","embeddable":true,"href":"https:\/\/www.headshop.nl\/pl\/wp-json\/wp\/v2\/product_tag?post=82811"}],"curies":[{"name":"wp","href":"https:\/\/api.w.org\/{rel}","templated":true}]}}