{"id":82801,"date":"2025-01-10T13:32:51","date_gmt":"2025-01-10T13:32:51","guid":{"rendered":"https:\/\/www.headshop.nl\/?post_type=product&#038;p=82801"},"modified":"2025-05-23T09:10:21","modified_gmt":"2025-05-23T09:10:21","slug":"somango-soma-sacred-seeds","status":"publish","type":"product","link":"https:\/\/www.headshop.nl\/pl\/somango-soma-sacred-seeds\/","title":{"rendered":"Somango - Soma Sacred Seeds"},"content":{"rendered":"<h2>Czym jest Somango?<\/h2>\n<p>Somango to aromatyczna odmiana hybrydowa stworzona przez Soma Sacred Seeds, \u0142\u0105cz\u0105ca renomowane Jack Herer i Big Skunk Korean. Znana ze swojego tropikalnego aromatu mango, odmiana ta wyr\u00f3\u017cnia si\u0119 jako jedna z najbardziej aromatycznych i smacznych w kolekcji Soma. Dzi\u0119ki sk\u0142adowi genetycznemu 75% Indica i 25% Sativa, Somango oferuje zr\u00f3wnowa\u017cone doznania, \u0142\u0105cz\u0105c relaks ze stymulacj\u0105 umys\u0142ow\u0105.<\/p>\n<p>Ro\u015blina dobrze nadaje si\u0119 do uprawy w pomieszczeniach, zw\u0142aszcza w konfiguracji wieloga\u0142\u0119ziowej lub przy u\u017cyciu metody Sea of Green (SOG). Bogate w trichomy p\u0105ki maj\u0105 krystaliczny wygl\u0105d, dzi\u0119ki czemu doskonale nadaj\u0105 si\u0119 do ekstrakcji haszyszu. Przy prawid\u0142owej uprawie Somango wytwarza g\u0142adki, owocowy profil smakowy z nutami mango, zapewniaj\u0105c euforyczny haj, kt\u00f3ry stymuluje kreatywno\u015b\u0107 bez powodowania uspokojenia. Sprawia to, \u017ce jest to \u015bwietna opcja do stosowania w ci\u0105gu dnia lub do kreatywnych zaj\u0119\u0107.<\/p>\n<h2>Historia Somango<\/h2>\n<p>Pocz\u0105tkowo nazywany Soma #5, Somango zosta\u0142 opracowany przez Soma Sacred Seeds w celu stworzenia odmiany o wyj\u0105tkowych smakach i efektach. Dzi\u0119ki skrzy\u017cowaniu Jack Herer, znanego ze swojego m\u00f3zgowego haju, z Big Skunk Korean, cenionym za solidn\u0105 struktur\u0119, powsta\u0142 szczep o najlepszych cechach obojga rodzic\u00f3w.<\/p>\n<p>Charakterystyczny aromat i smak przypominaj\u0105cy mango zainspirowa\u0142 firm\u0119 Soma do zmiany nazwy na Somango, oddaj\u0105c jej tropikaln\u0105 i owocow\u0105 esencj\u0119. Jej zr\u00f3wnowa\u017cone efekty i z\u0142o\u017cony sk\u0142ad genetyczny szybko uczyni\u0142y j\u0105 ulubion\u0105 w\u015br\u00f3d entuzjast\u00f3w konopi. Dzi\u015b Somango jest podstaw\u0105 w ofercie Soma Sacred Seeds, znan\u0105 ze swojej zdolno\u015bci do zwi\u0119kszania kreatywno\u015bci, poprawy nastroju i zapewnienia wszechstronnego do\u015bwiadczenia zar\u00f3wno w zakresie relaksu, jak i skupienia.<\/p>\n<h2>Jak korzysta\u0107 z Somango<\/h2>\n<p>Somango mo\u017cna spo\u017cywa\u0107 na r\u00f3\u017cne sposoby, zar\u00f3wno w postaci kwiat\u00f3w, jak i przetworzonego haszyszu. Dla hodowc\u00f3w, genetyka ro\u015bliny zach\u0119ca do wzrostu bocznego, co czyni j\u0105 idealn\u0105 do uprawy wieloga\u0142\u0119ziowej. Chocia\u017c metoda Sea of Green (SOG) jest opcj\u0105, jej wysoko\u015b\u0107 i rozga\u0142\u0119zienia mog\u0105 wymaga\u0107 zarz\u0105dzania. Soma zaleca upraw\u0119 Somango w organicznej glebie z naturalnymi sk\u0142adnikami od\u017cywczymi, chocia\u017c mo\u017ce dobrze si\u0119 rozwija\u0107 w innych pod\u0142o\u017cach.<\/p>\n<p>Po spo\u017cyciu Somango zapewnia podnosz\u0105cy na duchu i euforyczny haj, idealny do kreatywnych poszukiwa\u0144 lub prze\u0142amywania blokad psychicznych. Mo\u017cna j\u0105 pali\u0107 w jointach, fajkach lub waporyzatorach, a ka\u017cde uderzenie podkre\u015bla tropikalny smak mango. Dla tych, kt\u00f3rzy szukaj\u0105 skoncentrowanych form, jej bogate w \u017cywic\u0119 p\u0105ki s\u0105 idealne do produkcji haszyszu. Niezale\u017cnie od tego, czy jeste\u015b hodowc\u0105, czy konsumentem, Somango oferuje wszechstronne i przyjemne doznania.<\/p>\n<h2>Sk\u0142adniki Somango<\/h2>\n<p>Charakterystyczne efekty i smaki Somango s\u0105 wynikiem unikalnej kombinacji terpen\u00f3w i kannabinoid\u00f3w. Kluczowe terpeny obejmuj\u0105:<\/p>\n<ul>\n<li><strong>Mircen<\/strong>: Zapewnia dzia\u0142anie uspokajaj\u0105ce i przyczynia si\u0119 do ziemistego, zio\u0142owego aromatu.<\/li>\n<li><strong>Limonen<\/strong>: Dodaje cytrusow\u0105 nut\u0119, kt\u00f3ra wzmacnia smak podobny do mango.<\/li>\n<li><strong>Pinene<\/strong>: Oferuje orze\u017awiaj\u0105cy, drzewny wyd\u017awi\u0119k, dodaj\u0105c z\u0142o\u017cono\u015bci do profilu odmiany.<\/li>\n<\/ul>\n<p>Umiarkowane poziomy THC w Somango przyczyniaj\u0105 si\u0119 do jego potencji, zapewniaj\u0105c haj, kt\u00f3ry \u0142\u0105czy fizyczny relaks ze stymulacj\u0105 umys\u0142ow\u0105. Genetyka 75% Indica i 25% Sativa zapewnia wszechstronne doznania, dzi\u0119ki czemu nadaje si\u0119 zar\u00f3wno do u\u017cytku rekreacyjnego, jak i terapeutycznego. Wsp\u00f3\u0142dzia\u0142anie kannabinoid\u00f3w i terpen\u00f3w w Somango zapewnia podnosz\u0105cy na duchu, wielowarstwowy haj, kt\u00f3ry stymuluje kreatywno\u015b\u0107 i poprawia nastr\u00f3j.<\/p>\n<p><strong>Ostrze\u017cenie<\/strong><\/p>\n<p>Efekty dzia\u0142ania Somango mog\u0105 si\u0119 r\u00f3\u017cni\u0107 w zale\u017cno\u015bci od indywidualnej tolerancji. Je\u015bli dopiero zaczynasz przygod\u0119 z t\u0105 odmian\u0105, zacznij od ma\u0142ej dawki, aby oceni\u0107 jej intensywno\u015b\u0107, poniewa\u017c jej euforyczne dzia\u0142anie mo\u017ce by\u0107 przyt\u0142aczaj\u0105ce dla niekt\u00f3rych u\u017cytkownik\u00f3w. Zawsze spo\u017cywaj j\u0105 odpowiedzialnie i przestrzegaj lokalnych przepis\u00f3w dotycz\u0105cych konopi indyjskich.<\/p>","protected":false},"excerpt":{"rendered":"<p>Somango to tropikalno-owocowa odmiana hybrydowa znana ze swojego podnosz\u0105cego na duchu dzia\u0142ania i aromatycznego profilu. Ta mieszanka 75% Indica i 25% Sativa oferuje stymuluj\u0105cy umys\u0142 haj, kt\u00f3ry czyni j\u0105 idealn\u0105 do kreatywnych dzia\u0142a\u0144. Z czasem kwitnienia wynosz\u0105cym 9-10 tygodni i plonem do 25 gram\u00f3w z ro\u015bliny, Somango jest umiarkowanie wydajn\u0105 odmian\u0105, kt\u00f3ra nagradza pi\u0119knymi li\u015b\u0107mi o fioletowym odcieniu i dywanem kryszta\u0142\u00f3w. Jest idealna dla tych, kt\u00f3rzy chc\u0105 cieszy\u0107 si\u0119 euforycznymi doznaniami bez blokady kanapy.<\/p>","protected":false},"featured_media":82805,"template":"","meta":[],"product_brand":[],"product_cat":[949,297,467,465],"product_tag":[],"class_list":{"0":"post-82801","1":"product","2":"type-product","3":"status-publish","4":"has-post-thumbnail","6":"product_cat-soma-sacred-seeds","7":"product_cat-all-products","8":"product_cat-feminized-seeds","9":"product_cat-seedshop","11":"first","12":"instock","13":"taxable","14":"shipping-taxable","15":"purchasable","16":"product-type-variable","17":"has-default-attributes"},"_links":{"self":[{"href":"https:\/\/www.headshop.nl\/pl\/wp-json\/wp\/v2\/product\/82801","targetHints":{"allow":["GET"]}}],"collection":[{"href":"https:\/\/www.headshop.nl\/pl\/wp-json\/wp\/v2\/product"}],"about":[{"href":"https:\/\/www.headshop.nl\/pl\/wp-json\/wp\/v2\/types\/product"}],"wp:featuredmedia":[{"embeddable":true,"href":"https:\/\/www.headshop.nl\/pl\/wp-json\/wp\/v2\/media\/82805"}],"wp:attachment":[{"href":"https:\/\/www.headshop.nl\/pl\/wp-json\/wp\/v2\/media?parent=82801"}],"wp:term":[{"taxonomy":"product_brand","embeddable":true,"href":"https:\/\/www.headshop.nl\/pl\/wp-json\/wp\/v2\/product_brand?post=82801"},{"taxonomy":"product_cat","embeddable":true,"href":"https:\/\/www.headshop.nl\/pl\/wp-json\/wp\/v2\/product_cat?post=82801"},{"taxonomy":"product_tag","embeddable":true,"href":"https:\/\/www.headshop.nl\/pl\/wp-json\/wp\/v2\/product_tag?post=82801"}],"curies":[{"name":"wp","href":"https:\/\/api.w.org\/{rel}","templated":true}]}}