{"id":82791,"date":"2025-01-10T13:24:19","date_gmt":"2025-01-10T13:24:19","guid":{"rendered":"https:\/\/www.headshop.nl\/?post_type=product&#038;p=82791"},"modified":"2025-05-23T09:10:34","modified_gmt":"2025-05-23T09:10:34","slug":"buddhas-sister-soma-sacred-seeds","status":"publish","type":"product","link":"https:\/\/www.headshop.nl\/pl\/buddhas-sister-soma-sacred-seeds\/","title":{"rendered":"Siostra Buddy - \u015bwi\u0119te nasiona Soma"},"content":{"rendered":"<h2>Czym jest siostra Buddy?<\/h2>\n<p>Buddha's Sister to hybrydowa odmiana konopi znana ze swoich kreatywnych i m\u00f3zgowych efekt\u00f3w. Przemianowana w celu przyci\u0105gni\u0119cia amsterdamskiego rynku coffeeshop\u00f3w, szybko sta\u0142a si\u0119 ulubie\u0144cem ze wzgl\u0119du na swoje unikalne cechy i silny profil. Odmiana ta jest krzy\u017c\u00f3wk\u0105 Siddhartha i Afghani Hawaiian, w wyniku czego powsta\u0142a ro\u015blina oferuj\u0105ca imponuj\u0105ce plony i cierpki, wi\u015bniowy smak. Dzi\u0119ki zr\u00f3wnowa\u017conemu sk\u0142adowi genetycznemu 60% Indica i 40% Sativa, Buddha's Sister zapewnia harmonijne po\u0142\u0105czenie relaksu i stymulacji umys\u0142owej.<\/p>\n<p>Odmiana ta wyr\u00f3\u017cnia si\u0119 wysok\u0105 i chud\u0105 struktur\u0105, dzi\u0119ki czemu dobrze rozwija si\u0119 przy u\u017cyciu metody uprawy wieloga\u0142\u0119ziowej, a nie techniki Sea of Green (SOG). Buddha's Sister jest wysoce \u017cywiczna, dzi\u0119ki czemu idealnie nadaje si\u0119 do produkcji haszyszu. Jej p\u0105ki s\u0105 jedwabiste i \u015bliskie, co podkre\u015bla zawarto\u015b\u0107 t\u0142ustej \u017cywicy. Chocia\u017c jej smak jest nieco mniej s\u0142odki ni\u017c jej odpowiednika, Reclining Buddha, Buddha's Sister jest szanowana za swoje w\u0142a\u015bciwo\u015bci lecznicze, oferuj\u0105c korzy\u015bci terapeutyczne obok zachwycaj\u0105cego smaku.<\/p>\n<h2>Historia siostry Buddy<\/h2>\n<p>Buddha's Sister wywodzi si\u0119 z odmiany Soma Skunk V+, opracowanej przez Soma Sacred Seeds. Pocz\u0105tkowo stworzona z my\u015bl\u0105 o walorach leczniczych i rekreacyjnych, odmiana ta zyska\u0142a popularno\u015b\u0107 dzi\u0119ki silnemu dzia\u0142aniu i wyrazistemu smakowi. Przemianowana na Buddha's Sister, odnios\u0142a ogromny sukces w amsterdamskich coffeeshopach, staj\u0105c si\u0119 najlepiej sprzedaj\u0105c\u0105 si\u0119 odmian\u0105, na kt\u00f3r\u0105 cz\u0119sto jest du\u017cy popyt.<\/p>\n<p>Genetyka szczepu \u0142\u0105czy Siddharth\u0119 i Afghani Hawaiian, dwie odmiany znane z silnego dzia\u0142ania i bogatego smaku. Ta hybrydyzacja zwi\u0119kszy\u0142a jej wydajno\u015b\u0107, oferuj\u0105c jednocze\u015bnie nieco mniej s\u0142odki profil ni\u017c Reclining Buddha. Z czasem Buddha's Sister sta\u0142a si\u0119 podstaw\u0105 w \u015bwiecie konopi, cenion\u0105 za swoje w\u0142a\u015bciwo\u015bci terapeutyczne i kreatywny haj. Dzi\u015b pozostaje poszukiwanym wyborem zar\u00f3wno w spo\u0142eczno\u015bciach konopi leczniczych, jak i rekreacyjnych.<\/p>\n<h2>Jak korzysta\u0107 z Buddha's Sister<\/h2>\n<p>Buddha's Sister oferuje wszechstronno\u015b\u0107, pozwalaj\u0105c u\u017cytkownikom cieszy\u0107 si\u0119 ni\u0105 w r\u00f3\u017cnych formach. Jej jedwabiste, bogate w \u017cywic\u0119 p\u0105ki sprawiaj\u0105, \u017ce jest ulubion\u0105 ro\u015blin\u0105 do produkcji haszyszu i tworzenia aromatycznych koncentrat\u00f3w. Podczas palenia odmiana ta zapewnia cierpki smak cukierk\u00f3w wi\u015bniowych, kt\u00f3ry zapewnia g\u0142adkie i przyjemne doznania.<\/p>\n<p>U\u017cytkownicy mog\u0105 spodziewa\u0107 si\u0119 kreatywnego i m\u00f3zgowego haju, idealnego do zaj\u0119\u0107 artystycznych, burzy m\u00f3zg\u00f3w lub po prostu cieszenia si\u0119 relaksuj\u0105c\u0105 i podnosz\u0105c\u0105 na duchu chwil\u0105. U\u017cytkownicy Medicinal doceniaj\u0105 Buddha's Sister za jej zdolno\u015b\u0107 do \u0142agodzenia stresu, niepokoju i przewlek\u0142ego b\u00f3lu. Niezale\u017cnie od tego, czy jest spo\u017cywana poprzez palenie, waporyzacj\u0119 czy koncentraty, Buddha's Sister zapewnia zr\u00f3wnowa\u017cone i przyjemne doznania zar\u00f3wno w celach rekreacyjnych, jak i leczniczych.<\/p>\n<h2>Sk\u0142adniki Buddha's Sister<\/h2>\n<p>Efekty i smak Buddha's Sister wynikaj\u0105 ze z\u0142o\u017conego profilu kannabinoid\u00f3w i terpen\u00f3w. Dominuj\u0105ce terpeny obejmuj\u0105:<\/p>\n<ul>\n<li><strong>Mircen<\/strong>: Zapewnia ziemisty, pi\u017cmowy aromat i przyczynia si\u0119 do odpr\u0119\u017cenia.<\/li>\n<li><strong>Limonen<\/strong>: Dodaje cytrusow\u0105 sk\u00f3rk\u0119 do profilu smakowego.<\/li>\n<li><strong>Kariofilen<\/strong>: Oferuje pikantne, pieprzne nuty, kt\u00f3re zwi\u0119kszaj\u0105 z\u0142o\u017cono\u015b\u0107 odmiany.<\/li>\n<\/ul>\n<p>Odmiana ta jest bogata w THC, kt\u00f3ry nap\u0119dza jej silne dzia\u0142anie, uzupe\u0142nione genetyk\u0105 60% Indica i 40% Sativa. Ta r\u00f3wnowaga tworzy haj, kt\u00f3ry jest zar\u00f3wno fizycznie koj\u0105cy, jak i stymuluj\u0105cy umys\u0142owo, dzi\u0119ki czemu Buddha's Sister jest idealna do r\u00f3\u017cnych zastosowa\u0144.<\/p>\n<p>&nbsp;<\/p>\n<p><strong>Ostrze\u017cenie<\/strong><\/p>\n<p>Buddha's Sister to silna odmiana, a jej efekty moga byc intensywne dla nowych uzytkownik\u00f3w. Pocz\u0105tkuj\u0105cy powinni zacz\u0105\u0107 od ma\u0142ej dawki, aby oceni\u0107 swoj\u0105 tolerancj\u0119. Hodowcy powinni ostro\u017cnie obchodzi\u0107 si\u0119 z bogatymi w \u017cywic\u0119 p\u0105kami, aby zapobiec powstawaniu ple\u015bni, zw\u0142aszcza w wilgotnym \u015brodowisku. Podobnie jak w przypadku wszystkich produkt\u00f3w z konopi indyjskich, nale\u017cy spo\u017cywa\u0107 je odpowiedzialnie i zgodnie z lokalnymi przepisami.<\/p>","protected":false},"excerpt":{"rendered":"<p>Buddha's Sister to aromatyczna i silna odmiana konopi znana ze swoich kreatywnych i m\u00f3zgowych efekt\u00f3w. Dzi\u0119ki genetyce 60% Indica i 40% Sativa oferuje pot\u0119\u017cny haj, kt\u00f3ry jest idealny dla os\u00f3b poszukuj\u0105cych inspiracji i relaksu. Odmiana ta, znana z wyj\u0105tkowego smaku cierpkich cukierk\u00f3w wi\u015bniowych, daje wysokie plony i obfit\u0105 \u017cywic\u0119, idealn\u0105 do produkcji haszyszu. Niezale\u017cnie od tego, czy jest uprawiana hydroponicznie, czy w glebie organicznej, Buddha's Sister rozwija si\u0119 w konfiguracji wieloga\u0142\u0119ziowej i zapewnia satysfakcjonuj\u0105ce doznania zar\u00f3wno u\u017cytkownikom rekreacyjnym, jak i leczniczym.<\/p>","protected":false},"featured_media":82795,"template":"","meta":[],"product_brand":[],"product_cat":[949,297,467,465],"product_tag":[],"class_list":{"0":"post-82791","1":"product","2":"type-product","3":"status-publish","4":"has-post-thumbnail","6":"product_cat-soma-sacred-seeds","7":"product_cat-all-products","8":"product_cat-feminized-seeds","9":"product_cat-seedshop","11":"first","12":"instock","13":"taxable","14":"shipping-taxable","15":"purchasable","16":"product-type-variable","17":"has-default-attributes"},"_links":{"self":[{"href":"https:\/\/www.headshop.nl\/pl\/wp-json\/wp\/v2\/product\/82791","targetHints":{"allow":["GET"]}}],"collection":[{"href":"https:\/\/www.headshop.nl\/pl\/wp-json\/wp\/v2\/product"}],"about":[{"href":"https:\/\/www.headshop.nl\/pl\/wp-json\/wp\/v2\/types\/product"}],"wp:featuredmedia":[{"embeddable":true,"href":"https:\/\/www.headshop.nl\/pl\/wp-json\/wp\/v2\/media\/82795"}],"wp:attachment":[{"href":"https:\/\/www.headshop.nl\/pl\/wp-json\/wp\/v2\/media?parent=82791"}],"wp:term":[{"taxonomy":"product_brand","embeddable":true,"href":"https:\/\/www.headshop.nl\/pl\/wp-json\/wp\/v2\/product_brand?post=82791"},{"taxonomy":"product_cat","embeddable":true,"href":"https:\/\/www.headshop.nl\/pl\/wp-json\/wp\/v2\/product_cat?post=82791"},{"taxonomy":"product_tag","embeddable":true,"href":"https:\/\/www.headshop.nl\/pl\/wp-json\/wp\/v2\/product_tag?post=82791"}],"curies":[{"name":"wp","href":"https:\/\/api.w.org\/{rel}","templated":true}]}}