{"id":82781,"date":"2025-01-10T13:11:11","date_gmt":"2025-01-10T13:11:11","guid":{"rendered":"https:\/\/www.headshop.nl\/?post_type=product&#038;p=82781"},"modified":"2025-05-23T09:10:45","modified_gmt":"2025-05-23T09:10:45","slug":"lavender-soma-sacred-seeds","status":"publish","type":"product","link":"https:\/\/www.headshop.nl\/pl\/lavender-soma-sacred-seeds\/","title":{"rendered":"Lawenda - Soma Sacred Seeds"},"content":{"rendered":"<h2>Czym jest lawenda?<\/h2>\n<p>Lavender to uderzaj\u0105ca odmiana konopi znana ze swojego \u017cywego wygl\u0105du i zr\u00f3\u017cnicowanego dziedzictwa genetycznego. Jest wynikiem unikalnej tr\u00f3jstronnej krzy\u017c\u00f3wki, \u0142\u0105cz\u0105cej genetyk\u0119 z Afganistanu, Hawaj\u00f3w, Korei, USA i Europy. To po\u0142\u0105czenie tworzy wizualnie urzekaj\u0105c\u0105 ro\u015blin\u0119 o g\u0142\u0119bokich fioletowych odcieniach, kt\u00f3re mog\u0105 ciemnie\u0107 do prawie czarnego na ko\u0144cach li\u015bci.<\/p>\n<p>G\u0119ste p\u0105ki Lavender wydzielaj\u0105 pikantny aromat przypominaj\u0105cy afga\u0144ski haszysz, co dodaje jej egzotycznego uroku. Odmiana ta jest \u0142atwa w uprawie dzi\u0119ki wysokiemu stosunkowi kielicha do li\u015bci, co czyni j\u0105 ulubion\u0105 w\u015br\u00f3d hodowc\u00f3w. Chocia\u017c nie jest tak wysoka jak odmiany Haze, Lavender mo\u017ce osi\u0105gn\u0105\u0107 znaczn\u0105 wysoko\u015b\u0107 przy wyd\u0142u\u017conym okresie wegetacji. Ta wszechstronna odmiana rozwija si\u0119 zar\u00f3wno w pomieszczeniach, jak i na zewn\u0105trz, oferuj\u0105c obfite plony wysokiej jako\u015bci p\u0105k\u00f3w. Niezale\u017cnie od tego, czy jest uprawiana w morzu zieleni, czy jako ro\u015blina wielokrotnie rozga\u0142\u0119ziona, Lavender zapewnia r\u00f3wnie imponuj\u0105ce wra\u017cenia, jak jej wygl\u0105d.<\/p>\n<h2>Historia lawendy<\/h2>\n<p>Bogata historia Lavender odzwierciedla jej globaln\u0105 lini\u0119 genetyczn\u0105, czerpi\u0105c\u0105 wp\u0142ywy z Afganistanu, Hawaj\u00f3w, Korei, Stan\u00f3w Zjednoczonych i Europy. Ta mieszanka regionalnych odmian konopi skutkuje odmian\u0105, kt\u00f3ra oddaje najlepsze cechy ka\u017cdej z nich, oferuj\u0105c wyj\u0105tkowe doznania.<\/p>\n<p>Genetyka afga\u0144ska nadaje odmianie Lavender wyra\u017any korzenny, haszyszowy aromat, podczas gdy wp\u0142ywy Hawaiian i USA zwi\u0119kszaj\u0105 jej moc i atrakcyjno\u015b\u0107. Z biegiem czasu unikalne cechy Lavender zosta\u0142y starannie dopracowane, dzi\u0119ki czemu ro\u015blina jest zar\u00f3wno wszechstronna, jak i odporna. Rozwija si\u0119 w r\u00f3\u017cnych warunkach uprawy, zar\u00f3wno w pomieszczeniach, jak i na zewn\u0105trz, co czyni j\u0105 ulubion\u0105 w\u015br\u00f3d hodowc\u00f3w. Pi\u0119kne fioletowe zabarwienie i z\u0142o\u017cony profil smakowy tej odmiany ugruntowa\u0142y jej reputacj\u0119 jako wyj\u0105tkowego wyboru w \u015bwiecie konopi, uwielbianego za koj\u0105ce dzia\u0142anie i estetyczny wygl\u0105d.<\/p>\n<h2>Jak stosowa\u0107 lawend\u0119<\/h2>\n<p>Lavender to wszechstronna odmiana, kt\u00f3ra zaspokaja r\u00f3\u017cne preferencje, niezale\u017cnie od tego, czy lubisz pali\u0107, waporyzowa\u0107, czy u\u017cywa\u0107 koncentrat\u00f3w. Jej bogaty, pikantny smak, przypominaj\u0105cy afga\u0144ski haszysz, wzmacnia og\u00f3lne doznania, czyni\u0105c j\u0105 ulubion\u0105 dla koneser\u00f3w konopi.<\/p>\n<p>Dla pocz\u0105tkuj\u0105cych zaleca si\u0119 rozpocz\u0119cie od ma\u0142ej dawki, aby zrozumie\u0107 jej dzia\u0142anie. Uspokajaj\u0105ce w\u0142a\u015bciwo\u015bci lawendy sprawiaj\u0105, \u017ce jest ona doskona\u0142ym wyborem do stosowania wieczorem, pomagaj\u0105c z\u0142agodzi\u0107 stres i niepok\u00f3j, jednocze\u015bnie promuj\u0105c relaks. Wielu u\u017cytkownik\u00f3w uwa\u017ca j\u0105 za skuteczny \u015brodek u\u0142atwiaj\u0105cy zasypianie, zapewniaj\u0105cy spok\u00f3j i poczucie zadowolenia. Niezale\u017cnie od tego, czy szukasz sposobu na relaks po d\u0142ugim dniu, czy te\u017c szukasz koj\u0105cego towarzysza w spokojny wiecz\u00f3r, Lavender oferuje niezawodne i przyjemne doznania dostosowane do relaksu.<\/p>\n<h2>Sk\u0142adniki lawendy<\/h2>\n<p>Unikalne efekty i smak Lavender wynikaj\u0105 z bogatej kompozycji kannabinoid\u00f3w i terpen\u00f3w. Dzi\u0119ki wysokiej zawarto\u015bci THC, Lavender zapewnia silny i relaksuj\u0105cy haj, idealny do odpr\u0119\u017cenia. Jej profil kannabinoidowy obejmuje r\u00f3wnie\u017c CBD, kt\u00f3ry wzmacnia jej w\u0142a\u015bciwo\u015bci terapeutyczne, takie jak \u0142agodzenie stresu i relaks.<\/p>\n<p>Terpeny zawarte w lawendzie w znacznym stopniu przyczyniaj\u0105 si\u0119 do jej smaku i aromatu. Mircen, dominuj\u0105cy terpen, zapewnia ziemiste i pi\u017cmowe nuty, podczas gdy limonen dodaje nut\u0119 sk\u00f3rki cytrusowej. Kariofilen wprowadza pikantny, pieprzny aromat, kt\u00f3ry uzupe\u0142nia jej og\u00f3lny profil. Razem, zwi\u0105zki te tworz\u0105 charakterystyczny pikantny i ziemisty smak Lavender, co czyni j\u0105 wyj\u0105tkowym wyborem dla tych, kt\u00f3rzy ceni\u0105 sobie z\u0142o\u017cone smaki i uspokajaj\u0105ce dzia\u0142anie.<\/p>\n<p>&nbsp;<\/p>\n<p><strong>Ostrze\u017cenie:<\/strong><br \/>\nLavender to silna odmiana, a jej dzia\u0142anie mo\u017ce by\u0107 intensywne dla nowych u\u017cytkownik\u00f3w lub os\u00f3b o niskiej tolerancji. Zacznij od niewielkiej ilo\u015bci, aby oceni\u0107 jej wp\u0142yw i unikn\u0105\u0107 nadmiernego spo\u017cycia. Jej relaksuj\u0105ce w\u0142a\u015bciwo\u015bci sprawiaj\u0105, \u017ce najlepiej nadaje si\u0119 do stosowania wieczorem, poniewa\u017c mo\u017ce wywo\u0142ywa\u0107 senno\u015b\u0107. Spo\u017cywaj j\u0105 odpowiedzialnie, zw\u0142aszcza podczas wykonywania czynno\u015bci wymagaj\u0105cych skupienia, i zawsze przestrzegaj lokalnych przepis\u00f3w i regulacji dotycz\u0105cych konopi indyjskich.<\/p>","protected":false},"excerpt":{"rendered":"<p>Lavender to uderzaj\u0105ca i egzotyczna odmiana konopi o bogatej historii genetycznej, \u0142\u0105cz\u0105ca wp\u0142ywy z Afganistanu, Hawaj\u00f3w, Korei, USA i Europy. Znana z intensywnie fioletowego zabarwienia i g\u0119stych p\u0105k\u00f3w, odmiana ta oferuje pikantny, afga\u0144ski aromat przypominaj\u0105cy haszysz oraz uspokajaj\u0105cy, \u0142agodny haj. Lavender rozwija si\u0119 w klimacie umiarkowanym, daj\u0105c wyj\u0105tkowe plony przy uproszczonym procesie uprawy. Idealna do stosowania wieczorem, zapewnia relaksuj\u0105cy, koj\u0105cy efekt, kt\u00f3ry jest idealny do odpr\u0119\u017cenia lub wywo\u0142ania snu.<\/p>","protected":false},"featured_media":82785,"template":"","meta":[],"product_brand":[],"product_cat":[949,297,467,465],"product_tag":[],"class_list":{"0":"post-82781","1":"product","2":"type-product","3":"status-publish","4":"has-post-thumbnail","6":"product_cat-soma-sacred-seeds","7":"product_cat-all-products","8":"product_cat-feminized-seeds","9":"product_cat-seedshop","11":"first","12":"instock","13":"taxable","14":"shipping-taxable","15":"purchasable","16":"product-type-variable","17":"has-default-attributes"},"_links":{"self":[{"href":"https:\/\/www.headshop.nl\/pl\/wp-json\/wp\/v2\/product\/82781","targetHints":{"allow":["GET"]}}],"collection":[{"href":"https:\/\/www.headshop.nl\/pl\/wp-json\/wp\/v2\/product"}],"about":[{"href":"https:\/\/www.headshop.nl\/pl\/wp-json\/wp\/v2\/types\/product"}],"wp:featuredmedia":[{"embeddable":true,"href":"https:\/\/www.headshop.nl\/pl\/wp-json\/wp\/v2\/media\/82785"}],"wp:attachment":[{"href":"https:\/\/www.headshop.nl\/pl\/wp-json\/wp\/v2\/media?parent=82781"}],"wp:term":[{"taxonomy":"product_brand","embeddable":true,"href":"https:\/\/www.headshop.nl\/pl\/wp-json\/wp\/v2\/product_brand?post=82781"},{"taxonomy":"product_cat","embeddable":true,"href":"https:\/\/www.headshop.nl\/pl\/wp-json\/wp\/v2\/product_cat?post=82781"},{"taxonomy":"product_tag","embeddable":true,"href":"https:\/\/www.headshop.nl\/pl\/wp-json\/wp\/v2\/product_tag?post=82781"}],"curies":[{"name":"wp","href":"https:\/\/api.w.org\/{rel}","templated":true}]}}