{"id":82760,"date":"2025-01-10T08:41:59","date_gmt":"2025-01-10T08:41:59","guid":{"rendered":"https:\/\/www.headshop.nl\/?post_type=product&#038;p=82760"},"modified":"2025-10-16T07:04:34","modified_gmt":"2025-10-16T07:04:34","slug":"hawaiian-sporeprint","status":"publish","type":"product","link":"https:\/\/www.headshop.nl\/pl\/hawaiian-sporeprint\/","title":{"rendered":"Hawaiian Sporeprint"},"content":{"rendered":"<h2>Czym s\u0105 odciski zarodnik\u00f3w Hawaiian?<\/h2>\n<p>Odcisk zarodnik\u00f3w Hawaiian z McSmart to wysokiej jako\u015bci odcisk zarodnik\u00f3w pochodz\u0105cy ze szczepu Hawaiian grzyb\u00f3w Copelandia Cyanescens. Odmiana ta jest wysoko ceniona w spo\u0142eczno\u015bci psychodelicznej ze wzgl\u0119du na silne efekty, kt\u00f3re obejmuj\u0105 silne zniekszta\u0142cenia wizualne i d\u0142ugotrwa\u0142e doznania. Grzyby Hawaiian s\u0105 mniejsze i trudniejsze w uprawie, ale ich silny wp\u0142yw sprawia, \u017ce s\u0105 poszukiwan\u0105 odmian\u0105 zar\u00f3wno dla nowych, jak i do\u015bwiadczonych u\u017cytkownik\u00f3w.<\/p>\n<p>Odcisk zarodnik\u00f3w zawiera miliony zarodnik\u00f3w, kt\u00f3re mo\u017cna wykorzysta\u0107 do wyhodowania nowej kultury grzybni. Proces ten jest klasyczn\u0105 i interaktywn\u0105 metod\u0105 dla os\u00f3b zainteresowanych upraw\u0105 w\u0142asnych magicznych grzyb\u00f3w. Odciski zarodnik\u00f3w Hawaiian s\u0105 idealne dla os\u00f3b, kt\u00f3re chc\u0105 poszerzy\u0107 swoj\u0105 wiedz\u0119 i do\u015bwiadczenie w \u015bwiecie psychodelik\u00f3w. Dzi\u0119ki dba\u0142o\u015bci o szczeg\u00f3\u0142y McSmart mo\u017cna oczekiwa\u0107 wiarygodnych wynik\u00f3w i mo\u017cliwo\u015bci zbadania z\u0142o\u017conych struktur genetycznych tego fascynuj\u0105cego szczepu grzyb\u00f3w.<\/p>\n<h2>Historia odcisk\u00f3w zarodnik\u00f3w Hawaiian<\/h2>\n<p>Szczep Hawaiian <em>Psilocybe cubensis<\/em>, znany r\u00f3wnie\u017c jako \"Hawaiian Magic Mushroom\", pochodzi z wysp Hawaiian, gdzie by\u0142 u\u017cywany od wiek\u00f3w w praktykach duchowych. Rdzenne kultury na Hawajach wierzy\u0142y, \u017ce grzyby pomog\u0142y im po\u0142\u0105czy\u0107 si\u0119 z wy\u017csz\u0105 \u015bwiadomo\u015bci\u0105, zapewniaj\u0105c g\u0142\u0119bszy wgl\u0105d i wzmacniaj\u0105c ich po\u0142\u0105czenie ze \u015bwiatem przyrody. Odmiana Hawaiian sta\u0142a si\u0119 dobrze znana ze swoich silnych efekt\u00f3w, kt\u00f3re obejmuj\u0105 silne halucynacje wzrokowe i og\u00f3lne intensywne doznania psychodeliczne.<\/p>\n<p>Wraz ze wzrostem globalnego zainteresowania psychodelikami w XX wieku, odmiana Hawaiian zyska\u0142a uznanie w\u015br\u00f3d psychodelicznych odkrywc\u00f3w dzi\u0119ki swojej zdolno\u015bci do dostarczania silnych i trwa\u0142ych efekt\u00f3w. Hawaiian Sporeprint to nowoczesny spos\u00f3b na uzyskanie dost\u0119pu do tej wyj\u0105tkowej odmiany, oferuj\u0105cy entuzjastom niezawodne i praktyczne narz\u0119dzie do uprawy w\u0142asnych magicznych grzyb\u00f3w. McSmart Hawaiian Sporeprint oddaje istot\u0119 tego historycznego szczepu, zapewniaj\u0105c produkt premium dla tych, kt\u00f3rzy chc\u0105 do\u015bwiadczy\u0107 jego mistycznych efekt\u00f3w.<\/p>\n<h2>Jak korzysta\u0107 z odcisk\u00f3w zarodnik\u00f3w Hawaiian<\/h2>\n<h3>Krok 1: Przygotowanie szalki Petriego<\/h3>\n<p>Zacznij od sterylnej p\u0142ytki Petriego zawieraj\u0105cej roztw\u00f3r agaru. Agar mo\u017cna przygotowa\u0107 samodzielnie lub kupi\u0107 gotowy. Wa\u017cne jest, aby otworzy\u0107 szalk\u0119 w sterylnym \u015brodowisku, aby unikn\u0105\u0107 jakiegokolwiek zanieczyszczenia.<\/p>\n<h3>Krok 2: Dodawanie zarodnik\u00f3w<\/h3>\n<p>Za pomoc\u0105 sterylnej strzykawki pobra\u0107 p\u0142yn z fiolki z zarodnikami. Je\u015bli pracujesz z odbitk\u0105 zarodnik\u00f3w, delikatnie zeskrob kilka zarodnik\u00f3w z odbitki i pozw\u00f3l im spa\u015b\u0107 na powierzchni\u0119 agaru w szalce Petriego.<\/p>\n<h3>Krok 3: Inkubacja<\/h3>\n<p>Zamknij szalk\u0119 Petriego i umie\u015b\u0107 j\u0105 w odpowiednim, kontrolowanym \u015brodowisku, w kt\u00f3rym zarodniki mog\u0105 bez przeszk\u00f3d rozwija\u0107 si\u0119 w grzybni\u0119. Okres inkubacji mo\u017ce wynosi\u0107 od kilku dni do tygodni, w zale\u017cno\u015bci od warunk\u00f3w i rodzaju grzyba.<\/p>\n<h3>Krok 4: Oczyszczanie grzybni<\/h3>\n<p>Gdy grzybnia rozwinie si\u0119 wystarczaj\u0105co i pokryje du\u017c\u0105 cz\u0119\u015b\u0107 szalki Petriego, nadejdzie czas na jej oczyszczenie. Ostro\u017cnie wybierz zdrowy, w pe\u0142ni rozwini\u0119ty kawa\u0142ek grzybni do dalszego wykorzystania.<\/p>\n<h3>Krok 5: Ci\u0119cie grzybni<\/h3>\n<p>Za pomoc\u0105 sterylnego skalpela wyci\u0105\u0107 ma\u0142y fragment grzybni, oko\u0142o 6 x 6 mm. Kawa\u0142ek ten pos\u0142u\u017cy jako starter dla nowej, czystej kultury.<\/p>\n<h3>Krok 6: Inokulacja wzrostu Medium<\/h3>\n<p>Przenie\u015b wyci\u0119ty kawa\u0142ek grzybni na \u015bwie\u017ce pod\u0142o\u017ce, takie jak nowa p\u0142ytka Petriego z agarem lub inne odpowiednie pod\u0142o\u017ce do dalszej hodowli. Upewnij si\u0119, \u017ce nowe pod\u0142o\u017ce jest przechowywane w sterylnych warunkach, aby zachowa\u0107 jego integralno\u015b\u0107.<\/p>\n<h2>Sk\u0142adniki Hawaiian Sporeprints<\/h2>\n<p>Sporeprint Hawaiian sk\u0142ada si\u0119 z milion\u00f3w zarodnik\u00f3w szczepu Hawaiian bakterii <em>Psilocybe cubensis<\/em>kt\u00f3re s\u0105 kom\u00f3rkami rozrodczymi grzyba. Zarodniki te zawieraj\u0105 materia\u0142 genetyczny potrzebny do wzrostu grzybni, wegetatywnej cz\u0119\u015bci grzyba, kt\u00f3ra ostatecznie rozwinie si\u0119 w dojrza\u0142e grzyby. Szczep Hawaiian jest znany z produkcji ma\u0142ych, ale silnych grzyb\u00f3w o silnym dzia\u0142aniu halucynogennym.<\/p>\n<p>Odcisk zarodnik\u00f3w zapewnia wszystko, czego potrzebujesz, aby rozpocz\u0105\u0107 upraw\u0119 tego konkretnego szczepu, zapewniaj\u0105c wysok\u0105 jako\u015b\u0107 i niezawodno\u015b\u0107 uprawy. <em>Psilocybe cubensis<\/em> Grzyby, w tym odmiana Hawaiian, naturalnie zawieraj\u0105 psylocybin\u0119 i psylocyn\u0119, kt\u00f3re s\u0105 zwi\u0105zkami psychoaktywnymi odpowiedzialnymi za efekty halucynogenne. Sporeprint McSmart od Hawaiian jest starannie konserwowany i przechowywany w celu zachowania integralno\u015bci zarodnik\u00f3w, zapewniaj\u0105c udan\u0105 upraw\u0119 i sp\u00f3jny produkt za ka\u017cdym razem.<\/p>\n<p><strong>Ostrze\u017cenie<\/strong><\/p>\n<p>Grzyby magiczne, w tym te wyhodowane z odcisku zarodnika Hawaiian, naturalnie zawieraj\u0105 psylocybin\u0119 i psylocyn\u0119, kt\u00f3re s\u0105 substancjami halucynogennymi. Zwi\u0105zki te mog\u0105 zmienia\u0107 \u015bwiadomo\u015b\u0107 i wywo\u0142ywa\u0107 halucynacje. Wa\u017cne jest, aby spo\u017cywa\u0107 te grzyby w bezpiecznym i kontrolowanym \u015brodowisku. Nale\u017cy trzyma\u0107 je poza zasi\u0119giem dzieci i obchodzi\u0107 si\u0119 z nimi odpowiedzialnie, rozumiej\u0105c potencjalne skutki przed u\u017cyciem. Zawsze nale\u017cy podchodzi\u0107 do tych substancji z ostro\u017cno\u015bci\u0105 i szacunkiem dla ich si\u0142y dzia\u0142ania.<\/p>","protected":false},"excerpt":{"rendered":"<p>Odkryj urzekaj\u0105cy \u015bwiat Hawaiian Sporeprint od McSmart, stworzony dla do\u015bwiadczonych entuzjast\u00f3w psychodelii. Znana z silnych efekt\u00f3w wizualnych i trwa\u0142ego wp\u0142ywu, odmiana Hawaiian wyr\u00f3\u017cnia si\u0119 jako ceniona odmiana w \u015bwiecie magicznych grzyb\u00f3w. Wysokiej jako\u015bci odciski zarodnik\u00f3w McSmart zapewniaj\u0105 prosty spos\u00f3b na zag\u0142\u0119bienie si\u0119 w cuda tych wyj\u0105tkowych grzyb\u00f3w, oferuj\u0105c mo\u017cliwo\u015b\u0107 kultywowania w\u0142asnej unikalnej kultury grzyb\u00f3w psychodelicznych.<\/p>","protected":false},"featured_media":82763,"template":"","meta":[],"product_brand":[],"product_cat":[970,297,399,384],"product_tag":[978],"class_list":{"0":"post-82760","1":"product","2":"type-product","3":"status-publish","4":"has-post-thumbnail","6":"product_cat-magic-mushroom-spore-prints","7":"product_cat-all-products","8":"product_cat-shroomshop","9":"product_cat-smartshop","10":"product_tag-shrdeal","11":"product_shipping_class-group-7","13":"first","14":"instock","15":"taxable","16":"shipping-taxable","17":"purchasable","18":"product-type-variable","19":"has-default-attributes"},"_links":{"self":[{"href":"https:\/\/www.headshop.nl\/pl\/wp-json\/wp\/v2\/product\/82760","targetHints":{"allow":["GET"]}}],"collection":[{"href":"https:\/\/www.headshop.nl\/pl\/wp-json\/wp\/v2\/product"}],"about":[{"href":"https:\/\/www.headshop.nl\/pl\/wp-json\/wp\/v2\/types\/product"}],"wp:featuredmedia":[{"embeddable":true,"href":"https:\/\/www.headshop.nl\/pl\/wp-json\/wp\/v2\/media\/82763"}],"wp:attachment":[{"href":"https:\/\/www.headshop.nl\/pl\/wp-json\/wp\/v2\/media?parent=82760"}],"wp:term":[{"taxonomy":"product_brand","embeddable":true,"href":"https:\/\/www.headshop.nl\/pl\/wp-json\/wp\/v2\/product_brand?post=82760"},{"taxonomy":"product_cat","embeddable":true,"href":"https:\/\/www.headshop.nl\/pl\/wp-json\/wp\/v2\/product_cat?post=82760"},{"taxonomy":"product_tag","embeddable":true,"href":"https:\/\/www.headshop.nl\/pl\/wp-json\/wp\/v2\/product_tag?post=82760"}],"curies":[{"name":"wp","href":"https:\/\/api.w.org\/{rel}","templated":true}]}}