{"id":82744,"date":"2025-01-10T08:11:03","date_gmt":"2025-01-10T08:11:03","guid":{"rendered":"https:\/\/www.headshop.nl\/?post_type=product&#038;p=82744"},"modified":"2025-10-16T07:04:36","modified_gmt":"2025-10-16T07:04:36","slug":"mexican-sporeprint","status":"publish","type":"product","link":"https:\/\/www.headshop.nl\/pl\/mexican-sporeprint\/","title":{"rendered":"Mexican Sporeprint"},"content":{"rendered":"<h2>Czym s\u0105 odciski zarodnik\u00f3w Mexican?<\/h2>\n<p>Mexican Sporeprints to najwy\u017cszej jako\u015bci produkty stworzone z my\u015bl\u0105 o kultywowaniu kultowych <em>Psilocybe cubensis<\/em> Szczep Mexican. Stworzone przez McSmart, te odciski zarodnik\u00f3w zawieraj\u0105 miliony zarodnik\u00f3w skrupulatnie zebranych z dojrza\u0142ych grzyb\u00f3w Mexican, zapewniaj\u0105c niezawodny i autentyczny punkt wyj\u015bcia do uprawy grzyb\u00f3w.<\/p>\n<p>Grzyby Mexican, znane ze swojego kulturowego i historycznego znaczenia, s\u0105 od wiek\u00f3w czczone ze wzgl\u0119du na ich rol\u0119 w duchowych i mistycznych do\u015bwiadczeniach. Zarodniki w tych odciskach zarodnik\u00f3w s\u0105 przechowywane na sterylnym pod\u0142o\u017cu, zapewniaj\u0105c zar\u00f3wno jako\u015b\u0107, jak i u\u017cyteczno\u015b\u0107. Idealne dla zaawansowanych hodowc\u00f3w i badaczy, odciski zarodnik\u00f3w Mexican stanowi\u0105 doskona\u0142\u0105 podstaw\u0119 do uprawy grzyb\u00f3w lub zaawansowanych bada\u0144 mikologicznych.<\/p>\n<p>Mexican Sporeprint to wi\u0119cej ni\u017c narz\u0119dzie do uprawy, to brama do niezwyk\u0142ego cyklu \u017cycia grzyb\u00f3w. Niezale\u017cnie od tego, czy chodzi o rozw\u00f3j osobisty, czy badania naukowe, ten odcisk zarodnik\u00f3w stanowi nieocenione \u017ar\u00f3d\u0142o zrozumienia fascynuj\u0105cego \u015bwiata grzyb\u00f3w.<\/p>\n<hr \/>\n<h2>Historia odcisk\u00f3w zarodnik\u00f3w Mexican<\/h2>\n<p>Historia grzyb\u00f3w Mexican si\u0119ga tysi\u0119cy lat wstecz, g\u0142\u0119boko wpleciona w tradycje i rytua\u0142y staro\u017cytnych kultur Mesoameryka\u0144skich. Rdzenne ludy, takie jak Aztekowie i Mazatekowie, czci\u0142y te grzyby za ich w\u0142a\u015bciwo\u015bci psychoaktywne, cz\u0119sto wykorzystuj\u0105c je w \u015bwi\u0119tych ceremoniach. Nazywali je <em>teonan\u00e1catl<\/em>, co oznacza \"cia\u0142o bog\u00f3w\".<\/p>\n<p>W po\u0142owie XX wieku praca badaczy takich jak R. Gordon Wasson ponownie rozbudzi\u0142a globalne zainteresowanie tymi grzybami, podkre\u015blaj\u0105c ich znaczenie kulturowe, duchowe i psychoaktywne. To ponowne odkrycie doprowadzi\u0142o do opracowania nowoczesnych technik uprawy, w tym wykorzystania odcisk\u00f3w zarodnik\u00f3w, dzi\u0119ki czemu grzyby te sta\u0142y si\u0119 dost\u0119pne dla entuzjast\u00f3w na ca\u0142ym \u015bwiecie.<\/p>\n<p>Sporeprint Mexican uciele\u015bnia to bogate dziedzictwo, \u0142\u0105cz\u0105c wsp\u00f3\u0142czesnych kultywuj\u0105cych z g\u0142\u0119bok\u0105 histori\u0105 i mistycyzmem. <em>Psilocybe cubensis<\/em> Mexican. Poprzez upraw\u0119, u\u017cytkownicy mog\u0105 uhonorowa\u0107 i odkrywa\u0107 to trwa\u0142e dziedzictwo.<\/p>\n<hr \/>\n<h2>Jak korzysta\u0107 z odcisk\u00f3w zarodnik\u00f3w Mexican<\/h2>\n<p><strong>Krok 1: Przygotowanie szalki Petriego<\/strong><br \/>\nPrzygotuj steryln\u0105 szalk\u0119 Petriego z roztworem agaru, domowej roboty lub zakupionym wcze\u015bniej. Otworzy\u0107 szalk\u0119 w sterylnym \u015brodowisku, aby zminimalizowa\u0107 zanieczyszczenie.<\/p>\n<p><strong>Krok 2: Dodawanie zarodnik\u00f3w<\/strong><br \/>\nJe\u015bli u\u017cywasz odcisku zarodnik\u00f3w, delikatnie zeskrob niewielk\u0105 liczb\u0119 zarodnik\u00f3w na powierzchni\u0119 agaru. Alternatywnie, u\u017cyj sterylnej strzykawki do naniesienia p\u0142ynu zarodnikowego.<\/p>\n<p><strong>Krok 3: Inkubacja<\/strong><br \/>\nUszczelnij szalk\u0119 Petriego i umie\u015b\u0107 j\u0105 w kontrolowanym \u015brodowisku, aby promowa\u0107 wzrost grzyb\u00f3w. Zarodniki wykie\u0142kuj\u0105 i rozwin\u0105 si\u0119 w grzybni\u0119 w ci\u0105gu kilku dni lub tygodni, w zale\u017cno\u015bci od warunk\u00f3w.<\/p>\n<p><strong>Krok 4: Oczyszczanie grzybni<\/strong><br \/>\nGdy grzybnia wystarczaj\u0105co si\u0119 rozro\u015bnie, wybierz zdrow\u0105 sekcj\u0119, aby zapewni\u0107 czyst\u0105 kultur\u0119 do dalszego wzrostu.<\/p>\n<p><strong>Krok 5: Ci\u0119cie grzybni<\/strong><br \/>\nZa pomoc\u0105 sterylnego skalpela wyci\u0105\u0107 niewielki fragment (oko\u0142o 6 x 6 mm) grzybni. Fragment ten pos\u0142u\u017cy jako starter dla nowej kultury.<\/p>\n<p><strong>Krok 6: Inokulacja wzrostu Medium<\/strong><br \/>\nPrzenie\u015b kawa\u0142ek grzybni na \u015bwie\u017ce pod\u0142o\u017ce, takie jak nowa szalka z agarem. Utrzymuj sterylne warunki, aby zapobiec zanieczyszczeniu podczas procesu.<\/p>\n<p>Dzi\u0119ki cierpliwo\u015bci i precyzji mo\u017cesz wyhodowa\u0107 \u017cywe, zdrowe grzyby Mexican. Ka\u017cdy krok to okazja, by dowiedzie\u0107 si\u0119 wi\u0119cej o biologii grzyb\u00f3w, dzi\u0119ki czemu proces ten jest r\u00f3wnie satysfakcjonuj\u0105cy, co wyniki.<\/p>\n<hr \/>\n<h2>Sk\u0142adniki Mexican Sporeprints<\/h2>\n<p>Sporeprint Mexican zawiera miliony zarodnik\u00f3w pochodz\u0105cych z dojrza\u0142ych <em>Psilocybe cubensis<\/em> Mexican. Zarodniki te s\u0105 starannie zbierane i przechowywane na sterylnym pod\u0142o\u017cu, aby zapewni\u0107 czysto\u015b\u0107 i \u017cywotno\u015b\u0107.<\/p>\n<p>Chocia\u017c sam odcisk zarodnika nie zawiera zwi\u0105zk\u00f3w psychoaktywnych, grzyby wyhodowane z tych zarodnik\u00f3w naturalnie wytwarzaj\u0105 psylocybin\u0119 i psylocyn\u0119, substancje czynne odpowiedzialne za ich halucynogenne dzia\u0142anie. To sprawia, \u017ce Mexican Sporeprint jest doskona\u0142ym wyborem dla tych, kt\u00f3rzy szukaj\u0105 niezawodnego \u017ar\u00f3d\u0142a materia\u0142u genetycznego do uprawy lub bada\u0144.<\/p>\n<hr \/>\n<p><strong>Ostrze\u017cenie<\/strong><\/p>\n<p>Grzyby magiczne Mexican zawieraj\u0105 psylocybin\u0119 i psylocyn\u0119, silne zwi\u0105zki psychoaktywne, kt\u00f3re mog\u0105 zmienia\u0107 percepcj\u0119 i wywo\u0142ywa\u0107 halucynacje. U\u017cywaj odpowiedzialnie i przechowuj bezpiecznie poza zasi\u0119giem dzieci. Zawsze szanuj dzia\u0142anie tych substancji i przestrzegaj lokalnych przepis\u00f3w i regulacji dotycz\u0105cych ich stosowania.<\/p>","protected":false},"excerpt":{"rendered":"<p>Zanurz si\u0119 w fascynuj\u0105cy \u015bwiat Mexican Sporeprint by McSmart, zaprojektowanego dla do\u015bwiadczonych entuzjast\u00f3w psychodelii. Odkryj skomplikowane szczeg\u00f3\u0142y i charakterystyczne cechy tego wysokiej jako\u015bci odcisku zarodnik\u00f3w - kamienia w\u0119gielnego dla zaawansowanej uprawy grzyb\u00f3w i bada\u0144 mykologicznych.<\/p>","protected":false},"featured_media":82746,"template":"","meta":[],"product_brand":[],"product_cat":[970,297,399,384],"product_tag":[978],"class_list":{"0":"post-82744","1":"product","2":"type-product","3":"status-publish","4":"has-post-thumbnail","6":"product_cat-magic-mushroom-spore-prints","7":"product_cat-all-products","8":"product_cat-shroomshop","9":"product_cat-smartshop","10":"product_tag-shrdeal","11":"product_shipping_class-group-7","13":"first","14":"instock","15":"taxable","16":"shipping-taxable","17":"purchasable","18":"product-type-variable","19":"has-default-attributes"},"_links":{"self":[{"href":"https:\/\/www.headshop.nl\/pl\/wp-json\/wp\/v2\/product\/82744","targetHints":{"allow":["GET"]}}],"collection":[{"href":"https:\/\/www.headshop.nl\/pl\/wp-json\/wp\/v2\/product"}],"about":[{"href":"https:\/\/www.headshop.nl\/pl\/wp-json\/wp\/v2\/types\/product"}],"wp:featuredmedia":[{"embeddable":true,"href":"https:\/\/www.headshop.nl\/pl\/wp-json\/wp\/v2\/media\/82746"}],"wp:attachment":[{"href":"https:\/\/www.headshop.nl\/pl\/wp-json\/wp\/v2\/media?parent=82744"}],"wp:term":[{"taxonomy":"product_brand","embeddable":true,"href":"https:\/\/www.headshop.nl\/pl\/wp-json\/wp\/v2\/product_brand?post=82744"},{"taxonomy":"product_cat","embeddable":true,"href":"https:\/\/www.headshop.nl\/pl\/wp-json\/wp\/v2\/product_cat?post=82744"},{"taxonomy":"product_tag","embeddable":true,"href":"https:\/\/www.headshop.nl\/pl\/wp-json\/wp\/v2\/product_tag?post=82744"}],"curies":[{"name":"wp","href":"https:\/\/api.w.org\/{rel}","templated":true}]}}