{"id":82740,"date":"2025-01-10T08:04:59","date_gmt":"2025-01-10T08:04:59","guid":{"rendered":"https:\/\/www.headshop.nl\/?post_type=product&#038;p=82740"},"modified":"2025-10-16T07:04:36","modified_gmt":"2025-10-16T07:04:36","slug":"golden-teacher-sporeprint","status":"publish","type":"product","link":"https:\/\/www.headshop.nl\/pl\/golden-teacher-sporeprint\/","title":{"rendered":"Golden Teacher Sporeprint"},"content":{"rendered":"<h2>Czym s\u0105 odciski zarodnik\u00f3w Golden Teacher?<\/h2>\n<p>Odciski zarodnik\u00f3w Golden Teacher to kolekcje mikroskopijnych zarodnik\u00f3w zebranych z grzyba Golden Teacher. Te odciski zarodnik\u00f3w s\u0105 cenione przez entuzjast\u00f3w za ich wysok\u0105 jako\u015b\u0107 i potencja\u0142 w uprawie i badaniu magicznych grzyb\u00f3w. Ka\u017cdy odcisk zarodnika dzia\u0142a jak genetyczny plan, s\u0142u\u017c\u0105c jako podstawa do uprawy grzyb\u00f3w lub badania bior\u00f3\u017cnorodno\u015bci grzyb\u00f3w.<\/p>\n<p>Grzyby Golden Teacher, znane ze swoich z\u0142otych kapeluszy i powi\u0105za\u0144 z g\u0142\u0119bok\u0105 introspekcj\u0105, s\u0105 podstaw\u0105 w \u015bwiecie psychodelik\u00f3w. Ka\u017cdy odcisk zarodnika zawiera miliony zarodnik\u00f3w, kt\u00f3re w odpowiednich warunkach mog\u0105 przekszta\u0142ci\u0107 si\u0119 w grzybni\u0119, a ostatecznie w grzyby owocuj\u0105ce. Niezale\u017cnie od tego, czy jeste\u015b zainteresowany upraw\u0105, czy zaintrygowany nauk\u0105 o grzybach, odciski zarodnik\u00f3w Golden Teacher otwieraj\u0105 drzwi do fascynuj\u0105cego zjawiska naturalnego.<\/p>\n<hr \/>\n<h2>Historia odcisk\u00f3w zarodnik\u00f3w Golden Teacher<\/h2>\n<p>Pochodzenie grzyba Golden Teacher pozostaje tajemnicze. Odkryty po raz pierwszy w latach 80-tych, szybko zyska\u0142 popularno\u015b\u0107 ze wzgl\u0119du na sw\u00f3j charakterystyczny z\u0142oty odcie\u0144 i introspektywne efekty. Nazwa \"Golden Teacher\" odzwierciedla jego \u017cywy wygl\u0105d i reputacj\u0119 w zakresie u\u0142atwiania transformuj\u0105cych do\u015bwiadcze\u0144.<\/p>\n<p>Z czasem odciski zarodnik\u00f3w Golden Teacher sta\u0142y si\u0119 kamieniem w\u0119gielnym dla mikolog\u00f3w i hodowc\u00f3w. W przeciwie\u0144stwie do wielu innych odmian, Golden Teacher s\u0105 znane nie tylko ze swojego wizualnego i psychoaktywnego uroku, ale tak\u017ce ze swojej odporno\u015bci i zdolno\u015bci adaptacyjnych. Te odciski zarodnik\u00f3w reprezentuj\u0105 dziedzictwo genetyczne grzyba, kt\u00f3ry nadal urzeka entuzjast\u00f3w na ca\u0142ym \u015bwiecie.<\/p>\n<hr \/>\n<h2>Jak korzysta\u0107 z odcisk\u00f3w zarodnik\u00f3w Golden Teacher<\/h2>\n<p><strong>Krok 1: Przygotowanie szalki Petriego<\/strong><br \/>\nPrzygotuj steryln\u0105 szalk\u0119 Petriego z roztworem agaru, domowej roboty lub zakupionym wcze\u015bniej. Otworzy\u0107 szalk\u0119 w sterylnym \u015brodowisku, aby unikn\u0105\u0107 zanieczyszczenia.<\/p>\n<p><strong>Krok 2: Dodawanie zarodnik\u00f3w<\/strong><br \/>\nW przypadku korzystania z odcisk\u00f3w zarodnik\u00f3w, delikatnie zeskrob niewielk\u0105 ilo\u015b\u0107 zarodnik\u00f3w na powierzchni\u0119 agaru. Alternatywnie, u\u017cyj sterylnej strzykawki do naniesienia roztworu zarodnik\u00f3w.<\/p>\n<p><strong>Krok 3: Inkubacja<\/strong><br \/>\nZamkn\u0105\u0107 szalk\u0119 Petriego i inkubowa\u0107 j\u0105 w kontrolowanym \u015brodowisku sprzyjaj\u0105cym rozwojowi grzyb\u00f3w. Zarodniki wykie\u0142kuj\u0105 i rozwin\u0105 si\u0119 w grzybni\u0119 w ci\u0105gu kilku dni lub tygodni.<\/p>\n<p><strong>Krok 4: Oczyszczanie grzybni<\/strong><br \/>\nGdy grzybnia rozro\u015bnie si\u0119 na du\u017c\u0105 skal\u0119, wybierz zdrow\u0105 sekcj\u0119 do dalszej uprawy. Ten krok zapewnia czyst\u0105 i solidn\u0105 kultur\u0119.<\/p>\n<p><strong>Krok 5: Ci\u0119cie grzybni<\/strong><br \/>\nZa pomoc\u0105 sterylnego skalpela wyci\u0105\u0107 ma\u0142y fragment (oko\u0142o 6 x 6 mm) grzybni w celu przeniesienia jej do nowego pod\u0142o\u017ca.<\/p>\n<p><strong>Krok 6: Inokulacja wzrostu Medium<\/strong><br \/>\nPrzenie\u015b wyci\u0119t\u0105 grzybni\u0119 na \u015bwie\u017ce pod\u0142o\u017ce, takie jak nowa szalka z agarem, i inkubuj w sterylnych warunkach, aby pobudzi\u0107 dalszy wzrost.<\/p>\n<p>Uprawa grzyb\u00f3w Golden Teacher wymaga precyzji i cierpliwo\u015bci. Ka\u017cdy krok zapewnia g\u0142\u0119bszy wgl\u0105d w biologi\u0119 grzyb\u00f3w, dzi\u0119ki czemu proces jest r\u00f3wnie satysfakcjonuj\u0105cy, jak efekt ko\u0144cowy.<\/p>\n<hr \/>\n<h2>Sk\u0142adniki Golden Teacher Sporeprints<\/h2>\n<p>Odciski zarodnik\u00f3w Golden Teacher sk\u0142adaj\u0105 si\u0119 z milion\u00f3w \u017cywotnych zarodnik\u00f3w zebranych z dojrza\u0142ych grzyb\u00f3w. Zarodniki te zawieraj\u0105 kompletny kod genetyczny grzyba macierzystego, umo\u017cliwiaj\u0105c sp\u00f3jn\u0105 upraw\u0119. Ka\u017cdy odcisk zarodnika jest produktem naturalnym, wolnym od dodatk\u00f3w lub chemikali\u00f3w i przechowywanym na sterylnym pod\u0142o\u017cu w celu zapewnienia d\u0142ugotrwa\u0142ej \u017cywotno\u015bci. W\u0142a\u015bciwe przechowywanie i obs\u0142uga mog\u0105 utrzyma\u0107 ich u\u017cyteczno\u015b\u0107 przez d\u0142u\u017cszy czas, co czyni je niezb\u0119dnym narz\u0119dziem dla entuzjast\u00f3w mikologii.<\/p>\n<hr \/>\n<p><strong>Ostrze\u017cenie<\/strong><\/p>\n<p>Grzyby Golden Teacher zawieraj\u0105 psylocybin\u0119 i psylocyn\u0119, zwi\u0105zki psychoaktywne, kt\u00f3re mog\u0105 zmienia\u0107 \u015bwiadomo\u015b\u0107 i wywo\u0142ywa\u0107 halucynacje. Nale\u017cy zawsze obchodzi\u0107 si\u0119 z nimi i spo\u017cywa\u0107 je w spos\u00f3b odpowiedzialny. Produkty nale\u017cy przechowywa\u0107 bezpiecznie i poza zasi\u0119giem dzieci.<\/p>","protected":false},"excerpt":{"rendered":"<p>Poznaj urzekaj\u0105cy odcisk zarodnika Golden Teacher od McSmart, fachowo wykonany dla do\u015bwiadczonych entuzjast\u00f3w psychodelii. Odblokuj ukryte cuda natury dzi\u0119ki temu wysokiej jako\u015bci odciskowi zarodnik\u00f3w, zaprojektowanemu, aby wzmocni\u0107 twoj\u0105 podr\u00f3\u017c odkrywcz\u0105 i pog\u0142\u0119bi\u0107 eksploracj\u0119 \u015bwiata psychedelik\u00f3w.<\/p>","protected":false},"featured_media":82742,"template":"","meta":[],"product_brand":[],"product_cat":[970,297,399,384],"product_tag":[978],"class_list":{"0":"post-82740","1":"product","2":"type-product","3":"status-publish","4":"has-post-thumbnail","6":"product_cat-magic-mushroom-spore-prints","7":"product_cat-all-products","8":"product_cat-shroomshop","9":"product_cat-smartshop","10":"product_tag-shrdeal","11":"product_shipping_class-group-7","13":"first","14":"instock","15":"taxable","16":"shipping-taxable","17":"purchasable","18":"product-type-variable","19":"has-default-attributes"},"_links":{"self":[{"href":"https:\/\/www.headshop.nl\/pl\/wp-json\/wp\/v2\/product\/82740","targetHints":{"allow":["GET"]}}],"collection":[{"href":"https:\/\/www.headshop.nl\/pl\/wp-json\/wp\/v2\/product"}],"about":[{"href":"https:\/\/www.headshop.nl\/pl\/wp-json\/wp\/v2\/types\/product"}],"wp:featuredmedia":[{"embeddable":true,"href":"https:\/\/www.headshop.nl\/pl\/wp-json\/wp\/v2\/media\/82742"}],"wp:attachment":[{"href":"https:\/\/www.headshop.nl\/pl\/wp-json\/wp\/v2\/media?parent=82740"}],"wp:term":[{"taxonomy":"product_brand","embeddable":true,"href":"https:\/\/www.headshop.nl\/pl\/wp-json\/wp\/v2\/product_brand?post=82740"},{"taxonomy":"product_cat","embeddable":true,"href":"https:\/\/www.headshop.nl\/pl\/wp-json\/wp\/v2\/product_cat?post=82740"},{"taxonomy":"product_tag","embeddable":true,"href":"https:\/\/www.headshop.nl\/pl\/wp-json\/wp\/v2\/product_tag?post=82740"}],"curies":[{"name":"wp","href":"https:\/\/api.w.org\/{rel}","templated":true}]}}