{"id":82735,"date":"2025-01-10T07:54:09","date_gmt":"2025-01-10T07:54:09","guid":{"rendered":"https:\/\/www.headshop.nl\/?post_type=product&#038;p=82735"},"modified":"2026-05-04T13:26:17","modified_gmt":"2026-05-04T13:26:17","slug":"mazatapec-sporeprint","status":"publish","type":"product","link":"https:\/\/www.headshop.nl\/pl\/mazatapec-sporeprint\/","title":{"rendered":"Mazatapec Sporeprint"},"content":{"rendered":"<h2>Czym s\u0105 odciski zarodnik\u00f3w Mazatapec?<\/h2>\n<p>Odciski zarodnik\u00f3w Mazatapec to fascynuj\u0105ca brama do \u015bwiata uprawy magicznych grzyb\u00f3w. Te odciski zarodnik\u00f3w zawieraj\u0105 genetyczne podstawy grzyb\u00f3w Mazatapec, szczepu znanego ze swoich unikalnych cech i historycznego znaczenia w rdzennych rytua\u0142ach. Odcisk zarodnik\u00f3w to zbi\u00f3r zarodnik\u00f3w starannie umieszczonych na sterylnej powierzchni, umo\u017cliwiaj\u0105cy entuzjastom upraw\u0119 i badanie tych niezwyk\u0142ych grzyb\u00f3w.<\/p>\n<p>Sporeprinty oferuj\u0105 co\u015b wi\u0119cej ni\u017c tylko spos\u00f3b na upraw\u0119 grzyb\u00f3w - zapewniaj\u0105 g\u0142\u0119bsze zrozumienie naturalnych proces\u00f3w stoj\u0105cych za rozwojem grzyb\u00f3w. Dzi\u0119ki Mazatapec Sporeprints mo\u017cesz odkry\u0107 skomplikowane wzory natury i zag\u0142\u0119bi\u0107 si\u0119 w tajemnice mikologii. S\u0105 one idealne dla ka\u017cdego, kto pasjonuje si\u0119 przyrod\u0105, nauk\u0105 lub sztuk\u0105 psychodeliczn\u0105.<\/p>\n<hr \/>\n<h2>Historia grzyb\u00f3w Mazatapec<\/h2>\n<p>Pochodzenie grzyb\u00f3w Mazatapec mo\u017cna przypisa\u0107 ludowi Mazatec z Meeksasu, kt\u00f3ry wykorzystywa\u0142 te grzyby w \u015bwi\u0119tych ceremoniach. Nazwa \"Mazatapec\" honoruje to dziedzictwo kulturowe, \u0142\u0105cz\u0105c to\u017csamo\u015b\u0107 ludu Mazatec z odr\u0119bnymi cechami grzyba. Przez wieki grzyby te odgrywa\u0142y kluczow\u0105 rol\u0119 w praktykach duchowych, pomagaj\u0105c ludziom uzyska\u0107 dost\u0119p do podwy\u017cszonych stan\u00f3w \u015bwiadomo\u015bci.<\/p>\n<p>W dzisiejszych czasach ponowne odkrycie grzyb\u00f3w Mazatapec ponownie wzbudzi\u0142o zainteresowanie ich badaniem i upraw\u0105. Sporeprinty pozwalaj\u0105 entuzjastom zaanga\u017cowa\u0107 si\u0119 w t\u0119 bogat\u0105 histori\u0119, zachowuj\u0105c dziedzictwo tych niezwyk\u0142ych grzyb\u00f3w, jednocze\u015bnie badaj\u0105c ich naukowe i kulturowe znaczenie.<\/p>\n<hr \/>\n<h2>Jak korzysta\u0107 z odcisk\u00f3w zarodnik\u00f3w Mazatapec?<\/h2>\n<p><strong>Krok 1: Przygotowanie szalki Petriego<\/strong><br \/>\nZacznij od sterylnej szalki Petriego wype\u0142nionej agarem, po\u017cywk\u0105 bogat\u0105 w sk\u0142adniki od\u017cywcze. Agar mo\u017cna przygotowa\u0107 samodzielnie lub kupi\u0107 gotowy. Otwieraj i obs\u0142uguj szalk\u0119 w sterylnym \u015brodowisku, aby unikn\u0105\u0107 zanieczyszczenia.<\/p>\n<p><strong>Krok 2: Dodaj zarodniki<\/strong><br \/>\nJe\u015bli u\u017cywasz p\u0142ynu zarodnikowego, pobierz go steryln\u0105 strzykawk\u0105. Je\u015bli pracujesz z odciskiem zarodnik\u00f3w, delikatnie zeskrob zarodniki z odcisku na powierzchni\u0119 agaru.<\/p>\n<p><strong>Krok 3: Inkubacja zarodnik\u00f3w<\/strong><br \/>\nZamkn\u0105\u0107 szalk\u0119 Petriego i umie\u015bci\u0107 j\u0105 w kontrolowanym \u015brodowisku, w kt\u00f3rym zarodniki mog\u0105 rozwin\u0105\u0107 si\u0119 w grzybni\u0119. Okres inkubacji waha si\u0119 od kilku dni do tygodni, w zale\u017cno\u015bci od warunk\u00f3w \u015brodowiskowych i rodzaju grzyba.<\/p>\n<p><strong>Krok 4: Oczyszczanie grzybni<\/strong><br \/>\nGdy grzybnia pokryje znaczn\u0105 cz\u0119\u015b\u0107 powierzchni agaru, wybierz zdrowy fragment do dalszej hodowli.<\/p>\n<p><strong>Krok 5: Przeniesienie grzybni<\/strong><br \/>\nZa pomoc\u0105 sterylnego skalpela wyci\u0105\u0107 niewielki fragment grzybni, oko\u0142o 6 x 6 mm. Kawa\u0142ek ten pos\u0142u\u017cy jako starter dla nowej, czystej kultury.<\/p>\n<p><strong>Krok 6: Inokulacja nowego wzrostu Medium<\/strong><br \/>\nPrzenie\u015b wyci\u0119t\u0105 grzybni\u0119 na \u015bwie\u017ce pod\u0142o\u017ce, takie jak inna szalka Petriego z agarem lub inne odpowiednie pod\u0142o\u017ce. Aby zapewni\u0107 powodzenie, nale\u017cy obchodzi\u0107 si\u0119 ze wszystkimi materia\u0142ami w sterylnych warunkach.<\/p>\n<p>Uprawa grzyb\u00f3w Mazatapec wymaga cierpliwo\u015bci i precyzji, ale proces ten oferuje satysfakcjonuj\u0105cy wgl\u0105d w fascynuj\u0105cy \u015bwiat grzyb\u00f3w. Ka\u017cdy krok zapewnia g\u0142\u0119bsze zrozumienie mikologii i cyklu \u017cycia grzyb\u00f3w.<\/p>\n<hr \/>\n<h2>Sk\u0142adniki odcisk\u00f3w zarodnik\u00f3w Mazatapec<\/h2>\n<p>Ka\u017cdy odcisk zarodnika Mazatapec zawiera miliony zarodnik\u00f3w, starannie zebranych i zakonserwowanych na sterylnej powierzchni w celu zapewnienia czysto\u015bci. Zarodniki te zawieraj\u0105 materia\u0142 genetyczny niezb\u0119dny do uprawy grzyb\u00f3w Mazatapec.<\/p>\n<p>Mikroskopijnych rozmiar\u00f3w zarodniki s\u0142u\u017c\u0105 jako podstawa do rozwoju solidnej sieci grzybni - kluczowego kroku w udanej uprawie grzyb\u00f3w. Przy odpowiedniej obs\u0142udze i piel\u0119gnacji, Mazatapec Sporeprints stanowi\u0105 doskona\u0142y punkt wyj\u015bcia do odkrywania urzekaj\u0105cego cyklu \u017cycia grzyb\u00f3w.<\/p>\n<hr \/>\n<p><strong>Ostrze\u017cenie<\/strong><\/p>\n<p>Grzyby Mazatapec zawieraj\u0105 psylocybin\u0119 i psylocyn\u0119, zwi\u0105zki psychoaktywne znane z wywo\u0142ywania zmienionych stan\u00f3w \u015bwiadomo\u015bci, w tym halucynacji. Nale\u017cy zawsze obchodzi\u0107 si\u0119 z tymi substancjami i spo\u017cywa\u0107 je w spos\u00f3b odpowiedzialny. Trzymaj je poza zasi\u0119giem dzieci i przechowuj w bezpiecznym miejscu.<\/p>","protected":false},"excerpt":{"rendered":"<p>Odkryj urzekaj\u0105c\u0105 kolekcj\u0119 Mazatapec Sporeprint marki McSmart, stworzon\u0105 z my\u015bl\u0105 o wymagaj\u0105cych entuzjastach. Zanurz si\u0119 w skomplikowanym pi\u0119knie ukrytych cud\u00f3w natury i przekonaj si\u0119, dlaczego McSmart s\u0142ynie z wyj\u0105tkowej kolekcji odcisk\u00f3w zarodnik\u00f3w, dostosowanej do wyrafinowanych gust\u00f3w prawdziwych koneser\u00f3w.<\/p>","protected":false},"featured_media":82738,"template":"","meta":[],"product_brand":[],"product_cat":[970,297,399,384],"product_tag":[978],"class_list":{"0":"post-82735","1":"product","2":"type-product","3":"status-publish","4":"has-post-thumbnail","6":"product_cat-magic-mushroom-spore-prints","7":"product_cat-all-products","8":"product_cat-shroomshop","9":"product_cat-smartshop","10":"product_tag-shrdeal","11":"product_shipping_class-group-7","13":"first","14":"instock","15":"taxable","16":"shipping-taxable","17":"purchasable","18":"product-type-variable","19":"has-default-attributes"},"_links":{"self":[{"href":"https:\/\/www.headshop.nl\/pl\/wp-json\/wp\/v2\/product\/82735","targetHints":{"allow":["GET"]}}],"collection":[{"href":"https:\/\/www.headshop.nl\/pl\/wp-json\/wp\/v2\/product"}],"about":[{"href":"https:\/\/www.headshop.nl\/pl\/wp-json\/wp\/v2\/types\/product"}],"wp:featuredmedia":[{"embeddable":true,"href":"https:\/\/www.headshop.nl\/pl\/wp-json\/wp\/v2\/media\/82738"}],"wp:attachment":[{"href":"https:\/\/www.headshop.nl\/pl\/wp-json\/wp\/v2\/media?parent=82735"}],"wp:term":[{"taxonomy":"product_brand","embeddable":true,"href":"https:\/\/www.headshop.nl\/pl\/wp-json\/wp\/v2\/product_brand?post=82735"},{"taxonomy":"product_cat","embeddable":true,"href":"https:\/\/www.headshop.nl\/pl\/wp-json\/wp\/v2\/product_cat?post=82735"},{"taxonomy":"product_tag","embeddable":true,"href":"https:\/\/www.headshop.nl\/pl\/wp-json\/wp\/v2\/product_tag?post=82735"}],"curies":[{"name":"wp","href":"https:\/\/api.w.org\/{rel}","templated":true}]}}