{"id":82414,"date":"2024-12-06T14:29:54","date_gmt":"2024-12-06T14:29:54","guid":{"rendered":"https:\/\/www.headshop.nl\/?post_type=product&#038;p=82414"},"modified":"2025-11-18T14:37:54","modified_gmt":"2025-11-18T14:37:54","slug":"maeng-da-x-bali-kratom","status":"publish","type":"product","link":"https:\/\/www.headshop.nl\/pl\/maeng-da-x-bali-kratom\/","title":{"rendered":"Maeng Da X Bali Kratom"},"content":{"rendered":"<h2>Czym jest Maeng Da X Bali Kratom?<\/h2>\n<p>Kratopia Maeng Da X Bali Kratom to starannie opracowana mieszanka dw\u00f3ch pot\u0119\u017cnych szczep\u00f3w Kratom. Maeng Da, znana ze swoich w\u0142a\u015bciwo\u015bci pobudzaj\u0105cych i energetyzuj\u0105cych, jest jedn\u0105 z najsilniejszych odmian Kratom, pochodz\u0105c\u0105 z indonezyjskich wysp Borneo i Sumatra. Z kolei Bali Kratom jest bardziej znana ze swoich w\u0142a\u015bciwo\u015bci przeciwb\u00f3lowych i uspokajaj\u0105cych, zapewniaj\u0105c u\u017cytkownikom poczucie spokoju. Mieszanka ta \u0142\u0105czy w sobie to, co najlepsze z obu \u015bwiat\u00f3w: energetyzuj\u0105ce dzia\u0142anie Maeng Da i uspokajaj\u0105cy wp\u0142yw Bali Kratom. Rezultatem jest produkt, kt\u00f3ry skutecznie dzia\u0142a zar\u00f3wno na cia\u0142o, jak i umys\u0142. Po\u0142\u0105czenie to pomaga zmniejszy\u0107 b\u00f3l, zwi\u0119kszy\u0107 witalno\u015b\u0107 i promowa\u0107 zr\u00f3wnowa\u017cony stan umys\u0142u, oferuj\u0105c to, co u\u017cytkownicy opisuj\u0105 jako \"pogodny spok\u00f3j\" i skoncentrowan\u0105 energi\u0119. Mieszanka ta jest szczeg\u00f3lnie popularna ze wzgl\u0119du na zdolno\u015b\u0107 do stymulowania produkcji dopaminy i serotoniny, przyczyniaj\u0105c si\u0119 do poczucia euforii i dobrego samopoczucia.<\/p>\n<h2>Historia Maeng Da X Bali Kratom<\/h2>\n<p>Historia Maeng Da Kratom rozpoczyna si\u0119 w Indonezji, gdzie rolnicy od pokole\u0144 uprawiaj\u0105 i krzy\u017cuj\u0105 drzewa Kratom, aby stworzy\u0107 odmian\u0119 o wy\u017cszej zawarto\u015bci alkaloid\u00f3w. Odmiana Maeng Da zosta\u0142a specjalnie wyhodowana w celu zmaksymalizowania si\u0142y dzia\u0142ania, co czyni j\u0105 jedn\u0105 z najbardziej poszukiwanych odmian. Sama nazwa \"Maeng Da\" t\u0142umaczy si\u0119 jako \"klasa alfonsa\", odnosz\u0105c si\u0119 do jej najwy\u017cszej jako\u015bci i si\u0142y. Z kolei nazwa Bali Kratom pochodzi od wyspy Bali, gdzie tradycyjnie u\u017cywano jej ze wzgl\u0119du na jej uspokajaj\u0105ce i terapeutyczne dzia\u0142anie. Po\u0142\u0105czenie tych dw\u00f3ch szczep\u00f3w - stymuluj\u0105cych w\u0142a\u015bciwo\u015bci Maeng Da i koj\u0105cych efekt\u00f3w Bali - tworzy harmonijn\u0105 mieszank\u0119, kt\u00f3ra zapewnia zar\u00f3wno energi\u0119, jak i spok\u00f3j. Ta mieszanka Maeng Da X Bali jest dodatkowo wzmocniona przez dodanie specjalnego malezyjskiego bia\u0142ego Kratom, co zapewnia dodatkow\u0105 warstw\u0119 skuteczno\u015bci. Z biegiem czasu popularno\u015b\u0107 Kratom wzros\u0142a na ca\u0142ym \u015bwiecie, a badania potwierdzaj\u0105 jego korzy\u015bci w \u0142agodzeniu b\u00f3lu, redukcji stresu i poprawie nastroju. Obecnie mieszanka ta jest szeroko stosowana ze wzgl\u0119du na jej zdolno\u015b\u0107 do r\u00f3wnowa\u017cenia dobrego samopoczucia fizycznego i psychicznego.<\/p>\n<h2>Jak stosowa\u0107 Maeng Da X Bali Kratom<\/h2>\n<p>Aby cieszy\u0107 si\u0119 korzy\u015bciami p\u0142yn\u0105cymi z Kratopia Maeng Da X Bali Kratom, u\u017cytkownicy zazwyczaj rozpuszczaj\u0105 zalecan\u0105 dawk\u0119 (4-5 gram\u00f3w) proszku Kratom w fili\u017cance gor\u0105cej herbaty, cz\u0119sto dodaj\u0105c mi\u00f3d dla uzyskania \u0142agodniejszego smaku. Jest to jedna z najpopularniejszych i najskuteczniejszych metod spo\u017cywania Kratom. Herbat\u0119 nale\u017cy parzy\u0107 przez kilka minut, umo\u017cliwiaj\u0105c uwolnienie i wch\u0142oni\u0119cie aktywnych alkaloid\u00f3w do organizmu. Chocia\u017c jest to najprostsza metoda, Kratom mo\u017cna r\u00f3wnie\u017c przyjmowa\u0107 w postaci kapsu\u0142ek lub miesza\u0107 z koktajlami. W przypadku nowych u\u017cytkownik\u00f3w zaleca si\u0119 rozpocz\u0119cie od ni\u017cszej dawki, aby oceni\u0107 indywidualn\u0105 tolerancj\u0119. Poniewa\u017c Kratom ma r\u00f3\u017cne efekty w zale\u017cno\u015bci od spo\u017cywanej ilo\u015bci, dla pocz\u0105tkuj\u0105cych zaleca si\u0119 rozpocz\u0119cie od 3-5 gram\u00f3w. Osoby poszukuj\u0105ce silniejszego efektu mog\u0105 stopniowo zwi\u0119ksza\u0107 dawk\u0119. Wa\u017cne jest, aby nie przekracza\u0107 zalecanego zakresu dawkowania i skonsultowa\u0107 si\u0119 z pracownikiem s\u0142u\u017cby zdrowia w przypadku stosowania Kratom w celach medycznych lub w po\u0142\u0105czeniu z innymi lekami.<\/p>\n<h2>Sk\u0142adniki Maeng Da X Bali Kratom<\/h2>\n<p>G\u0142\u00f3wnym sk\u0142adnikiem Kratopia Maeng Da X Bali Kratom jest <em>Mitragyna speciosa<\/em>to naukowa nazwa Kratom. Ten zio\u0142owy suplement zawiera mieszank\u0119 Maeng Da Kratom, Bali Kratom i specjalnego malezyjskiego bia\u0142ego Kratom, z kt\u00f3rych ka\u017cdy ma swoje unikalne w\u0142a\u015bciwo\u015bci. Maeng Da Kratom jest znany z wysokiego st\u0119\u017cenia alkaloid\u00f3w, w szczeg\u00f3lno\u015bci mitragyniny i 7-hydroksymitragyniny, kt\u00f3re s\u0105 odpowiedzialne za jego stymuluj\u0105ce i energetyzuj\u0105ce dzia\u0142anie. Z drugiej strony Bali Kratom zawiera alkaloidy, kt\u00f3re promuj\u0105 relaksacj\u0119 i \u0142agodzenie b\u00f3lu, w tym po\u0142\u0105czenie mitragyniny i speciogyniny. Dodatek malezyjskiej bia\u0142ej Kratom zapewnia dodatkow\u0105 warstw\u0119 energii i skupienia, jeszcze bardziej wzmacniaj\u0105c dzia\u0142anie mieszanki. Alkaloidy te wsp\u00f3\u0142pracuj\u0105 ze sob\u0105, aby zapewni\u0107 zr\u00f3wnowa\u017cone doznania, kt\u00f3re promuj\u0105 witalno\u015b\u0107 fizyczn\u0105, redukcj\u0119 b\u00f3lu i jasno\u015b\u0107 umys\u0142u. Dodatkowo, Kratom nie zawiera \u017cadnych dodatk\u00f3w i jest zwykle spo\u017cywany w czystej, sproszkowanej formie, co czyni go naturalnym i skutecznym rozwi\u0105zaniem poprawiaj\u0105cym nastr\u00f3j i poziom energii.<\/p>\n<p><strong>Ostrze\u017cenie<\/strong><br \/>\nSprzeda\u017c i u\u017cywanie tego produktu przez osoby poni\u017cej 18 roku \u017cycia s\u0105 zabronione. Przechowywa\u0107 w ch\u0142odnym, suchym miejscu, niedost\u0119pnym dla dzieci. Nie przekracza\u0107 zalecanej dawki.<\/p>","protected":false},"excerpt":{"rendered":"<p>Kratopia Maeng Da X Bali Kratom to pot\u0119\u017cna mieszanka, kt\u00f3ra \u0142\u0105czy w sobie dwa najpopularniejsze szczepy Kratom: Maeng Da i Bali. Mieszanka ta oferuje stymuluj\u0105cy i energetyzuj\u0105cy efekt, po\u0142\u0105czony z poczuciem spokojnego wyciszenia. Jest idealna dla os\u00f3b pragn\u0105cych zwi\u0119kszy\u0107 swoj\u0105 witalno\u015b\u0107, z\u0142agodzi\u0107 b\u00f3l i do\u015bwiadczy\u0107 jasno\u015bci umys\u0142u. Dzi\u0119ki unikalnemu po\u0142\u0105czeniu konopi z Borneo, Sumatry i malezyjskiej Kratom, mieszanka ta ma na celu popraw\u0119 zar\u00f3wno fizycznego, jak i psychicznego samopoczucia.<\/p>","protected":false},"featured_media":82417,"template":"","meta":[],"product_brand":[],"product_cat":[817,297,389,390,407,405,384],"product_tag":[],"class_list":{"0":"post-82414","1":"product","2":"type-product","3":"status-publish","4":"has-post-thumbnail","6":"product_cat-kratopia","7":"product_cat-all-products","8":"product_cat-herbs","9":"product_cat-kratom","10":"product_cat-medicinal-herbs","11":"product_cat-relax-herbs","12":"product_cat-smartshop","13":"product_shipping_class-group-7","15":"first","16":"instock","17":"taxable","18":"shipping-taxable","19":"purchasable","20":"product-type-variable","21":"has-default-attributes"},"_links":{"self":[{"href":"https:\/\/www.headshop.nl\/pl\/wp-json\/wp\/v2\/product\/82414","targetHints":{"allow":["GET"]}}],"collection":[{"href":"https:\/\/www.headshop.nl\/pl\/wp-json\/wp\/v2\/product"}],"about":[{"href":"https:\/\/www.headshop.nl\/pl\/wp-json\/wp\/v2\/types\/product"}],"wp:featuredmedia":[{"embeddable":true,"href":"https:\/\/www.headshop.nl\/pl\/wp-json\/wp\/v2\/media\/82417"}],"wp:attachment":[{"href":"https:\/\/www.headshop.nl\/pl\/wp-json\/wp\/v2\/media?parent=82414"}],"wp:term":[{"taxonomy":"product_brand","embeddable":true,"href":"https:\/\/www.headshop.nl\/pl\/wp-json\/wp\/v2\/product_brand?post=82414"},{"taxonomy":"product_cat","embeddable":true,"href":"https:\/\/www.headshop.nl\/pl\/wp-json\/wp\/v2\/product_cat?post=82414"},{"taxonomy":"product_tag","embeddable":true,"href":"https:\/\/www.headshop.nl\/pl\/wp-json\/wp\/v2\/product_tag?post=82414"}],"curies":[{"name":"wp","href":"https:\/\/api.w.org\/{rel}","templated":true}]}}