{"id":82409,"date":"2024-12-06T13:50:39","date_gmt":"2024-12-06T13:50:39","guid":{"rendered":"https:\/\/www.headshop.nl\/?post_type=product&#038;p=82409"},"modified":"2026-03-27T13:13:52","modified_gmt":"2026-03-27T13:13:52","slug":"blue-lilly","status":"publish","type":"product","link":"https:\/\/www.headshop.nl\/pl\/blue-lilly\/","title":{"rendered":"Blue Lilly"},"content":{"rendered":"<h2>Co to jest Blue Lilly?<\/h2>\n<p>Blue Lilly, znany r\u00f3wnie\u017c jako Blue Lotus lub Egyptian Lotus, to niezwyk\u0142y kwiat pochodz\u0105cy z Afryki Wschodniej. Ro\u015blina ta, naukowo nazwana <em>Nymphaea caerulea<\/em>od wiek\u00f3w jest czczony ze wzgl\u0119du na swoje w\u0142a\u015bciwo\u015bci psychoaktywne. Staro\u017cytni Egipcjanie darzyli Blue Lilly wielkim szacunkiem, cz\u0119sto stosuj\u0105c go ze wzgl\u0119du na jego uspokajaj\u0105ce, euforyczne dzia\u0142anie oraz jako cz\u0119\u015b\u0107 praktyk duchowych i ceremonialnych. Alkaloidy zawarte w kwiecie sprawiaj\u0105, \u017ce jest on tak wyj\u0105tkowy, oferuj\u0105c u\u017cytkownikom spokojne, relaksuj\u0105ce doznania, po kt\u00f3rych nast\u0119puje delikatny zastrzyk energii. Efekty dzia\u0142ania ro\u015bliny s\u0105 cz\u0119sto por\u00f3wnywane do Kratom, a oba s\u0105 czasami u\u017cywane razem, aby zwi\u0119kszy\u0107 korzy\u015bci i przed\u0142u\u017cy\u0107 ich wp\u0142yw. Blue Lilly stale zyskuje popularno\u015b\u0107 w nowoczesnych kr\u0119gach wellness ze wzgl\u0119du na swoje naturalne, koj\u0105ce w\u0142a\u015bciwo\u015bci i zdolno\u015b\u0107 do promowania relaksu, jasno\u015bci umys\u0142u i skupienia.<\/p>\n<h2>Historia Blue Lilly<\/h2>\n<p>Historia Blue Lilly si\u0119ga tysi\u0119cy lat wstecz, przede wszystkim do staro\u017cytnego Egiptu. Kwiat, kt\u00f3ry ro\u015bnie w rzece Nil, by\u0142 u\u017cywany przez Egipcjan ze wzgl\u0119du na swoje w\u0142a\u015bciwo\u015bci psychoaktywne zar\u00f3wno w praktykach leczniczych, jak i religijnych. By\u0142 wysoko ceniony za swoje uspokajaj\u0105ce dzia\u0142anie i zdolno\u015b\u0107 do wywo\u0142ywania euforii, cechy, kt\u00f3re sprawi\u0142y, \u017ce sta\u0142 si\u0119 istotn\u0105 cz\u0119\u015bci\u0105 r\u00f3\u017cnych rytua\u0142\u00f3w i ceremonii. Przedstawienia kwiatu mo\u017cna znale\u017a\u0107 w egipskiej sztuce i hieroglifach, cz\u0119sto symbolizuj\u0105cych odrodzenie, czysto\u015b\u0107 i o\u015bwiecenie. Opr\u00f3cz znaczenia duchowego, ro\u015blina ta by\u0142a r\u00f3wnie\u017c stosowana jako forma leku na stres, \u0142agodzenie b\u00f3lu i inne dolegliwo\u015bci. Obecno\u015b\u0107 Blue Lilly w kulturze egipskiej pozostawi\u0142a trwa\u0142e dziedzictwo, wp\u0142ywaj\u0105c na p\u00f3\u017aniejsze cywilizacje w Afryce i poza ni\u0105. Z biegiem czasu efekty terapeutyczne kwiatu by\u0142y nadal badane, dzi\u0119ki czemu sta\u0142 si\u0119 on szanowan\u0105 ro\u015blin\u0105 we wsp\u00f3\u0142czesnym zio\u0142olecznictwie.<\/p>\n<h2>Jak korzysta\u0107 z Blue Lilly<\/h2>\n<p>Blue Lilly mo\u017cna spo\u017cywa\u0107 na r\u00f3\u017cne sposoby, co czyni go wszechstronnym suplementem zio\u0142owym. Najpopularniejsz\u0105 metod\u0105 spo\u017cycia jest zaparzanie suszonych kwiat\u00f3w w uspokajaj\u0105cej herbacie. W tym celu nale\u017cy u\u017cy\u0107 oko\u0142o 4-5 gram\u00f3w suszonych p\u0142atk\u00f3w Blue Lilly, zalanych gor\u0105c\u0105 wod\u0105 na kilka minut. Dodanie miodu do herbaty mo\u017ce poprawi\u0107 jej smak i zapewni\u0107 dodatkowe korzy\u015bci koj\u0105ce. Zalecane dawkowanie powinno by\u0107 przestrzegane w celu zapewnienia bezpiecznego do\u015bwiadczenia, a pocz\u0105tkuj\u0105cym zaleca si\u0119 rozpocz\u0119cie od mniejszej ilo\u015bci. Dla tych, kt\u00f3rzy \u0142\u0105cz\u0105 Kratom z Blue Lilly, dawkowanie mo\u017ce wymaga\u0107 dostosowania, poniewa\u017c oba zio\u0142a dzia\u0142aj\u0105 synergistycznie, wzmacniaj\u0105c swoje dzia\u0142anie. Inna metoda spo\u017cycia obejmuje dodanie Blue Lilly do smoothie lub w\u0142\u0105czenie go do relaksuj\u0105cej k\u0105pieli. Niezale\u017cnie od metody, Blue Lilly jest znany z promowania poczucia spokoju, po kt\u00f3rym nast\u0119puje podnosz\u0105cy na duchu przyp\u0142yw energii, co czyni go idealnym wyborem dla os\u00f3b poszukuj\u0105cych naturalnej ulgi od stresu lub niepokoju.<\/p>\n<h2>Sk\u0142adniki Blue Lilly<\/h2>\n<p>Podstawowym sk\u0142adnikiem Kratopia Blue Lilly jest sam kwiat, naukowo znany jako <em>Nymphaea caerulea<\/em>. Silne alkaloidy ro\u015bliny s\u0105 odpowiedzialne za jej dzia\u0142anie psychoaktywne, kt\u00f3re obejmuje uspokajaj\u0105ce uczucie, po kt\u00f3rym nast\u0119puje zastrzyk energii. Alkaloidy te odr\u00f3\u017cniaj\u0105 Blue Lilly od innych zi\u00f3\u0142 i sprawiaj\u0105, \u017ce jest to tak poszukiwana ro\u015blina w zio\u0142owym wellness. Naturalne zwi\u0105zki znajduj\u0105ce si\u0119 w Blue Lilly przyczyniaj\u0105 si\u0119 do jego zdolno\u015bci do promowania relaksu, poprawy nastroju i zapewnienia jasno\u015bci umys\u0142u. Dodatkowo, Blue Lilly zawiera r\u00f3\u017cne witaminy i minera\u0142y, kt\u00f3re mog\u0105 wspiera\u0107 og\u00f3lny stan zdrowia i dobre samopoczucie. Jako produkt naturalny, Blue Lilly jest wolny od syntetycznych dodatk\u00f3w, oferuj\u0105c czyste i niezmienione doznania. Dla tych, kt\u00f3rzy szukaj\u0105 naturalnej alternatywy dla z\u0142agodzenia stresu i poprawy nastroju, Blue Lilly wyr\u00f3\u017cnia si\u0119 jako wysoce skuteczne i szanowane zio\u0142o o d\u0142ugiej historii stosowania.<\/p>\n<p><strong>Ostrze\u017cenie<\/strong><br \/>\nSprzeda\u017c i u\u017cywanie tego produktu przez osoby poni\u017cej 18 roku \u017cycia jest zabronione. Przechowywa\u0107 w ch\u0142odnym, suchym miejscu, niedost\u0119pnym dla dzieci. Nie przekracza\u0107 zalecanej dawki.<\/p>","protected":false},"excerpt":{"rendered":"<p>Kratopia Blue Lilly to wyj\u0105tkowy wschodnioafryka\u0144ski kwiat znany ze swoich uspokajaj\u0105cych i euforycznych efekt\u00f3w, cz\u0119sto por\u00f3wnywanych do efekt\u00f3w Kratom. Znana r\u00f3wnie\u017c jako Blue Lotus, ro\u015blina ta ma bogat\u0105 histori\u0119 si\u0119gaj\u0105c\u0105 staro\u017cytnego Egiptu. Dzi\u015b jest ceniona za psychoaktywne alkaloidy, kt\u00f3re zapewniaj\u0105 zastrzyk energii po uspokajaj\u0105cym do\u015bwiadczeniu.<\/p>","protected":false},"featured_media":82412,"template":"","meta":[],"product_brand":[],"product_cat":[817,297,389,390,407,405,384],"product_tag":[],"class_list":{"0":"post-82409","1":"product","2":"type-product","3":"status-publish","4":"has-post-thumbnail","6":"product_cat-kratopia","7":"product_cat-all-products","8":"product_cat-herbs","9":"product_cat-kratom","10":"product_cat-medicinal-herbs","11":"product_cat-relax-herbs","12":"product_cat-smartshop","13":"product_shipping_class-group-7","15":"first","16":"instock","17":"taxable","18":"shipping-taxable","19":"purchasable","20":"product-type-variable","21":"has-default-attributes"},"_links":{"self":[{"href":"https:\/\/www.headshop.nl\/pl\/wp-json\/wp\/v2\/product\/82409","targetHints":{"allow":["GET"]}}],"collection":[{"href":"https:\/\/www.headshop.nl\/pl\/wp-json\/wp\/v2\/product"}],"about":[{"href":"https:\/\/www.headshop.nl\/pl\/wp-json\/wp\/v2\/types\/product"}],"wp:featuredmedia":[{"embeddable":true,"href":"https:\/\/www.headshop.nl\/pl\/wp-json\/wp\/v2\/media\/82412"}],"wp:attachment":[{"href":"https:\/\/www.headshop.nl\/pl\/wp-json\/wp\/v2\/media?parent=82409"}],"wp:term":[{"taxonomy":"product_brand","embeddable":true,"href":"https:\/\/www.headshop.nl\/pl\/wp-json\/wp\/v2\/product_brand?post=82409"},{"taxonomy":"product_cat","embeddable":true,"href":"https:\/\/www.headshop.nl\/pl\/wp-json\/wp\/v2\/product_cat?post=82409"},{"taxonomy":"product_tag","embeddable":true,"href":"https:\/\/www.headshop.nl\/pl\/wp-json\/wp\/v2\/product_tag?post=82409"}],"curies":[{"name":"wp","href":"https:\/\/api.w.org\/{rel}","templated":true}]}}